{"id":2030,"date":"2016-01-27T09:43:49","date_gmt":"2016-01-27T09:43:49","guid":{"rendered":"http:\/\/www.phelansegur.com\/?page_id=2030"},"modified":"2016-01-27T15:35:27","modified_gmt":"2016-01-27T15:35:27","slug":"la-technique-utilisee-a-phelan-segur-2","status":"publish","type":"page","link":"https:\/\/www.phelansegur.com\/en\/la-technique-utilisee-a-phelan-segur-2\/","title":{"rendered":"The Greenseeker technique"},"content":{"rendered":"<p>[vc_row][vc_column width=&#8221;1\/1&#8243;][vc_empty_space height=&#8221;32px&#8221;][\/vc_column][\/vc_row][vc_row][vc_column width=&#8221;1\/2&#8243;][vc_single_image image=&#8221;1118&#8243; alignment=&#8221;center&#8221; border_color=&#8221;grey&#8221; img_link_large=&#8221;yes&#8221; img_link_target=&#8221;_self&#8221; img_size=&#8221;full&#8221;][\/vc_column][vc_column width=&#8221;1\/2&#8243;][vc_column_text]<\/p>\n<blockquote><p>The Greenseeker technique<\/p><\/blockquote>\n<p style=\"text-align: justify;\"><em>Today, thanks to a cutting-edge system developed by a Swiss company, the vineyard manager at Ch\u00e2teau Ph\u00e9lan S\u00e9gur can finely measure and interpret the vigour in the vineyard throughout the year. This technology, called Greenseeker, is fitted to the straddle tractors. Linked to a GPS, it calculates the Normalised Difference Vegetation Index (NDVI). It gives a measurement of the physiological activity of the plants. The mapping thus obtained illustrates the evolution of the vineyard in real time and is a precious tool for decision-making: it allows a reliable estimate of the nutritional needs of the plants and control of their vigour throughout the year and measurement, for example, of their nitrogen status. Key information for achieving more precise fertilisation and treatments, but also for carrying out corrective actions throughout the year, at the time of pruning or leaf removal.<\/em><\/p>\n<p style=\"text-align: justify;\"><em>At the crucial time of the harvest, and for the first time in October 2012, the determination of micro parcels that were homogeneous in terms of vigour led to new choices for vatting the grapes (corresponding, of course, to ripeness requirements).<\/em><\/p>\n<p style=\"text-align: justify;\"><em>\u00a0<\/em><\/p>\n<p>[\/vc_column_text][\/vc_column][\/vc_row][vc_row][vc_column width=&#8221;1\/1&#8243;][vc_column_text]<\/p>\n<p style=\"text-align: justify;\"><em>It is also a long-term project, destined to be repeated year after year, to cross-reference with data from soil analysis, so as to constantly improve understanding of the vineyard.<\/em><\/p>\n<p style=\"text-align: justify;\"><em>This also accompanies environmental considerations associated with the principles of integrated viticulture, which seeks to minimise the use of inputs. Ch\u00e2teau Ph\u00e9lan S\u00e9gur is already ahead in the Ecophyto 2018 objective to reduce them by 50%, notably thanks to the use of the biotechnical method of sexual confusion which, applied to all the parcels, has already rendered the use of pesticides obsolete.<\/em><\/p>\n<p>[\/vc_column_text][\/vc_column][\/vc_row][vc_row][vc_column width=&#8221;1\/1&#8243;][vc_column_text]<\/p>\n<p style=\"text-align: center;\"><a title=\"Work in the vines\" class=\"btn-editor-primary\" href=\"http:\/\/www.phelansegur.com\/en\/le-travail-de-la-vigne\/\">WORK IN THE VINES<\/a><\/p>\n<p>[\/vc_column_text][\/vc_column][\/vc_row]<\/p>\n","protected":false},"excerpt":{"rendered":"<p>[vc_row][vc_column width=&#8221;1\/1&#8243;][vc_empty_space height=&#8221;32px&#8221;][\/vc_column][\/vc_row][vc_row][vc_column width=&#8221;1\/2&#8243;][vc_single_image image=&#8221;1118&#8243; alignment=&#8221;center&#8221; border_color=&#8221;grey&#8221; img_link_large=&#8221;yes&#8221; img_link_target=&#8221;_self&#8221; img_size=&#8221;full&#8221;][\/vc_column][vc_column width=&#8221;1\/2&#8243;][vc_column_text] The Greenseeker technique Today, thanks to a cutting-edge system developed by a Swiss company, the vineyard manager at Ch\u00e2teau Ph\u00e9lan S\u00e9gur can finely measure and interpret the vigour in the vineyard throughout the year. This technology, called Greenseeker, is fitted to the straddle tractors. [&hellip;]<\/p>\n","protected":false},"author":3,"featured_media":0,"parent":0,"menu_order":0,"comment_status":"open","ping_status":"open","template":"","meta":[],"acf":[],"yoast_head":"<!-- This site is optimized with the Yoast SEO plugin v15.4 - https:\/\/yoast.com\/wordpress\/plugins\/seo\/ -->\n<meta name=\"robots\" content=\"index, follow, max-snippet:-1, max-image-preview:large, max-video-preview:-1\" \/>\n<link rel=\"canonical\" href=\"https:\/\/www.phelansegur.com\/en\/la-technique-utilisee-a-phelan-segur-2\/\" \/>\n<meta property=\"og:locale\" content=\"en_US\" \/>\n<meta property=\"og:type\" content=\"article\" \/>\n<meta property=\"og:title\" content=\"The Greenseeker technique - Ch\u00e2teau Ph\u00e9lan S\u00e9gur\" \/>\n<meta property=\"og:description\" content=\"[vc_row][vc_column width=&#8221;1\/1&#8243;][vc_empty_space height=&#8221;32px&#8221;][\/vc_column][\/vc_row][vc_row][vc_column width=&#8221;1\/2&#8243;][vc_single_image image=&#8221;1118&#8243; alignment=&#8221;center&#8221; border_color=&#8221;grey&#8221; img_link_large=&#8221;yes&#8221; img_link_target=&#8221;_self&#8221; img_size=&#8221;full&#8221;][\/vc_column][vc_column width=&#8221;1\/2&#8243;][vc_column_text] The Greenseeker technique Today, thanks to a cutting-edge system developed by a Swiss company, the vineyard manager at Ch\u00e2teau Ph\u00e9lan S\u00e9gur can finely measure and interpret the vigour in the vineyard throughout the year. This technology, called Greenseeker, is fitted to the straddle tractors. [&hellip;]\" \/>\n<meta property=\"og:url\" content=\"https:\/\/www.phelansegur.com\/en\/la-technique-utilisee-a-phelan-segur-2\/\" \/>\n<meta property=\"og:site_name\" content=\"Ch\u00e2teau Ph\u00e9lan S\u00e9gur\" \/>\n<meta property=\"article:modified_time\" content=\"2016-01-27T15:35:27+00:00\" \/>\n<meta name=\"twitter:card\" content=\"summary_large_image\" \/>\n<meta name=\"twitter:label1\" content=\"Written by\">\n\t<meta name=\"twitter:data1\" content=\"allison\">\n\t<meta name=\"twitter:label2\" content=\"Est. reading time\">\n\t<meta name=\"twitter:data2\" content=\"1 minute\">\n<script type=\"application\/ld+json\" class=\"yoast-schema-graph\">{\"@context\":\"https:\/\/schema.org\",\"@graph\":[{\"@type\":\"Organization\",\"@id\":\"https:\/\/www.phelansegur.com\/#organization\",\"name\":\"Ch\\u00e2teau Ph\\u00e9lan S\\u00e9gur\",\"url\":\"https:\/\/www.phelansegur.com\/\",\"sameAs\":[\"https:\/\/www.instagram.com\/phelansegur\/\"],\"logo\":{\"@type\":\"ImageObject\",\"@id\":\"https:\/\/www.phelansegur.com\/#logo\",\"inLanguage\":\"en-US\",\"url\":\"https:\/\/www.phelansegur.com\/wp-content\/uploads\/2020\/03\/logo-phelansegur.jpg\",\"width\":500,\"height\":200,\"caption\":\"Ch\\u00e2teau Ph\\u00e9lan S\\u00e9gur\"},\"image\":{\"@id\":\"https:\/\/www.phelansegur.com\/#logo\"}},{\"@type\":\"WebSite\",\"@id\":\"https:\/\/www.phelansegur.com\/#website\",\"url\":\"https:\/\/www.phelansegur.com\/\",\"name\":\"Ch\\u00e2teau Ph\\u00e9lan S\\u00e9gur\",\"description\":\"Saint Est\\u00e8phe\",\"publisher\":{\"@id\":\"https:\/\/www.phelansegur.com\/#organization\"},\"potentialAction\":[{\"@type\":\"SearchAction\",\"target\":\"https:\/\/www.phelansegur.com\/?s={search_term_string}\",\"query-input\":\"required name=search_term_string\"}],\"inLanguage\":\"en-US\"},{\"@type\":\"WebPage\",\"@id\":\"https:\/\/www.phelansegur.com\/en\/la-technique-utilisee-a-phelan-segur-2\/#webpage\",\"url\":\"https:\/\/www.phelansegur.com\/en\/la-technique-utilisee-a-phelan-segur-2\/\",\"name\":\"The Greenseeker technique - Ch\\u00e2teau Ph\\u00e9lan S\\u00e9gur\",\"isPartOf\":{\"@id\":\"https:\/\/www.phelansegur.com\/#website\"},\"datePublished\":\"2016-01-27T09:43:49+00:00\",\"dateModified\":\"2016-01-27T15:35:27+00:00\",\"breadcrumb\":{\"@id\":\"https:\/\/www.phelansegur.com\/en\/la-technique-utilisee-a-phelan-segur-2\/#breadcrumb\"},\"inLanguage\":\"en-US\",\"potentialAction\":[{\"@type\":\"ReadAction\",\"target\":[\"https:\/\/www.phelansegur.com\/en\/la-technique-utilisee-a-phelan-segur-2\/\"]}]},{\"@type\":\"BreadcrumbList\",\"@id\":\"https:\/\/www.phelansegur.com\/en\/la-technique-utilisee-a-phelan-segur-2\/#breadcrumb\",\"itemListElement\":[{\"@type\":\"ListItem\",\"position\":1,\"item\":{\"@type\":\"WebPage\",\"@id\":\"https:\/\/www.phelansegur.com\/en\/\",\"url\":\"https:\/\/www.phelansegur.com\/en\/\",\"name\":\"Page d'accueil\"}},{\"@type\":\"ListItem\",\"position\":2,\"item\":{\"@type\":\"WebPage\",\"@id\":\"https:\/\/www.phelansegur.com\/en\/la-technique-utilisee-a-phelan-segur-2\/\",\"url\":\"https:\/\/www.phelansegur.com\/en\/la-technique-utilisee-a-phelan-segur-2\/\",\"name\":\"The Greenseeker technique\"}}]}]}<\/script>\n<!-- \/ Yoast SEO plugin. -->","_links":{"self":[{"href":"https:\/\/www.phelansegur.com\/en\/wp-json\/wp\/v2\/pages\/2030"}],"collection":[{"href":"https:\/\/www.phelansegur.com\/en\/wp-json\/wp\/v2\/pages"}],"about":[{"href":"https:\/\/www.phelansegur.com\/en\/wp-json\/wp\/v2\/types\/page"}],"author":[{"embeddable":true,"href":"https:\/\/www.phelansegur.com\/en\/wp-json\/wp\/v2\/users\/3"}],"replies":[{"embeddable":true,"href":"https:\/\/www.phelansegur.com\/en\/wp-json\/wp\/v2\/comments?post=2030"}],"version-history":[{"count":0,"href":"https:\/\/www.phelansegur.com\/en\/wp-json\/wp\/v2\/pages\/2030\/revisions"}],"wp:attachment":[{"href":"https:\/\/www.phelansegur.com\/en\/wp-json\/wp\/v2\/media?parent=2030"}],"curies":[{"name":"wp","href":"https:\/\/api.w.org\/{rel}","templated":true}]}}