{"id":2044,"date":"2015-11-13T11:42:57","date_gmt":"2015-11-13T11:42:57","guid":{"rendered":"http:\/\/www.phelansegur.com\/?page_id=2044"},"modified":"2016-01-27T15:27:51","modified_gmt":"2016-01-27T15:27:51","slug":"le-sous-tirage-a-lesquive","status":"publish","type":"page","link":"https:\/\/www.phelansegur.com\/en\/le-sous-tirage-a-lesquive\/","title":{"rendered":"The traditional technique of racking"},"content":{"rendered":"<p>[vc_row][vc_column width=&#8221;1\/1&#8243;][vc_column_text]<\/p>\n<p style=\"text-align: justify;\">This traditional practice has proved to be the most gentle and precise method of racking. It is now only applied in the greatest ch\u00e2teaux as it is a long and difficult technique: it requires two people throughout the year and consists in separating the wine from its lees, taking account of the characteristics of each barrel and without using a pump. The racked wines are then returned to the same type of barrel so as to preserve the typical character of the batch.<\/p>\n<p style=\"text-align: justify;\">Before racking, rigorous tasting of the vintage in each type of barrel is a ritual and allows precise monitoring of the development of the wine. \u00a0At the end of spring, the filtration before bottling will be even lighter and will not put the integrity of the wine in danger.<\/p>\n<p>[\/vc_column_text][\/vc_column][\/vc_row][vc_row][vc_column width=&#8221;1\/1&#8243;][vc_single_image image=&#8221;1363&#8243; border_color=&#8221;grey&#8221; img_link_target=&#8221;_self&#8221; img_size=&#8221;full&#8221; alignment=&#8221;center&#8221;][\/vc_column][\/vc_row][vc_row][vc_column width=&#8221;1\/1&#8243;][vc_column_text]<\/p>\n<p style=\"text-align: center;\">\n<p style=\"text-align: center;\"><a title=\"Ageing\" class=\"btn-editor-primary\" href=\"http:\/\/www.phelansegur.com\/en\/lelevage\/\">Ageing<\/a><\/p>\n<p>[\/vc_column_text][\/vc_column][\/vc_row]<\/p>\n","protected":false},"excerpt":{"rendered":"<p>[vc_row][vc_column width=&#8221;1\/1&#8243;][vc_column_text] This traditional practice has proved to be the most gentle and precise method of racking. It is now only applied in the greatest ch\u00e2teaux as it is a long and difficult technique: it requires two people throughout the year and consists in separating the wine from its lees, taking account of the characteristics [&hellip;]<\/p>\n","protected":false},"author":3,"featured_media":0,"parent":0,"menu_order":0,"comment_status":"open","ping_status":"open","template":"","meta":[],"acf":[],"yoast_head":"<!-- This site is optimized with the Yoast SEO plugin v15.4 - https:\/\/yoast.com\/wordpress\/plugins\/seo\/ -->\n<meta name=\"robots\" content=\"index, follow, max-snippet:-1, max-image-preview:large, max-video-preview:-1\" \/>\n<link rel=\"canonical\" href=\"https:\/\/www.phelansegur.com\/en\/le-sous-tirage-a-lesquive\/\" \/>\n<meta property=\"og:locale\" content=\"en_US\" \/>\n<meta property=\"og:type\" content=\"article\" \/>\n<meta property=\"og:title\" content=\"The traditional technique of racking - Ch\u00e2teau Ph\u00e9lan S\u00e9gur\" \/>\n<meta property=\"og:description\" content=\"[vc_row][vc_column width=&#8221;1\/1&#8243;][vc_column_text] This traditional practice has proved to be the most gentle and precise method of racking. It is now only applied in the greatest ch\u00e2teaux as it is a long and difficult technique: it requires two people throughout the year and consists in separating the wine from its lees, taking account of the characteristics [&hellip;]\" \/>\n<meta property=\"og:url\" content=\"https:\/\/www.phelansegur.com\/en\/le-sous-tirage-a-lesquive\/\" \/>\n<meta property=\"og:site_name\" content=\"Ch\u00e2teau Ph\u00e9lan S\u00e9gur\" \/>\n<meta property=\"article:modified_time\" content=\"2016-01-27T15:27:51+00:00\" \/>\n<meta name=\"twitter:card\" content=\"summary_large_image\" \/>\n<meta name=\"twitter:label1\" content=\"Written by\">\n\t<meta name=\"twitter:data1\" content=\"allison\">\n\t<meta name=\"twitter:label2\" content=\"Est. reading time\">\n\t<meta name=\"twitter:data2\" content=\"1 minute\">\n<script type=\"application\/ld+json\" class=\"yoast-schema-graph\">{\"@context\":\"https:\/\/schema.org\",\"@graph\":[{\"@type\":\"Organization\",\"@id\":\"https:\/\/www.phelansegur.com\/#organization\",\"name\":\"Ch\\u00e2teau Ph\\u00e9lan S\\u00e9gur\",\"url\":\"https:\/\/www.phelansegur.com\/\",\"sameAs\":[\"https:\/\/www.instagram.com\/phelansegur\/\"],\"logo\":{\"@type\":\"ImageObject\",\"@id\":\"https:\/\/www.phelansegur.com\/#logo\",\"inLanguage\":\"en-US\",\"url\":\"https:\/\/www.phelansegur.com\/wp-content\/uploads\/2020\/03\/logo-phelansegur.jpg\",\"width\":500,\"height\":200,\"caption\":\"Ch\\u00e2teau Ph\\u00e9lan S\\u00e9gur\"},\"image\":{\"@id\":\"https:\/\/www.phelansegur.com\/#logo\"}},{\"@type\":\"WebSite\",\"@id\":\"https:\/\/www.phelansegur.com\/#website\",\"url\":\"https:\/\/www.phelansegur.com\/\",\"name\":\"Ch\\u00e2teau Ph\\u00e9lan S\\u00e9gur\",\"description\":\"Saint Est\\u00e8phe\",\"publisher\":{\"@id\":\"https:\/\/www.phelansegur.com\/#organization\"},\"potentialAction\":[{\"@type\":\"SearchAction\",\"target\":\"https:\/\/www.phelansegur.com\/?s={search_term_string}\",\"query-input\":\"required name=search_term_string\"}],\"inLanguage\":\"en-US\"},{\"@type\":\"WebPage\",\"@id\":\"https:\/\/www.phelansegur.com\/en\/le-sous-tirage-a-lesquive\/#webpage\",\"url\":\"https:\/\/www.phelansegur.com\/en\/le-sous-tirage-a-lesquive\/\",\"name\":\"The traditional technique of racking - Ch\\u00e2teau Ph\\u00e9lan S\\u00e9gur\",\"isPartOf\":{\"@id\":\"https:\/\/www.phelansegur.com\/#website\"},\"datePublished\":\"2015-11-13T11:42:57+00:00\",\"dateModified\":\"2016-01-27T15:27:51+00:00\",\"breadcrumb\":{\"@id\":\"https:\/\/www.phelansegur.com\/en\/le-sous-tirage-a-lesquive\/#breadcrumb\"},\"inLanguage\":\"en-US\",\"potentialAction\":[{\"@type\":\"ReadAction\",\"target\":[\"https:\/\/www.phelansegur.com\/en\/le-sous-tirage-a-lesquive\/\"]}]},{\"@type\":\"BreadcrumbList\",\"@id\":\"https:\/\/www.phelansegur.com\/en\/le-sous-tirage-a-lesquive\/#breadcrumb\",\"itemListElement\":[{\"@type\":\"ListItem\",\"position\":1,\"item\":{\"@type\":\"WebPage\",\"@id\":\"https:\/\/www.phelansegur.com\/en\/\",\"url\":\"https:\/\/www.phelansegur.com\/en\/\",\"name\":\"Page d'accueil\"}},{\"@type\":\"ListItem\",\"position\":2,\"item\":{\"@type\":\"WebPage\",\"@id\":\"https:\/\/www.phelansegur.com\/en\/le-sous-tirage-a-lesquive\/\",\"url\":\"https:\/\/www.phelansegur.com\/en\/le-sous-tirage-a-lesquive\/\",\"name\":\"The traditional technique of racking\"}}]}]}<\/script>\n<!-- \/ Yoast SEO plugin. -->","_links":{"self":[{"href":"https:\/\/www.phelansegur.com\/en\/wp-json\/wp\/v2\/pages\/2044"}],"collection":[{"href":"https:\/\/www.phelansegur.com\/en\/wp-json\/wp\/v2\/pages"}],"about":[{"href":"https:\/\/www.phelansegur.com\/en\/wp-json\/wp\/v2\/types\/page"}],"author":[{"embeddable":true,"href":"https:\/\/www.phelansegur.com\/en\/wp-json\/wp\/v2\/users\/3"}],"replies":[{"embeddable":true,"href":"https:\/\/www.phelansegur.com\/en\/wp-json\/wp\/v2\/comments?post=2044"}],"version-history":[{"count":0,"href":"https:\/\/www.phelansegur.com\/en\/wp-json\/wp\/v2\/pages\/2044\/revisions"}],"wp:attachment":[{"href":"https:\/\/www.phelansegur.com\/en\/wp-json\/wp\/v2\/media?parent=2044"}],"curies":[{"name":"wp","href":"https:\/\/api.w.org\/{rel}","templated":true}]}}