{"id":249,"date":"2015-01-05T15:29:01","date_gmt":"2015-01-05T15:29:01","guid":{"rendered":"http:\/\/www.phelansegur.com\/?page_id=249"},"modified":"2024-12-18T12:46:57","modified_gmt":"2024-12-18T12:46:57","slug":"receptions","status":"publish","type":"page","link":"https:\/\/www.phelansegur.com\/en\/receptions\/","title":{"rendered":"Receptions"},"content":{"rendered":"<p>[vc_row][vc_column][vc_separator color=&#8221;white&#8221;][vc_column_text]<\/p>\n<h2 style=\"text-align: center;\">Le Mill\u00e9sime Gourmand<\/h2>\n<p>[\/vc_column_text][\/vc_column][\/vc_row][vc_row][vc_column][vc_single_image image=&#8221;4723&#8243; img_size=&#8221;large&#8221; alignment=&#8221;center&#8221;][\/vc_column][\/vc_row][vc_row][vc_column width=&#8221;1\/6&#8243;][\/vc_column][vc_column width=&#8221;2\/3&#8243;][vc_column_text]<\/p>\n<blockquote><p>Le Mill\u00e9sime Gourmand<\/p><\/blockquote>\n<p style=\"text-align: justify;\">You are invited to lunch in the private dining room in the Ch\u00e2teau, the family home. For groups of more than 18 people, we will welcome you in the reception rooms. According to the season, you can also lunch in the park. Our Chef invites you to discover our lunch menu \u201cThe Gourmet Vintage\u201d which revisits the great classics of French gastronomy in the presence of the property\u2019s management.<\/p>\n<p style=\"text-align: justify;\"><span style=\"color: #ffffff;\">t<\/span><\/p>\n<p style=\"text-align: center;\"><a title=\"Nous contacter\" class=\"btn-editor-primary\" href=\"http:\/\/www.phelansegur.com\/nous-contacter\/\">Contact R\u00e9servation<\/a><\/p>\n<p>[\/vc_column_text][\/vc_column][vc_column width=&#8221;1\/6&#8243;][\/vc_column][\/vc_row][vc_row][vc_column][vc_separator color=&#8221;white&#8221;][vc_column_text]<\/p>\n<h2 style=\"text-align: center;\">In the heart of the Chef&#8217;s kitchen<\/h2>\n<p>[\/vc_column_text][\/vc_column][\/vc_row][vc_row][vc_column][vc_single_image image=&#8221;6734&#8243; img_size=&#8221;large&#8221; alignment=&#8221;center&#8221;][\/vc_column][\/vc_row][vc_row][vc_column width=&#8221;1\/6&#8243;][\/vc_column][vc_column width=&#8221;2\/3&#8243;][vc_column_text]<\/p>\n<blockquote><p>In the heart of the Chef&#8217;s kitchen<\/p><\/blockquote>\n<p style=\"text-align: justify;\">The visit and tasting of Ch\u00e2teau Ph\u00e9lan S\u00e9gur&#8217;s fine wines will be followed by an experience in the Ch\u00e2teau&#8217;s new kitchen, facing the Gironde Estuary: the \u201cTable du Chef\u201d. An exclusive moment of sharing with our Chef and a tasting menu await the most hedonistic guests.<\/p>\n<p style=\"text-align: justify;\"><span style=\"color: #ffffff;\">t<\/span><\/p>\n<p style=\"text-align: center;\"><a title=\"Nous contacter\" class=\"btn-editor-primary\" href=\"http:\/\/www.phelansegur.com\/nous-contacter\/\">Contact R\u00e9servation<\/a><\/p>\n<p>[\/vc_column_text][\/vc_column][vc_column width=&#8221;1\/6&#8243;][\/vc_column][\/vc_row][vc_row][vc_column][vc_separator color=&#8221;white&#8221;][vc_column_text]<\/p>\n<h2 style=\"text-align: center;\">Le Grand D\u00eener au Ch\u00e2teau<\/h2>\n<p>[\/vc_column_text][\/vc_column][\/vc_row][vc_row][vc_column width=&#8221;1\/2&#8243;][vc_single_image image=&#8221;4715&#8243; img_size=&#8221;large&#8221; alignment=&#8221;center&#8221;][\/vc_column][vc_column width=&#8221;1\/2&#8243;][vc_single_image image=&#8221;4731&#8243; img_size=&#8221;full&#8221;][\/vc_column][\/vc_row][vc_row][vc_column width=&#8221;1\/6&#8243;][\/vc_column][vc_column width=&#8221;2\/3&#8243;][vc_column_text]<\/p>\n<blockquote>\n<p style=\"text-align: justify;\">Le Grand D\u00eener au Ch\u00e2teau<\/p>\n<\/blockquote>\n<p style=\"text-align: justify;\">Comfortably settled in the intimate setting of the Ch\u00e2teau or its reception rooms, let yourself be taken on a culinary tour around the creations of our Chef, trained in our starred restaurants. <span id=\"gt-res-error\"><\/span><span id=\"result_box\" lang=\"en\"><span>Our team welcomes you\u00a0by reservation, from Monday to Thursday (minimum of 10 people).<\/span><\/span><\/p>\n<p style=\"text-align: justify;\"><span style=\"color: #ffffff;\">\u00a0<\/span><\/p>\n<p style=\"text-align: center;\"><a title=\"Nous contacter\" class=\"btn-editor-primary\" href=\"http:\/\/www.phelansegur.com\/nous-contacter\/\">Contact R\u00e9servation<\/a><\/p>\n<p>[\/vc_column_text][\/vc_column][vc_column width=&#8221;1\/6&#8243;][\/vc_column][\/vc_row][vc_row disable_element=&#8221;yes&#8221;][vc_column][vc_separator color=&#8221;white&#8221;][vc_column_text]<\/p>\n<h2 style=\"text-align: center;\">La table des vendanges du Ch\u00e2teau Phelan S\u00e9gur<\/h2>\n<p>[\/vc_column_text][\/vc_column][\/vc_row][vc_row disable_element=&#8221;yes&#8221;][vc_column][vc_single_image image=&#8221;4727&#8243; img_size=&#8221;large&#8221; alignment=&#8221;center&#8221;][\/vc_column][\/vc_row][vc_row disable_element=&#8221;yes&#8221;][vc_column width=&#8221;1\/6&#8243;][\/vc_column][vc_column width=&#8221;2\/3&#8243;][vc_column_text]<\/p>\n<blockquote><p>La Table des vendanges<\/p><\/blockquote>\n<p style=\"text-align: justify;\">We invite you to a country-style lunch, tasty and filling, in the park or in the Ch\u00e2teau&#8217;s Cour des Arcades, in a friendly and elegant spirit with oysters from Arcachon, grilled meats, farmhouse cheeses, a medley of desserts, and other dishes according to the season.<\/p>\n<p style=\"text-align: justify;\"><span style=\"color: #ffffff;\">farandole de desserts et autres plats \u00e9labor\u00e9s selon les arrivages.<\/span><\/p>\n<p style=\"text-align: center;\"><a title=\"Nous contacter\" class=\"btn-editor-primary\" href=\"http:\/\/www.phelansegur.com\/nous-contacter\/\">Contact R\u00e9servation<\/a><\/p>\n<p>[\/vc_column_text][\/vc_column][vc_column width=&#8221;1\/6&#8243;][\/vc_column][\/vc_row][vc_row][vc_column][vc_column_text]<\/p>\n<h2 style=\"text-align: center;\">The Cooking class<\/h2>\n<p>[\/vc_column_text][\/vc_column][\/vc_row][vc_row][vc_column width=&#8221;1\/3&#8243;][vc_single_image image=&#8221;1717&#8243; img_size=&#8221;full&#8221;][\/vc_column][vc_column width=&#8221;1\/3&#8243;][vc_single_image image=&#8221;1718&#8243; img_size=&#8221;full&#8221; alignment=&#8221;center&#8221;][\/vc_column][vc_column width=&#8221;1\/3&#8243;][vc_single_image image=&#8221;1719&#8243; img_size=&#8221;full&#8221; alignment=&#8221;right&#8221;][\/vc_column][\/vc_row][vc_row][vc_column][vc_column_text]<\/p>\n<blockquote>\n<p style=\"text-align: justify;\">The Cooking class<\/p>\n<\/blockquote>\n<p>For couples ou between friends, novices or experts, you will spend an unforgettable moment behind the ovens in the Ch\u00e2teau&#8217;s kitchen, in the compagny of our Chef, who will reveal you some of his secrets. At lunchtime, you taste the dishes that you have just prepared and sahe your culunary experience with the other guests.<\/p>\n<p style=\"text-align: center;\"><a class=\"btn-editor-primary\" href=\"http:\/\/www.phelansegur.com\/nous-contacter\/\">Contact r\u00e9servation<\/a><\/p>\n<p>[\/vc_column_text][\/vc_column][\/vc_row][vc_row disable_element=&#8221;yes&#8221;][vc_column][vc_separator][vc_column_text]<\/p>\n<h2 style=\"text-align: center;\">La table du Marathon du M\u00e9doc<\/h2>\n<p>[\/vc_column_text][\/vc_column][\/vc_row][vc_row disable_element=&#8221;yes&#8221;][vc_column][vc_single_image image=&#8221;2439&#8243; img_size=&#8221;large&#8221; alignment=&#8221;center&#8221;][\/vc_column][\/vc_row][vc_row disable_element=&#8221;yes&#8221;][vc_column][vc_column_text]<\/p>\n<blockquote>\n<p style=\"text-align: justify;\">La table du Marathon du M\u00e9doc<\/p>\n<\/blockquote>\n<p style=\"text-align: justify;\">We invite you to a country-style buffet, in a sporting and friendly spirit, with grilled meat and fish, vegetables, oysters from Arcachon, cheeses and a medley of desserts. The menus are devised and prepared by our Chef, in collaboration with a sports dietician.<\/p>\n<p>The lunch is preceded by a visit to the property with tasting.<\/p>\n<p style=\"text-align: center;\"><a class=\"btn-editor-primary\" href=\"http:\/\/www.phelansegur.com\/nous-contacter\/\">Contact r\u00e9servation<\/a><\/p>\n<p>[\/vc_column_text][\/vc_column][\/vc_row][vc_row disable_element=&#8221;yes&#8221;][vc_column][vc_separator][vc_column_text]<\/p>\n<h2 style=\"text-align: center;\">Tea Time en M\u00e9doc<\/h2>\n<p>[\/vc_column_text][\/vc_column][\/vc_row][vc_row disable_element=&#8221;yes&#8221;][vc_column width=&#8221;1\/3&#8243;][vc_single_image image=&#8221;3817&#8243; img_size=&#8221;full&#8221;][\/vc_column][vc_column width=&#8221;1\/3&#8243;][vc_single_image image=&#8221;3820&#8243; img_size=&#8221;full&#8221; alignment=&#8221;center&#8221;][\/vc_column][vc_column width=&#8221;1\/3&#8243;][vc_single_image image=&#8221;3877&#8243; img_size=&#8221;full&#8221; alignment=&#8221;right&#8221;][\/vc_column][\/vc_row][vc_row disable_element=&#8221;yes&#8221;][vc_column][vc_column_text]<\/p>\n<blockquote>\n<p style=\"text-align: justify;\">Tea Time en M\u00e9doc<\/p>\n<\/blockquote>\n<p>Our Chef, a pastry enthusiast, entrust you with his deftness : macaroons, chocolate truffles, and cannel\u00e9s will no longer have secrets for you ! Then, enjoy your &#8220;sweet&#8221; creations accompanied by Ch\u00e2teau Ph\u00e9lan S\u00e9gur, a new and surprising pairing.<\/p>\n<p style=\"text-align: center;\"><a class=\"btn-editor-primary\" href=\"http:\/\/www.phelansegur.com\/nous-contacter\/\">Contact r\u00e9servation<\/a><\/p>\n<p>[\/vc_column_text][\/vc_column][\/vc_row]<\/p>\n","protected":false},"excerpt":{"rendered":"<p>[vc_row][vc_column][vc_separator color=&#8221;white&#8221;][vc_column_text] Le Mill\u00e9sime Gourmand [\/vc_column_text][\/vc_column][\/vc_row][vc_row][vc_column][vc_single_image image=&#8221;4723&#8243; img_size=&#8221;large&#8221; alignment=&#8221;center&#8221;][\/vc_column][\/vc_row][vc_row][vc_column width=&#8221;1\/6&#8243;][\/vc_column][vc_column width=&#8221;2\/3&#8243;][vc_column_text] Le Mill\u00e9sime Gourmand You are invited to lunch in the private dining room in the Ch\u00e2teau, the family home. For groups of more than 18 people, we will welcome you in the reception rooms. According to the season, you can also lunch in the [&hellip;]<\/p>\n","protected":false},"author":3,"featured_media":1711,"parent":0,"menu_order":0,"comment_status":"open","ping_status":"open","template":"","meta":[],"acf":[],"yoast_head":"<!-- This site is optimized with the Yoast SEO plugin v15.4 - https:\/\/yoast.com\/wordpress\/plugins\/seo\/ -->\n<meta name=\"robots\" content=\"index, follow, max-snippet:-1, max-image-preview:large, max-video-preview:-1\" \/>\n<link rel=\"canonical\" href=\"https:\/\/www.phelansegur.com\/en\/receptions\/\" \/>\n<meta property=\"og:locale\" content=\"en_US\" \/>\n<meta property=\"og:type\" content=\"article\" \/>\n<meta property=\"og:title\" content=\"Receptions - Ch\u00e2teau Ph\u00e9lan S\u00e9gur\" \/>\n<meta property=\"og:description\" content=\"[vc_row][vc_column][vc_separator color=&#8221;white&#8221;][vc_column_text] Le Mill\u00e9sime Gourmand [\/vc_column_text][\/vc_column][\/vc_row][vc_row][vc_column][vc_single_image image=&#8221;4723&#8243; img_size=&#8221;large&#8221; alignment=&#8221;center&#8221;][\/vc_column][\/vc_row][vc_row][vc_column width=&#8221;1\/6&#8243;][\/vc_column][vc_column width=&#8221;2\/3&#8243;][vc_column_text] Le Mill\u00e9sime Gourmand You are invited to lunch in the private dining room in the Ch\u00e2teau, the family home. For groups of more than 18 people, we will welcome you in the reception rooms. According to the season, you can also lunch in the [&hellip;]\" \/>\n<meta property=\"og:url\" content=\"https:\/\/www.phelansegur.com\/en\/receptions\/\" \/>\n<meta property=\"og:site_name\" content=\"Ch\u00e2teau Ph\u00e9lan S\u00e9gur\" \/>\n<meta property=\"article:modified_time\" content=\"2024-12-18T12:46:57+00:00\" \/>\n<meta property=\"og:image\" content=\"https:\/\/www.phelansegur.com\/wp-content\/uploads\/2015\/01\/Argenterie-Phelan-Segur1.jpg\" \/>\n\t<meta property=\"og:image:width\" content=\"1476\" \/>\n\t<meta property=\"og:image:height\" content=\"1106\" \/>\n<meta name=\"twitter:card\" content=\"summary_large_image\" \/>\n<meta name=\"twitter:label1\" content=\"Written by\">\n\t<meta name=\"twitter:data1\" content=\"allison\">\n\t<meta name=\"twitter:label2\" content=\"Est. reading time\">\n\t<meta name=\"twitter:data2\" content=\"4 minutes\">\n<script type=\"application\/ld+json\" class=\"yoast-schema-graph\">{\"@context\":\"https:\/\/schema.org\",\"@graph\":[{\"@type\":\"Organization\",\"@id\":\"https:\/\/www.phelansegur.com\/#organization\",\"name\":\"Ch\\u00e2teau Ph\\u00e9lan S\\u00e9gur\",\"url\":\"https:\/\/www.phelansegur.com\/\",\"sameAs\":[\"https:\/\/www.instagram.com\/phelansegur\/\"],\"logo\":{\"@type\":\"ImageObject\",\"@id\":\"https:\/\/www.phelansegur.com\/#logo\",\"inLanguage\":\"en-US\",\"url\":\"https:\/\/www.phelansegur.com\/wp-content\/uploads\/2020\/03\/logo-phelansegur.jpg\",\"width\":500,\"height\":200,\"caption\":\"Ch\\u00e2teau Ph\\u00e9lan S\\u00e9gur\"},\"image\":{\"@id\":\"https:\/\/www.phelansegur.com\/#logo\"}},{\"@type\":\"WebSite\",\"@id\":\"https:\/\/www.phelansegur.com\/#website\",\"url\":\"https:\/\/www.phelansegur.com\/\",\"name\":\"Ch\\u00e2teau Ph\\u00e9lan S\\u00e9gur\",\"description\":\"Saint Est\\u00e8phe\",\"publisher\":{\"@id\":\"https:\/\/www.phelansegur.com\/#organization\"},\"potentialAction\":[{\"@type\":\"SearchAction\",\"target\":\"https:\/\/www.phelansegur.com\/?s={search_term_string}\",\"query-input\":\"required name=search_term_string\"}],\"inLanguage\":\"en-US\"},{\"@type\":\"ImageObject\",\"@id\":\"https:\/\/www.phelansegur.com\/en\/receptions\/#primaryimage\",\"inLanguage\":\"en-US\",\"url\":\"https:\/\/www.phelansegur.com\/wp-content\/uploads\/2015\/01\/Argenterie-Phelan-Segur1.jpg\",\"width\":1476,\"height\":1106,\"caption\":\"Silverware\"},{\"@type\":\"WebPage\",\"@id\":\"https:\/\/www.phelansegur.com\/en\/receptions\/#webpage\",\"url\":\"https:\/\/www.phelansegur.com\/en\/receptions\/\",\"name\":\"Receptions - Ch\\u00e2teau Ph\\u00e9lan S\\u00e9gur\",\"isPartOf\":{\"@id\":\"https:\/\/www.phelansegur.com\/#website\"},\"primaryImageOfPage\":{\"@id\":\"https:\/\/www.phelansegur.com\/en\/receptions\/#primaryimage\"},\"datePublished\":\"2015-01-05T15:29:01+00:00\",\"dateModified\":\"2024-12-18T12:46:57+00:00\",\"breadcrumb\":{\"@id\":\"https:\/\/www.phelansegur.com\/en\/receptions\/#breadcrumb\"},\"inLanguage\":\"en-US\",\"potentialAction\":[{\"@type\":\"ReadAction\",\"target\":[\"https:\/\/www.phelansegur.com\/en\/receptions\/\"]}]},{\"@type\":\"BreadcrumbList\",\"@id\":\"https:\/\/www.phelansegur.com\/en\/receptions\/#breadcrumb\",\"itemListElement\":[{\"@type\":\"ListItem\",\"position\":1,\"item\":{\"@type\":\"WebPage\",\"@id\":\"https:\/\/www.phelansegur.com\/en\/\",\"url\":\"https:\/\/www.phelansegur.com\/en\/\",\"name\":\"Page d'accueil\"}},{\"@type\":\"ListItem\",\"position\":2,\"item\":{\"@type\":\"WebPage\",\"@id\":\"https:\/\/www.phelansegur.com\/en\/receptions\/\",\"url\":\"https:\/\/www.phelansegur.com\/en\/receptions\/\",\"name\":\"Receptions\"}}]}]}<\/script>\n<!-- \/ Yoast SEO plugin. -->","_links":{"self":[{"href":"https:\/\/www.phelansegur.com\/en\/wp-json\/wp\/v2\/pages\/249"}],"collection":[{"href":"https:\/\/www.phelansegur.com\/en\/wp-json\/wp\/v2\/pages"}],"about":[{"href":"https:\/\/www.phelansegur.com\/en\/wp-json\/wp\/v2\/types\/page"}],"author":[{"embeddable":true,"href":"https:\/\/www.phelansegur.com\/en\/wp-json\/wp\/v2\/users\/3"}],"replies":[{"embeddable":true,"href":"https:\/\/www.phelansegur.com\/en\/wp-json\/wp\/v2\/comments?post=249"}],"version-history":[{"count":14,"href":"https:\/\/www.phelansegur.com\/en\/wp-json\/wp\/v2\/pages\/249\/revisions"}],"predecessor-version":[{"id":6792,"href":"https:\/\/www.phelansegur.com\/en\/wp-json\/wp\/v2\/pages\/249\/revisions\/6792"}],"wp:featuredmedia":[{"embeddable":true,"href":"https:\/\/www.phelansegur.com\/en\/wp-json\/wp\/v2\/media\/1711"}],"wp:attachment":[{"href":"https:\/\/www.phelansegur.com\/en\/wp-json\/wp\/v2\/media?parent=249"}],"curies":[{"name":"wp","href":"https:\/\/api.w.org\/{rel}","templated":true}]}}