{"id":319,"date":"2015-01-19T08:36:46","date_gmt":"2015-01-19T08:36:46","guid":{"rendered":"http:\/\/www.phelansegur.com\/?page_id=319"},"modified":"2025-11-04T13:51:04","modified_gmt":"2025-11-04T13:51:04","slug":"millesimes","status":"publish","type":"page","link":"https:\/\/www.phelansegur.com\/en\/millesimes\/","title":{"rendered":"Mill\u00e9simes"},"content":{"rendered":"<p>[vc_row][vc_column][vc_column_text]<\/p>\n<p style=\"font-weight: 400; text-align: center;\"><span>Download the technical sheets specific to each vintage of Ch\u00e2teau Ph\u00e9lan S\u00e9gur.<\/span><\/p>\n<p style=\"font-weight: 400; text-align: center;\"><span>For further details, the Ch\u00e2teau Ph\u00e9lan S\u00e9gur team is at your disposal.<\/span><\/p>\n<p>[\/vc_column_text][\/vc_column][\/vc_row][vc_row][vc_column width=&#8221;1\/4&#8243;][vc_column_text]<\/p>\n<p style=\"text-align: center;\"><a href=\"https:\/\/www.phelansegur.com\/wp-content\/uploads\/2025\/11\/Chateau-Phelan-Segur-2024-_-Vintage-sheet.pdf\">Ch\u00e2teau Ph\u00e9lan S\u00e9gur 2024<\/a><\/p>\n<p style=\"text-align: center;\"><a href=\"https:\/\/www.phelansegur.com\/wp-content\/uploads\/2025\/11\/Chateau-Phelan-Segur-2023_Vintage-sheet.pdf\">Ch\u00e2teau Ph\u00e9lan S\u00e9gur 2023<\/a><\/p>\n<p style=\"text-align: center;\"><a href=\"https:\/\/www.phelansegur.com\/wp-content\/uploads\/2024\/06\/Chateau-Phelan-Segur-2022_Technical-sheet.pdf\">Ch\u00e2teau Ph\u00e9lan S\u00e9gur 2022<\/a><\/p>\n<p style=\"text-align: center;\"><a href=\"https:\/\/www.phelansegur.com\/wp-content\/uploads\/2023\/12\/Chateau-Phelan-Segur-2021_Technical-sheet.pdf\">Ch\u00e2teau Ph\u00e9lan S\u00e9gur 2021<\/a><\/p>\n<p style=\"text-align: center;\"><a href=\"https:\/\/www.phelansegur.com\/wp-content\/uploads\/2022\/05\/Chateau-Phelan-Segur-2020_Technical-sheet.pdf\">Ch\u00e2teau Ph\u00e9lan S\u00e9gur 2020<\/a><\/p>\n<p style=\"text-align: center;\"><a href=\"https:\/\/www.phelansegur.com\/wp-content\/uploads\/2021\/11\/Chateau-Phelan-Segur-2019_Technical-sheet.pdf\">Ch\u00e2teau Ph\u00e9lan S\u00e9gur 2019<\/a><\/p>\n<p style=\"text-align: center;\"><a href=\"https:\/\/www.phelansegur.com\/wp-content\/uploads\/2020\/08\/Chateau-Phelan-Segur-2018_Technical-sheet.pdf\">Ch\u00e2teau Ph\u00e9lan S\u00e9gur 2018<\/a><\/p>\n<p style=\"text-align: center;\"><a href=\"https:\/\/www.phelansegur.com\/wp-content\/uploads\/2020\/08\/Chateau-Phelan-Segur-2017_Technical-sheet.pdf\">Ch\u00e2teau Ph\u00e9lan S\u00e9gur 2017<\/a><\/p>\n<p style=\"text-align: center;\"><a href=\"http:\/\/www.phelansegur.com\/wp-content\/uploads\/2018\/07\/Millesime-2016-GB-SITE.pdf\">Ch\u00e2teau Ph\u00e9lan S\u00e9gur 2016<\/a><\/p>\n<p style=\"text-align: center;\"><a href=\"http:\/\/www.phelansegur.com\/wp-content\/uploads\/2017\/09\/Millesime-2015-GB-SITE.pdf\">Ch\u00e2teau\u00a0Ph\u00e9lan\u00a0S\u00e9gur\u00a02015<\/a><\/p>\n<p style=\"text-align: center;\"><a href=\"http:\/\/www.phelansegur.com\/wp-content\/uploads\/2015\/11\/Chateau-Phelan-Segur-2014.pdf\" target=\"_blank\" rel=\"noopener noreferrer\">Ch\u00e2teau Ph\u00e9lan S\u00e9gur 2014<\/a><\/p>\n<p style=\"text-align: center;\"><a href=\"http:\/\/www.phelansegur.com\/wp-content\/uploads\/2015\/01\/Chateau-Phelan-Segur-2013.pdf\" target=\"_blank\" rel=\"noopener noreferrer\">Ch\u00e2teau Ph\u00e9lan S\u00e9gur 2013<\/a><\/p>\n<p style=\"text-align: center;\"><a href=\"http:\/\/www.phelansegur.com\/wp-content\/uploads\/2015\/11\/Chateau-Phelan-Segur-2012.pdf\" target=\"_blank\" rel=\"noopener noreferrer\">Ch\u00e2teau Ph\u00e9lan S\u00e9gur 2012<\/a><\/p>\n<p style=\"text-align: center;\"><a href=\"http:\/\/www.phelansegur.com\/wp-content\/uploads\/2015\/11\/Chateau-Phelan-Segur-2011.pdf\" target=\"_blank\" rel=\"noopener noreferrer\">Ch\u00e2teau Ph\u00e9lan S\u00e9gur 2011<\/a><\/p>\n<p style=\"text-align: center;\"><a href=\"http:\/\/www.phelansegur.com\/wp-content\/uploads\/2015\/11\/Chateau-Phelan-Segur-2010.pdf\" target=\"_blank\" rel=\"noopener noreferrer\">Ch\u00e2teau Ph\u00e9lan S\u00e9gur 2010<\/a><\/p>\n<p style=\"text-align: center;\"><a href=\"http:\/\/www.phelansegur.com\/wp-content\/uploads\/2015\/11\/Chateau-Phelan-Segur-2009.pdf\" target=\"_blank\" rel=\"noopener noreferrer\">Ch\u00e2teau Ph\u00e9lan S\u00e9gur 2009<\/a><\/p>\n<p style=\"text-align: center;\"><a href=\"http:\/\/www.phelansegur.com\/wp-content\/uploads\/2015\/01\/PS-2008-FR.pdf\">Ch\u00e2teau Ph\u00e9lan S\u00e9gur 2008<\/a><\/p>\n<p style=\"text-align: center;\"><a href=\"http:\/\/www.phelansegur.com\/wp-content\/uploads\/2015\/01\/Chateau-Phelan-Segur-2007.pdf\" target=\"_blank\" rel=\"noopener noreferrer\">Ch\u00e2teau Ph\u00e9lan S\u00e9gur 2007<\/a><\/p>\n<p style=\"text-align: center;\"><a href=\"http:\/\/www.phelansegur.com\/wp-content\/uploads\/2015\/11\/Chateau-Phelan-Segur-2006.pdf\" target=\"_blank\" rel=\"noopener noreferrer\">Ch\u00e2teau Ph\u00e9lan S\u00e9gur 2006<\/a><\/p>\n<p style=\"text-align: center;\"><a href=\"http:\/\/www.phelansegur.com\/wp-content\/uploads\/2015\/11\/Chateau-Phelan-Segur-2005.pdf\" target=\"_blank\" rel=\"noopener noreferrer\">Ch\u00e2teau Ph\u00e9lan S\u00e9gur 2005<\/a><\/p>\n<p style=\"text-align: center;\"><a href=\"http:\/\/www.phelansegur.com\/wp-content\/uploads\/2015\/11\/Chateau-Phelan-Segur-2004.pdf\" target=\"_blank\" rel=\"noopener noreferrer\">Ch\u00e2teau Ph\u00e9lan S\u00e9gur 2004<\/a><\/p>\n<p style=\"text-align: center;\"><a href=\"http:\/\/www.phelansegur.com\/wp-content\/uploads\/2015\/11\/Chateau-Phelan-Segur-2003.pdf\" target=\"_blank\" rel=\"noopener noreferrer\">Ch\u00e2teau Ph\u00e9lan S\u00e9gur 2003<\/a><\/p>\n<p style=\"text-align: center;\"><a href=\"http:\/\/www.phelansegur.com\/wp-content\/uploads\/2017\/02\/Chateau-Phelan-Segur-2002.pdf\">Ch\u00e2teau Ph\u00e9lan S\u00e9gur 2002<\/a><\/p>\n<p style=\"text-align: center;\"><a href=\"http:\/\/www.phelansegur.com\/wp-content\/uploads\/2015\/11\/Chateau-Phelan-Segur-2001.pdf\" target=\"_blank\" rel=\"noopener noreferrer\">Ch\u00e2teau Ph\u00e9lan S\u00e9gur 2001<\/a><\/p>\n<p style=\"text-align: center;\"><a href=\"http:\/\/www.phelansegur.com\/wp-content\/uploads\/2015\/11\/Chateau-Phelan-Segur-2000.pdf\" target=\"_blank\" rel=\"noopener noreferrer\">Ch\u00e2teau Ph\u00e9lan S\u00e9gur 2000<\/a><\/p>\n<p style=\"text-align: center;\"><a href=\"http:\/\/www.phelansegur.com\/wp-content\/uploads\/2015\/01\/Chateau-Phelan-Segur-1999.pdf\" target=\"_blank\" rel=\"noopener noreferrer\">Ch\u00e2teau Ph\u00e9lan S\u00e9gur 1999<\/a><\/p>\n<p style=\"text-align: center;\"><a href=\"http:\/\/www.phelansegur.com\/wp-content\/uploads\/2015\/01\/Chateau-Phelan-Segur-1998.pdf\" target=\"_blank\" rel=\"noopener noreferrer\">Ch\u00e2teau Ph\u00e9lan S\u00e9gur 1998<\/a><\/p>\n<p style=\"text-align: center;\"><a href=\"http:\/\/www.phelansegur.com\/wp-content\/uploads\/2015\/01\/Chateau-Phelan-Segur-1997.pdf\" target=\"_blank\" rel=\"noopener noreferrer\">Ch\u00e2teau Ph\u00e9lan S\u00e9gur 1997<\/a><\/p>\n<p style=\"text-align: center;\"><a href=\"http:\/\/www.phelansegur.com\/wp-content\/uploads\/2015\/11\/Chateau-Phelan-Segur-1996.pdf\" target=\"_blank\" rel=\"noopener noreferrer\">Ch\u00e2teau Ph\u00e9lan S\u00e9gur 1996<\/a><\/p>\n<p style=\"text-align: center;\"><a href=\"http:\/\/www.phelansegur.com\/wp-content\/uploads\/2015\/11\/Chateau-Phelan-Segur-1993.pdf\" target=\"_blank\" rel=\"noopener noreferrer\">Ch\u00e2teau Ph\u00e9lan S\u00e9gur 1993<\/a><\/p>\n<p style=\"text-align: center;\"><a href=\"http:\/\/www.phelansegur.com\/wp-content\/uploads\/2015\/11\/Chateau-Phelan-Segur-1990.pdf\" target=\"_blank\" rel=\"noopener noreferrer\">Ch\u00e2teau Ph\u00e9lan S\u00e9gur 1990<\/a><\/p>\n<p>[\/vc_column_text][\/vc_column][vc_column width=&#8221;3\/4&#8243;][vc_single_image image=&#8221;869&#8243; img_size=&#8221;full&#8221; alignment=&#8221;center&#8221;][\/vc_column][\/vc_row]<\/p>\n","protected":false},"excerpt":{"rendered":"<p>[vc_row][vc_column][vc_column_text] Download the technical sheets specific to each vintage of Ch\u00e2teau Ph\u00e9lan S\u00e9gur. For further details, the Ch\u00e2teau Ph\u00e9lan S\u00e9gur team is at your disposal. [\/vc_column_text][\/vc_column][\/vc_row][vc_row][vc_column width=&#8221;1\/4&#8243;][vc_column_text] Ch\u00e2teau Ph\u00e9lan S\u00e9gur 2024 Ch\u00e2teau Ph\u00e9lan S\u00e9gur 2023 Ch\u00e2teau Ph\u00e9lan S\u00e9gur 2022 Ch\u00e2teau Ph\u00e9lan S\u00e9gur 2021 Ch\u00e2teau Ph\u00e9lan S\u00e9gur 2020 Ch\u00e2teau Ph\u00e9lan S\u00e9gur 2019 Ch\u00e2teau Ph\u00e9lan S\u00e9gur 2018 [&hellip;]<\/p>\n","protected":false},"author":3,"featured_media":0,"parent":0,"menu_order":0,"comment_status":"open","ping_status":"open","template":"","meta":[],"acf":[],"yoast_head":"<!-- This site is optimized with the Yoast SEO plugin v15.4 - https:\/\/yoast.com\/wordpress\/plugins\/seo\/ -->\n<meta name=\"robots\" content=\"index, follow, max-snippet:-1, max-image-preview:large, max-video-preview:-1\" \/>\n<link rel=\"canonical\" href=\"https:\/\/www.phelansegur.com\/en\/millesimes\/\" \/>\n<meta property=\"og:locale\" content=\"en_US\" \/>\n<meta property=\"og:type\" content=\"article\" \/>\n<meta property=\"og:title\" content=\"Mill\u00e9simes - Ch\u00e2teau Ph\u00e9lan S\u00e9gur\" \/>\n<meta property=\"og:description\" content=\"[vc_row][vc_column][vc_column_text] Download the technical sheets specific to each vintage of Ch\u00e2teau Ph\u00e9lan S\u00e9gur. For further details, the Ch\u00e2teau Ph\u00e9lan S\u00e9gur team is at your disposal. [\/vc_column_text][\/vc_column][\/vc_row][vc_row][vc_column width=&#8221;1\/4&#8243;][vc_column_text] Ch\u00e2teau Ph\u00e9lan S\u00e9gur 2024 Ch\u00e2teau Ph\u00e9lan S\u00e9gur 2023 Ch\u00e2teau Ph\u00e9lan S\u00e9gur 2022 Ch\u00e2teau Ph\u00e9lan S\u00e9gur 2021 Ch\u00e2teau Ph\u00e9lan S\u00e9gur 2020 Ch\u00e2teau Ph\u00e9lan S\u00e9gur 2019 Ch\u00e2teau Ph\u00e9lan S\u00e9gur 2018 [&hellip;]\" \/>\n<meta property=\"og:url\" content=\"https:\/\/www.phelansegur.com\/en\/millesimes\/\" \/>\n<meta property=\"og:site_name\" content=\"Ch\u00e2teau Ph\u00e9lan S\u00e9gur\" \/>\n<meta property=\"article:modified_time\" content=\"2025-11-04T13:51:04+00:00\" \/>\n<meta name=\"twitter:card\" content=\"summary_large_image\" \/>\n<meta name=\"twitter:label1\" content=\"Written by\">\n\t<meta name=\"twitter:data1\" content=\"allison\">\n\t<meta name=\"twitter:label2\" content=\"Est. reading time\">\n\t<meta name=\"twitter:data2\" content=\"1 minute\">\n<script type=\"application\/ld+json\" class=\"yoast-schema-graph\">{\"@context\":\"https:\/\/schema.org\",\"@graph\":[{\"@type\":\"Organization\",\"@id\":\"https:\/\/www.phelansegur.com\/#organization\",\"name\":\"Ch\\u00e2teau Ph\\u00e9lan S\\u00e9gur\",\"url\":\"https:\/\/www.phelansegur.com\/\",\"sameAs\":[\"https:\/\/www.instagram.com\/phelansegur\/\"],\"logo\":{\"@type\":\"ImageObject\",\"@id\":\"https:\/\/www.phelansegur.com\/#logo\",\"inLanguage\":\"en-US\",\"url\":\"https:\/\/www.phelansegur.com\/wp-content\/uploads\/2020\/03\/logo-phelansegur.jpg\",\"width\":500,\"height\":200,\"caption\":\"Ch\\u00e2teau Ph\\u00e9lan S\\u00e9gur\"},\"image\":{\"@id\":\"https:\/\/www.phelansegur.com\/#logo\"}},{\"@type\":\"WebSite\",\"@id\":\"https:\/\/www.phelansegur.com\/#website\",\"url\":\"https:\/\/www.phelansegur.com\/\",\"name\":\"Ch\\u00e2teau Ph\\u00e9lan S\\u00e9gur\",\"description\":\"Saint Est\\u00e8phe\",\"publisher\":{\"@id\":\"https:\/\/www.phelansegur.com\/#organization\"},\"potentialAction\":[{\"@type\":\"SearchAction\",\"target\":\"https:\/\/www.phelansegur.com\/?s={search_term_string}\",\"query-input\":\"required name=search_term_string\"}],\"inLanguage\":\"en-US\"},{\"@type\":\"WebPage\",\"@id\":\"https:\/\/www.phelansegur.com\/en\/millesimes\/#webpage\",\"url\":\"https:\/\/www.phelansegur.com\/en\/millesimes\/\",\"name\":\"Mill\\u00e9simes - Ch\\u00e2teau Ph\\u00e9lan S\\u00e9gur\",\"isPartOf\":{\"@id\":\"https:\/\/www.phelansegur.com\/#website\"},\"datePublished\":\"2015-01-19T08:36:46+00:00\",\"dateModified\":\"2025-11-04T13:51:04+00:00\",\"breadcrumb\":{\"@id\":\"https:\/\/www.phelansegur.com\/en\/millesimes\/#breadcrumb\"},\"inLanguage\":\"en-US\",\"potentialAction\":[{\"@type\":\"ReadAction\",\"target\":[\"https:\/\/www.phelansegur.com\/en\/millesimes\/\"]}]},{\"@type\":\"BreadcrumbList\",\"@id\":\"https:\/\/www.phelansegur.com\/en\/millesimes\/#breadcrumb\",\"itemListElement\":[{\"@type\":\"ListItem\",\"position\":1,\"item\":{\"@type\":\"WebPage\",\"@id\":\"https:\/\/www.phelansegur.com\/en\/\",\"url\":\"https:\/\/www.phelansegur.com\/en\/\",\"name\":\"Page d'accueil\"}},{\"@type\":\"ListItem\",\"position\":2,\"item\":{\"@type\":\"WebPage\",\"@id\":\"https:\/\/www.phelansegur.com\/en\/millesimes\/\",\"url\":\"https:\/\/www.phelansegur.com\/en\/millesimes\/\",\"name\":\"Mill\\u00e9simes\"}}]}]}<\/script>\n<!-- \/ Yoast SEO plugin. -->","_links":{"self":[{"href":"https:\/\/www.phelansegur.com\/en\/wp-json\/wp\/v2\/pages\/319"}],"collection":[{"href":"https:\/\/www.phelansegur.com\/en\/wp-json\/wp\/v2\/pages"}],"about":[{"href":"https:\/\/www.phelansegur.com\/en\/wp-json\/wp\/v2\/types\/page"}],"author":[{"embeddable":true,"href":"https:\/\/www.phelansegur.com\/en\/wp-json\/wp\/v2\/users\/3"}],"replies":[{"embeddable":true,"href":"https:\/\/www.phelansegur.com\/en\/wp-json\/wp\/v2\/comments?post=319"}],"version-history":[{"count":13,"href":"https:\/\/www.phelansegur.com\/en\/wp-json\/wp\/v2\/pages\/319\/revisions"}],"predecessor-version":[{"id":6972,"href":"https:\/\/www.phelansegur.com\/en\/wp-json\/wp\/v2\/pages\/319\/revisions\/6972"}],"wp:attachment":[{"href":"https:\/\/www.phelansegur.com\/en\/wp-json\/wp\/v2\/media?parent=319"}],"curies":[{"name":"wp","href":"https:\/\/api.w.org\/{rel}","templated":true}]}}