{"id":321,"date":"2015-01-05T14:14:10","date_gmt":"2015-01-05T14:14:10","guid":{"rendered":"http:\/\/www.phelansegur.com\/?page_id=321"},"modified":"2018-01-17T14:06:05","modified_gmt":"2018-01-17T14:06:05","slug":"chateau-phelan-segur","status":"publish","type":"page","link":"https:\/\/www.phelansegur.com\/en\/chateau-phelan-segur\/","title":{"rendered":"Ch\u00e2teau Ph\u00e9lan S\u00e9gur"},"content":{"rendered":"<p style=\"text-align: justify;\">The Grand Vin of Ch\u00e2teau Ph\u00e9lan S\u00e9gur comes from this magnificent terroir of Saint-Est\u00e8phe where power dominates. Strengthened by its origins, Ch\u00e2teau Ph\u00e9lan S\u00e9gur has created its identity based on elegance and finesse. With a certain restraint and great precision, it reveals the purity of the fruit, the accuracy of its structure, the silkiness of its tannins, all with a natural freshness. After long ageing, it reveals a bouquet of a rare complexity, the oak harmoniously integrated. This subtle and authentic balance creates an intense emotion. Ch\u00e2teau Ph\u00e9lan S\u00e9gur is known for its potential to age over several decades. An old vintage opens new aromatic horizons with an unexpected richness: the warmth of spices, the generosity of ripe fruits and the nobility of leather. Its texture is refined, its power is calmed. This fullness is a testimony to the passage of time and this blossoming is the reward of astute patience. Exceptional vintages born of the generosity of Nature transcended by the talent of man. Beyond these undisputed landmarks, there are vintages dear to the team at the Ch\u00e2teau. They are witnesses to the life of the property and the expression of great emotions.<\/p>\n<p><a class=\"typo-white uppercase small underline link-technique\" href=\"\/en\/millesimes\/\">SEE THE TECHNICAL SHEETS FOR ALL VINTAGES<\/a><\/p>\n","protected":false},"excerpt":{"rendered":"<p>The Grand Vin of Ch\u00e2teau Ph\u00e9lan S\u00e9gur comes from this magnificent terroir of Saint-Est\u00e8phe where power dominates. Strengthened by its origins, Ch\u00e2teau Ph\u00e9lan S\u00e9gur has created its identity based on elegance and finesse. With a certain restraint and great precision, it reveals the purity of the fruit, the accuracy of its structure, the silkiness of [&hellip;]<\/p>\n","protected":false},"author":3,"featured_media":1276,"parent":0,"menu_order":0,"comment_status":"open","ping_status":"open","template":"template-millesimes.php","meta":[],"acf":[],"yoast_head":"<!-- This site is optimized with the Yoast SEO plugin v15.4 - https:\/\/yoast.com\/wordpress\/plugins\/seo\/ -->\n<meta name=\"robots\" content=\"index, follow, max-snippet:-1, max-image-preview:large, max-video-preview:-1\" \/>\n<link rel=\"canonical\" href=\"https:\/\/www.phelansegur.com\/en\/chateau-phelan-segur\/\" \/>\n<meta property=\"og:locale\" content=\"en_US\" \/>\n<meta property=\"og:type\" content=\"article\" \/>\n<meta property=\"og:title\" content=\"Ch\u00e2teau Ph\u00e9lan S\u00e9gur - Ch\u00e2teau Ph\u00e9lan S\u00e9gur\" \/>\n<meta property=\"og:description\" content=\"The Grand Vin of Ch\u00e2teau Ph\u00e9lan S\u00e9gur comes from this magnificent terroir of Saint-Est\u00e8phe where power dominates. Strengthened by its origins, Ch\u00e2teau Ph\u00e9lan S\u00e9gur has created its identity based on elegance and finesse. With a certain restraint and great precision, it reveals the purity of the fruit, the accuracy of its structure, the silkiness of [&hellip;]\" \/>\n<meta property=\"og:url\" content=\"https:\/\/www.phelansegur.com\/en\/chateau-phelan-segur\/\" \/>\n<meta property=\"og:site_name\" content=\"Ch\u00e2teau Ph\u00e9lan S\u00e9gur\" \/>\n<meta property=\"article:modified_time\" content=\"2018-01-17T14:06:05+00:00\" \/>\n<meta property=\"og:image\" content=\"https:\/\/www.phelansegur.com\/wp-content\/uploads\/2015\/01\/Chateau-Phelan-Segur-Capsule.jpg\" \/>\n\t<meta property=\"og:image:width\" content=\"1920\" \/>\n\t<meta property=\"og:image:height\" content=\"1080\" \/>\n<meta name=\"twitter:card\" content=\"summary_large_image\" \/>\n<meta name=\"twitter:label1\" content=\"Written by\">\n\t<meta name=\"twitter:data1\" content=\"allison\">\n\t<meta name=\"twitter:label2\" content=\"Est. reading time\">\n\t<meta name=\"twitter:data2\" content=\"1 minute\">\n<script type=\"application\/ld+json\" class=\"yoast-schema-graph\">{\"@context\":\"https:\/\/schema.org\",\"@graph\":[{\"@type\":\"Organization\",\"@id\":\"https:\/\/www.phelansegur.com\/#organization\",\"name\":\"Ch\\u00e2teau Ph\\u00e9lan S\\u00e9gur\",\"url\":\"https:\/\/www.phelansegur.com\/\",\"sameAs\":[\"https:\/\/www.instagram.com\/phelansegur\/\"],\"logo\":{\"@type\":\"ImageObject\",\"@id\":\"https:\/\/www.phelansegur.com\/#logo\",\"inLanguage\":\"en-US\",\"url\":\"https:\/\/www.phelansegur.com\/wp-content\/uploads\/2020\/03\/logo-phelansegur.jpg\",\"width\":500,\"height\":200,\"caption\":\"Ch\\u00e2teau Ph\\u00e9lan S\\u00e9gur\"},\"image\":{\"@id\":\"https:\/\/www.phelansegur.com\/#logo\"}},{\"@type\":\"WebSite\",\"@id\":\"https:\/\/www.phelansegur.com\/#website\",\"url\":\"https:\/\/www.phelansegur.com\/\",\"name\":\"Ch\\u00e2teau Ph\\u00e9lan S\\u00e9gur\",\"description\":\"Saint Est\\u00e8phe\",\"publisher\":{\"@id\":\"https:\/\/www.phelansegur.com\/#organization\"},\"potentialAction\":[{\"@type\":\"SearchAction\",\"target\":\"https:\/\/www.phelansegur.com\/?s={search_term_string}\",\"query-input\":\"required name=search_term_string\"}],\"inLanguage\":\"en-US\"},{\"@type\":\"ImageObject\",\"@id\":\"https:\/\/www.phelansegur.com\/en\/chateau-phelan-segur\/#primaryimage\",\"inLanguage\":\"en-US\",\"url\":\"https:\/\/www.phelansegur.com\/wp-content\/uploads\/2015\/01\/Chateau-Phelan-Segur-Capsule.jpg\",\"width\":1920,\"height\":1080,\"caption\":\"Capsule\"},{\"@type\":\"WebPage\",\"@id\":\"https:\/\/www.phelansegur.com\/en\/chateau-phelan-segur\/#webpage\",\"url\":\"https:\/\/www.phelansegur.com\/en\/chateau-phelan-segur\/\",\"name\":\"Ch\\u00e2teau Ph\\u00e9lan S\\u00e9gur - Ch\\u00e2teau Ph\\u00e9lan S\\u00e9gur\",\"isPartOf\":{\"@id\":\"https:\/\/www.phelansegur.com\/#website\"},\"primaryImageOfPage\":{\"@id\":\"https:\/\/www.phelansegur.com\/en\/chateau-phelan-segur\/#primaryimage\"},\"datePublished\":\"2015-01-05T14:14:10+00:00\",\"dateModified\":\"2018-01-17T14:06:05+00:00\",\"breadcrumb\":{\"@id\":\"https:\/\/www.phelansegur.com\/en\/chateau-phelan-segur\/#breadcrumb\"},\"inLanguage\":\"en-US\",\"potentialAction\":[{\"@type\":\"ReadAction\",\"target\":[\"https:\/\/www.phelansegur.com\/en\/chateau-phelan-segur\/\"]}]},{\"@type\":\"BreadcrumbList\",\"@id\":\"https:\/\/www.phelansegur.com\/en\/chateau-phelan-segur\/#breadcrumb\",\"itemListElement\":[{\"@type\":\"ListItem\",\"position\":1,\"item\":{\"@type\":\"WebPage\",\"@id\":\"https:\/\/www.phelansegur.com\/en\/\",\"url\":\"https:\/\/www.phelansegur.com\/en\/\",\"name\":\"Page d'accueil\"}},{\"@type\":\"ListItem\",\"position\":2,\"item\":{\"@type\":\"WebPage\",\"@id\":\"https:\/\/www.phelansegur.com\/en\/chateau-phelan-segur\/\",\"url\":\"https:\/\/www.phelansegur.com\/en\/chateau-phelan-segur\/\",\"name\":\"Ch\\u00e2teau Ph\\u00e9lan S\\u00e9gur\"}}]}]}<\/script>\n<!-- \/ Yoast SEO plugin. -->","_links":{"self":[{"href":"https:\/\/www.phelansegur.com\/en\/wp-json\/wp\/v2\/pages\/321"}],"collection":[{"href":"https:\/\/www.phelansegur.com\/en\/wp-json\/wp\/v2\/pages"}],"about":[{"href":"https:\/\/www.phelansegur.com\/en\/wp-json\/wp\/v2\/types\/page"}],"author":[{"embeddable":true,"href":"https:\/\/www.phelansegur.com\/en\/wp-json\/wp\/v2\/users\/3"}],"replies":[{"embeddable":true,"href":"https:\/\/www.phelansegur.com\/en\/wp-json\/wp\/v2\/comments?post=321"}],"version-history":[{"count":1,"href":"https:\/\/www.phelansegur.com\/en\/wp-json\/wp\/v2\/pages\/321\/revisions"}],"predecessor-version":[{"id":2968,"href":"https:\/\/www.phelansegur.com\/en\/wp-json\/wp\/v2\/pages\/321\/revisions\/2968"}],"wp:featuredmedia":[{"embeddable":true,"href":"https:\/\/www.phelansegur.com\/en\/wp-json\/wp\/v2\/media\/1276"}],"wp:attachment":[{"href":"https:\/\/www.phelansegur.com\/en\/wp-json\/wp\/v2\/media?parent=321"}],"curies":[{"name":"wp","href":"https:\/\/api.w.org\/{rel}","templated":true}]}}