{"id":326,"date":"2015-01-05T15:11:42","date_gmt":"2015-01-05T15:11:42","guid":{"rendered":"http:\/\/www.phelansegur.com\/?page_id=326"},"modified":"2016-11-15T13:47:40","modified_gmt":"2016-11-15T13:47:40","slug":"en-terre-de-st-estephe","status":"publish","type":"page","link":"https:\/\/www.phelansegur.com\/en\/en-terre-de-st-estephe\/","title":{"rendered":"In the land of Saint-Est\u00e8phe"},"content":{"rendered":"<p>[vc_row][vc_column width=&#8221;1\/1&#8243;][vc_column_text]<span style=\"color: #ffffff;\">Texte uniquement pour cr\u00e9er un espace et \u00e9quilibrer la page<\/span>[\/vc_column_text][\/vc_column][\/vc_row][vc_row][vc_column width=&#8221;1\/2&#8243;][vc_single_image image=&#8221;1684&#8243; border_color=&#8221;grey&#8221; img_link_target=&#8221;_self&#8221; img_size=&#8221;large&#8221;][\/vc_column][vc_column width=&#8221;1\/2&#8243;][vc_single_image image=&#8221;1685&#8243; border_color=&#8221;grey&#8221; img_link_target=&#8221;_self&#8221; img_size=&#8221;full&#8221;][\/vc_column][\/vc_row][vc_row][vc_column width=&#8221;1\/2&#8243;][vc_column_text]<\/p>\n<blockquote><p>CABERNET SAUVIGNON, THE KING OF GRAPE VARIETIES<\/p><\/blockquote>\n<p style=\"text-align: justify;\">Made up of four large sections, the parcels adjoin the vineyards of Ch\u00e2teaux Montrose and Calon S\u00e9gur, among others. The planting density is high. The mix of grape varieties is original: the talented duo of the M\u00e9doc (58% Cabernet Sauvignon and 39% Merlot) are complemented by a touch of Cabernet Franc and Petit Verdot (1.5% of each). Cabernet Sauvignon, the king of M\u00e9doc grape varieties, brings incomparable power and structure: it is the backbone of the Grand Vin.<\/p>\n<p style=\"text-align: justify;\"><span lang=\"EN-GB\" style=\"font-family: 'Georgia','serif';\"><span style=\"color: #000000;\" color=\"#000000\">\u00a0<\/span><\/span><\/p>\n<p><span style=\"color: #000000; font-family: Times New Roman;\" color=\"#000000\" face=\"Times New Roman\"> <\/span>[\/vc_column_text][\/vc_column][vc_column width=&#8221;1\/2&#8243;][vc_column_text]<\/p>\n<blockquote><p>DIVERSITY OF GRAPE VARIETIES<\/p><\/blockquote>\n<p style=\"text-align: justify;\">Merlot expresses an attractive roundness and unrivalled suppleness. To preserve diversity and bring a hint of spice, Petit Verdot made its entry to the property in 2015. It excels on heavier soils where clay dominates. It is a vigneron\u2019s variety, impetuous and requiring perfect control. Cabernet Franc, which has always had its place at the Ch\u00e2teau, is a precious asset in the blend, with its finesse and floral notes.<\/p>\n<p style=\"text-align: justify;\"><span style=\"color: #000000; font-family: Times New Roman;\" color=\"#000000\" face=\"Times New Roman\"> <\/span><\/p>\n<p>[\/vc_column_text][\/vc_column][\/vc_row][vc_row][vc_column width=&#8221;1\/4&#8243;][\/vc_column][vc_column width=&#8221;1\/2&#8243;][vc_single_image image=&#8221;1407&#8243; border_color=&#8221;grey&#8221; img_link_target=&#8221;_self&#8221; img_size=&#8221;full&#8221; alignment=&#8221;center&#8221;][\/vc_column][vc_column width=&#8221;1\/4&#8243;][\/vc_column][\/vc_row][vc_row][vc_column width=&#8221;1\/3&#8243;][vc_column_text]<\/p>\n<p style=\"text-align: center;\"><strong><span style=\"color: #cd163f;\">1-<\/span><\/strong> Humus-rich gravels at Fontpetite (summit of the hillocks)<\/p>\n<p>[\/vc_column_text][\/vc_column][vc_column width=&#8221;1\/3&#8243;][vc_column_text]<\/p>\n<p style=\"text-align: center;\"><strong><span style=\"color: #cd163f;\">2- <\/span><\/strong>Clay gravels at Chanchot<\/p>\n<p><span lang=\"EN-GB\" style=\"font-family: 'Georgia','serif';\"><span style=\"color: #000000;\" color=\"#000000\">\u00a0<\/span><\/span><\/p>\n<p style=\"text-align: center;\"><strong><span style=\"color: #000000; font-family: Times New Roman;\" color=\"#000000\" face=\"Times New Roman\"> <\/span><\/strong><\/p>\n<p>[\/vc_column_text][\/vc_column][vc_column width=&#8221;1\/3&#8243;][vc_column_text]<\/p>\n<p style=\"text-align: center;\"><strong><span style=\"color: #cd163f;\">3- <\/span><\/strong>Sandy gravels at Fontpetite (middle of the slopes)<\/p>\n<p>[\/vc_column_text][\/vc_column][\/vc_row][vc_row][vc_column width=&#8221;1\/2&#8243;][vc_single_image image=&#8221;552&#8243; border_color=&#8221;grey&#8221; img_link_target=&#8221;_self&#8221; img_size=&#8221;full&#8221;][\/vc_column][vc_column width=&#8221;1\/2&#8243;][vc_separator color=&#8221;white&#8221;][vc_column_text]<\/p>\n<blockquote>\n<p style=\"text-align: left;\">The estuary\u00a0on the\u00a0horizon<\/p>\n<\/blockquote>\n<p style=\"text-align: justify;\"><span style=\"color: #000000; font-family: Times New Roman;\" color=\"#000000\" face=\"Times New Roman\">\u00a0<\/span><\/p>\n<p style=\"text-align: justify;\">The M\u00e9doc, characterised by the mild temperate maritime climate, offers ideal conditions of a seasonal cycle that is sufficiently marked to accompany the annual growth of the vine and mild enough to attenuate climatic excesses. The vines at Ch\u00e2teau Ph\u00e9lan S\u00e9gur are close to the estuary: this situation protects them from hard winters and summers that are sometimes very hot.<\/p>\n<p style=\"text-align: justify;\">The complexity of the terroir of Saint-Est\u00e8phe, of which Ch\u00e2teau Ph\u00e9lan S\u00e9gur is a perfect illustration. It is made up of a thick layer of gravel deposited by the river, a few hundred thousand years ago. The pebbles and above all the gravels coated with clay sands (clay gravels) shape the rolling landscape of a large part of Saint-Est\u00e8phe.<\/p>\n<p>&nbsp;<\/p>\n<p style=\"text-align: center;\"><span style=\"color: #ffffff;\">D\u00e9couvrez Ch\u00e2teau Ph\u00e9lan S\u00e9gur<\/span><\/p>\n<p style=\"text-align: center;\"><a title=\"Ch\u00e2teau Ph\u00e9lan S\u00e9gur\" class=\"btn-editor-primary\" href=\"http:\/\/www.phelansegur.com\/en\/chateau-phelan-segur\/\">Ch\u00e2teau Ph\u00e9lan S\u00e9gur<\/a><\/p>\n<p>[\/vc_column_text][\/vc_column][\/vc_row]<\/p>\n","protected":false},"excerpt":{"rendered":"<p>[vc_row][vc_column width=&#8221;1\/1&#8243;][vc_column_text]Texte uniquement pour cr\u00e9er un espace et \u00e9quilibrer la page[\/vc_column_text][\/vc_column][\/vc_row][vc_row][vc_column width=&#8221;1\/2&#8243;][vc_single_image image=&#8221;1684&#8243; border_color=&#8221;grey&#8221; img_link_target=&#8221;_self&#8221; img_size=&#8221;large&#8221;][\/vc_column][vc_column width=&#8221;1\/2&#8243;][vc_single_image image=&#8221;1685&#8243; border_color=&#8221;grey&#8221; img_link_target=&#8221;_self&#8221; img_size=&#8221;full&#8221;][\/vc_column][\/vc_row][vc_row][vc_column width=&#8221;1\/2&#8243;][vc_column_text] CABERNET SAUVIGNON, THE KING OF GRAPE VARIETIES Made up of four large sections, the parcels adjoin the vineyards of Ch\u00e2teaux Montrose and Calon S\u00e9gur, among others. The planting density is high. The mix [&hellip;]<\/p>\n","protected":false},"author":3,"featured_media":1407,"parent":0,"menu_order":0,"comment_status":"open","ping_status":"open","template":"","meta":[],"acf":[],"yoast_head":"<!-- This site is optimized with the Yoast SEO plugin v15.4 - https:\/\/yoast.com\/wordpress\/plugins\/seo\/ -->\n<meta name=\"robots\" content=\"index, follow, max-snippet:-1, max-image-preview:large, max-video-preview:-1\" \/>\n<link rel=\"canonical\" href=\"https:\/\/www.phelansegur.com\/en\/en-terre-de-st-estephe\/\" \/>\n<meta property=\"og:locale\" content=\"en_US\" \/>\n<meta property=\"og:type\" content=\"article\" \/>\n<meta property=\"og:title\" content=\"In the land of Saint-Est\u00e8phe - Ch\u00e2teau Ph\u00e9lan S\u00e9gur\" \/>\n<meta property=\"og:description\" content=\"[vc_row][vc_column width=&#8221;1\/1&#8243;][vc_column_text]Texte uniquement pour cr\u00e9er un espace et \u00e9quilibrer la page[\/vc_column_text][\/vc_column][\/vc_row][vc_row][vc_column width=&#8221;1\/2&#8243;][vc_single_image image=&#8221;1684&#8243; border_color=&#8221;grey&#8221; img_link_target=&#8221;_self&#8221; img_size=&#8221;large&#8221;][\/vc_column][vc_column width=&#8221;1\/2&#8243;][vc_single_image image=&#8221;1685&#8243; border_color=&#8221;grey&#8221; img_link_target=&#8221;_self&#8221; img_size=&#8221;full&#8221;][\/vc_column][\/vc_row][vc_row][vc_column width=&#8221;1\/2&#8243;][vc_column_text] CABERNET SAUVIGNON, THE KING OF GRAPE VARIETIES Made up of four large sections, the parcels adjoin the vineyards of Ch\u00e2teaux Montrose and Calon S\u00e9gur, among others. The planting density is high. The mix [&hellip;]\" \/>\n<meta property=\"og:url\" content=\"https:\/\/www.phelansegur.com\/en\/en-terre-de-st-estephe\/\" \/>\n<meta property=\"og:site_name\" content=\"Ch\u00e2teau Ph\u00e9lan S\u00e9gur\" \/>\n<meta property=\"article:modified_time\" content=\"2016-11-15T13:47:40+00:00\" \/>\n<meta property=\"og:image\" content=\"https:\/\/www.phelansegur.com\/wp-content\/uploads\/2015\/01\/Zoom-sol-e1447756534810.jpg\" \/>\n\t<meta property=\"og:image:width\" content=\"602\" \/>\n\t<meta property=\"og:image:height\" content=\"322\" \/>\n<meta name=\"twitter:card\" content=\"summary_large_image\" \/>\n<meta name=\"twitter:label1\" content=\"Written by\">\n\t<meta name=\"twitter:data1\" content=\"allison\">\n\t<meta name=\"twitter:label2\" content=\"Est. reading time\">\n\t<meta name=\"twitter:data2\" content=\"2 minutes\">\n<script type=\"application\/ld+json\" class=\"yoast-schema-graph\">{\"@context\":\"https:\/\/schema.org\",\"@graph\":[{\"@type\":\"Organization\",\"@id\":\"https:\/\/www.phelansegur.com\/#organization\",\"name\":\"Ch\\u00e2teau Ph\\u00e9lan S\\u00e9gur\",\"url\":\"https:\/\/www.phelansegur.com\/\",\"sameAs\":[\"https:\/\/www.instagram.com\/phelansegur\/\"],\"logo\":{\"@type\":\"ImageObject\",\"@id\":\"https:\/\/www.phelansegur.com\/#logo\",\"inLanguage\":\"en-US\",\"url\":\"https:\/\/www.phelansegur.com\/wp-content\/uploads\/2020\/03\/logo-phelansegur.jpg\",\"width\":500,\"height\":200,\"caption\":\"Ch\\u00e2teau Ph\\u00e9lan S\\u00e9gur\"},\"image\":{\"@id\":\"https:\/\/www.phelansegur.com\/#logo\"}},{\"@type\":\"WebSite\",\"@id\":\"https:\/\/www.phelansegur.com\/#website\",\"url\":\"https:\/\/www.phelansegur.com\/\",\"name\":\"Ch\\u00e2teau Ph\\u00e9lan S\\u00e9gur\",\"description\":\"Saint Est\\u00e8phe\",\"publisher\":{\"@id\":\"https:\/\/www.phelansegur.com\/#organization\"},\"potentialAction\":[{\"@type\":\"SearchAction\",\"target\":\"https:\/\/www.phelansegur.com\/?s={search_term_string}\",\"query-input\":\"required name=search_term_string\"}],\"inLanguage\":\"en-US\"},{\"@type\":\"ImageObject\",\"@id\":\"https:\/\/www.phelansegur.com\/en\/en-terre-de-st-estephe\/#primaryimage\",\"inLanguage\":\"en-US\",\"url\":\"https:\/\/www.phelansegur.com\/wp-content\/uploads\/2015\/01\/Zoom-sol-e1447756534810.jpg\",\"width\":602,\"height\":322},{\"@type\":\"WebPage\",\"@id\":\"https:\/\/www.phelansegur.com\/en\/en-terre-de-st-estephe\/#webpage\",\"url\":\"https:\/\/www.phelansegur.com\/en\/en-terre-de-st-estephe\/\",\"name\":\"In the land of Saint-Est\\u00e8phe - Ch\\u00e2teau Ph\\u00e9lan S\\u00e9gur\",\"isPartOf\":{\"@id\":\"https:\/\/www.phelansegur.com\/#website\"},\"primaryImageOfPage\":{\"@id\":\"https:\/\/www.phelansegur.com\/en\/en-terre-de-st-estephe\/#primaryimage\"},\"datePublished\":\"2015-01-05T15:11:42+00:00\",\"dateModified\":\"2016-11-15T13:47:40+00:00\",\"breadcrumb\":{\"@id\":\"https:\/\/www.phelansegur.com\/en\/en-terre-de-st-estephe\/#breadcrumb\"},\"inLanguage\":\"en-US\",\"potentialAction\":[{\"@type\":\"ReadAction\",\"target\":[\"https:\/\/www.phelansegur.com\/en\/en-terre-de-st-estephe\/\"]}]},{\"@type\":\"BreadcrumbList\",\"@id\":\"https:\/\/www.phelansegur.com\/en\/en-terre-de-st-estephe\/#breadcrumb\",\"itemListElement\":[{\"@type\":\"ListItem\",\"position\":1,\"item\":{\"@type\":\"WebPage\",\"@id\":\"https:\/\/www.phelansegur.com\/en\/\",\"url\":\"https:\/\/www.phelansegur.com\/en\/\",\"name\":\"Page d'accueil\"}},{\"@type\":\"ListItem\",\"position\":2,\"item\":{\"@type\":\"WebPage\",\"@id\":\"https:\/\/www.phelansegur.com\/en\/en-terre-de-st-estephe\/\",\"url\":\"https:\/\/www.phelansegur.com\/en\/en-terre-de-st-estephe\/\",\"name\":\"In the land of Saint-Est\\u00e8phe\"}}]}]}<\/script>\n<!-- \/ Yoast SEO plugin. -->","_links":{"self":[{"href":"https:\/\/www.phelansegur.com\/en\/wp-json\/wp\/v2\/pages\/326"}],"collection":[{"href":"https:\/\/www.phelansegur.com\/en\/wp-json\/wp\/v2\/pages"}],"about":[{"href":"https:\/\/www.phelansegur.com\/en\/wp-json\/wp\/v2\/types\/page"}],"author":[{"embeddable":true,"href":"https:\/\/www.phelansegur.com\/en\/wp-json\/wp\/v2\/users\/3"}],"replies":[{"embeddable":true,"href":"https:\/\/www.phelansegur.com\/en\/wp-json\/wp\/v2\/comments?post=326"}],"version-history":[{"count":0,"href":"https:\/\/www.phelansegur.com\/en\/wp-json\/wp\/v2\/pages\/326\/revisions"}],"wp:featuredmedia":[{"embeddable":true,"href":"https:\/\/www.phelansegur.com\/en\/wp-json\/wp\/v2\/media\/1407"}],"wp:attachment":[{"href":"https:\/\/www.phelansegur.com\/en\/wp-json\/wp\/v2\/media?parent=326"}],"curies":[{"name":"wp","href":"https:\/\/api.w.org\/{rel}","templated":true}]}}