{"id":346,"date":"2015-01-05T15:10:36","date_gmt":"2015-01-05T15:10:36","guid":{"rendered":"http:\/\/www.phelansegur.com\/lesprit-phelan-segur-2\/"},"modified":"2020-10-02T13:17:35","modified_gmt":"2020-10-02T13:17:35","slug":"lesprit-phelan-segur","status":"publish","type":"page","link":"https:\/\/www.phelansegur.com\/en\/lesprit-phelan-segur\/","title":{"rendered":"The spirit of Ph\u00e9lan S\u00e9gur"},"content":{"rendered":"<p>[vc_row][vc_column width=&#8221;1\/2&#8243;][vc_single_image image=&#8221;1667&#8243; img_size=&#8221;large&#8221; alignment=&#8221;center&#8221;][vc_text_separator title=&#8221;THE ESTUARY ON THE HORIZON&#8221; color=&#8221;custom&#8221; accent_color=&#8221;#dd3333&#8243;][\/vc_column][vc_column width=&#8221;1\/2&#8243;][vc_single_image image=&#8221;1668&#8243; img_size=&#8221;full&#8221;][vc_text_separator title=&#8221;REASSURING AUTHENTICITY&#8221; color=&#8221;custom&#8221; accent_color=&#8221;#dd3333&#8243;][\/vc_column][\/vc_row][vc_row][vc_column width=&#8221;1\/2&#8243;][vc_single_image image=&#8221;3789&#8243; img_size=&#8221;large&#8221; alignment=&#8221;center&#8221;][vc_text_separator title=&#8221;ACTORS IN A LIVING HERITAGE&#8221; color=&#8221;custom&#8221; accent_color=&#8221;#dd3333&#8243;][\/vc_column][vc_column width=&#8221;1\/2&#8243;][vc_single_image image=&#8221;1671&#8243; img_size=&#8221;full&#8221;][vc_text_separator title=&#8221;ANCESTRAL KNOW-HOW&#8221; color=&#8221;custom&#8221; accent_color=&#8221;#dd3333&#8243;][\/vc_column][\/vc_row][vc_row][vc_column font_color=&#8221;#000000&#8243;][vc_single_image image=&#8221;1095&#8243; img_size=&#8221;full&#8221; alignment=&#8221;center&#8221;][vc_text_separator title=&#8221;CLASSICISM REVISITED&#8221; color=&#8221;custom&#8221; accent_color=&#8221;#dd3333&#8243;][\/vc_column][\/vc_row][vc_row][vc_column width=&#8221;1\/2&#8243;][vc_single_image image=&#8221;1672&#8243; img_size=&#8221;full&#8221;][\/vc_column][vc_column width=&#8221;1\/2&#8243;][vc_single_image image=&#8221;1673&#8243; img_size=&#8221;full&#8221;][\/vc_column][\/vc_row][vc_row][vc_column font_color=&#8221;#000000&#8243;][vc_text_separator title=&#8221;TRADITIONS&#8221; color=&#8221;custom&#8221; accent_color=&#8221;#dd3333&#8243;][\/vc_column][\/vc_row][vc_row][vc_column width=&#8221;1\/2&#8243;][vc_single_image image=&#8221;2986&#8243; img_size=&#8221;large&#8221; alignment=&#8221;center&#8221;][\/vc_column][vc_column width=&#8221;1\/2&#8243;][vc_single_image image=&#8221;2996&#8243; img_size=&#8221;full&#8221;][\/vc_column][\/vc_row][vc_row][vc_column font_color=&#8221;#000000&#8243;][vc_text_separator title=&#8221;GENEROSITY AND SIMPLICITY&#8221; color=&#8221;custom&#8221; accent_color=&#8221;#dd3333&#8243;][\/vc_column][\/vc_row][vc_row][vc_column width=&#8221;1\/2&#8243;][vc_single_image image=&#8221;1623&#8243; img_size=&#8221;full&#8221; img_link_large=&#8221;yes&#8221;][\/vc_column][vc_column width=&#8221;1\/2&#8243;][vc_single_image image=&#8221;191&#8243; img_size=&#8221;full&#8221;][\/vc_column][\/vc_row][vc_row][vc_column font_color=&#8221;#000000&#8243;][vc_text_separator title=&#8221;ORIGINS AND HERITAGE&#8221; color=&#8221;custom&#8221; accent_color=&#8221;#dd3333&#8243;][\/vc_column][\/vc_row][vc_row][vc_column width=&#8221;1\/2&#8243;][vc_single_image image=&#8221;1680&#8243; img_size=&#8221;full&#8221;][\/vc_column][vc_column width=&#8221;1\/2&#8243;][vc_single_image image=&#8221;1681&#8243; img_size=&#8221;full&#8221;][\/vc_column][\/vc_row][vc_row][vc_column font_color=&#8221;#000000&#8243;][vc_text_separator title=&#8221;ELEGANCE AND REFINEMENT&#8221; color=&#8221;custom&#8221; accent_color=&#8221;#dd3333&#8243;][\/vc_column][\/vc_row][vc_row][vc_column][vc_single_image image=&#8221;496&#8243; img_size=&#8221;full&#8221;][\/vc_column][\/vc_row][vc_row][vc_column font_color=&#8221;#000000&#8243;][vc_text_separator title=&#8221;STORMY NIGHT&#8221; color=&#8221;custom&#8221; accent_color=&#8221;#dd3333&#8243;][\/vc_column][\/vc_row]<\/p>\n","protected":false},"excerpt":{"rendered":"<p>[vc_row][vc_column width=&#8221;1\/2&#8243;][vc_single_image image=&#8221;1667&#8243; img_size=&#8221;large&#8221; alignment=&#8221;center&#8221;][vc_text_separator title=&#8221;THE ESTUARY ON THE HORIZON&#8221; color=&#8221;custom&#8221; accent_color=&#8221;#dd3333&#8243;][\/vc_column][vc_column width=&#8221;1\/2&#8243;][vc_single_image image=&#8221;1668&#8243; img_size=&#8221;full&#8221;][vc_text_separator title=&#8221;REASSURING AUTHENTICITY&#8221; color=&#8221;custom&#8221; accent_color=&#8221;#dd3333&#8243;][\/vc_column][\/vc_row][vc_row][vc_column width=&#8221;1\/2&#8243;][vc_single_image image=&#8221;3789&#8243; img_size=&#8221;large&#8221; alignment=&#8221;center&#8221;][vc_text_separator title=&#8221;ACTORS IN A LIVING HERITAGE&#8221; color=&#8221;custom&#8221; accent_color=&#8221;#dd3333&#8243;][\/vc_column][vc_column width=&#8221;1\/2&#8243;][vc_single_image image=&#8221;1671&#8243; img_size=&#8221;full&#8221;][vc_text_separator title=&#8221;ANCESTRAL KNOW-HOW&#8221; color=&#8221;custom&#8221; accent_color=&#8221;#dd3333&#8243;][\/vc_column][\/vc_row][vc_row][vc_column font_color=&#8221;#000000&#8243;][vc_single_image image=&#8221;1095&#8243; img_size=&#8221;full&#8221; alignment=&#8221;center&#8221;][vc_text_separator title=&#8221;CLASSICISM REVISITED&#8221; color=&#8221;custom&#8221; accent_color=&#8221;#dd3333&#8243;][\/vc_column][\/vc_row][vc_row][vc_column width=&#8221;1\/2&#8243;][vc_single_image image=&#8221;1672&#8243; img_size=&#8221;full&#8221;][\/vc_column][vc_column width=&#8221;1\/2&#8243;][vc_single_image image=&#8221;1673&#8243; img_size=&#8221;full&#8221;][\/vc_column][\/vc_row][vc_row][vc_column font_color=&#8221;#000000&#8243;][vc_text_separator title=&#8221;TRADITIONS&#8221; color=&#8221;custom&#8221; accent_color=&#8221;#dd3333&#8243;][\/vc_column][\/vc_row][vc_row][vc_column [&hellip;]<\/p>\n","protected":false},"author":3,"featured_media":465,"parent":0,"menu_order":0,"comment_status":"open","ping_status":"closed","template":"","meta":[],"acf":[],"yoast_head":"<!-- This site is optimized with the Yoast SEO plugin v15.4 - https:\/\/yoast.com\/wordpress\/plugins\/seo\/ -->\n<meta name=\"robots\" content=\"index, follow, max-snippet:-1, max-image-preview:large, max-video-preview:-1\" \/>\n<link rel=\"canonical\" href=\"https:\/\/www.phelansegur.com\/en\/lesprit-phelan-segur\/\" \/>\n<meta property=\"og:locale\" content=\"en_US\" \/>\n<meta property=\"og:type\" content=\"article\" \/>\n<meta property=\"og:title\" content=\"The spirit of Ph\u00e9lan S\u00e9gur - Ch\u00e2teau Ph\u00e9lan S\u00e9gur\" \/>\n<meta property=\"og:description\" content=\"[vc_row][vc_column width=&#8221;1\/2&#8243;][vc_single_image image=&#8221;1667&#8243; img_size=&#8221;large&#8221; alignment=&#8221;center&#8221;][vc_text_separator title=&#8221;THE ESTUARY ON THE HORIZON&#8221; color=&#8221;custom&#8221; accent_color=&#8221;#dd3333&#8243;][\/vc_column][vc_column width=&#8221;1\/2&#8243;][vc_single_image image=&#8221;1668&#8243; img_size=&#8221;full&#8221;][vc_text_separator title=&#8221;REASSURING AUTHENTICITY&#8221; color=&#8221;custom&#8221; accent_color=&#8221;#dd3333&#8243;][\/vc_column][\/vc_row][vc_row][vc_column width=&#8221;1\/2&#8243;][vc_single_image image=&#8221;3789&#8243; img_size=&#8221;large&#8221; alignment=&#8221;center&#8221;][vc_text_separator title=&#8221;ACTORS IN A LIVING HERITAGE&#8221; color=&#8221;custom&#8221; accent_color=&#8221;#dd3333&#8243;][\/vc_column][vc_column width=&#8221;1\/2&#8243;][vc_single_image image=&#8221;1671&#8243; img_size=&#8221;full&#8221;][vc_text_separator title=&#8221;ANCESTRAL KNOW-HOW&#8221; color=&#8221;custom&#8221; accent_color=&#8221;#dd3333&#8243;][\/vc_column][\/vc_row][vc_row][vc_column font_color=&#8221;#000000&#8243;][vc_single_image image=&#8221;1095&#8243; img_size=&#8221;full&#8221; alignment=&#8221;center&#8221;][vc_text_separator title=&#8221;CLASSICISM REVISITED&#8221; color=&#8221;custom&#8221; accent_color=&#8221;#dd3333&#8243;][\/vc_column][\/vc_row][vc_row][vc_column width=&#8221;1\/2&#8243;][vc_single_image image=&#8221;1672&#8243; img_size=&#8221;full&#8221;][\/vc_column][vc_column width=&#8221;1\/2&#8243;][vc_single_image image=&#8221;1673&#8243; img_size=&#8221;full&#8221;][\/vc_column][\/vc_row][vc_row][vc_column font_color=&#8221;#000000&#8243;][vc_text_separator title=&#8221;TRADITIONS&#8221; color=&#8221;custom&#8221; accent_color=&#8221;#dd3333&#8243;][\/vc_column][\/vc_row][vc_row][vc_column [&hellip;]\" \/>\n<meta property=\"og:url\" content=\"https:\/\/www.phelansegur.com\/en\/lesprit-phelan-segur\/\" \/>\n<meta property=\"og:site_name\" content=\"Ch\u00e2teau Ph\u00e9lan S\u00e9gur\" \/>\n<meta property=\"article:modified_time\" content=\"2020-10-02T13:17:35+00:00\" \/>\n<meta property=\"og:image\" content=\"https:\/\/www.phelansegur.com\/wp-content\/uploads\/2015\/01\/page-de-garde-PHS_131010_230.jpg\" \/>\n\t<meta property=\"og:image:width\" content=\"1024\" \/>\n\t<meta property=\"og:image:height\" content=\"682\" \/>\n<meta name=\"twitter:card\" content=\"summary_large_image\" \/>\n<meta name=\"twitter:label1\" content=\"Written by\">\n\t<meta name=\"twitter:data1\" content=\"allison\">\n\t<meta name=\"twitter:label2\" content=\"Est. reading time\">\n\t<meta name=\"twitter:data2\" content=\"2 minutes\">\n<script type=\"application\/ld+json\" class=\"yoast-schema-graph\">{\"@context\":\"https:\/\/schema.org\",\"@graph\":[{\"@type\":\"Organization\",\"@id\":\"https:\/\/www.phelansegur.com\/#organization\",\"name\":\"Ch\\u00e2teau Ph\\u00e9lan S\\u00e9gur\",\"url\":\"https:\/\/www.phelansegur.com\/\",\"sameAs\":[\"https:\/\/www.instagram.com\/phelansegur\/\"],\"logo\":{\"@type\":\"ImageObject\",\"@id\":\"https:\/\/www.phelansegur.com\/#logo\",\"inLanguage\":\"en-US\",\"url\":\"https:\/\/www.phelansegur.com\/wp-content\/uploads\/2020\/03\/logo-phelansegur.jpg\",\"width\":500,\"height\":200,\"caption\":\"Ch\\u00e2teau Ph\\u00e9lan S\\u00e9gur\"},\"image\":{\"@id\":\"https:\/\/www.phelansegur.com\/#logo\"}},{\"@type\":\"WebSite\",\"@id\":\"https:\/\/www.phelansegur.com\/#website\",\"url\":\"https:\/\/www.phelansegur.com\/\",\"name\":\"Ch\\u00e2teau Ph\\u00e9lan S\\u00e9gur\",\"description\":\"Saint Est\\u00e8phe\",\"publisher\":{\"@id\":\"https:\/\/www.phelansegur.com\/#organization\"},\"potentialAction\":[{\"@type\":\"SearchAction\",\"target\":\"https:\/\/www.phelansegur.com\/?s={search_term_string}\",\"query-input\":\"required name=search_term_string\"}],\"inLanguage\":\"en-US\"},{\"@type\":\"ImageObject\",\"@id\":\"https:\/\/www.phelansegur.com\/en\/lesprit-phelan-segur\/#primaryimage\",\"inLanguage\":\"en-US\",\"url\":\"https:\/\/www.phelansegur.com\/wp-content\/uploads\/2015\/01\/page-de-garde-PHS_131010_230.jpg\",\"width\":1024,\"height\":682,\"caption\":\"Enclos\"},{\"@type\":\"WebPage\",\"@id\":\"https:\/\/www.phelansegur.com\/en\/lesprit-phelan-segur\/#webpage\",\"url\":\"https:\/\/www.phelansegur.com\/en\/lesprit-phelan-segur\/\",\"name\":\"The spirit of Ph\\u00e9lan S\\u00e9gur - Ch\\u00e2teau Ph\\u00e9lan S\\u00e9gur\",\"isPartOf\":{\"@id\":\"https:\/\/www.phelansegur.com\/#website\"},\"primaryImageOfPage\":{\"@id\":\"https:\/\/www.phelansegur.com\/en\/lesprit-phelan-segur\/#primaryimage\"},\"datePublished\":\"2015-01-05T15:10:36+00:00\",\"dateModified\":\"2020-10-02T13:17:35+00:00\",\"breadcrumb\":{\"@id\":\"https:\/\/www.phelansegur.com\/en\/lesprit-phelan-segur\/#breadcrumb\"},\"inLanguage\":\"en-US\",\"potentialAction\":[{\"@type\":\"ReadAction\",\"target\":[\"https:\/\/www.phelansegur.com\/en\/lesprit-phelan-segur\/\"]}]},{\"@type\":\"BreadcrumbList\",\"@id\":\"https:\/\/www.phelansegur.com\/en\/lesprit-phelan-segur\/#breadcrumb\",\"itemListElement\":[{\"@type\":\"ListItem\",\"position\":1,\"item\":{\"@type\":\"WebPage\",\"@id\":\"https:\/\/www.phelansegur.com\/en\/\",\"url\":\"https:\/\/www.phelansegur.com\/en\/\",\"name\":\"Page d'accueil\"}},{\"@type\":\"ListItem\",\"position\":2,\"item\":{\"@type\":\"WebPage\",\"@id\":\"https:\/\/www.phelansegur.com\/en\/lesprit-phelan-segur\/\",\"url\":\"https:\/\/www.phelansegur.com\/en\/lesprit-phelan-segur\/\",\"name\":\"The spirit of Ph\\u00e9lan S\\u00e9gur\"}}]}]}<\/script>\n<!-- \/ Yoast SEO plugin. -->","_links":{"self":[{"href":"https:\/\/www.phelansegur.com\/en\/wp-json\/wp\/v2\/pages\/346"}],"collection":[{"href":"https:\/\/www.phelansegur.com\/en\/wp-json\/wp\/v2\/pages"}],"about":[{"href":"https:\/\/www.phelansegur.com\/en\/wp-json\/wp\/v2\/types\/page"}],"author":[{"embeddable":true,"href":"https:\/\/www.phelansegur.com\/en\/wp-json\/wp\/v2\/users\/3"}],"replies":[{"embeddable":true,"href":"https:\/\/www.phelansegur.com\/en\/wp-json\/wp\/v2\/comments?post=346"}],"version-history":[{"count":7,"href":"https:\/\/www.phelansegur.com\/en\/wp-json\/wp\/v2\/pages\/346\/revisions"}],"predecessor-version":[{"id":3968,"href":"https:\/\/www.phelansegur.com\/en\/wp-json\/wp\/v2\/pages\/346\/revisions\/3968"}],"wp:featuredmedia":[{"embeddable":true,"href":"https:\/\/www.phelansegur.com\/en\/wp-json\/wp\/v2\/media\/465"}],"wp:attachment":[{"href":"https:\/\/www.phelansegur.com\/en\/wp-json\/wp\/v2\/media?parent=346"}],"curies":[{"name":"wp","href":"https:\/\/api.w.org\/{rel}","templated":true}]}}