{"id":348,"date":"2015-01-05T15:11:53","date_gmt":"2015-01-05T15:11:53","guid":{"rendered":"http:\/\/www.phelansegur.com\/le-travail-de-la-vigne-2\/"},"modified":"2023-09-28T16:06:47","modified_gmt":"2023-09-28T16:06:47","slug":"le-travail-de-la-vigne","status":"publish","type":"page","link":"https:\/\/www.phelansegur.com\/en\/le-travail-de-la-vigne\/","title":{"rendered":"VINEYARD WORK"},"content":{"rendered":"<p>[vc_row][vc_column width=&#8221;1\/3&#8243;][vc_row_inner][vc_column_inner][\/vc_column_inner][\/vc_row_inner][vc_single_image image=&#8221;6169&#8243; img_size=&#8221;large&#8221;][\/vc_column][vc_column width=&#8221;2\/3&#8243;][vc_row_inner][vc_column_inner][\/vc_column_inner][\/vc_row_inner][vc_column_text]<\/p>\n<p style=\"text-align: justify;\">St\u00e9phane Roug\u00e9, Vineyard Manager, interprets this terroir of distinction with the utmost integrity: since his arrival, he has implemented responsible viticulture that takes account of the environment and working conditions.<\/p>\n<p style=\"text-align: justify;\">He studies the subsoils, adapts the grape varieties and rootstocks accordingly, and experiments with the exposure. He is a craftsman who loves his work, ensuring that the young vines flourish and that the more mature plants, which are so precious, remain in good health.<\/p>\n<blockquote><p>RESPONSIBLE AGRICULTURE<\/p><\/blockquote>\n<p>Respect for the soil is a constant concern. The vineyards are ploughed, virtually eliminating the use of herbicides. Others are grassed over, which means less leaching and better control of vigour. Fertilisation of the soil is usually organic. Biodiversity is preserved.[\/vc_column_text][\/vc_column][\/vc_row][vc_row][vc_column width=&#8221;1\/2&#8243;][vc_row_inner][vc_column_inner][\/vc_column_inner][\/vc_row_inner][vc_column_text]<\/p>\n<blockquote>\n<p style=\"text-align: justify;\">ADVANCES IN AGRONOMY<\/p>\n<\/blockquote>\n<p style=\"text-align: justify;\">Prophylactic methods have been developed to reduce the use of plant protection products: pruning methods have been developed to avoid bunch clustering, trellising has been adapted to optimise the canopy area, and leaf removal is controlled.<\/p>\n<p style=\"text-align: justify;\">In-depth empirical knowledge of each plot means that confident use can be made of advances in agronomy and high-tech resources. Meteorological data, development of disease and pest models and monitoring the vigour of each plot have led to a sharp reduction in inputs. Since the 1990s, environmentally friendly biotechnical pest control has been applied (sexual confusion), eliminating the use of pesticides and promoting the protection of wildlife. The population of natural predators is protected from vine pests. At the same time, water consumption is rigorously managed and vineyard effluent is reprocessed.<\/p>\n<p style=\"text-align: justify;\"><span style=\"color: #ffffff;\">o<\/span><\/p>\n<p style=\"text-align: center;\"><span style=\"color: #ffffff;\"><a title=\"La technique utilis\u00e9e \u00e0 Ph\u00e9lan S\u00e9gur\" class=\"btn-editor-primary\" style=\"color: #ffffff;\" href=\"http:\/\/www.phelansegur.com\/la-technique-utilisee-a-phelan-segur\/\"><span color=\"#0066cc\">TO FIND OUT MORE &#8230;<\/span><\/a><\/span><\/p>\n<p>[\/vc_column_text][\/vc_column][vc_column width=&#8221;1\/2&#8243;][vc_row_inner][vc_column_inner][\/vc_column_inner][\/vc_row_inner][vc_single_image image=&#8221;1906&#8243; img_size=&#8221;full&#8221;][\/vc_column][vc_column][\/vc_column][\/vc_row][vc_row][vc_column][vc_row_inner][vc_column_inner][\/vc_column_inner][\/vc_row_inner][vc_column_text]<\/p>\n<h2 style=\"text-align: center;\">St\u00e9phane Roug\u00e9 and the Ph\u00e9lan S\u00e9gur wine growers<\/h2>\n<p>[\/vc_column_text][\/vc_column][\/vc_row][vc_row][vc_column width=&#8221;1\/3&#8243;][vc_single_image image=&#8221;6169&#8243; img_size=&#8221;full&#8221;][\/vc_column][vc_column width=&#8221;1\/3&#8243;][vc_single_image image=&#8221;1693&#8243; img_size=&#8221;full&#8221;][\/vc_column][vc_column width=&#8221;1\/3&#8243;][vc_single_image image=&#8221;6179&#8243; img_size=&#8221;full&#8221;][\/vc_column][\/vc_row][vc_row][vc_column width=&#8221;1\/3&#8243;][vc_single_image image=&#8221;1692&#8243; img_size=&#8221;full&#8221;][\/vc_column][vc_column width=&#8221;1\/3&#8243;][vc_single_image image=&#8221;6173&#8243; img_size=&#8221;full&#8221;][\/vc_column][vc_column width=&#8221;1\/3&#8243;][vc_single_image image=&#8221;1690&#8243; img_size=&#8221;full&#8221;][\/vc_column][\/vc_row][vc_row][vc_column][vc_column_text]Over the years, this enthusiast has surrounded himself with a team of winegrowers of exemplary commitment. The older members of the team teach the younger generation so that traditional skills such as pruning are carried on with precision. Pruning, from November to March, is a crucial stage that has an impact not only the coming vintage but also on the long-term quality of the vine.[\/vc_column_text][\/vc_column][\/vc_row][vc_row][vc_column width=&#8221;1\/2&#8243;][vc_single_image image=&#8221;1914&#8243; img_size=&#8221;full&#8221;][\/vc_column][vc_column width=&#8221;1\/2&#8243;][vc_single_image image=&#8221;1913&#8243; img_size=&#8221;full&#8221;][\/vc_column][vc_column][\/vc_column][\/vc_row][vc_row][vc_column][vc_column_text]<\/p>\n<blockquote><p>THE FRUITS OF A YEAR\u2019S HARD WORK<\/p><\/blockquote>\n<p>Despite the wisdom that is meant to come with age, anxiety still rears its head when a spring frost threatens, or a summer storm rumbles before the harvest. The vineyard manager can only relax once \u201chis grapes are in\u201d: a hundred or so grape-pickers work for a dozen days to hand-pick the fruits of a year\u2019s hard work.[\/vc_column_text][\/vc_column][\/vc_row]<\/p>\n","protected":false},"excerpt":{"rendered":"<p>[vc_row][vc_column width=&#8221;1\/3&#8243;][vc_row_inner][vc_column_inner][\/vc_column_inner][\/vc_row_inner][vc_single_image image=&#8221;6169&#8243; img_size=&#8221;large&#8221;][\/vc_column][vc_column width=&#8221;2\/3&#8243;][vc_row_inner][vc_column_inner][\/vc_column_inner][\/vc_row_inner][vc_column_text] St\u00e9phane Roug\u00e9, Vineyard Manager, interprets this terroir of distinction with the utmost integrity: since his arrival, he has implemented responsible viticulture that takes account of the environment and working conditions. He studies the subsoils, adapts the grape varieties and rootstocks accordingly, and experiments with the exposure. He is a craftsman [&hellip;]<\/p>\n","protected":false},"author":3,"featured_media":3769,"parent":0,"menu_order":0,"comment_status":"open","ping_status":"open","template":"","meta":[],"acf":[],"yoast_head":"<!-- This site is optimized with the Yoast SEO plugin v15.4 - https:\/\/yoast.com\/wordpress\/plugins\/seo\/ -->\n<meta name=\"robots\" content=\"index, follow, max-snippet:-1, max-image-preview:large, max-video-preview:-1\" \/>\n<link rel=\"canonical\" href=\"https:\/\/www.phelansegur.com\/en\/le-travail-de-la-vigne\/\" \/>\n<meta property=\"og:locale\" content=\"en_US\" \/>\n<meta property=\"og:type\" content=\"article\" \/>\n<meta property=\"og:title\" content=\"VINEYARD WORK - Ch\u00e2teau Ph\u00e9lan S\u00e9gur\" \/>\n<meta property=\"og:description\" content=\"[vc_row][vc_column width=&#8221;1\/3&#8243;][vc_row_inner][vc_column_inner][\/vc_column_inner][\/vc_row_inner][vc_single_image image=&#8221;6169&#8243; img_size=&#8221;large&#8221;][\/vc_column][vc_column width=&#8221;2\/3&#8243;][vc_row_inner][vc_column_inner][\/vc_column_inner][\/vc_row_inner][vc_column_text] St\u00e9phane Roug\u00e9, Vineyard Manager, interprets this terroir of distinction with the utmost integrity: since his arrival, he has implemented responsible viticulture that takes account of the environment and working conditions. He studies the subsoils, adapts the grape varieties and rootstocks accordingly, and experiments with the exposure. He is a craftsman [&hellip;]\" \/>\n<meta property=\"og:url\" content=\"https:\/\/www.phelansegur.com\/en\/le-travail-de-la-vigne\/\" \/>\n<meta property=\"og:site_name\" content=\"Ch\u00e2teau Ph\u00e9lan S\u00e9gur\" \/>\n<meta property=\"article:modified_time\" content=\"2023-09-28T16:06:47+00:00\" \/>\n<meta property=\"og:image\" content=\"https:\/\/www.phelansegur.com\/wp-content\/uploads\/2015\/01\/Entete-PHE002.jpg\" \/>\n\t<meta property=\"og:image:width\" content=\"1476\" \/>\n\t<meta property=\"og:image:height\" content=\"984\" \/>\n<meta name=\"twitter:card\" content=\"summary_large_image\" \/>\n<meta name=\"twitter:label1\" content=\"Written by\">\n\t<meta name=\"twitter:data1\" content=\"allison\">\n\t<meta name=\"twitter:label2\" content=\"Est. reading time\">\n\t<meta name=\"twitter:data2\" content=\"3 minutes\">\n<script type=\"application\/ld+json\" class=\"yoast-schema-graph\">{\"@context\":\"https:\/\/schema.org\",\"@graph\":[{\"@type\":\"Organization\",\"@id\":\"https:\/\/www.phelansegur.com\/#organization\",\"name\":\"Ch\\u00e2teau Ph\\u00e9lan S\\u00e9gur\",\"url\":\"https:\/\/www.phelansegur.com\/\",\"sameAs\":[\"https:\/\/www.instagram.com\/phelansegur\/\"],\"logo\":{\"@type\":\"ImageObject\",\"@id\":\"https:\/\/www.phelansegur.com\/#logo\",\"inLanguage\":\"en-US\",\"url\":\"https:\/\/www.phelansegur.com\/wp-content\/uploads\/2020\/03\/logo-phelansegur.jpg\",\"width\":500,\"height\":200,\"caption\":\"Ch\\u00e2teau Ph\\u00e9lan S\\u00e9gur\"},\"image\":{\"@id\":\"https:\/\/www.phelansegur.com\/#logo\"}},{\"@type\":\"WebSite\",\"@id\":\"https:\/\/www.phelansegur.com\/#website\",\"url\":\"https:\/\/www.phelansegur.com\/\",\"name\":\"Ch\\u00e2teau Ph\\u00e9lan S\\u00e9gur\",\"description\":\"Saint Est\\u00e8phe\",\"publisher\":{\"@id\":\"https:\/\/www.phelansegur.com\/#organization\"},\"potentialAction\":[{\"@type\":\"SearchAction\",\"target\":\"https:\/\/www.phelansegur.com\/?s={search_term_string}\",\"query-input\":\"required name=search_term_string\"}],\"inLanguage\":\"en-US\"},{\"@type\":\"ImageObject\",\"@id\":\"https:\/\/www.phelansegur.com\/en\/le-travail-de-la-vigne\/#primaryimage\",\"inLanguage\":\"en-US\",\"url\":\"https:\/\/www.phelansegur.com\/wp-content\/uploads\/2015\/01\/Entete-PHE002.jpg\",\"width\":1476,\"height\":984},{\"@type\":\"WebPage\",\"@id\":\"https:\/\/www.phelansegur.com\/en\/le-travail-de-la-vigne\/#webpage\",\"url\":\"https:\/\/www.phelansegur.com\/en\/le-travail-de-la-vigne\/\",\"name\":\"VINEYARD WORK - Ch\\u00e2teau Ph\\u00e9lan S\\u00e9gur\",\"isPartOf\":{\"@id\":\"https:\/\/www.phelansegur.com\/#website\"},\"primaryImageOfPage\":{\"@id\":\"https:\/\/www.phelansegur.com\/en\/le-travail-de-la-vigne\/#primaryimage\"},\"datePublished\":\"2015-01-05T15:11:53+00:00\",\"dateModified\":\"2023-09-28T16:06:47+00:00\",\"breadcrumb\":{\"@id\":\"https:\/\/www.phelansegur.com\/en\/le-travail-de-la-vigne\/#breadcrumb\"},\"inLanguage\":\"en-US\",\"potentialAction\":[{\"@type\":\"ReadAction\",\"target\":[\"https:\/\/www.phelansegur.com\/en\/le-travail-de-la-vigne\/\"]}]},{\"@type\":\"BreadcrumbList\",\"@id\":\"https:\/\/www.phelansegur.com\/en\/le-travail-de-la-vigne\/#breadcrumb\",\"itemListElement\":[{\"@type\":\"ListItem\",\"position\":1,\"item\":{\"@type\":\"WebPage\",\"@id\":\"https:\/\/www.phelansegur.com\/en\/\",\"url\":\"https:\/\/www.phelansegur.com\/en\/\",\"name\":\"Page d'accueil\"}},{\"@type\":\"ListItem\",\"position\":2,\"item\":{\"@type\":\"WebPage\",\"@id\":\"https:\/\/www.phelansegur.com\/en\/le-travail-de-la-vigne\/\",\"url\":\"https:\/\/www.phelansegur.com\/en\/le-travail-de-la-vigne\/\",\"name\":\"VINEYARD WORK\"}}]}]}<\/script>\n<!-- \/ Yoast SEO plugin. -->","_links":{"self":[{"href":"https:\/\/www.phelansegur.com\/en\/wp-json\/wp\/v2\/pages\/348"}],"collection":[{"href":"https:\/\/www.phelansegur.com\/en\/wp-json\/wp\/v2\/pages"}],"about":[{"href":"https:\/\/www.phelansegur.com\/en\/wp-json\/wp\/v2\/types\/page"}],"author":[{"embeddable":true,"href":"https:\/\/www.phelansegur.com\/en\/wp-json\/wp\/v2\/users\/3"}],"replies":[{"embeddable":true,"href":"https:\/\/www.phelansegur.com\/en\/wp-json\/wp\/v2\/comments?post=348"}],"version-history":[{"count":7,"href":"https:\/\/www.phelansegur.com\/en\/wp-json\/wp\/v2\/pages\/348\/revisions"}],"predecessor-version":[{"id":6215,"href":"https:\/\/www.phelansegur.com\/en\/wp-json\/wp\/v2\/pages\/348\/revisions\/6215"}],"wp:featuredmedia":[{"embeddable":true,"href":"https:\/\/www.phelansegur.com\/en\/wp-json\/wp\/v2\/media\/3769"}],"wp:attachment":[{"href":"https:\/\/www.phelansegur.com\/en\/wp-json\/wp\/v2\/media?parent=348"}],"curies":[{"name":"wp","href":"https:\/\/api.w.org\/{rel}","templated":true}]}}