{"id":350,"date":"2015-01-05T15:12:46","date_gmt":"2015-01-05T15:12:46","guid":{"rendered":"http:\/\/www.phelansegur.com\/nous-contacter-2\/"},"modified":"2024-09-24T13:52:27","modified_gmt":"2024-09-24T13:52:27","slug":"nous-contacter","status":"publish","type":"page","link":"https:\/\/www.phelansegur.com\/en\/nous-contacter\/","title":{"rendered":"Contact us"},"content":{"rendered":"<p>[vc_row][vc_column width=&#8221;1\/2&#8243;][vc_column_text]<img loading=\"lazy\" width=\"1000\" height=\"667\" class=\"alignnone size-full wp-image-187\" alt=\"PS_141117_0007-Cage-escalier-2\" src=\"http:\/\/www.phelansegur.com\/wp-content\/uploads\/2015\/01\/PS_141117_0007-Cage-escalier-2.jpg\" srcset=\"https:\/\/www.phelansegur.com\/wp-content\/uploads\/2015\/01\/PS_141117_0007-Cage-escalier-2.jpg 1000w, https:\/\/www.phelansegur.com\/wp-content\/uploads\/2015\/01\/PS_141117_0007-Cage-escalier-2-300x200.jpg 300w\" sizes=\"(max-width: 1000px) 100vw, 1000px\" \/><\/p>\n<h2>CH\u00c2TEAU PH\u00c9LAN S\u00c9GUR<\/h2>\n<p><span style=\"color: #000000;\">33180 Saint-Est\u00e8phe<\/span><br \/>\n<span style=\"color: #000000;\"> FRANCE<\/span><br \/>\n<span style=\"color: #ff0000;\"> Tel. +33 (0)5 56 59 74 00\u00a0<\/span><\/p>\n<p><span>The team at Ch\u00e2teau Ph\u00e9lan S\u00e9gur is at your disposal to reply to your questions and welcome you to the Ch\u00e2teau.<\/span><\/p>\n<p><span>Leave us a message and we will be sure to reply to you as soon as possible. <\/span>[\/vc_column_text][\/vc_column][vc_column width=&#8221;1\/2&#8243;][vc_raw_html]JTNDaWZyYW1lJTIwc3JjJTNEJTIyaHR0cHMlM0ElMkYlMkZ5b3VkYXkuYXBwJTJGZm9ybXMlMkZmMGQzNDQ3YzE0NDJhOWViJTIyJTIwc3R5bGUlM0QlMjJib3JkZXIlM0Fub25lJTNCd2lkdGglM0ElMjAxMDAlMjUlM0IlMjBoZWlnaHQlM0ElMjA4MDBweCUzQiUyMiUzRSUzQyUyRmlmcmFtZSUzRQ==[\/vc_raw_html][\/vc_column][\/vc_row]<\/p>\n","protected":false},"excerpt":{"rendered":"<p>[vc_row][vc_column width=&#8221;1\/2&#8243;][vc_column_text] CH\u00c2TEAU PH\u00c9LAN S\u00c9GUR 33180 Saint-Est\u00e8phe FRANCE Tel. +33 (0)5 56 59 74 00\u00a0 The team at Ch\u00e2teau Ph\u00e9lan S\u00e9gur is at your disposal to reply to your questions and welcome you to the Ch\u00e2teau. Leave us a message and we will be sure to reply to you as soon as possible. [\/vc_column_text][\/vc_column][vc_column width=&#8221;1\/2&#8243;][vc_raw_html]JTNDaWZyYW1lJTIwc3JjJTNEJTIyaHR0cHMlM0ElMkYlMkZ5b3VkYXkuYXBwJTJGZm9ybXMlMkZmMGQzNDQ3YzE0NDJhOWViJTIyJTIwc3R5bGUlM0QlMjJib3JkZXIlM0Fub25lJTNCd2lkdGglM0ElMjAxMDAlMjUlM0IlMjBoZWlnaHQlM0ElMjA4MDBweCUzQiUyMiUzRSUzQyUyRmlmcmFtZSUzRQ==[\/vc_raw_html][\/vc_column][\/vc_row]<\/p>\n","protected":false},"author":3,"featured_media":0,"parent":0,"menu_order":0,"comment_status":"open","ping_status":"open","template":"","meta":[],"acf":[],"yoast_head":"<!-- This site is optimized with the Yoast SEO plugin v15.4 - https:\/\/yoast.com\/wordpress\/plugins\/seo\/ -->\n<meta name=\"robots\" content=\"index, follow, max-snippet:-1, max-image-preview:large, max-video-preview:-1\" \/>\n<link rel=\"canonical\" href=\"https:\/\/www.phelansegur.com\/en\/nous-contacter\/\" \/>\n<meta property=\"og:locale\" content=\"en_US\" \/>\n<meta property=\"og:type\" content=\"article\" \/>\n<meta property=\"og:title\" content=\"Contact us - Ch\u00e2teau Ph\u00e9lan S\u00e9gur\" \/>\n<meta property=\"og:description\" content=\"[vc_row][vc_column width=&#8221;1\/2&#8243;][vc_column_text] CH\u00c2TEAU PH\u00c9LAN S\u00c9GUR 33180 Saint-Est\u00e8phe FRANCE Tel. +33 (0)5 56 59 74 00\u00a0 The team at Ch\u00e2teau Ph\u00e9lan S\u00e9gur is at your disposal to reply to your questions and welcome you to the Ch\u00e2teau. Leave us a message and we will be sure to reply to you as soon as possible. [\/vc_column_text][\/vc_column][vc_column width=&#8221;1\/2&#8243;][vc_raw_html]JTNDaWZyYW1lJTIwc3JjJTNEJTIyaHR0cHMlM0ElMkYlMkZ5b3VkYXkuYXBwJTJGZm9ybXMlMkZmMGQzNDQ3YzE0NDJhOWViJTIyJTIwc3R5bGUlM0QlMjJib3JkZXIlM0Fub25lJTNCd2lkdGglM0ElMjAxMDAlMjUlM0IlMjBoZWlnaHQlM0ElMjA4MDBweCUzQiUyMiUzRSUzQyUyRmlmcmFtZSUzRQ==[\/vc_raw_html][\/vc_column][\/vc_row]\" \/>\n<meta property=\"og:url\" content=\"https:\/\/www.phelansegur.com\/en\/nous-contacter\/\" \/>\n<meta property=\"og:site_name\" content=\"Ch\u00e2teau Ph\u00e9lan S\u00e9gur\" \/>\n<meta property=\"article:modified_time\" content=\"2024-09-24T13:52:27+00:00\" \/>\n<meta property=\"og:image\" content=\"http:\/\/www.phelansegur.com\/wp-content\/uploads\/2015\/01\/PS_141117_0007-Cage-escalier-2.jpg\" \/>\n<meta name=\"twitter:card\" content=\"summary_large_image\" \/>\n<meta name=\"twitter:label1\" content=\"Written by\">\n\t<meta name=\"twitter:data1\" content=\"allison\">\n\t<meta name=\"twitter:label2\" content=\"Est. reading time\">\n\t<meta name=\"twitter:data2\" content=\"0 minutes\">\n<script type=\"application\/ld+json\" class=\"yoast-schema-graph\">{\"@context\":\"https:\/\/schema.org\",\"@graph\":[{\"@type\":\"Organization\",\"@id\":\"https:\/\/www.phelansegur.com\/#organization\",\"name\":\"Ch\\u00e2teau Ph\\u00e9lan S\\u00e9gur\",\"url\":\"https:\/\/www.phelansegur.com\/\",\"sameAs\":[\"https:\/\/www.instagram.com\/phelansegur\/\"],\"logo\":{\"@type\":\"ImageObject\",\"@id\":\"https:\/\/www.phelansegur.com\/#logo\",\"inLanguage\":\"en-US\",\"url\":\"https:\/\/www.phelansegur.com\/wp-content\/uploads\/2020\/03\/logo-phelansegur.jpg\",\"width\":500,\"height\":200,\"caption\":\"Ch\\u00e2teau Ph\\u00e9lan S\\u00e9gur\"},\"image\":{\"@id\":\"https:\/\/www.phelansegur.com\/#logo\"}},{\"@type\":\"WebSite\",\"@id\":\"https:\/\/www.phelansegur.com\/#website\",\"url\":\"https:\/\/www.phelansegur.com\/\",\"name\":\"Ch\\u00e2teau Ph\\u00e9lan S\\u00e9gur\",\"description\":\"Saint Est\\u00e8phe\",\"publisher\":{\"@id\":\"https:\/\/www.phelansegur.com\/#organization\"},\"potentialAction\":[{\"@type\":\"SearchAction\",\"target\":\"https:\/\/www.phelansegur.com\/?s={search_term_string}\",\"query-input\":\"required name=search_term_string\"}],\"inLanguage\":\"en-US\"},{\"@type\":\"ImageObject\",\"@id\":\"https:\/\/www.phelansegur.com\/en\/nous-contacter\/#primaryimage\",\"inLanguage\":\"en-US\",\"url\":\"http:\/\/www.phelansegur.com\/wp-content\/uploads\/2015\/01\/PS_141117_0007-Cage-escalier-2.jpg\"},{\"@type\":\"WebPage\",\"@id\":\"https:\/\/www.phelansegur.com\/en\/nous-contacter\/#webpage\",\"url\":\"https:\/\/www.phelansegur.com\/en\/nous-contacter\/\",\"name\":\"Contact us - Ch\\u00e2teau Ph\\u00e9lan S\\u00e9gur\",\"isPartOf\":{\"@id\":\"https:\/\/www.phelansegur.com\/#website\"},\"primaryImageOfPage\":{\"@id\":\"https:\/\/www.phelansegur.com\/en\/nous-contacter\/#primaryimage\"},\"datePublished\":\"2015-01-05T15:12:46+00:00\",\"dateModified\":\"2024-09-24T13:52:27+00:00\",\"breadcrumb\":{\"@id\":\"https:\/\/www.phelansegur.com\/en\/nous-contacter\/#breadcrumb\"},\"inLanguage\":\"en-US\",\"potentialAction\":[{\"@type\":\"ReadAction\",\"target\":[\"https:\/\/www.phelansegur.com\/en\/nous-contacter\/\"]}]},{\"@type\":\"BreadcrumbList\",\"@id\":\"https:\/\/www.phelansegur.com\/en\/nous-contacter\/#breadcrumb\",\"itemListElement\":[{\"@type\":\"ListItem\",\"position\":1,\"item\":{\"@type\":\"WebPage\",\"@id\":\"https:\/\/www.phelansegur.com\/en\/\",\"url\":\"https:\/\/www.phelansegur.com\/en\/\",\"name\":\"Page d'accueil\"}},{\"@type\":\"ListItem\",\"position\":2,\"item\":{\"@type\":\"WebPage\",\"@id\":\"https:\/\/www.phelansegur.com\/en\/nous-contacter\/\",\"url\":\"https:\/\/www.phelansegur.com\/en\/nous-contacter\/\",\"name\":\"Contact us\"}}]}]}<\/script>\n<!-- \/ Yoast SEO plugin. -->","_links":{"self":[{"href":"https:\/\/www.phelansegur.com\/en\/wp-json\/wp\/v2\/pages\/350"}],"collection":[{"href":"https:\/\/www.phelansegur.com\/en\/wp-json\/wp\/v2\/pages"}],"about":[{"href":"https:\/\/www.phelansegur.com\/en\/wp-json\/wp\/v2\/types\/page"}],"author":[{"embeddable":true,"href":"https:\/\/www.phelansegur.com\/en\/wp-json\/wp\/v2\/users\/3"}],"replies":[{"embeddable":true,"href":"https:\/\/www.phelansegur.com\/en\/wp-json\/wp\/v2\/comments?post=350"}],"version-history":[{"count":8,"href":"https:\/\/www.phelansegur.com\/en\/wp-json\/wp\/v2\/pages\/350\/revisions"}],"predecessor-version":[{"id":6771,"href":"https:\/\/www.phelansegur.com\/en\/wp-json\/wp\/v2\/pages\/350\/revisions\/6771"}],"wp:attachment":[{"href":"https:\/\/www.phelansegur.com\/en\/wp-json\/wp\/v2\/media?parent=350"}],"curies":[{"name":"wp","href":"https:\/\/api.w.org\/{rel}","templated":true}]}}