{"id":351,"date":"2015-01-05T15:12:55","date_gmt":"2015-01-05T15:12:55","guid":{"rendered":"http:\/\/www.phelansegur.com\/plan-dacces-2\/"},"modified":"2016-01-27T16:11:29","modified_gmt":"2016-01-27T16:11:29","slug":"plan-dacces","status":"publish","type":"page","link":"https:\/\/www.phelansegur.com\/en\/plan-dacces\/","title":{"rendered":"Getting here"},"content":{"rendered":"<p>[vc_row][vc_column width=&#8221;1\/2&#8243;][vc_column_text]<img loading=\"lazy\" width=\"960\" height=\"640\" class=\"alignnone size-full wp-image-184\" alt=\"Le-Ch\u00e2teau-Ph\u00e9lan-S\u00e9gur-depuis-le-parc\" src=\"http:\/\/www.phelansegur.com\/wp-content\/uploads\/2015\/01\/Le-Chateau-Phelan-Segur-depuis-le-parc.jpg\" srcset=\"https:\/\/www.phelansegur.com\/wp-content\/uploads\/2015\/01\/Le-Chateau-Phelan-Segur-depuis-le-parc.jpg 960w, https:\/\/www.phelansegur.com\/wp-content\/uploads\/2015\/01\/Le-Chateau-Phelan-Segur-depuis-le-parc-300x200.jpg 300w\" sizes=\"(max-width: 960px) 100vw, 960px\" \/>[\/vc_column_text][\/vc_column][vc_column width=&#8221;1\/2&#8243;][vc_raw_html]JTNDaWZyYW1lJTIwc3R5bGUlM0QlMjJib3JkZXIlM0ElMjAwJTNCJTIyJTIwc3JjJTNEJTIyaHR0cHMlM0ElMkYlMkZ3d3cuZ29vZ2xlLmNvbSUyRm1hcHMlMkZlbWJlZCUzRnBiJTNEJTIxMW0xOCUyMTFtMTIlMjExbTMlMjExZDI0MzUuNjc3MzIyMzQ3MDE4JTIxMmQtMC43Njc4MzIzMjI5NjIwMDA5JTIxM2Q0NS4yNjE2MDkwMTYxMDQwMSUyMTJtMyUyMTFmMCUyMTJmMCUyMTNmMCUyMTNtMiUyMTFpMTAyNCUyMTJpNzY4JTIxNGYxMy4xJTIxM20zJTIxMW0yJTIxMXMweDQ4MDFjN2QyNWM2NDI3YjElMjUzQTB4ZTk4ZjEyOGY1MWY3MDU4YSUyMTJ6UTJqRG9uUmxZWFVnVUdqRHFXeGhiaUJUdzZsbmRYSSUyMTVlMSUyMTNtMiUyMTFzZnIlMjEyc2ZyJTIxNHYxNDExNDU4NDIwNzQzJTIyJTIwd2lkdGglM0QlMjIxMDAlMjUlMjIlMjBoZWlnaHQlM0QlMjIzOTAlMjIlMjBmcmFtZWJvcmRlciUzRCUyMjAlMjIlM0UlM0MlMkZpZnJhbWUlM0U=[\/vc_raw_html][\/vc_column][\/vc_row][vc_row][vc_column width=&#8221;1\/1&#8243;][vc_column_text]<\/p>\n<p style=\"text-align: center;\">Two main itineraries allow you to reach Ch\u00e2teau Ph\u00e9lan S\u00e9gur from Bordeaux. They are accessible from exit 7 of the Rocade, the Bordeaux ring-road.<\/p>\n<p style=\"text-align: center;\"><span style=\"color: #000000; font-family: Times New Roman;\" color=\"#000000\" face=\"Times New Roman\"> <\/span><\/p>\n<p>[\/vc_column_text][\/vc_column][\/vc_row][vc_row][vc_column width=&#8221;1\/2&#8243;][vc_column_text]<\/p>\n<blockquote><p>ITINERARY 1 :<\/p><\/blockquote>\n<p style=\"text-align: justify;\">Take the direction of Castelnau, Saint-Laurent, Le Verdon by the D1. At Saint-Laurent take the direction of Pauillac. At the roundabout at the entrance to Pauillac, go in the direction of the town centre. Take the first road on the left in the direction of Saint-Est\u00e8phe.<\/p>\n<p style=\"text-align: justify;\">The end of this road is marked by a stop sign. Turn left, on the D2 in the direction of Lesparre.<\/p>\n<p style=\"text-align: justify;\">Cross the hamlet Le Pouyalet, drive alongside Ch\u00e2teau Lafite Rothschild and continue to the hamlet of Cos. Turn right and drive between Ch\u00e2teaux Cos d\u2019Estournel and Cos Labory. Continue straight on until the hamlet of Canteloup and the square with the Saint-Est\u00e8phe town hall (about 4 km). The entrance to Ch\u00e2teau Ph\u00e9lan S\u00e9gur is situated on the right after about 200 metres. From the Rocade, the actual length of the journey is about one hour.<\/p>\n<p>[\/vc_column_text][\/vc_column][vc_column width=&#8221;1\/2&#8243;][vc_column_text]<\/p>\n<blockquote>\n<p style=\"text-align: justify;\">ITINERARY 2 :<\/p>\n<\/blockquote>\n<p style=\"text-align: justify;\">Named the \u201cRoute de Ch\u00e2teaux\u201d, it allows you to pass successively through the great appellations of the M\u00e9doc and to discover some of the most famous growths of the M\u00e9doc as you meander through the countryside.<\/p>\n<p style=\"text-align: justify;\">After leaving the Rocade and passing Eysines, turn right on the D2, in the direction of Blanquefort &#8211; Pauillac. You cross or pass close to Blanquefort, Ludon, Labarde, Cantenac, Margaux, Soussans, Lamarque, Cussac Fort-M\u00e9doc, Saint-Julien Beychevelle, before arriving in Pauillac. Take the roundabout in the direction of Saint-Est\u00e8phe. At the hamlet of Le Pouyalet, pick up itinerary 1.<\/p>\n<p style=\"text-align: justify;\">Count on one hour from leaving Bordeaux before arriving at the property.<\/p>\n<p>[\/vc_column_text][\/vc_column][\/vc_row]<\/p>\n","protected":false},"excerpt":{"rendered":"<p>[vc_row][vc_column width=&#8221;1\/2&#8243;][vc_column_text][\/vc_column_text][\/vc_column][vc_column width=&#8221;1\/2&#8243;][vc_raw_html]JTNDaWZyYW1lJTIwc3R5bGUlM0QlMjJib3JkZXIlM0ElMjAwJTNCJTIyJTIwc3JjJTNEJTIyaHR0cHMlM0ElMkYlMkZ3d3cuZ29vZ2xlLmNvbSUyRm1hcHMlMkZlbWJlZCUzRnBiJTNEJTIxMW0xOCUyMTFtMTIlMjExbTMlMjExZDI0MzUuNjc3MzIyMzQ3MDE4JTIxMmQtMC43Njc4MzIzMjI5NjIwMDA5JTIxM2Q0NS4yNjE2MDkwMTYxMDQwMSUyMTJtMyUyMTFmMCUyMTJmMCUyMTNmMCUyMTNtMiUyMTFpMTAyNCUyMTJpNzY4JTIxNGYxMy4xJTIxM20zJTIxMW0yJTIxMXMweDQ4MDFjN2QyNWM2NDI3YjElMjUzQTB4ZTk4ZjEyOGY1MWY3MDU4YSUyMTJ6UTJqRG9uUmxZWFVnVUdqRHFXeGhiaUJUdzZsbmRYSSUyMTVlMSUyMTNtMiUyMTFzZnIlMjEyc2ZyJTIxNHYxNDExNDU4NDIwNzQzJTIyJTIwd2lkdGglM0QlMjIxMDAlMjUlMjIlMjBoZWlnaHQlM0QlMjIzOTAlMjIlMjBmcmFtZWJvcmRlciUzRCUyMjAlMjIlM0UlM0MlMkZpZnJhbWUlM0U=[\/vc_raw_html][\/vc_column][\/vc_row][vc_row][vc_column width=&#8221;1\/1&#8243;][vc_column_text] Two main itineraries allow you to reach Ch\u00e2teau Ph\u00e9lan S\u00e9gur from Bordeaux. They are accessible from exit 7 of the Rocade, the Bordeaux ring-road. [\/vc_column_text][\/vc_column][\/vc_row][vc_row][vc_column width=&#8221;1\/2&#8243;][vc_column_text] ITINERARY 1 : Take the direction of Castelnau, Saint-Laurent, Le Verdon by the D1. At Saint-Laurent take the direction of Pauillac. At the roundabout at [&hellip;]<\/p>\n","protected":false},"author":3,"featured_media":0,"parent":0,"menu_order":0,"comment_status":"open","ping_status":"open","template":"","meta":[],"acf":[],"yoast_head":"<!-- This site is optimized with the Yoast SEO plugin v15.4 - https:\/\/yoast.com\/wordpress\/plugins\/seo\/ -->\n<meta name=\"robots\" content=\"index, follow, max-snippet:-1, max-image-preview:large, max-video-preview:-1\" \/>\n<link rel=\"canonical\" href=\"https:\/\/www.phelansegur.com\/en\/plan-dacces\/\" \/>\n<meta property=\"og:locale\" content=\"en_US\" \/>\n<meta property=\"og:type\" content=\"article\" \/>\n<meta property=\"og:title\" content=\"Getting here - Ch\u00e2teau Ph\u00e9lan S\u00e9gur\" \/>\n<meta property=\"og:description\" content=\"[vc_row][vc_column width=&#8221;1\/2&#8243;][vc_column_text][\/vc_column_text][\/vc_column][vc_column width=&#8221;1\/2&#8243;][vc_raw_html]JTNDaWZyYW1lJTIwc3R5bGUlM0QlMjJib3JkZXIlM0ElMjAwJTNCJTIyJTIwc3JjJTNEJTIyaHR0cHMlM0ElMkYlMkZ3d3cuZ29vZ2xlLmNvbSUyRm1hcHMlMkZlbWJlZCUzRnBiJTNEJTIxMW0xOCUyMTFtMTIlMjExbTMlMjExZDI0MzUuNjc3MzIyMzQ3MDE4JTIxMmQtMC43Njc4MzIzMjI5NjIwMDA5JTIxM2Q0NS4yNjE2MDkwMTYxMDQwMSUyMTJtMyUyMTFmMCUyMTJmMCUyMTNmMCUyMTNtMiUyMTFpMTAyNCUyMTJpNzY4JTIxNGYxMy4xJTIxM20zJTIxMW0yJTIxMXMweDQ4MDFjN2QyNWM2NDI3YjElMjUzQTB4ZTk4ZjEyOGY1MWY3MDU4YSUyMTJ6UTJqRG9uUmxZWFVnVUdqRHFXeGhiaUJUdzZsbmRYSSUyMTVlMSUyMTNtMiUyMTFzZnIlMjEyc2ZyJTIxNHYxNDExNDU4NDIwNzQzJTIyJTIwd2lkdGglM0QlMjIxMDAlMjUlMjIlMjBoZWlnaHQlM0QlMjIzOTAlMjIlMjBmcmFtZWJvcmRlciUzRCUyMjAlMjIlM0UlM0MlMkZpZnJhbWUlM0U=[\/vc_raw_html][\/vc_column][\/vc_row][vc_row][vc_column width=&#8221;1\/1&#8243;][vc_column_text] Two main itineraries allow you to reach Ch\u00e2teau Ph\u00e9lan S\u00e9gur from Bordeaux. They are accessible from exit 7 of the Rocade, the Bordeaux ring-road. [\/vc_column_text][\/vc_column][\/vc_row][vc_row][vc_column width=&#8221;1\/2&#8243;][vc_column_text] ITINERARY 1 : Take the direction of Castelnau, Saint-Laurent, Le Verdon by the D1. At Saint-Laurent take the direction of Pauillac. At the roundabout at [&hellip;]\" \/>\n<meta property=\"og:url\" content=\"https:\/\/www.phelansegur.com\/en\/plan-dacces\/\" \/>\n<meta property=\"og:site_name\" content=\"Ch\u00e2teau Ph\u00e9lan S\u00e9gur\" \/>\n<meta property=\"article:modified_time\" content=\"2016-01-27T16:11:29+00:00\" \/>\n<meta property=\"og:image\" content=\"http:\/\/www.phelansegur.com\/wp-content\/uploads\/2015\/01\/Le-Chateau-Phelan-Segur-depuis-le-parc.jpg\" \/>\n<meta name=\"twitter:card\" content=\"summary_large_image\" \/>\n<meta name=\"twitter:label1\" content=\"Written by\">\n\t<meta name=\"twitter:data1\" content=\"allison\">\n\t<meta name=\"twitter:label2\" content=\"Est. reading time\">\n\t<meta name=\"twitter:data2\" content=\"2 minutes\">\n<script type=\"application\/ld+json\" class=\"yoast-schema-graph\">{\"@context\":\"https:\/\/schema.org\",\"@graph\":[{\"@type\":\"Organization\",\"@id\":\"https:\/\/www.phelansegur.com\/#organization\",\"name\":\"Ch\\u00e2teau Ph\\u00e9lan S\\u00e9gur\",\"url\":\"https:\/\/www.phelansegur.com\/\",\"sameAs\":[\"https:\/\/www.instagram.com\/phelansegur\/\"],\"logo\":{\"@type\":\"ImageObject\",\"@id\":\"https:\/\/www.phelansegur.com\/#logo\",\"inLanguage\":\"en-US\",\"url\":\"https:\/\/www.phelansegur.com\/wp-content\/uploads\/2020\/03\/logo-phelansegur.jpg\",\"width\":500,\"height\":200,\"caption\":\"Ch\\u00e2teau Ph\\u00e9lan S\\u00e9gur\"},\"image\":{\"@id\":\"https:\/\/www.phelansegur.com\/#logo\"}},{\"@type\":\"WebSite\",\"@id\":\"https:\/\/www.phelansegur.com\/#website\",\"url\":\"https:\/\/www.phelansegur.com\/\",\"name\":\"Ch\\u00e2teau Ph\\u00e9lan S\\u00e9gur\",\"description\":\"Saint Est\\u00e8phe\",\"publisher\":{\"@id\":\"https:\/\/www.phelansegur.com\/#organization\"},\"potentialAction\":[{\"@type\":\"SearchAction\",\"target\":\"https:\/\/www.phelansegur.com\/?s={search_term_string}\",\"query-input\":\"required name=search_term_string\"}],\"inLanguage\":\"en-US\"},{\"@type\":\"ImageObject\",\"@id\":\"https:\/\/www.phelansegur.com\/en\/plan-dacces\/#primaryimage\",\"inLanguage\":\"en-US\",\"url\":\"http:\/\/www.phelansegur.com\/wp-content\/uploads\/2015\/01\/Le-Chateau-Phelan-Segur-depuis-le-parc.jpg\"},{\"@type\":\"WebPage\",\"@id\":\"https:\/\/www.phelansegur.com\/en\/plan-dacces\/#webpage\",\"url\":\"https:\/\/www.phelansegur.com\/en\/plan-dacces\/\",\"name\":\"Getting here - Ch\\u00e2teau Ph\\u00e9lan S\\u00e9gur\",\"isPartOf\":{\"@id\":\"https:\/\/www.phelansegur.com\/#website\"},\"primaryImageOfPage\":{\"@id\":\"https:\/\/www.phelansegur.com\/en\/plan-dacces\/#primaryimage\"},\"datePublished\":\"2015-01-05T15:12:55+00:00\",\"dateModified\":\"2016-01-27T16:11:29+00:00\",\"breadcrumb\":{\"@id\":\"https:\/\/www.phelansegur.com\/en\/plan-dacces\/#breadcrumb\"},\"inLanguage\":\"en-US\",\"potentialAction\":[{\"@type\":\"ReadAction\",\"target\":[\"https:\/\/www.phelansegur.com\/en\/plan-dacces\/\"]}]},{\"@type\":\"BreadcrumbList\",\"@id\":\"https:\/\/www.phelansegur.com\/en\/plan-dacces\/#breadcrumb\",\"itemListElement\":[{\"@type\":\"ListItem\",\"position\":1,\"item\":{\"@type\":\"WebPage\",\"@id\":\"https:\/\/www.phelansegur.com\/en\/\",\"url\":\"https:\/\/www.phelansegur.com\/en\/\",\"name\":\"Page d'accueil\"}},{\"@type\":\"ListItem\",\"position\":2,\"item\":{\"@type\":\"WebPage\",\"@id\":\"https:\/\/www.phelansegur.com\/en\/plan-dacces\/\",\"url\":\"https:\/\/www.phelansegur.com\/en\/plan-dacces\/\",\"name\":\"Getting here\"}}]}]}<\/script>\n<!-- \/ Yoast SEO plugin. -->","_links":{"self":[{"href":"https:\/\/www.phelansegur.com\/en\/wp-json\/wp\/v2\/pages\/351"}],"collection":[{"href":"https:\/\/www.phelansegur.com\/en\/wp-json\/wp\/v2\/pages"}],"about":[{"href":"https:\/\/www.phelansegur.com\/en\/wp-json\/wp\/v2\/types\/page"}],"author":[{"embeddable":true,"href":"https:\/\/www.phelansegur.com\/en\/wp-json\/wp\/v2\/users\/3"}],"replies":[{"embeddable":true,"href":"https:\/\/www.phelansegur.com\/en\/wp-json\/wp\/v2\/comments?post=351"}],"version-history":[{"count":0,"href":"https:\/\/www.phelansegur.com\/en\/wp-json\/wp\/v2\/pages\/351\/revisions"}],"wp:attachment":[{"href":"https:\/\/www.phelansegur.com\/en\/wp-json\/wp\/v2\/media?parent=351"}],"curies":[{"name":"wp","href":"https:\/\/api.w.org\/{rel}","templated":true}]}}