{"id":358,"date":"2015-01-05T15:12:21","date_gmt":"2015-01-05T15:12:21","guid":{"rendered":"http:\/\/www.phelansegur.com\/visites-receptions\/visites\/"},"modified":"2024-12-18T12:41:39","modified_gmt":"2024-12-18T12:41:39","slug":"visites","status":"publish","type":"page","link":"https:\/\/www.phelansegur.com\/en\/visites\/","title":{"rendered":"Tours"},"content":{"rendered":"<p>[vc_row][vc_column][vc_separator color=&#8221;white&#8221;][vc_column_text]<\/p>\n<h2 style=\"text-align: center;\">Estate tour and vertical tasting<\/h2>\n<p>[\/vc_column_text][\/vc_column][\/vc_row][vc_row][vc_column width=&#8221;1\/2&#8243;][vc_single_image image=&#8221;1706&#8243; img_size=&#8221;full&#8221; alignment=&#8221;center&#8221;][\/vc_column][vc_column width=&#8221;1\/2&#8243;][vc_single_image image=&#8221;1286&#8243; img_size=&#8221;full&#8221; alignment=&#8221;center&#8221;][\/vc_column][\/vc_row][vc_row][vc_column][vc_column_text]<\/p>\n<p style=\"text-align: center;\">With its unique architecture, breathtaking views over the Gironde and noble terroir, Ch\u00e2teau Ph\u00e9lan S\u00e9gur is a classic landmark. From vineyard to cellar, a tour of the estate reveals the spirit of a family, the terroir of St Est\u00e8phe and the secrets of Ph\u00e9lan S\u00e9gur winemaking. The tasting, conducted by a Ch\u00e2teau manager, includes a vertical selection of 3 vintages.<\/p>\n<p style=\"text-align: center;\">The Ch\u00e2teau is open <span style=\"color: #cd163f;\">by appointment only<\/span>, from <span style=\"color: #cd163f;\">9 a.m. to 5 p.m.<\/span>, <strong>every week from March to October, and from Monday to Friday the rest of the year.<\/strong><\/p>\n<p>[\/vc_column_text][vc_column_text]<\/p>\n<p style=\"text-align: center;\"><a title=\"Nous contacter\" class=\"btn-editor-primary\" href=\"http:\/\/www.phelansegur.com\/nous-contacter\/\">Nous contacter<\/a><\/p>\n<p>[\/vc_column_text][\/vc_column][\/vc_row][vc_row][vc_column][vc_column_text]<\/p>\n<h2 style=\"text-align: center;\">In the Vineyard Manager&#8217;s boots<\/h2>\n<p>[\/vc_column_text][\/vc_column][\/vc_row][vc_row][vc_column width=&#8221;1\/2&#8243;][vc_single_image image=&#8221;6169&#8243; img_size=&#8221;full&#8221; alignment=&#8221;center&#8221;][\/vc_column][vc_column width=&#8221;1\/2&#8243;][vc_single_image image=&#8221;1708&#8243; img_size=&#8221;full&#8221;][\/vc_column][\/vc_row][vc_row][vc_column][vc_column_text]<\/p>\n<p style=\"text-align: center;\">This interactive tour allows you to discover the world of our Vineyard Manager in the heart of the 114property\u2019s hectares of vineyards. He will share with you the many sides of the winegrower\u2019s craft, with his natural passion.<\/p>\n<p>[\/vc_column_text][vc_column_text]<\/p>\n<p style=\"text-align: center;\"><a title=\"Nous contacter\" class=\"btn-editor-primary\" href=\"http:\/\/www.phelansegur.com\/nous-contacter\/\">Contact us<\/a><\/p>\n<p>[\/vc_column_text][\/vc_column][\/vc_row][vc_row][vc_column][vc_column_text]<\/p>\n<h2 style=\"text-align: center;\">Secrets of the Cellar Master<\/h2>\n<p>[\/vc_column_text][\/vc_column][\/vc_row][vc_row][vc_column width=&#8221;1\/2&#8243;][vc_single_image image=&#8221;3807&#8243; img_size=&#8221;full&#8221; alignment=&#8221;center&#8221;][\/vc_column][vc_column width=&#8221;1\/2&#8243;][vc_single_image image=&#8221;3810&#8243; img_size=&#8221;full&#8221;][\/vc_column][\/vc_row][vc_row][vc_column][vc_column_text]<\/p>\n<p style=\"text-align: center;\">After a tour of the cellar, the most interested can deepen their knowledge during an expert preblending tasting from barrels made by our different coopers. A rare and unique experience in the company of our Cellar Master. A tasting of a mystery vintage can also be offered.<\/p>\n<p>[\/vc_column_text][vc_column_text]<\/p>\n<p style=\"text-align: center;\"><a title=\"Nous contacter\" class=\"btn-editor-primary\" href=\"http:\/\/www.phelansegur.com\/nous-contacter\/\">Contact us<\/a><\/p>\n<p>[\/vc_column_text][\/vc_column][\/vc_row][vc_row][vc_column][vc_column_text]<\/p>\n<h2 style=\"text-align: center;\">The Experts&#8217; visit<\/h2>\n<p>[\/vc_column_text][\/vc_column][\/vc_row][vc_row][vc_column width=&#8221;1\/2&#8243;][vc_single_image image=&#8221;6787&#8243; img_size=&#8221;full&#8221; alignment=&#8221;center&#8221;][\/vc_column][vc_column width=&#8221;1\/2&#8243;][vc_single_image image=&#8221;5772&#8243; img_size=&#8221;full&#8221;][\/vc_column][\/vc_row][vc_row][vc_column][vc_column_text]<\/p>\n<p style=\"text-align: center;\">Enjoy an immersive experience at Ch\u00e2teau Ph\u00e9lan S\u00e9gur. Discover our great Saint-Est\u00e8phe terroirs with the Vineyard Manager, then learn the secrets of ageing with the Cellar Master. Finish with a vertical tasting of three vintages of the Grand Vin.<\/p>\n<p>[\/vc_column_text][vc_column_text]<\/p>\n<p style=\"text-align: center;\"><a title=\"Nous contacter\" class=\"btn-editor-primary\" href=\"http:\/\/www.phelansegur.com\/nous-contacter\/\">Contact us<\/a><\/p>\n<p>[\/vc_column_text][\/vc_column][\/vc_row]<\/p>\n","protected":false},"excerpt":{"rendered":"<p>[vc_row][vc_column][vc_separator color=&#8221;white&#8221;][vc_column_text] Estate tour and vertical tasting [\/vc_column_text][\/vc_column][\/vc_row][vc_row][vc_column width=&#8221;1\/2&#8243;][vc_single_image image=&#8221;1706&#8243; img_size=&#8221;full&#8221; alignment=&#8221;center&#8221;][\/vc_column][vc_column width=&#8221;1\/2&#8243;][vc_single_image image=&#8221;1286&#8243; img_size=&#8221;full&#8221; alignment=&#8221;center&#8221;][\/vc_column][\/vc_row][vc_row][vc_column][vc_column_text] With its unique architecture, breathtaking views over the Gironde and noble terroir, Ch\u00e2teau Ph\u00e9lan S\u00e9gur is a classic landmark. From vineyard to cellar, a tour of the estate reveals the spirit of a family, the terroir of St Est\u00e8phe [&hellip;]<\/p>\n","protected":false},"author":3,"featured_media":3998,"parent":0,"menu_order":0,"comment_status":"open","ping_status":"open","template":"","meta":[],"acf":[],"yoast_head":"<!-- This site is optimized with the Yoast SEO plugin v15.4 - https:\/\/yoast.com\/wordpress\/plugins\/seo\/ -->\n<meta name=\"robots\" content=\"index, follow, max-snippet:-1, max-image-preview:large, max-video-preview:-1\" \/>\n<link rel=\"canonical\" href=\"https:\/\/www.phelansegur.com\/en\/visites\/\" \/>\n<meta property=\"og:locale\" content=\"en_US\" \/>\n<meta property=\"og:type\" content=\"article\" \/>\n<meta property=\"og:title\" content=\"Tours - Ch\u00e2teau Ph\u00e9lan S\u00e9gur\" \/>\n<meta property=\"og:description\" content=\"[vc_row][vc_column][vc_separator color=&#8221;white&#8221;][vc_column_text] Estate tour and vertical tasting [\/vc_column_text][\/vc_column][\/vc_row][vc_row][vc_column width=&#8221;1\/2&#8243;][vc_single_image image=&#8221;1706&#8243; img_size=&#8221;full&#8221; alignment=&#8221;center&#8221;][\/vc_column][vc_column width=&#8221;1\/2&#8243;][vc_single_image image=&#8221;1286&#8243; img_size=&#8221;full&#8221; alignment=&#8221;center&#8221;][\/vc_column][\/vc_row][vc_row][vc_column][vc_column_text] With its unique architecture, breathtaking views over the Gironde and noble terroir, Ch\u00e2teau Ph\u00e9lan S\u00e9gur is a classic landmark. From vineyard to cellar, a tour of the estate reveals the spirit of a family, the terroir of St Est\u00e8phe [&hellip;]\" \/>\n<meta property=\"og:url\" content=\"https:\/\/www.phelansegur.com\/en\/visites\/\" \/>\n<meta property=\"og:site_name\" content=\"Ch\u00e2teau Ph\u00e9lan S\u00e9gur\" \/>\n<meta property=\"article:modified_time\" content=\"2024-12-18T12:41:39+00:00\" \/>\n<meta property=\"og:image\" content=\"https:\/\/www.phelansegur.com\/wp-content\/uploads\/2015\/01\/Chateau-Phelan-Segur-Vue-Gironde-_00881.jpg\" \/>\n\t<meta property=\"og:image:width\" content=\"1000\" \/>\n\t<meta property=\"og:image:height\" content=\"667\" \/>\n<meta name=\"twitter:card\" content=\"summary_large_image\" \/>\n<meta name=\"twitter:label1\" content=\"Written by\">\n\t<meta name=\"twitter:data1\" content=\"allison\">\n\t<meta name=\"twitter:label2\" content=\"Est. reading time\">\n\t<meta name=\"twitter:data2\" content=\"2 minutes\">\n<script type=\"application\/ld+json\" class=\"yoast-schema-graph\">{\"@context\":\"https:\/\/schema.org\",\"@graph\":[{\"@type\":\"Organization\",\"@id\":\"https:\/\/www.phelansegur.com\/#organization\",\"name\":\"Ch\\u00e2teau Ph\\u00e9lan S\\u00e9gur\",\"url\":\"https:\/\/www.phelansegur.com\/\",\"sameAs\":[\"https:\/\/www.instagram.com\/phelansegur\/\"],\"logo\":{\"@type\":\"ImageObject\",\"@id\":\"https:\/\/www.phelansegur.com\/#logo\",\"inLanguage\":\"en-US\",\"url\":\"https:\/\/www.phelansegur.com\/wp-content\/uploads\/2020\/03\/logo-phelansegur.jpg\",\"width\":500,\"height\":200,\"caption\":\"Ch\\u00e2teau Ph\\u00e9lan S\\u00e9gur\"},\"image\":{\"@id\":\"https:\/\/www.phelansegur.com\/#logo\"}},{\"@type\":\"WebSite\",\"@id\":\"https:\/\/www.phelansegur.com\/#website\",\"url\":\"https:\/\/www.phelansegur.com\/\",\"name\":\"Ch\\u00e2teau Ph\\u00e9lan S\\u00e9gur\",\"description\":\"Saint Est\\u00e8phe\",\"publisher\":{\"@id\":\"https:\/\/www.phelansegur.com\/#organization\"},\"potentialAction\":[{\"@type\":\"SearchAction\",\"target\":\"https:\/\/www.phelansegur.com\/?s={search_term_string}\",\"query-input\":\"required name=search_term_string\"}],\"inLanguage\":\"en-US\"},{\"@type\":\"ImageObject\",\"@id\":\"https:\/\/www.phelansegur.com\/en\/visites\/#primaryimage\",\"inLanguage\":\"en-US\",\"url\":\"https:\/\/www.phelansegur.com\/wp-content\/uploads\/2015\/01\/Chateau-Phelan-Segur-Vue-Gironde-_00881.jpg\",\"width\":1000,\"height\":667},{\"@type\":\"WebPage\",\"@id\":\"https:\/\/www.phelansegur.com\/en\/visites\/#webpage\",\"url\":\"https:\/\/www.phelansegur.com\/en\/visites\/\",\"name\":\"Tours - Ch\\u00e2teau Ph\\u00e9lan S\\u00e9gur\",\"isPartOf\":{\"@id\":\"https:\/\/www.phelansegur.com\/#website\"},\"primaryImageOfPage\":{\"@id\":\"https:\/\/www.phelansegur.com\/en\/visites\/#primaryimage\"},\"datePublished\":\"2015-01-05T15:12:21+00:00\",\"dateModified\":\"2024-12-18T12:41:39+00:00\",\"breadcrumb\":{\"@id\":\"https:\/\/www.phelansegur.com\/en\/visites\/#breadcrumb\"},\"inLanguage\":\"en-US\",\"potentialAction\":[{\"@type\":\"ReadAction\",\"target\":[\"https:\/\/www.phelansegur.com\/en\/visites\/\"]}]},{\"@type\":\"BreadcrumbList\",\"@id\":\"https:\/\/www.phelansegur.com\/en\/visites\/#breadcrumb\",\"itemListElement\":[{\"@type\":\"ListItem\",\"position\":1,\"item\":{\"@type\":\"WebPage\",\"@id\":\"https:\/\/www.phelansegur.com\/en\/\",\"url\":\"https:\/\/www.phelansegur.com\/en\/\",\"name\":\"Page d'accueil\"}},{\"@type\":\"ListItem\",\"position\":2,\"item\":{\"@type\":\"WebPage\",\"@id\":\"https:\/\/www.phelansegur.com\/en\/visites\/\",\"url\":\"https:\/\/www.phelansegur.com\/en\/visites\/\",\"name\":\"Tours\"}}]}]}<\/script>\n<!-- \/ Yoast SEO plugin. -->","_links":{"self":[{"href":"https:\/\/www.phelansegur.com\/en\/wp-json\/wp\/v2\/pages\/358"}],"collection":[{"href":"https:\/\/www.phelansegur.com\/en\/wp-json\/wp\/v2\/pages"}],"about":[{"href":"https:\/\/www.phelansegur.com\/en\/wp-json\/wp\/v2\/types\/page"}],"author":[{"embeddable":true,"href":"https:\/\/www.phelansegur.com\/en\/wp-json\/wp\/v2\/users\/3"}],"replies":[{"embeddable":true,"href":"https:\/\/www.phelansegur.com\/en\/wp-json\/wp\/v2\/comments?post=358"}],"version-history":[{"count":6,"href":"https:\/\/www.phelansegur.com\/en\/wp-json\/wp\/v2\/pages\/358\/revisions"}],"predecessor-version":[{"id":6791,"href":"https:\/\/www.phelansegur.com\/en\/wp-json\/wp\/v2\/pages\/358\/revisions\/6791"}],"wp:featuredmedia":[{"embeddable":true,"href":"https:\/\/www.phelansegur.com\/en\/wp-json\/wp\/v2\/media\/3998"}],"wp:attachment":[{"href":"https:\/\/www.phelansegur.com\/en\/wp-json\/wp\/v2\/media?parent=358"}],"curies":[{"name":"wp","href":"https:\/\/api.w.org\/{rel}","templated":true}]}}