{"id":5835,"date":"2023-01-30T13:11:34","date_gmt":"2023-01-30T13:11:34","guid":{"rendered":"https:\/\/www.phelansegur.com\/primeurs-2021\/"},"modified":"2024-04-10T08:35:06","modified_gmt":"2024-04-10T08:35:06","slug":"primeurs-2022","status":"publish","type":"page","link":"https:\/\/www.phelansegur.com\/en\/primeurs-2022\/","title":{"rendered":"Primeurs 2022"},"content":{"rendered":"<p>[vc_row css=&#8221;.vc_custom_1677662211973{margin-top: 20px !important;}&#8221;][vc_column width=&#8221;1\/6&#8243;][\/vc_column][vc_column width=&#8221;2\/3&#8243; css=&#8221;.vc_custom_1677661246172{margin-top: 20px !important;}&#8221;][vc_column_text]<\/p>\n<h2><span style=\"color: #cd163f;\">Ch\u00e2teau Ph\u00e9lan S\u00e9gur 2022, a monumental vintage<\/span><\/h2>\n<p style=\"text-align: justify;\"><span>Happy end! The year was early, the frost spared us, flowering was even. And yet, it only took 15 minutes to wipe out a year\u2019s work on our plots in the north of the appellation. The suddenness and violence of the hailstorm on 20 June were unprecedented. <\/span><\/p>\n<p style=\"text-align: justify;\"><span>After the shock, all hands turned to providing the necessary care for the vineyard! Relief! While the summer remained dry and the heat was oppressive, the vineyards supported by the finely tuned work of the winegrowers, bravely withstood this new trial! <\/span><\/p>\n<p style=\"text-align: justify;\"><span>Respect and admiration! After a historically short and low-yielding harvest, this extraordinary fruit was vinified with precision and delicacy. The key was to retain the freshness and balance of grapes with unprecedented concentration and structure. The result is enthralling for its richness and power. <\/span><\/p>\n<p style=\"text-align: justify;\"><span>Wonder! Finally, 2022 will go down in the history of the estate as being the last vintage for Luc Peyronnet, Vineyard Manager, who served our beautiful vineyard with talent, humility and passion for 30 years. I join the Gardinier family in thanking him for his commitment to his teams and to the estate! Fond regards!\u00a0<\/span><\/p>\n<p style=\"text-align: left;\"><strong>Phili<\/strong><strong>ppe<\/strong><strong> Van de Vyvere<\/strong><\/p>\n<p><a href=\"https:\/\/www.phelansegur.com\/wp-content\/uploads\/2023\/04\/Chateau-Phelan-Segur-_-Highlights-of-the-2022-vintage-1.pdf\" target=\"_blank\" rel=\"noopener\">Read the highlights of the vintage<\/a>[\/vc_column_text][vc_row_inner][vc_column_inner][vc_video link=&#8221;https:\/\/www.youtube.com\/watch?v=nTMb4NyQvJA&#8221; align=&#8221;center&#8221; css_animation=&#8221;bottom-to-top&#8221; css=&#8221;.vc_custom_1680769583956{margin-top: 40px !important;}&#8221;][\/vc_column_inner][\/vc_row_inner][\/vc_column][vc_column width=&#8221;1\/6&#8243;][\/vc_column][\/vc_row][vc_row css=&#8221;.vc_custom_1685702835132{margin-top: 80px !important;}&#8221;][vc_column][vc_column_text]<\/p>\n<h2 style=\"text-align: center;\"><a href=\"https:\/\/www.phelansegur.com\/wp-content\/uploads\/2023\/06\/Chateau-Phelan-Segur-2022-_-Press-review.pdf\">Ch\u00e2teau Ph\u00e9lan S\u00e9gur 2022 _ Press review<\/a><\/h2>\n<h4 style=\"text-align: center;\"><strong><a href=\"https:\/\/www.phelansegur.com\/wp-content\/uploads\/2023\/06\/Chateau-Phelan-Segur-2022-_-Press-review.pdf\"><span style=\"color: #cd163f;\">Download<\/span><\/a><\/strong><\/h4>\n<p>[\/vc_column_text][\/vc_column][\/vc_row][vc_row css_animation=&#8221;none&#8221;][vc_column el_class=&#8221;press&#8221; el_id=&#8221;press&#8221;][vc_single_image image=&#8221;6075&#8243; img_size=&#8221;full&#8221;][vc_single_image image=&#8221;6089&#8243; img_size=&#8221;full&#8221;][vc_single_image image=&#8221;6092&#8243; img_size=&#8221;full&#8221;][vc_empty_space height=&#8221;40px&#8221;][\/vc_column][\/vc_row][vc_row css=&#8221;.vc_custom_1677661639405{margin-top: 60px !important;}&#8221;][vc_column][vc_column_text]<\/p>\n<h2>Ressources<\/h2>\n<p>[\/vc_column_text][\/vc_column][\/vc_row]<\/p>\n","protected":false},"excerpt":{"rendered":"<p>[vc_row css=&#8221;.vc_custom_1677662211973{margin-top: 20px !important;}&#8221;][vc_column width=&#8221;1\/6&#8243;][\/vc_column][vc_column width=&#8221;2\/3&#8243; css=&#8221;.vc_custom_1677661246172{margin-top: 20px !important;}&#8221;][vc_column_text] Ch\u00e2teau Ph\u00e9lan S\u00e9gur 2022, a monumental vintage Happy end! The year was early, the frost spared us, flowering was even. And yet, it only took 15 minutes to wipe out a year\u2019s work on our plots in the north of the appellation. The suddenness and violence [&hellip;]<\/p>\n","protected":false},"author":4,"featured_media":5877,"parent":0,"menu_order":0,"comment_status":"closed","ping_status":"closed","template":"page-primeurs.php","meta":[],"acf":[],"yoast_head":"<!-- This site is optimized with the Yoast SEO plugin v15.4 - https:\/\/yoast.com\/wordpress\/plugins\/seo\/ -->\n<meta name=\"robots\" content=\"noindex, nofollow\" \/>\n<meta property=\"og:locale\" content=\"en_US\" \/>\n<meta property=\"og:type\" content=\"article\" \/>\n<meta property=\"og:title\" content=\"Primeurs 2022 - Ch\u00e2teau Ph\u00e9lan S\u00e9gur\" \/>\n<meta property=\"og:description\" content=\"[vc_row css=&#8221;.vc_custom_1677662211973{margin-top: 20px !important;}&#8221;][vc_column width=&#8221;1\/6&#8243;][\/vc_column][vc_column width=&#8221;2\/3&#8243; css=&#8221;.vc_custom_1677661246172{margin-top: 20px !important;}&#8221;][vc_column_text] Ch\u00e2teau Ph\u00e9lan S\u00e9gur 2022, a monumental vintage Happy end! The year was early, the frost spared us, flowering was even. And yet, it only took 15 minutes to wipe out a year\u2019s work on our plots in the north of the appellation. The suddenness and violence [&hellip;]\" \/>\n<meta property=\"og:url\" content=\"https:\/\/www.phelansegur.com\/en\/primeurs-2022\/\" \/>\n<meta property=\"og:site_name\" content=\"Ch\u00e2teau Ph\u00e9lan S\u00e9gur\" \/>\n<meta property=\"article:modified_time\" content=\"2024-04-10T08:35:06+00:00\" \/>\n<meta property=\"og:image\" content=\"https:\/\/www.phelansegur.com\/wp-content\/uploads\/2023\/04\/Chateau-Phelan-Segur-2022-_-Photo-haut-de-page-1024x683.png\" \/>\n\t<meta property=\"og:image:width\" content=\"1024\" \/>\n\t<meta property=\"og:image:height\" content=\"683\" \/>\n<meta name=\"twitter:card\" content=\"summary_large_image\" \/>\n<meta name=\"twitter:label1\" content=\"Written by\">\n\t<meta name=\"twitter:data1\" content=\"dominique\">\n\t<meta name=\"twitter:label2\" content=\"Est. reading time\">\n\t<meta name=\"twitter:data2\" content=\"1 minute\">\n<script type=\"application\/ld+json\" class=\"yoast-schema-graph\">{\"@context\":\"https:\/\/schema.org\",\"@graph\":[{\"@type\":\"Organization\",\"@id\":\"https:\/\/www.phelansegur.com\/#organization\",\"name\":\"Ch\\u00e2teau Ph\\u00e9lan S\\u00e9gur\",\"url\":\"https:\/\/www.phelansegur.com\/\",\"sameAs\":[\"https:\/\/www.instagram.com\/phelansegur\/\"],\"logo\":{\"@type\":\"ImageObject\",\"@id\":\"https:\/\/www.phelansegur.com\/#logo\",\"inLanguage\":\"en-US\",\"url\":\"https:\/\/www.phelansegur.com\/wp-content\/uploads\/2020\/03\/logo-phelansegur.jpg\",\"width\":500,\"height\":200,\"caption\":\"Ch\\u00e2teau Ph\\u00e9lan S\\u00e9gur\"},\"image\":{\"@id\":\"https:\/\/www.phelansegur.com\/#logo\"}},{\"@type\":\"WebSite\",\"@id\":\"https:\/\/www.phelansegur.com\/#website\",\"url\":\"https:\/\/www.phelansegur.com\/\",\"name\":\"Ch\\u00e2teau Ph\\u00e9lan S\\u00e9gur\",\"description\":\"Saint Est\\u00e8phe\",\"publisher\":{\"@id\":\"https:\/\/www.phelansegur.com\/#organization\"},\"potentialAction\":[{\"@type\":\"SearchAction\",\"target\":\"https:\/\/www.phelansegur.com\/?s={search_term_string}\",\"query-input\":\"required name=search_term_string\"}],\"inLanguage\":\"en-US\"},{\"@type\":\"ImageObject\",\"@id\":\"https:\/\/www.phelansegur.com\/en\/primeurs-2022\/#primaryimage\",\"inLanguage\":\"en-US\",\"url\":\"https:\/\/www.phelansegur.com\/wp-content\/uploads\/2023\/04\/Chateau-Phelan-Segur-2022-_-Photo-haut-de-page.png\",\"width\":6000,\"height\":4000},{\"@type\":\"WebPage\",\"@id\":\"https:\/\/www.phelansegur.com\/en\/primeurs-2022\/#webpage\",\"url\":\"https:\/\/www.phelansegur.com\/en\/primeurs-2022\/\",\"name\":\"Primeurs 2022 - Ch\\u00e2teau Ph\\u00e9lan S\\u00e9gur\",\"isPartOf\":{\"@id\":\"https:\/\/www.phelansegur.com\/#website\"},\"primaryImageOfPage\":{\"@id\":\"https:\/\/www.phelansegur.com\/en\/primeurs-2022\/#primaryimage\"},\"datePublished\":\"2023-01-30T13:11:34+00:00\",\"dateModified\":\"2024-04-10T08:35:06+00:00\",\"breadcrumb\":{\"@id\":\"https:\/\/www.phelansegur.com\/en\/primeurs-2022\/#breadcrumb\"},\"inLanguage\":\"en-US\",\"potentialAction\":[{\"@type\":\"ReadAction\",\"target\":[\"https:\/\/www.phelansegur.com\/en\/primeurs-2022\/\"]}]},{\"@type\":\"BreadcrumbList\",\"@id\":\"https:\/\/www.phelansegur.com\/en\/primeurs-2022\/#breadcrumb\",\"itemListElement\":[{\"@type\":\"ListItem\",\"position\":1,\"item\":{\"@type\":\"WebPage\",\"@id\":\"https:\/\/www.phelansegur.com\/en\/\",\"url\":\"https:\/\/www.phelansegur.com\/en\/\",\"name\":\"Page d'accueil\"}},{\"@type\":\"ListItem\",\"position\":2,\"item\":{\"@type\":\"WebPage\",\"@id\":\"https:\/\/www.phelansegur.com\/en\/primeurs-2022\/\",\"url\":\"https:\/\/www.phelansegur.com\/en\/primeurs-2022\/\",\"name\":\"Primeurs 2022\"}}]}]}<\/script>\n<!-- \/ Yoast SEO plugin. -->","_links":{"self":[{"href":"https:\/\/www.phelansegur.com\/en\/wp-json\/wp\/v2\/pages\/5835"}],"collection":[{"href":"https:\/\/www.phelansegur.com\/en\/wp-json\/wp\/v2\/pages"}],"about":[{"href":"https:\/\/www.phelansegur.com\/en\/wp-json\/wp\/v2\/types\/page"}],"author":[{"embeddable":true,"href":"https:\/\/www.phelansegur.com\/en\/wp-json\/wp\/v2\/users\/4"}],"replies":[{"embeddable":true,"href":"https:\/\/www.phelansegur.com\/en\/wp-json\/wp\/v2\/comments?post=5835"}],"version-history":[{"count":22,"href":"https:\/\/www.phelansegur.com\/en\/wp-json\/wp\/v2\/pages\/5835\/revisions"}],"predecessor-version":[{"id":6576,"href":"https:\/\/www.phelansegur.com\/en\/wp-json\/wp\/v2\/pages\/5835\/revisions\/6576"}],"wp:featuredmedia":[{"embeddable":true,"href":"https:\/\/www.phelansegur.com\/en\/wp-json\/wp\/v2\/media\/5877"}],"wp:attachment":[{"href":"https:\/\/www.phelansegur.com\/en\/wp-json\/wp\/v2\/media?parent=5835"}],"curies":[{"name":"wp","href":"https:\/\/api.w.org\/{rel}","templated":true}]}}