{"id":6485,"date":"2024-03-20T08:21:22","date_gmt":"2024-03-20T08:21:22","guid":{"rendered":"https:\/\/www.phelansegur.com\/?page_id=6485"},"modified":"2024-05-29T08:19:41","modified_gmt":"2024-05-29T08:19:41","slug":"primeurs-2023","status":"publish","type":"page","link":"https:\/\/www.phelansegur.com\/en\/primeurs-2023\/","title":{"rendered":"Primeurs 2023"},"content":{"rendered":"<p>[vc_row css=&#8221;.vc_custom_1712743074228{margin-top: 20px !important;}&#8221;][vc_column width=&#8221;1\/6&#8243;][\/vc_column][vc_column width=&#8221;2\/3&#8243; css=&#8221;.vc_custom_1677661246172{margin-top: 20px !important;}&#8221;][vc_column_text]<\/p>\n<p style=\"text-align: justify;\"><span style=\"color: #cd163f;\"><strong>What a delight to be back to a generous vintage and one of great quality!<\/strong> <\/span><\/p>\n<p style=\"text-align: justify;\">We had to deal with chaotic conditions throughout the year, even though the weather was kinder to us in Saint-Est\u00e8phe. We had to make strategic decisions in this war of nerves to reach optimum ripeness: leaf removal on our great Cabernet Sauvignon vines and a late start to the harvest, which was the longest in the estate\u2019s history. Fermentation with our indigenous yeasts of the year from each plot has given the purest, most direct expression of our terroirs. This immensely rich palette has produced a blend that I would describe as a \u00ab great contemporary classic \u00bb.<\/p>\n<p style=\"text-align: justify;\">In this 2023 vintage, I find everything that drives my love for the great wines of the left bank: balance, the nobility of the ripe tannins of great Cabernet Sauvignon, freshness, refinement, and all this underpinned by remarkable energy!<\/p>\n<p style=\"text-align: left;\"><strong>Phili<\/strong><strong>ppe<\/strong><strong> Van de Vyvere<\/strong><\/p>\n<p style=\"text-align: left;\"><a href=\"https:\/\/www.phelansegur.com\/wp-content\/uploads\/2024\/04\/Chateau-Phelan-Segur-2023-_-Highlights-of-the-vintage.pdf\" target=\"_blank\" rel=\"noopener\">Read the highlights of the vintage<\/a><\/p>\n<p>[\/vc_column_text][vc_row_inner][vc_column_inner][vc_video link=&#8221;https:\/\/www.youtube.com\/watch?v=Dve-7yOZvCk&#8221; align=&#8221;center&#8221; css_animation=&#8221;bottom-to-top&#8221; css=&#8221;.vc_custom_1712760764421{margin-top: 40px !important;}&#8221;][\/vc_column_inner][\/vc_row_inner][\/vc_column][vc_column width=&#8221;1\/6&#8243;][\/vc_column][\/vc_row][vc_row css=&#8221;.vc_custom_1715942535002{margin-top: 80px !important;}&#8221;][vc_column][vc_column_text]<\/p>\n<h2 style=\"text-align: center;\"><a href=\"https:\/\/www.phelansegur.com\/wp-content\/uploads\/2024\/05\/Chateau-Phelan-Segur-2023-_-Press-review-2.pdf\">Ch\u00e2teau Ph\u00e9lan S\u00e9gur 2023 _ Press review<\/a><\/h2>\n<h4 style=\"text-align: center;\"><strong><a href=\"https:\/\/www.phelansegur.com\/wp-content\/uploads\/2024\/05\/Chateau-Phelan-Segur-2023-_-Press-review-2.pdf\"><span style=\"color: #cd163f;\">Download<\/span><\/a><\/strong><\/h4>\n<p>[\/vc_column_text][\/vc_column][\/vc_row][vc_row css_animation=&#8221;none&#8221;][vc_column el_class=&#8221;press&#8221; el_id=&#8221;press&#8221;][vc_single_image image=&#8221;6670&#8243; img_size=&#8221;full&#8221;][vc_single_image image=&#8221;6642&#8243; img_size=&#8221;full&#8221;][vc_single_image image=&#8221;6657&#8243; img_size=&#8221;full&#8221;][vc_single_image image=&#8221;6654&#8243; img_size=&#8221;full&#8221;][vc_single_image image=&#8221;6666&#8243; img_size=&#8221;full&#8221;][vc_single_image image=&#8221;6630&#8243; img_size=&#8221;full&#8221;][vc_single_image image=&#8221;6648&#8243; img_size=&#8221;full&#8221;][vc_single_image image=&#8221;6636&#8243; img_size=&#8221;full&#8221;][vc_single_image image=&#8221;6633&#8243; img_size=&#8221;full&#8221;][vc_single_image image=&#8221;6651&#8243; img_size=&#8221;full&#8221;][vc_single_image image=&#8221;6639&#8243; img_size=&#8221;full&#8221;][vc_single_image image=&#8221;6660&#8243; img_size=&#8221;full&#8221;][vc_single_image image=&#8221;6663&#8243; img_size=&#8221;full&#8221;][vc_single_image image=&#8221;6645&#8243; img_size=&#8221;full&#8221;][vc_empty_space height=&#8221;40px&#8221;][\/vc_column][\/vc_row][vc_row css=&#8221;.vc_custom_1677661639405{margin-top: 60px !important;}&#8221;][vc_column][vc_column_text]<\/p>\n<h2>Ressources<\/h2>\n<p>[\/vc_column_text][\/vc_column][\/vc_row]<\/p>\n","protected":false},"excerpt":{"rendered":"<p>[vc_row css=&#8221;.vc_custom_1712743074228{margin-top: 20px !important;}&#8221;][vc_column width=&#8221;1\/6&#8243;][\/vc_column][vc_column width=&#8221;2\/3&#8243; css=&#8221;.vc_custom_1677661246172{margin-top: 20px !important;}&#8221;][vc_column_text] What a delight to be back to a generous vintage and one of great quality! We had to deal with chaotic conditions throughout the year, even though the weather was kinder to us in Saint-Est\u00e8phe. We had to make strategic decisions in this war of nerves [&hellip;]<\/p>\n","protected":false},"author":4,"featured_media":6532,"parent":0,"menu_order":0,"comment_status":"closed","ping_status":"closed","template":"page-primeurs.php","meta":[],"acf":[],"yoast_head":"<!-- This site is optimized with the Yoast SEO plugin v15.4 - https:\/\/yoast.com\/wordpress\/plugins\/seo\/ -->\n<meta name=\"robots\" content=\"noindex, nofollow\" \/>\n<meta property=\"og:locale\" content=\"en_US\" \/>\n<meta property=\"og:type\" content=\"article\" \/>\n<meta property=\"og:title\" content=\"Primeurs 2023 - Ch\u00e2teau Ph\u00e9lan S\u00e9gur\" \/>\n<meta property=\"og:description\" content=\"[vc_row css=&#8221;.vc_custom_1712743074228{margin-top: 20px !important;}&#8221;][vc_column width=&#8221;1\/6&#8243;][\/vc_column][vc_column width=&#8221;2\/3&#8243; css=&#8221;.vc_custom_1677661246172{margin-top: 20px !important;}&#8221;][vc_column_text] What a delight to be back to a generous vintage and one of great quality! We had to deal with chaotic conditions throughout the year, even though the weather was kinder to us in Saint-Est\u00e8phe. We had to make strategic decisions in this war of nerves [&hellip;]\" \/>\n<meta property=\"og:url\" content=\"https:\/\/www.phelansegur.com\/en\/primeurs-2023\/\" \/>\n<meta property=\"og:site_name\" content=\"Ch\u00e2teau Ph\u00e9lan S\u00e9gur\" \/>\n<meta property=\"article:modified_time\" content=\"2024-05-29T08:19:41+00:00\" \/>\n<meta name=\"twitter:card\" content=\"summary_large_image\" \/>\n<meta name=\"twitter:image\" content=\"https:\/\/www.phelansegur.com\/wp-content\/uploads\/2024\/04\/Echantillon-primeurs-2023-_-Chateau-Phelan-Segur.png\" \/>\n<meta name=\"twitter:label1\" content=\"Written by\">\n\t<meta name=\"twitter:data1\" content=\"dominique\">\n\t<meta name=\"twitter:label2\" content=\"Est. reading time\">\n\t<meta name=\"twitter:data2\" content=\"2 minutes\">\n<script type=\"application\/ld+json\" class=\"yoast-schema-graph\">{\"@context\":\"https:\/\/schema.org\",\"@graph\":[{\"@type\":\"Organization\",\"@id\":\"https:\/\/www.phelansegur.com\/#organization\",\"name\":\"Ch\\u00e2teau Ph\\u00e9lan S\\u00e9gur\",\"url\":\"https:\/\/www.phelansegur.com\/\",\"sameAs\":[\"https:\/\/www.instagram.com\/phelansegur\/\"],\"logo\":{\"@type\":\"ImageObject\",\"@id\":\"https:\/\/www.phelansegur.com\/#logo\",\"inLanguage\":\"en-US\",\"url\":\"https:\/\/www.phelansegur.com\/wp-content\/uploads\/2020\/03\/logo-phelansegur.jpg\",\"width\":500,\"height\":200,\"caption\":\"Ch\\u00e2teau Ph\\u00e9lan S\\u00e9gur\"},\"image\":{\"@id\":\"https:\/\/www.phelansegur.com\/#logo\"}},{\"@type\":\"WebSite\",\"@id\":\"https:\/\/www.phelansegur.com\/#website\",\"url\":\"https:\/\/www.phelansegur.com\/\",\"name\":\"Ch\\u00e2teau Ph\\u00e9lan S\\u00e9gur\",\"description\":\"Saint Est\\u00e8phe\",\"publisher\":{\"@id\":\"https:\/\/www.phelansegur.com\/#organization\"},\"potentialAction\":[{\"@type\":\"SearchAction\",\"target\":\"https:\/\/www.phelansegur.com\/?s={search_term_string}\",\"query-input\":\"required name=search_term_string\"}],\"inLanguage\":\"en-US\"},{\"@type\":\"ImageObject\",\"@id\":\"https:\/\/www.phelansegur.com\/en\/primeurs-2023\/#primaryimage\",\"inLanguage\":\"en-US\",\"url\":\"https:\/\/www.phelansegur.com\/wp-content\/uploads\/2024\/04\/Echantillon-primeurs-2023-_-Chateau-Phelan-Segur.png\"},{\"@type\":\"WebPage\",\"@id\":\"https:\/\/www.phelansegur.com\/en\/primeurs-2023\/#webpage\",\"url\":\"https:\/\/www.phelansegur.com\/en\/primeurs-2023\/\",\"name\":\"Primeurs 2023 - Ch\\u00e2teau Ph\\u00e9lan S\\u00e9gur\",\"isPartOf\":{\"@id\":\"https:\/\/www.phelansegur.com\/#website\"},\"primaryImageOfPage\":{\"@id\":\"https:\/\/www.phelansegur.com\/en\/primeurs-2023\/#primaryimage\"},\"datePublished\":\"2024-03-20T08:21:22+00:00\",\"dateModified\":\"2024-05-29T08:19:41+00:00\",\"breadcrumb\":{\"@id\":\"https:\/\/www.phelansegur.com\/en\/primeurs-2023\/#breadcrumb\"},\"inLanguage\":\"en-US\",\"potentialAction\":[{\"@type\":\"ReadAction\",\"target\":[\"https:\/\/www.phelansegur.com\/en\/primeurs-2023\/\"]}]},{\"@type\":\"BreadcrumbList\",\"@id\":\"https:\/\/www.phelansegur.com\/en\/primeurs-2023\/#breadcrumb\",\"itemListElement\":[{\"@type\":\"ListItem\",\"position\":1,\"item\":{\"@type\":\"WebPage\",\"@id\":\"https:\/\/www.phelansegur.com\/en\/\",\"url\":\"https:\/\/www.phelansegur.com\/en\/\",\"name\":\"Page d'accueil\"}},{\"@type\":\"ListItem\",\"position\":2,\"item\":{\"@type\":\"WebPage\",\"@id\":\"https:\/\/www.phelansegur.com\/en\/primeurs-2023\/\",\"url\":\"https:\/\/www.phelansegur.com\/en\/primeurs-2023\/\",\"name\":\"Primeurs 2023\"}}]}]}<\/script>\n<!-- \/ Yoast SEO plugin. -->","_links":{"self":[{"href":"https:\/\/www.phelansegur.com\/en\/wp-json\/wp\/v2\/pages\/6485"}],"collection":[{"href":"https:\/\/www.phelansegur.com\/en\/wp-json\/wp\/v2\/pages"}],"about":[{"href":"https:\/\/www.phelansegur.com\/en\/wp-json\/wp\/v2\/types\/page"}],"author":[{"embeddable":true,"href":"https:\/\/www.phelansegur.com\/en\/wp-json\/wp\/v2\/users\/4"}],"replies":[{"embeddable":true,"href":"https:\/\/www.phelansegur.com\/en\/wp-json\/wp\/v2\/comments?post=6485"}],"version-history":[{"count":23,"href":"https:\/\/www.phelansegur.com\/en\/wp-json\/wp\/v2\/pages\/6485\/revisions"}],"predecessor-version":[{"id":6709,"href":"https:\/\/www.phelansegur.com\/en\/wp-json\/wp\/v2\/pages\/6485\/revisions\/6709"}],"wp:featuredmedia":[{"embeddable":true,"href":"https:\/\/www.phelansegur.com\/en\/wp-json\/wp\/v2\/media\/6532"}],"wp:attachment":[{"href":"https:\/\/www.phelansegur.com\/en\/wp-json\/wp\/v2\/media?parent=6485"}],"curies":[{"name":"wp","href":"https:\/\/api.w.org\/{rel}","templated":true}]}}