{"id":7072,"date":"2026-03-24T10:08:52","date_gmt":"2026-03-24T10:08:52","guid":{"rendered":"https:\/\/www.phelansegur.com\/?page_id=7072"},"modified":"2026-03-30T09:26:48","modified_gmt":"2026-03-30T09:26:48","slug":"primeurs-2025","status":"publish","type":"page","link":"https:\/\/www.phelansegur.com\/en\/primeurs-2025\/","title":{"rendered":"Primeurs 2025"},"content":{"rendered":"<p>[vc_row css=&#8221;.vc_custom_1712743074228{margin-top: 20px !important;}&#8221;][vc_column width=&#8221;1\/6&#8243;][\/vc_column][vc_column width=&#8221;2\/3&#8243; css=&#8221;.vc_custom_1677661246172{margin-top: 20px !important;}&#8221;][vc_column_text]<\/p>\n<p style=\"text-align: justify;\"><span style=\"color: #cd163f;\"><strong>The 2025 vintage: a signature vintage! <\/strong><\/span><\/p>\n<p style=\"text-align: justify;\">\u201c<em>2025 is a vintage of precision, where each stage unfolded with great consistency. The weather conditions produced concentrated grapes, but our primary goal was to preserve the fruit\u2019s balance and harmony. The Cabernet Sauvignon grapes express themselves with great clarity, bringing freshness and structure. The wine stands out for its purity, the finesse of its tannins, its freshness, and its balance. It clearly embodies the signature of Ph\u00e9lan S\u00e9gur, in its most faithful and authentic form.<\/em>\u201d<\/p>\n<p style=\"text-align: left;\"><strong>Phili<\/strong><strong>ppe<\/strong><strong> Van de Vyvere<\/strong><\/p>\n<p style=\"text-align: left;\"><a href=\"https:\/\/www.phelansegur.com\/wp-content\/uploads\/2026\/03\/Highlights-of-the-2025-vintage.pdf\">Read the highlights of the vintage<\/a><\/p>\n<p>[\/vc_column_text][vc_row_inner disable_element=&#8221;yes&#8221;][vc_column_inner][vc_video link=&#8221;&#8221; align=&#8221;center&#8221; css_animation=&#8221;bottom-to-top&#8221; css=&#8221;.vc_custom_1774346780833{margin-top: 40px !important;}&#8221;][\/vc_column_inner][\/vc_row_inner][\/vc_column][vc_column width=&#8221;1\/6&#8243;][\/vc_column][\/vc_row][vc_row disable_element=&#8221;yes&#8221; css=&#8221;.vc_custom_1774346800071{margin-top: 80px !important;}&#8221;][vc_column][vc_column_text]<\/p>\n<h2 style=\"text-align: center;\"><a href=\"https:\/\/www.phelansegur.com\/wp-content\/uploads\/2025\/05\/Chateau-Phelan-Segur-2024-_-Press-review-1.pdf\">Ch\u00e2teau Ph\u00e9lan S\u00e9gur 2024 _ Press review<\/a><\/h2>\n<h4 style=\"text-align: center;\"><strong><a href=\"https:\/\/www.phelansegur.com\/wp-content\/uploads\/2025\/05\/Chateau-Phelan-Segur-2024-_-Press-review-1.pdf\"><span style=\"color: #cd163f;\">Download<\/span><\/a><\/strong><\/h4>\n<p>[\/vc_column_text][\/vc_column][\/vc_row][vc_row css_animation=&#8221;none&#8221; disable_element=&#8221;yes&#8221;][vc_column el_class=&#8221;press&#8221; el_id=&#8221;press&#8221;][vc_single_image image=&#8221;6670&#8243; img_size=&#8221;full&#8221;][vc_single_image image=&#8221;6642&#8243; img_size=&#8221;full&#8221;][vc_single_image image=&#8221;6657&#8243; img_size=&#8221;full&#8221;][vc_single_image image=&#8221;6654&#8243; img_size=&#8221;full&#8221;][vc_single_image image=&#8221;6666&#8243; img_size=&#8221;full&#8221;][vc_single_image image=&#8221;6630&#8243; img_size=&#8221;full&#8221;][vc_single_image image=&#8221;6648&#8243; img_size=&#8221;full&#8221;][vc_single_image image=&#8221;6636&#8243; img_size=&#8221;full&#8221;][vc_single_image image=&#8221;6633&#8243; img_size=&#8221;full&#8221;][vc_single_image image=&#8221;6651&#8243; img_size=&#8221;full&#8221;][vc_single_image image=&#8221;6639&#8243; img_size=&#8221;full&#8221;][vc_single_image image=&#8221;6660&#8243; img_size=&#8221;full&#8221;][vc_single_image image=&#8221;6663&#8243; img_size=&#8221;full&#8221;][vc_single_image image=&#8221;6645&#8243; img_size=&#8221;full&#8221;][vc_empty_space height=&#8221;40px&#8221;][\/vc_column][\/vc_row][vc_row css=&#8221;.vc_custom_1677661639405{margin-top: 60px !important;}&#8221;][vc_column][vc_column_text]<\/p>\n<h2>Ressources<\/h2>\n<p>[\/vc_column_text][\/vc_column][\/vc_row]<\/p>\n","protected":false},"excerpt":{"rendered":"<p>[vc_row css=&#8221;.vc_custom_1712743074228{margin-top: 20px !important;}&#8221;][vc_column width=&#8221;1\/6&#8243;][\/vc_column][vc_column width=&#8221;2\/3&#8243; css=&#8221;.vc_custom_1677661246172{margin-top: 20px !important;}&#8221;][vc_column_text] The 2025 vintage: a signature vintage! \u201c2025 is a vintage of precision, where each stage unfolded with great consistency. The weather conditions produced concentrated grapes, but our primary goal was to preserve the fruit\u2019s balance and harmony. The Cabernet Sauvignon grapes express themselves with great clarity, [&hellip;]<\/p>\n","protected":false},"author":4,"featured_media":7061,"parent":0,"menu_order":0,"comment_status":"closed","ping_status":"closed","template":"page-primeurs.php","meta":[],"acf":[],"yoast_head":"<!-- This site is optimized with the Yoast SEO plugin v15.4 - https:\/\/yoast.com\/wordpress\/plugins\/seo\/ -->\n<meta name=\"robots\" content=\"noindex, nofollow\" \/>\n<meta property=\"og:locale\" content=\"en_US\" \/>\n<meta property=\"og:type\" content=\"article\" \/>\n<meta property=\"og:title\" content=\"Primeurs 2025 - Ch\u00e2teau Ph\u00e9lan S\u00e9gur\" \/>\n<meta property=\"og:description\" content=\"[vc_row css=&#8221;.vc_custom_1712743074228{margin-top: 20px !important;}&#8221;][vc_column width=&#8221;1\/6&#8243;][\/vc_column][vc_column width=&#8221;2\/3&#8243; css=&#8221;.vc_custom_1677661246172{margin-top: 20px !important;}&#8221;][vc_column_text] The 2025 vintage: a signature vintage! \u201c2025 is a vintage of precision, where each stage unfolded with great consistency. The weather conditions produced concentrated grapes, but our primary goal was to preserve the fruit\u2019s balance and harmony. The Cabernet Sauvignon grapes express themselves with great clarity, [&hellip;]\" \/>\n<meta property=\"og:url\" content=\"https:\/\/www.phelansegur.com\/en\/primeurs-2025\/\" \/>\n<meta property=\"og:site_name\" content=\"Ch\u00e2teau Ph\u00e9lan S\u00e9gur\" \/>\n<meta property=\"article:modified_time\" content=\"2026-03-30T09:26:48+00:00\" \/>\n<meta property=\"og:image\" content=\"https:\/\/www.phelansegur.com\/wp-content\/uploads\/2026\/03\/Echantillon-primeurs-2025-1024x664.png\" \/>\n\t<meta property=\"og:image:width\" content=\"1024\" \/>\n\t<meta property=\"og:image:height\" content=\"664\" \/>\n<meta name=\"twitter:card\" content=\"summary_large_image\" \/>\n<meta name=\"twitter:label1\" content=\"Written by\">\n\t<meta name=\"twitter:data1\" content=\"dominique\">\n\t<meta name=\"twitter:label2\" content=\"Est. reading time\">\n\t<meta name=\"twitter:data2\" content=\"1 minute\">\n<script type=\"application\/ld+json\" class=\"yoast-schema-graph\">{\"@context\":\"https:\/\/schema.org\",\"@graph\":[{\"@type\":\"Organization\",\"@id\":\"https:\/\/www.phelansegur.com\/#organization\",\"name\":\"Ch\\u00e2teau Ph\\u00e9lan S\\u00e9gur\",\"url\":\"https:\/\/www.phelansegur.com\/\",\"sameAs\":[\"https:\/\/www.instagram.com\/phelansegur\/\"],\"logo\":{\"@type\":\"ImageObject\",\"@id\":\"https:\/\/www.phelansegur.com\/#logo\",\"inLanguage\":\"en-US\",\"url\":\"https:\/\/www.phelansegur.com\/wp-content\/uploads\/2020\/03\/logo-phelansegur.jpg\",\"width\":500,\"height\":200,\"caption\":\"Ch\\u00e2teau Ph\\u00e9lan S\\u00e9gur\"},\"image\":{\"@id\":\"https:\/\/www.phelansegur.com\/#logo\"}},{\"@type\":\"WebSite\",\"@id\":\"https:\/\/www.phelansegur.com\/#website\",\"url\":\"https:\/\/www.phelansegur.com\/\",\"name\":\"Ch\\u00e2teau Ph\\u00e9lan S\\u00e9gur\",\"description\":\"Saint Est\\u00e8phe\",\"publisher\":{\"@id\":\"https:\/\/www.phelansegur.com\/#organization\"},\"potentialAction\":[{\"@type\":\"SearchAction\",\"target\":\"https:\/\/www.phelansegur.com\/?s={search_term_string}\",\"query-input\":\"required name=search_term_string\"}],\"inLanguage\":\"en-US\"},{\"@type\":\"ImageObject\",\"@id\":\"https:\/\/www.phelansegur.com\/en\/primeurs-2025\/#primaryimage\",\"inLanguage\":\"en-US\",\"url\":\"https:\/\/www.phelansegur.com\/wp-content\/uploads\/2026\/03\/Echantillon-primeurs-2025.png\",\"width\":4909,\"height\":3184},{\"@type\":\"WebPage\",\"@id\":\"https:\/\/www.phelansegur.com\/en\/primeurs-2025\/#webpage\",\"url\":\"https:\/\/www.phelansegur.com\/en\/primeurs-2025\/\",\"name\":\"Primeurs 2025 - Ch\\u00e2teau Ph\\u00e9lan S\\u00e9gur\",\"isPartOf\":{\"@id\":\"https:\/\/www.phelansegur.com\/#website\"},\"primaryImageOfPage\":{\"@id\":\"https:\/\/www.phelansegur.com\/en\/primeurs-2025\/#primaryimage\"},\"datePublished\":\"2026-03-24T10:08:52+00:00\",\"dateModified\":\"2026-03-30T09:26:48+00:00\",\"breadcrumb\":{\"@id\":\"https:\/\/www.phelansegur.com\/en\/primeurs-2025\/#breadcrumb\"},\"inLanguage\":\"en-US\",\"potentialAction\":[{\"@type\":\"ReadAction\",\"target\":[\"https:\/\/www.phelansegur.com\/en\/primeurs-2025\/\"]}]},{\"@type\":\"BreadcrumbList\",\"@id\":\"https:\/\/www.phelansegur.com\/en\/primeurs-2025\/#breadcrumb\",\"itemListElement\":[{\"@type\":\"ListItem\",\"position\":1,\"item\":{\"@type\":\"WebPage\",\"@id\":\"https:\/\/www.phelansegur.com\/en\/\",\"url\":\"https:\/\/www.phelansegur.com\/en\/\",\"name\":\"Page d'accueil\"}},{\"@type\":\"ListItem\",\"position\":2,\"item\":{\"@type\":\"WebPage\",\"@id\":\"https:\/\/www.phelansegur.com\/en\/primeurs-2025\/\",\"url\":\"https:\/\/www.phelansegur.com\/en\/primeurs-2025\/\",\"name\":\"Primeurs 2025\"}}]}]}<\/script>\n<!-- \/ Yoast SEO plugin. -->","_links":{"self":[{"href":"https:\/\/www.phelansegur.com\/en\/wp-json\/wp\/v2\/pages\/7072"}],"collection":[{"href":"https:\/\/www.phelansegur.com\/en\/wp-json\/wp\/v2\/pages"}],"about":[{"href":"https:\/\/www.phelansegur.com\/en\/wp-json\/wp\/v2\/types\/page"}],"author":[{"embeddable":true,"href":"https:\/\/www.phelansegur.com\/en\/wp-json\/wp\/v2\/users\/4"}],"replies":[{"embeddable":true,"href":"https:\/\/www.phelansegur.com\/en\/wp-json\/wp\/v2\/comments?post=7072"}],"version-history":[{"count":6,"href":"https:\/\/www.phelansegur.com\/en\/wp-json\/wp\/v2\/pages\/7072\/revisions"}],"predecessor-version":[{"id":7114,"href":"https:\/\/www.phelansegur.com\/en\/wp-json\/wp\/v2\/pages\/7072\/revisions\/7114"}],"wp:featuredmedia":[{"embeddable":true,"href":"https:\/\/www.phelansegur.com\/en\/wp-json\/wp\/v2\/media\/7061"}],"wp:attachment":[{"href":"https:\/\/www.phelansegur.com\/en\/wp-json\/wp\/v2\/media?parent=7072"}],"curies":[{"name":"wp","href":"https:\/\/api.w.org\/{rel}","templated":true}]}}