{"id":2567,"date":"2016-12-08T16:06:03","date_gmt":"2016-12-08T16:06:03","guid":{"rendered":"http:\/\/www.phelansegur.com\/?page_id=2567"},"modified":"2017-01-12T13:38:27","modified_gmt":"2017-01-12T13:38:27","slug":"%e3%83%95%e3%83%a9%e3%83%b3%e3%82%af%e3%83%bb%e3%83%95%e3%82%a7%e3%83%a9%e3%83%b3","status":"publish","type":"page","link":"https:\/\/www.phelansegur.com\/ja\/%e3%83%95%e3%83%a9%e3%83%b3%e3%82%af%e3%83%bb%e3%83%95%e3%82%a7%e3%83%a9%e3%83%b3\/","title":{"rendered":"\u30d5\u30e9\u30f3\u30af\u30fb\u30d5\u30a7\u30e9\u30f3"},"content":{"rendered":"<p>[vc_row][vc_column width=&#8221;1\/6&#8243;][\/vc_column][vc_column width=&#8221;2\/3&#8243;][vc_column_text]<\/p>\n<p style=\"text-align: justify;\">\u30b7\u30e3\u30c8\u30fc\u30fb\u30d5\u30a7\u30e9\u30f3\u30fb\u30bb\u30ae\u30e5\u30fc\u30eb\u306e\u30bb\u30ab\u30f3\u30c9\u30ef\u30a4\u30f3\u300c\u30d5\u30e9\u30f3\u30af\u30fb\u30d5\u30a7\u30e9\u30f3\u300d\u306f1986\u5e74\u306b\u767a\u8868\u3055\u308c\u307e\u3057\u305f\u3002\u30ef\u30a4\u30ca\u30ea\u30fc\u5275\u696d\u8005\u3001\u30d9\u30eb\u30ca\u30fc\u30eb\u30fb\u30d5\u30a7\u30e9\u30f3\u306e\u606f\u5b50\u306e\u540d\u3092\u51a0\u3057\u3066\u3044\u307e\u3059\u3002\u300c\u30d5\u30e9\u30f3\u30af\u30fb\u30d5\u30a7\u30e9\u30f3\u300d\u306e\u751f\u7523\u306b\u306f\u3001\u53e4\u682a\u30d6\u30c9\u30a6\u533a\u753b15\u30d8\u30af\u30bf\u30fc\u30eb\u3068\u3068\u3082\u306b\u3001\u6a39\u9f6210\u5e74\u672a\u6e80\u306e\u53b3\u9078\u30d6\u30c9\u30a6\u6a39\u3092\u4f7f\u7528\u3057\u3066\u3044\u307e\u3059\u3002\u30b7\u30e3\u30c8\u30fc\u4f1d\u7d71\u306e\u4fa1\u5024\u57fa\u6e96\u306f\u305d\u306e\u307e\u307e\u306b\u3001\u30c6\u30ed\u30ef\u30fc\u30eb\u306e\u65b0\u305f\u306a\u4e00\u9762\u3092\u304a\u697d\u3057\u307f\u3044\u305f\u3060\u3051\u308b\u30ef\u30a4\u30f3\u3067\u3059\u3002<\/p>\n<p style=\"text-align: justify;\">\u300c\u30d5\u30e9\u30f3\u30af\u30fb\u30d5\u30a7\u30e9\u30f3\u300d\u306f\u3001\u5473\u308f\u3044\u6df1\u304f\u6fc3\u539a\u306a\u679c\u5b9f\u5473\u3092\u305f\u3063\u3077\u308a\u3068\u542b\u307f\u3001\u30b7\u30eb\u30af\u306e\u3088\u3046\u306b\u306a\u3081\u3089\u304b\u306a\u30bf\u30f3\u30cb\u30f3\u304b\u3089\u306a\u308b\u30b9\u30c8\u30e9\u30af\u30c1\u30e5\u30a2\u306f\u6975\u3081\u3066\u30a8\u30ec\u30ac\u30f3\u30c8\u3002\u5b9f\u306b\u898b\u4e8b\u306a\u8abf\u548c\u3092\u91b8\u3057\u51fa\u3057\u3066\u3044\u307e\u3059\u3002\u80b2\u6210\u671f\u9593\u306f14\u30f6\u6708\u3002\u4e38\u3055\u3068\u3057\u306a\u3084\u304b\u306a\u98a8\u5473\u304c\u9b45\u529b\u3067\u3001\u719f\u6210\u306e\u6d45\u3044\u82e5\u3044\u3046\u3061\u304b\u3089\u7f8e\u5473\u3057\u304f\u304a\u697d\u3057\u307f\u3044\u305f\u3060\u3051\u307e\u3059\u3002<\/p>\n<h2 style=\"text-align: center;\"><\/h2>\n<p>[\/vc_column_text][\/vc_column][vc_column width=&#8221;1\/6&#8243;][\/vc_column][\/vc_row][vc_row][vc_column width=&#8221;1\/1&#8243;][vc_single_image image=&#8221;849&#8243; border_color=&#8221;grey&#8221; img_link_target=&#8221;_self&#8221; img_size=&#8221;full&#8221; alignment=&#8221;center&#8221;][\/vc_column][\/vc_row]<\/p>\n","protected":false},"excerpt":{"rendered":"<p>[vc_row][vc_column width=&#8221;1\/6&#8243;][\/vc_column][vc_column width=&#8221;2\/3&#8243;][vc_column_text] \u30b7\u30e3\u30c8 [&hellip;]<\/p>\n","protected":false},"author":3,"featured_media":0,"parent":0,"menu_order":0,"comment_status":"open","ping_status":"closed","template":"","meta":[],"acf":[],"yoast_head":"<!-- This site is optimized with the Yoast SEO plugin v15.4 - https:\/\/yoast.com\/wordpress\/plugins\/seo\/ -->\n<meta name=\"robots\" content=\"index, follow, max-snippet:-1, max-image-preview:large, max-video-preview:-1\" \/>\n<link rel=\"canonical\" href=\"https:\/\/www.phelansegur.com\/ja\/\u30d5\u30e9\u30f3\u30af\u30fb\u30d5\u30a7\u30e9\u30f3\/\" \/>\n<meta property=\"og:locale\" content=\"ja_JP\" \/>\n<meta property=\"og:type\" content=\"article\" \/>\n<meta property=\"og:title\" content=\"\u30d5\u30e9\u30f3\u30af\u30fb\u30d5\u30a7\u30e9\u30f3 - Ch\u00e2teau Ph\u00e9lan S\u00e9gur\" \/>\n<meta property=\"og:description\" content=\"[vc_row][vc_column width=&#8221;1\/6&#8243;][\/vc_column][vc_column width=&#8221;2\/3&#8243;][vc_column_text] \u30b7\u30e3\u30c8 [&hellip;]\" \/>\n<meta property=\"og:url\" content=\"https:\/\/www.phelansegur.com\/ja\/\u30d5\u30e9\u30f3\u30af\u30fb\u30d5\u30a7\u30e9\u30f3\/\" \/>\n<meta property=\"og:site_name\" content=\"Ch\u00e2teau Ph\u00e9lan S\u00e9gur\" \/>\n<meta property=\"article:modified_time\" content=\"2017-01-12T13:38:27+00:00\" \/>\n<meta name=\"twitter:card\" content=\"summary_large_image\" \/>\n<meta name=\"twitter:label1\" content=\"Written by\">\n\t<meta name=\"twitter:data1\" content=\"allison\">\n\t<meta name=\"twitter:label2\" content=\"Est. reading time\">\n\t<meta name=\"twitter:data2\" content=\"0\u5206\">\n<script type=\"application\/ld+json\" class=\"yoast-schema-graph\">{\"@context\":\"https:\/\/schema.org\",\"@graph\":[{\"@type\":\"Organization\",\"@id\":\"https:\/\/www.phelansegur.com\/#organization\",\"name\":\"Ch\\u00e2teau Ph\\u00e9lan S\\u00e9gur\",\"url\":\"https:\/\/www.phelansegur.com\/\",\"sameAs\":[\"https:\/\/www.instagram.com\/phelansegur\/\"],\"logo\":{\"@type\":\"ImageObject\",\"@id\":\"https:\/\/www.phelansegur.com\/#logo\",\"inLanguage\":\"ja\",\"url\":\"https:\/\/www.phelansegur.com\/wp-content\/uploads\/2020\/03\/logo-phelansegur.jpg\",\"width\":500,\"height\":200,\"caption\":\"Ch\\u00e2teau Ph\\u00e9lan S\\u00e9gur\"},\"image\":{\"@id\":\"https:\/\/www.phelansegur.com\/#logo\"}},{\"@type\":\"WebSite\",\"@id\":\"https:\/\/www.phelansegur.com\/#website\",\"url\":\"https:\/\/www.phelansegur.com\/\",\"name\":\"Ch\\u00e2teau Ph\\u00e9lan S\\u00e9gur\",\"description\":\"Saint Est\\u00e8phe\",\"publisher\":{\"@id\":\"https:\/\/www.phelansegur.com\/#organization\"},\"potentialAction\":[{\"@type\":\"SearchAction\",\"target\":\"https:\/\/www.phelansegur.com\/?s={search_term_string}\",\"query-input\":\"required name=search_term_string\"}],\"inLanguage\":\"ja\"},{\"@type\":\"WebPage\",\"@id\":\"https:\/\/www.phelansegur.com\/ja\/%e3%83%95%e3%83%a9%e3%83%b3%e3%82%af%e3%83%bb%e3%83%95%e3%82%a7%e3%83%a9%e3%83%b3\/#webpage\",\"url\":\"https:\/\/www.phelansegur.com\/ja\/%e3%83%95%e3%83%a9%e3%83%b3%e3%82%af%e3%83%bb%e3%83%95%e3%82%a7%e3%83%a9%e3%83%b3\/\",\"name\":\"\\u30d5\\u30e9\\u30f3\\u30af\\u30fb\\u30d5\\u30a7\\u30e9\\u30f3 - Ch\\u00e2teau Ph\\u00e9lan S\\u00e9gur\",\"isPartOf\":{\"@id\":\"https:\/\/www.phelansegur.com\/#website\"},\"datePublished\":\"2016-12-08T16:06:03+00:00\",\"dateModified\":\"2017-01-12T13:38:27+00:00\",\"breadcrumb\":{\"@id\":\"https:\/\/www.phelansegur.com\/ja\/%e3%83%95%e3%83%a9%e3%83%b3%e3%82%af%e3%83%bb%e3%83%95%e3%82%a7%e3%83%a9%e3%83%b3\/#breadcrumb\"},\"inLanguage\":\"ja\",\"potentialAction\":[{\"@type\":\"ReadAction\",\"target\":[\"https:\/\/www.phelansegur.com\/ja\/%e3%83%95%e3%83%a9%e3%83%b3%e3%82%af%e3%83%bb%e3%83%95%e3%82%a7%e3%83%a9%e3%83%b3\/\"]}]},{\"@type\":\"BreadcrumbList\",\"@id\":\"https:\/\/www.phelansegur.com\/ja\/%e3%83%95%e3%83%a9%e3%83%b3%e3%82%af%e3%83%bb%e3%83%95%e3%82%a7%e3%83%a9%e3%83%b3\/#breadcrumb\",\"itemListElement\":[{\"@type\":\"ListItem\",\"position\":1,\"item\":{\"@type\":\"WebPage\",\"@id\":\"https:\/\/www.phelansegur.com\/ja\/\",\"url\":\"https:\/\/www.phelansegur.com\/ja\/\",\"name\":\"Page d'accueil\"}},{\"@type\":\"ListItem\",\"position\":2,\"item\":{\"@type\":\"WebPage\",\"@id\":\"https:\/\/www.phelansegur.com\/ja\/%e3%83%95%e3%83%a9%e3%83%b3%e3%82%af%e3%83%bb%e3%83%95%e3%82%a7%e3%83%a9%e3%83%b3\/\",\"url\":\"https:\/\/www.phelansegur.com\/ja\/%e3%83%95%e3%83%a9%e3%83%b3%e3%82%af%e3%83%bb%e3%83%95%e3%82%a7%e3%83%a9%e3%83%b3\/\",\"name\":\"\\u30d5\\u30e9\\u30f3\\u30af\\u30fb\\u30d5\\u30a7\\u30e9\\u30f3\"}}]}]}<\/script>\n<!-- \/ Yoast SEO plugin. -->","_links":{"self":[{"href":"https:\/\/www.phelansegur.com\/ja\/wp-json\/wp\/v2\/pages\/2567"}],"collection":[{"href":"https:\/\/www.phelansegur.com\/ja\/wp-json\/wp\/v2\/pages"}],"about":[{"href":"https:\/\/www.phelansegur.com\/ja\/wp-json\/wp\/v2\/types\/page"}],"author":[{"embeddable":true,"href":"https:\/\/www.phelansegur.com\/ja\/wp-json\/wp\/v2\/users\/3"}],"replies":[{"embeddable":true,"href":"https:\/\/www.phelansegur.com\/ja\/wp-json\/wp\/v2\/comments?post=2567"}],"version-history":[{"count":0,"href":"https:\/\/www.phelansegur.com\/ja\/wp-json\/wp\/v2\/pages\/2567\/revisions"}],"wp:attachment":[{"href":"https:\/\/www.phelansegur.com\/ja\/wp-json\/wp\/v2\/media?parent=2567"}],"curies":[{"name":"wp","href":"https:\/\/api.w.org\/{rel}","templated":true}]}}