{"id":2572,"date":"2016-12-08T16:12:09","date_gmt":"2016-12-08T16:12:09","guid":{"rendered":"http:\/\/www.phelansegur.com\/?page_id=2572"},"modified":"2017-01-16T19:33:19","modified_gmt":"2017-01-16T19:33:19","slug":"%e3%82%b7%e3%83%a3%e3%83%88%e3%83%bc%e3%83%bb%e3%83%95%e3%82%a7%e3%83%a9%e3%83%b3%e3%83%bb%e3%82%bb%e3%82%ae%e3%83%a5%e3%83%bc%e3%83%ab","status":"publish","type":"page","link":"https:\/\/www.phelansegur.com\/ja\/%e3%82%b7%e3%83%a3%e3%83%88%e3%83%bc%e3%83%bb%e3%83%95%e3%82%a7%e3%83%a9%e3%83%b3%e3%83%bb%e3%82%bb%e3%82%ae%e3%83%a5%e3%83%bc%e3%83%ab\/","title":{"rendered":"\u30b7\u30e3\u30c8\u30fc\u30fb\u30d5\u30a7\u30e9\u30f3\u30fb\u30bb\u30ae\u30e5\u30fc\u30eb"},"content":{"rendered":"<p style=\"text-align: justify;\">\u30b7\u30e3\u30c8\u30fc\u30fb\u30d5\u30a7\u30e9\u30f3\u30fb\u30bb\u30ae\u30e5\u30fc\u30eb\u306e\u30b0\u30e9\u30f3\u30f4\u30a1\u30f3\u306f\u3001\u5f37\u56fa\u3055\u304c\u5149\u308b\u30b5\u30f3\u30c6\u30b9\u30c6\u30d5\u306e\u512a\u308c\u305f\u30c6\u30ed\u30ef\u30fc\u30eb\u306b\u751f\u307e\u308c\u307e\u3059\u3002\u306f\u3058\u307e\u308a\u304b\u3089\u4eca\u65e5\u307e\u3067\u3001\u30a8\u30ec\u30ac\u30f3\u30b9\u3068\u30d5\u30a3\u30cd\u30b9\u3092\u30b7\u30e3\u30c8\u30fc\u30fb\u30d5\u30a7\u30e9\u30f3\u30fb\u30bb\u30ae\u30e5\u30fc\u30eb\u306e\u30a2\u30a4\u30c7\u30f3\u30c6\u30a3\u30c6\u30a3\u3068\u3057\u3066\u78e8\u3044\u3066\u307e\u3044\u308a\u307e\u3057\u305f\u3002<\/p>\n<p style=\"text-align: justify;\">\u7cbe\u7dfb\u3055\u3068\u8b19\u865a\u306a\u5fc3\u3092\u5fd8\u308c\u305a\u3001\u30d4\u30e5\u30a2\u306a\u679c\u5b9f\u5473\u3068\u3057\u3063\u304b\u308a\u3068\u3057\u305f\u30b9\u30c8\u30e9\u30af\u30c1\u30e5\u30a2\u3001\u305d\u3057\u3066\u30b7\u30eb\u30af\u306e\u3088\u3046\u306b\u306a\u3081\u3089\u304b\u306a\u30bf\u30f3\u30cb\u30f3\u3092\u5f15\u304d\u51fa\u3057\u3001\u81ea\u7136\u306a\u307f\u305a\u307f\u305a\u3057\u3055\u306b\u5305\u307e\u308c\u305f\u5473\u308f\u3044\u3092\u751f\u307f\u51fa\u3057\u307e\u3059\u3002\u9577\u671f\u306b\u308f\u305f\u308b\u80b2\u6210\u30fb\u719f\u6210\u5f8c\u306b\u306f\u3001\u307b\u3069\u3088\u304f\u6eb6\u3051\u8fbc\u3093\u3060\u6a3d\u9999\u3068\u6bd4\u985e\u306a\u304d\u8907\u96d1\u306a\u30d6\u30fc\u30b1\u304c\u6f02\u3044\u307e\u3059\u3002\u7e4a\u7d30\u3067\u30aa\u30fc\u30bb\u30f3\u30c6\u30a3\u30c3\u30af\u306a\u30d0\u30e9\u30f3\u30b9\u306f\u3001\u98f2\u3080\u8005\u306b\u6df1\u3044\u611f\u52d5\u3092\u3082\u305f\u3089\u3057\u307e\u3059\u3002<\/p>\n<p style=\"text-align: justify;\">\u30b7\u30e3\u30c8\u30fc\u30fb\u30d5\u30a7\u30e9\u30f3\u30fb\u30bb\u30ae\u30e5\u30fc\u30eb\u306e\u30ef\u30a4\u30f3\u306f\u6570\u5341\u5e74\u306e\u719f\u6210\u30dd\u30c6\u30f3\u30b7\u30e3\u30eb\u3092\u8a87\u308a\u307e\u3059\u3002\u5e74\u4ee3\u306e\u53e4\u3044\u30ef\u30a4\u30f3\u3092\u5473\u308f\u3046\u3068\u3001\u60f3\u50cf\u4ee5\u4e0a\u306b\u58ee\u5927\u306a\u30a2\u30ed\u30de\u306e\u4e16\u754c\u3078\u306e\u6249\u304c\u958b\u304d\u307e\u3059\u3002\u30b9\u30d1\u30a4\u30b9\u306e\u306c\u304f\u3082\u308a\u3001\u719f\u3057\u305f\u679c\u5b9f\u306e\u82b3\u3070\u3057\u3055\u3001\u30ec\u30b6\u30fc\u306e\u30ce\u30fc\u30d6\u30eb\u306a\u30cb\u30e5\u30a2\u30f3\u30b9\u3002\u6d17\u7df4\u3055\u308c\u305f\u30c6\u30af\u30b9\u30c1\u30e5\u30a2\u3001\u30a4\u30f3\u30c6\u30ea\u30b8\u30a7\u30f3\u30b9\u306a\u529b\u5f37\u3055\u3002\u6642\u3092\u91cd\u306d\u308b\u3053\u3068\u3067\u5f97\u3089\u308c\u308b\u8c4a\u6e80\u306a\u5473\u308f\u3044\u3002\u601d\u616e\u6df1\u304f\u3001\u5fcd\u8010\u5f37\u304f\u5f85\u3061\u7d9a\u3051\u305f\u8005\u305f\u3061\u3060\u3051\u306b\u3086\u308b\u3055\u308c\u308b\u719f\u6210\u306e\u7f8e\u3002<\/p>\n<p style=\"text-align: justify;\">\u5049\u5927\u306a\u308b\u30f4\u30a3\u30f3\u30c6\u30fc\u30b8\u306f\u3001\u4eba\u9593\u306e\u624b\u3067\u8d85\u8d8a\u306e\u57df\u3078\u3068\u5f15\u304d\u4e0a\u3052\u3089\u308c\u305f\u5bdb\u5927\u306a\u81ea\u7136\u306e\u4e2d\u306b\u751f\u307e\u308c\u307e\u3059\u3002\u307e\u305f\u3001\u8ab0\u304b\u3089\u3082\u5049\u5927\u306a\u308b\u30f4\u30a3\u30f3\u30c6\u30fc\u30b8\u3068\u8a8d\u3081\u3089\u308c\u308b\u5e74\u3068\u306f\u5225\u306b\u3001\u30ac\u30eb\u30c7\u30a3\u30cb\u30a8\u5bb6\u30e1\u30f3\u30d0\u30fc\u3001\u30b7\u30e3\u30c8\u30fc\u30b9\u30bf\u30c3\u30d5\u5404\u4eba\u306b\u3068\u3063\u3066\u3001\u6d41\u308c\u308b\u6708\u65e5\u3068\u591a\u304f\u306e\u7f8e\u3057\u3044\u611f\u60c5\u3092\u5171\u306b\u3057\u305f\u3001\u3072\u3068\u304d\u308f\u601d\u3044\u51fa\u6df1\u3044\u30f4\u30a3\u30f3\u30c6\u30fc\u30b8\u304c\u3042\u308a\u307e\u3059\u3002<\/p>\n<p style=\"text-align: justify;\">\u3053\u3061\u3089\u3067\u3054\u7d39\u4ecb\u3059\u308b\u30f4\u30a3\u30f3\u30c6\u30fc\u30b8\u306b\u95a2\u3059\u308b\u60c5\u5831\u3084\u30b3\u30e1\u30f3\u30c8\u306f\u3001\u304a\u3072\u3068\u308a\u304a\u3072\u3068\u308a\u306e\u7279\u5225\u306a\u601d\u3044\u51fa\u3092\u5426\u5b9a\u3059\u308b\u3082\u306e\u3067\u306f\u6c7a\u3057\u3066\u3042\u308a\u307e\u305b\u3093\u3002<\/p>\n<p><a class=\"typo-white uppercase small underline link-technique\" href=\"\/ja\/\u30f4\u30a3\u30f3\u30c6\u30fc\u30b8\/\">\u30f4\u30a3\u30f3\u30c6\u30fc\u30b8\u5225\u30c6\u30af\u30cb\u30ab\u30eb\u30ce\u30fc\u30c8\u3092\u898b\u308b<\/a><\/p>\n","protected":false},"excerpt":{"rendered":"<p>\u30b7\u30e3\u30c8\u30fc\u30fb\u30d5\u30a7\u30e9\u30f3\u30fb\u30bb\u30ae\u30e5\u30fc\u30eb\u306e\u30b0\u30e9\u30f3\u30f4\u30a1\u30f3\u306f\u3001\u5f37\u56fa\u3055\u304c\u5149\u308b\u30b5\u30f3\u30c6\u30b9\u30c6\u30d5\u306e\u512a\u308c\u305f\u30c6\u30ed\u30ef\u30fc\u30eb\u306b\u751f\u307e\u308c\u307e\u3059\u3002\u306f\u3058\u307e\u308a\u304b\u3089\u4eca\u65e5\u307e\u3067\u3001\u30a8\u30ec\u30ac\u30f3\u30b9\u3068\u30d5\u30a3\u30cd\u30b9\u3092\u30b7\u30e3\u30c8\u30fc\u30fb\u30d5\u30a7\u30e9\u30f3\u30fb\u30bb\u30ae\u30e5\u30fc\u30eb\u306e\u30a2\u30a4\u30c7\u30f3\u30c6\u30a3\u30c6\u30a3\u3068\u3057\u3066\u78e8\u3044\u3066\u307e\u3044\u308a\u307e\u3057\u305f [&hellip;]<\/p>\n","protected":false},"author":3,"featured_media":1276,"parent":0,"menu_order":0,"comment_status":"open","ping_status":"open","template":"template-millesimes.php","meta":[],"acf":[],"yoast_head":"<!-- This site is optimized with the Yoast SEO plugin v15.4 - https:\/\/yoast.com\/wordpress\/plugins\/seo\/ -->\n<meta name=\"robots\" content=\"index, follow, max-snippet:-1, max-image-preview:large, max-video-preview:-1\" \/>\n<link rel=\"canonical\" href=\"https:\/\/www.phelansegur.com\/ja\/\u30b7\u30e3\u30c8\u30fc\u30fb\u30d5\u30a7\u30e9\u30f3\u30fb\u30bb\u30ae\u30e5\u30fc\u30eb\/\" \/>\n<meta property=\"og:locale\" content=\"ja_JP\" \/>\n<meta property=\"og:type\" content=\"article\" \/>\n<meta property=\"og:title\" content=\"\u30b7\u30e3\u30c8\u30fc\u30fb\u30d5\u30a7\u30e9\u30f3\u30fb\u30bb\u30ae\u30e5\u30fc\u30eb - Ch\u00e2teau Ph\u00e9lan S\u00e9gur\" \/>\n<meta property=\"og:description\" content=\"\u30b7\u30e3\u30c8\u30fc\u30fb\u30d5\u30a7\u30e9\u30f3\u30fb\u30bb\u30ae\u30e5\u30fc\u30eb\u306e\u30b0\u30e9\u30f3\u30f4\u30a1\u30f3\u306f\u3001\u5f37\u56fa\u3055\u304c\u5149\u308b\u30b5\u30f3\u30c6\u30b9\u30c6\u30d5\u306e\u512a\u308c\u305f\u30c6\u30ed\u30ef\u30fc\u30eb\u306b\u751f\u307e\u308c\u307e\u3059\u3002\u306f\u3058\u307e\u308a\u304b\u3089\u4eca\u65e5\u307e\u3067\u3001\u30a8\u30ec\u30ac\u30f3\u30b9\u3068\u30d5\u30a3\u30cd\u30b9\u3092\u30b7\u30e3\u30c8\u30fc\u30fb\u30d5\u30a7\u30e9\u30f3\u30fb\u30bb\u30ae\u30e5\u30fc\u30eb\u306e\u30a2\u30a4\u30c7\u30f3\u30c6\u30a3\u30c6\u30a3\u3068\u3057\u3066\u78e8\u3044\u3066\u307e\u3044\u308a\u307e\u3057\u305f [&hellip;]\" \/>\n<meta property=\"og:url\" content=\"https:\/\/www.phelansegur.com\/ja\/\u30b7\u30e3\u30c8\u30fc\u30fb\u30d5\u30a7\u30e9\u30f3\u30fb\u30bb\u30ae\u30e5\u30fc\u30eb\/\" \/>\n<meta property=\"og:site_name\" content=\"Ch\u00e2teau Ph\u00e9lan S\u00e9gur\" \/>\n<meta property=\"article:modified_time\" content=\"2017-01-16T19:33:19+00:00\" \/>\n<meta property=\"og:image\" content=\"https:\/\/www.phelansegur.com\/wp-content\/uploads\/2015\/01\/Chateau-Phelan-Segur-Capsule.jpg\" \/>\n\t<meta property=\"og:image:width\" content=\"1920\" \/>\n\t<meta property=\"og:image:height\" content=\"1080\" \/>\n<meta name=\"twitter:card\" content=\"summary_large_image\" \/>\n<meta name=\"twitter:label1\" content=\"Written by\">\n\t<meta name=\"twitter:data1\" content=\"allison\">\n\t<meta name=\"twitter:label2\" content=\"Est. reading time\">\n\t<meta name=\"twitter:data2\" content=\"0\u5206\">\n<script type=\"application\/ld+json\" class=\"yoast-schema-graph\">{\"@context\":\"https:\/\/schema.org\",\"@graph\":[{\"@type\":\"Organization\",\"@id\":\"https:\/\/www.phelansegur.com\/#organization\",\"name\":\"Ch\\u00e2teau Ph\\u00e9lan S\\u00e9gur\",\"url\":\"https:\/\/www.phelansegur.com\/\",\"sameAs\":[\"https:\/\/www.instagram.com\/phelansegur\/\"],\"logo\":{\"@type\":\"ImageObject\",\"@id\":\"https:\/\/www.phelansegur.com\/#logo\",\"inLanguage\":\"ja\",\"url\":\"https:\/\/www.phelansegur.com\/wp-content\/uploads\/2020\/03\/logo-phelansegur.jpg\",\"width\":500,\"height\":200,\"caption\":\"Ch\\u00e2teau Ph\\u00e9lan S\\u00e9gur\"},\"image\":{\"@id\":\"https:\/\/www.phelansegur.com\/#logo\"}},{\"@type\":\"WebSite\",\"@id\":\"https:\/\/www.phelansegur.com\/#website\",\"url\":\"https:\/\/www.phelansegur.com\/\",\"name\":\"Ch\\u00e2teau Ph\\u00e9lan S\\u00e9gur\",\"description\":\"Saint Est\\u00e8phe\",\"publisher\":{\"@id\":\"https:\/\/www.phelansegur.com\/#organization\"},\"potentialAction\":[{\"@type\":\"SearchAction\",\"target\":\"https:\/\/www.phelansegur.com\/?s={search_term_string}\",\"query-input\":\"required name=search_term_string\"}],\"inLanguage\":\"ja\"},{\"@type\":\"ImageObject\",\"@id\":\"https:\/\/www.phelansegur.com\/ja\/%e3%82%b7%e3%83%a3%e3%83%88%e3%83%bc%e3%83%bb%e3%83%95%e3%82%a7%e3%83%a9%e3%83%b3%e3%83%bb%e3%82%bb%e3%82%ae%e3%83%a5%e3%83%bc%e3%83%ab\/#primaryimage\",\"inLanguage\":\"ja\",\"url\":\"https:\/\/www.phelansegur.com\/wp-content\/uploads\/2015\/01\/Chateau-Phelan-Segur-Capsule.jpg\",\"width\":1920,\"height\":1080,\"caption\":\"Capsule\"},{\"@type\":\"WebPage\",\"@id\":\"https:\/\/www.phelansegur.com\/ja\/%e3%82%b7%e3%83%a3%e3%83%88%e3%83%bc%e3%83%bb%e3%83%95%e3%82%a7%e3%83%a9%e3%83%b3%e3%83%bb%e3%82%bb%e3%82%ae%e3%83%a5%e3%83%bc%e3%83%ab\/#webpage\",\"url\":\"https:\/\/www.phelansegur.com\/ja\/%e3%82%b7%e3%83%a3%e3%83%88%e3%83%bc%e3%83%bb%e3%83%95%e3%82%a7%e3%83%a9%e3%83%b3%e3%83%bb%e3%82%bb%e3%82%ae%e3%83%a5%e3%83%bc%e3%83%ab\/\",\"name\":\"\\u30b7\\u30e3\\u30c8\\u30fc\\u30fb\\u30d5\\u30a7\\u30e9\\u30f3\\u30fb\\u30bb\\u30ae\\u30e5\\u30fc\\u30eb - Ch\\u00e2teau Ph\\u00e9lan S\\u00e9gur\",\"isPartOf\":{\"@id\":\"https:\/\/www.phelansegur.com\/#website\"},\"primaryImageOfPage\":{\"@id\":\"https:\/\/www.phelansegur.com\/ja\/%e3%82%b7%e3%83%a3%e3%83%88%e3%83%bc%e3%83%bb%e3%83%95%e3%82%a7%e3%83%a9%e3%83%b3%e3%83%bb%e3%82%bb%e3%82%ae%e3%83%a5%e3%83%bc%e3%83%ab\/#primaryimage\"},\"datePublished\":\"2016-12-08T16:12:09+00:00\",\"dateModified\":\"2017-01-16T19:33:19+00:00\",\"breadcrumb\":{\"@id\":\"https:\/\/www.phelansegur.com\/ja\/%e3%82%b7%e3%83%a3%e3%83%88%e3%83%bc%e3%83%bb%e3%83%95%e3%82%a7%e3%83%a9%e3%83%b3%e3%83%bb%e3%82%bb%e3%82%ae%e3%83%a5%e3%83%bc%e3%83%ab\/#breadcrumb\"},\"inLanguage\":\"ja\",\"potentialAction\":[{\"@type\":\"ReadAction\",\"target\":[\"https:\/\/www.phelansegur.com\/ja\/%e3%82%b7%e3%83%a3%e3%83%88%e3%83%bc%e3%83%bb%e3%83%95%e3%82%a7%e3%83%a9%e3%83%b3%e3%83%bb%e3%82%bb%e3%82%ae%e3%83%a5%e3%83%bc%e3%83%ab\/\"]}]},{\"@type\":\"BreadcrumbList\",\"@id\":\"https:\/\/www.phelansegur.com\/ja\/%e3%82%b7%e3%83%a3%e3%83%88%e3%83%bc%e3%83%bb%e3%83%95%e3%82%a7%e3%83%a9%e3%83%b3%e3%83%bb%e3%82%bb%e3%82%ae%e3%83%a5%e3%83%bc%e3%83%ab\/#breadcrumb\",\"itemListElement\":[{\"@type\":\"ListItem\",\"position\":1,\"item\":{\"@type\":\"WebPage\",\"@id\":\"https:\/\/www.phelansegur.com\/ja\/\",\"url\":\"https:\/\/www.phelansegur.com\/ja\/\",\"name\":\"Page d'accueil\"}},{\"@type\":\"ListItem\",\"position\":2,\"item\":{\"@type\":\"WebPage\",\"@id\":\"https:\/\/www.phelansegur.com\/ja\/%e3%82%b7%e3%83%a3%e3%83%88%e3%83%bc%e3%83%bb%e3%83%95%e3%82%a7%e3%83%a9%e3%83%b3%e3%83%bb%e3%82%bb%e3%82%ae%e3%83%a5%e3%83%bc%e3%83%ab\/\",\"url\":\"https:\/\/www.phelansegur.com\/ja\/%e3%82%b7%e3%83%a3%e3%83%88%e3%83%bc%e3%83%bb%e3%83%95%e3%82%a7%e3%83%a9%e3%83%b3%e3%83%bb%e3%82%bb%e3%82%ae%e3%83%a5%e3%83%bc%e3%83%ab\/\",\"name\":\"\\u30b7\\u30e3\\u30c8\\u30fc\\u30fb\\u30d5\\u30a7\\u30e9\\u30f3\\u30fb\\u30bb\\u30ae\\u30e5\\u30fc\\u30eb\"}}]}]}<\/script>\n<!-- \/ Yoast SEO plugin. -->","_links":{"self":[{"href":"https:\/\/www.phelansegur.com\/ja\/wp-json\/wp\/v2\/pages\/2572"}],"collection":[{"href":"https:\/\/www.phelansegur.com\/ja\/wp-json\/wp\/v2\/pages"}],"about":[{"href":"https:\/\/www.phelansegur.com\/ja\/wp-json\/wp\/v2\/types\/page"}],"author":[{"embeddable":true,"href":"https:\/\/www.phelansegur.com\/ja\/wp-json\/wp\/v2\/users\/3"}],"replies":[{"embeddable":true,"href":"https:\/\/www.phelansegur.com\/ja\/wp-json\/wp\/v2\/comments?post=2572"}],"version-history":[{"count":0,"href":"https:\/\/www.phelansegur.com\/ja\/wp-json\/wp\/v2\/pages\/2572\/revisions"}],"wp:featuredmedia":[{"embeddable":true,"href":"https:\/\/www.phelansegur.com\/ja\/wp-json\/wp\/v2\/media\/1276"}],"wp:attachment":[{"href":"https:\/\/www.phelansegur.com\/ja\/wp-json\/wp\/v2\/media?parent=2572"}],"curies":[{"name":"wp","href":"https:\/\/api.w.org\/{rel}","templated":true}]}}