{"id":2580,"date":"2015-01-05T15:10:22","date_gmt":"2015-01-05T15:10:22","guid":{"rendered":"http:\/\/www.phelansegur.com\/une-histoire-de-familles-2\/"},"modified":"2018-06-27T08:08:18","modified_gmt":"2018-06-27T08:08:18","slug":"%e4%b8%80%e6%97%8f%e3%81%ae%e6%ad%b4%e5%8f%b2","status":"publish","type":"page","link":"https:\/\/www.phelansegur.com\/ja\/%e4%b8%80%e6%97%8f%e3%81%ae%e6%ad%b4%e5%8f%b2\/","title":{"rendered":"\u4e00\u65cf\u306e\u6b74\u53f2"},"content":{"rendered":"<p>[vc_row el_class=&#8221;centrer&#8221;][vc_column width=&#8221;1\/1&#8243;][vc_separator color=&#8221;white&#8221;][\/vc_column][\/vc_row][vc_row][vc_column width=&#8221;1\/1&#8243;][vc_column_text]<\/p>\n<h2><span style=\"color: #000000;\">\u51fa\u8eab\u5730\u3001\u30a2\u30a4\u30eb\u30e9\u30f3\u30c9<\/span><\/h2>\n<p style=\"text-align: justify;\">18\u4e16\u7d00\u672b\u3001\u82e5\u304d\u30a2\u30a4\u30eb\u30e9\u30f3\u30c9\u4eba\u30ef\u30a4\u30f3\u5546\u30d0\u30fc\u30ca\u30fc\u30c9\u30fb\u30aa\u30d5\u30a7\u30e9\u30f3\uff081770\u5e74 \u2013 1841\u5e74\uff09\u306f\u3001\u6545\u90f7\u30c6\u30a3\u30da\u30e9\u30ea\u30fc\u306e\u753a\u3092\u96e2\u308c\u3001\u30dc\u30eb\u30c9\u30fc\u3078\u3068\u79fb\u4f4f\u3057\u307e\u3059\u3002\u884c\u304d\u5f53\u305f\u308a\u3070\u3063\u305f\u308a\u306e\u6c7a\u65ad\u3067\u306f\u3042\u308a\u307e\u305b\u3093\u3002\u30dc\u30eb\u30c9\u30fc\u306e\u753a\u306f\u5f53\u6642\u3059\u3067\u306b\u30d6\u30ea\u30c6\u30f3\u8af8\u5cf6\u3068\u306e\u4ea4\u6613\u306e\u8981\u6240\u3068\u3057\u3066\u6804\u3048\u3066\u304a\u308a\u3001\u30dc\u30eb\u30c9\u30fc\u30ef\u30a4\u30f3\u3092\u53d6\u5f15\u3059\u308b\u5546\u793e\u540c\u58eb\u306e\u95a2\u4fc2\u306f\u6975\u3081\u3066\u5bc6\u63a5\u306a\u3082\u306e\u3067\u3057\u305f\u3002\u305d\u3093\u306a\u6642\u4ee3\u3001\u5a5a\u59fb\u95a2\u4fc2\u304c\u7d50\u3070\u308c\u308b\u3053\u3068\u3082\u3042\u308a\u3001\u3055\u3089\u306a\u308b\u9023\u643a\u3078\u3068\u3064\u306a\u304c\u308a\u307e\u3057\u305f\u3002\u305d\u306e\u597d\u4f8b\u304c\u30d9\u30eb\u30ca\u30fc\u30eb\u30fb\u30d5\u30a7\u30e9\u30f3\u3068\u30dc\u30eb\u30c9\u30fc\u30ef\u30a4\u30f3\u53d6\u5f15\u696d\u754c\u306e\u91cd\u93ae\u3001\u30c0\u30cb\u30a8\u30eb\u30fb\u30b2\u30b9\u30c6\u30a3\u30a8\u6c0f\u306e\u5a18\u306e\u7d50\u5a5a\u3067\u3059\u3002\u7fa9\u7236\u306e\u8c4a\u5bcc\u306a\u7d4c\u9a13\u306b\u652f\u3048\u3089\u308c\u3001\u30d9\u30eb\u30ca\u30fc\u30eb\u30fb\u30d5\u30a7\u30e9\u30f3\u306f\u81ea\u8eab\u306e\u30ef\u30a4\u30f3\u3092\u751f\u7523\u3059\u308b\u4e8b\u696d\u306b\u7740\u624b\u3057\u307e\u3059\u3002<\/p>\n<blockquote><p>\u30ef\u30a4\u30f3\u3078\u306e\u60c5\u71b1<\/p><\/blockquote>\n<p style=\"text-align: justify;\">1805\u5e74\u306b\u306f\u30b5\u30f3\u30c6\u30b9\u30c6\u30d5\u6751\u306b\u4f4d\u7f6e\u3059\u308b\u30af\u30ed\u30fb\u30c9\u30fb\u30ac\u30e9\u30e1\u30a4\u3092\u3001\u305d\u3057\u30661810\u5e74\u306b\u306f\u30c9\u30e1\u30fc\u30cc\u30fb\u30bb\u30ae\u30e5\u30fc\u30eb\u30fb\u30c9\u30fb\u30ab\u30d0\u30ca\u30c3\u30af\u3092\u8cfc\u5165\u3059\u308b\u306b\u81f3\u308a\u307e\u3059\u3002<\/p>\n<blockquote>\n<p style=\"text-align: justify;\">\n<\/blockquote>\n<p>[\/vc_column_text][\/vc_column][\/vc_row][vc_row][vc_column width=&#8221;1\/2&#8243;][vc_single_image image=&#8221;1450&#8243; border_color=&#8221;grey&#8221; img_link_target=&#8221;_self&#8221; img_size=&#8221;full&#8221; alignment=&#8221;center&#8221; img_link_large=&#8221;yes&#8221;][\/vc_column][vc_column width=&#8221;1\/2&#8243;][vc_column_text]<\/p>\n<blockquote><p>\u300c\u30e1\u30c9\u30c3\u30af\u5f0f\u300d\u91b8\u9020\u5eab\u306e\u5148\u99c6\u3051\u3068\u3057\u3066<\/p><\/blockquote>\n<p style=\"text-align: justify;\">\u30b5\u30f3\u30c6\u30b9\u30c6\u30d5\u306e\u5c0f\u3055\u306a\u6e2f\u307e\u3067\u5ef6\u3005\u3068\u5e83\u304c\u308b\u8349\u539f\u3002\u305d\u306e\u5e83\u5927\u306a\u6577\u5730\u306e\u4e2d\u5fc3\u3001\u6cb3\u53e3\u3092\u898b\u4e0b\u308d\u3059\u4e18\u306e\u3044\u305f\u3060\u304d\u306b\u300c\u30d1\u30e9\u30c7\u30a3\u30aa\u5efa\u7bc9\u300d\u306e\u30b7\u30e3\u30c8\u30fc\u306f\u305f\u305f\u305a\u3093\u3067\u3044\u307e\u3059\u3002\u30aa\u30fc\u30ca\u30fc\u81ea\u3089\u306e\u4e8b\u696d\u306b\u5bfe\u3059\u308b\u7a4d\u6975\u59ff\u52e2\u306e\u3042\u3089\u308f\u308c\u3068\u3044\u3046\u3079\u304d\u3067\u3057\u3087\u3046\u304b\u3001\u30d5\u30a7\u30e9\u30f3\u5bb6\u306e\u4eba\u3005\u306f\u65e7\u6765\u306e\u5efa\u7bc9\u69d8\u5f0f\u3068\u306e\u6c7a\u5225\u3092\u3042\u3048\u3066\u56f3\u308a\u3001\u30ef\u30a4\u30f3\u304c\u4e2d\u5fc3\u3092\u306a\u3059\u30b7\u30e3\u30c8\u30fc\u3092\u5efa\u9020\u3057\u307e\u3059\u3002\u30ef\u30a4\u30f3\u751f\u7523\u304b\u3089\u904a\u96e2\u3057\u305f\u8c6a\u83ef\u306a\u57ce\u9928\u3092\u5efa\u3066\u308b\u4ee3\u308f\u308a\u306b\u3001\u512a\u7f8e\u306a\u7a7a\u9593\u3078\u3068\u5b8c\u74a7\u306b\u6574\u5099\u3055\u308c\u305f\u6577\u5730\u306e\u4e2d\u3001\u5c45\u4f4f\u30b9\u30da\u30fc\u30b9\u3068\u306a\u308b\u5efa\u7269\u306e\u5185\u90e8\u306b\u91b8\u9020\u5eab\u304a\u3088\u3073\u6a3d\u8caf\u8535\u5eab\u3092\u8a2d\u7f6e\u3059\u308b\u9078\u629e\u3092\u3057\u307e\u3059\u3002\u30d5\u30a7\u30e9\u30f3\u5bb6\u306b\u3088\u3063\u3066\u6574\u5099\u3055\u308c\u305f\u3053\u306e\u8a2d\u5099\u306f\u3001\u300c\u30e1\u30c9\u30c3\u30af\u5f0f\u300d\u91b8\u9020\u5eab\u306e\u5148\u99c6\u3051\u7684\u306a\u5efa\u7269\u3068\u4f4d\u7f6e\u3065\u3051\u3089\u308c\u3066\u3044\u307e\u3059\u3002<\/p>\n<p>[\/vc_column_text][\/vc_column][\/vc_row][vc_row el_class=&#8221;centrer&#8221;][vc_column width=&#8221;1\/3&#8243;][\/vc_column][vc_column width=&#8221;1\/3&#8243;][vc_separator color=&#8221;grey&#8221;][\/vc_column][vc_column width=&#8221;1\/3&#8243;][\/vc_column][\/vc_row][vc_row el_class=&#8221;centrer&#8221;][vc_column width=&#8221;1\/1&#8243;][vc_column_text]<\/p>\n<h2 style=\"text-align: center;\"><span style=\"color: #000000;\">\u30d5\u30a7\u30e9\u30f3\u5bb6\u30011860\u5e74\u9803<\/span><\/h2>\n<p>[\/vc_column_text][\/vc_column][\/vc_row][vc_row][vc_column width=&#8221;1\/1&#8243;][vc_single_image image=&#8221;1664&#8243; border_color=&#8221;grey&#8221; img_link_target=&#8221;_self&#8221; img_size=&#8221;full&#8221; img_link_large=&#8221;yes&#8221; alignment=&#8221;center&#8221;][\/vc_column][\/vc_row][vc_row el_class=&#8221;centrer&#8221;][vc_column width=&#8221;1\/3&#8243;][vc_column_text]<\/p>\n<p style=\"text-align: center;\"><span style=\"color: #cd163f;\">\u30d5\u30e9\u30f3\u30af\u30fb\u30d5\u30a7\u30e9\u30f3\u3001\u30d9\u30eb\u30ca\u30fc\u30eb\u30fb\u30d5\u30a7\u30e9\u30f3\u306e\u606f\u5b50<\/span><\/p>\n<p>[\/vc_column_text][\/vc_column][vc_column width=&#8221;1\/3&#8243;][vc_column_text]<\/p>\n<p style=\"text-align: center;\"><span style=\"color: #cd163f;\">\u30a8\u30ea\u30b6\u30fb\u30d5\u30a7\u30e9\u30f3\u3001\u30d9\u30eb\u30ca\u30fc\u30eb\u30fb\u30d5\u30a7\u30e9\u30f3\u306e\u59bb<\/span><\/p>\n<p>[\/vc_column_text][\/vc_column][vc_column width=&#8221;1\/3&#8243;][vc_column_text]<\/p>\n<p style=\"text-align: center;\"><span style=\"color: #cd163f;\">\u30a6\u30a3\u30eb\u30d8\u30eb\u30df\u30fc\u30cc\u30fb\u30d5\u30a7\u30e9\u30f3\u3001\u30d5\u30e9\u30f3\u30af\u30fb\u30d5\u30a7\u30e9\u30f3\u306e\u59bb<\/span><\/p>\n<p>[\/vc_column_text][\/vc_column][\/vc_row][vc_row el_class=&#8221;centrer&#8221;][vc_column width=&#8221;1\/3&#8243;][\/vc_column][vc_column width=&#8221;1\/3&#8243;][vc_separator color=&#8221;grey&#8221;][\/vc_column][vc_column width=&#8221;1\/3&#8243;][\/vc_column][\/vc_row][vc_row][vc_column width=&#8221;1\/2&#8243;][vc_single_image image=&#8221;421&#8243; border_color=&#8221;grey&#8221; img_link_target=&#8221;_self&#8221; img_size=&#8221;large&#8221;][\/vc_column][vc_column width=&#8221;1\/2&#8243;][vc_column_text]<\/p>\n<h2>\u30d5\u30e9\u30f3\u30af\u30fb\u30d5\u30a7\u30e9\u30f3\u3001\u30e1\u30c9\u30c3\u30af\u306e\u540d\u58eb<\/h2>\n<p style=\"text-align: justify;\">1841\u5e74\u3001\u30d9\u30eb\u30ca\u30fc\u30eb\u306e\u6b7b\u5f8c\u3001\u606f\u5b50\u306e\u30d5\u30e9\u30f3\u30af\uff081820\u5e74 \u2013 1883\u5e74\uff09\u304c\u3053\u306e\u5e83\u5927\u306a\u30c9\u30e1\u30fc\u30cc\u3092\u5f15\u304d\u7d99\u304e\u307e\u3059\u3002\u4ee5\u964d\u3001\u305d\u308c\u307e\u3067\u306e\u3075\u305f\u3064\u306e\u540d\u79f0\u3092\u7d44\u307f\u5408\u308f\u305b\u3001\u300c\u30b7\u30e3\u30c8\u30fc\u30fb\u30bb\u30ae\u30e5\u30fc\u30eb\u30fb\u30c9\u30fb\u30ac\u30e9\u30e1\u30a4\u300d\u3068\u547c\u3070\u308c\u307e\u3059\u3002\u30d5\u30e9\u30f3\u30af\u306f\u30a2\u30a4\u30eb\u30e9\u30f3\u30c9\u7cfb\u3068\u3044\u3046\u3088\u308a\u751f\u7c8b\u306e\u30e1\u30c9\u30c3\u30af\u4eba\u3067\u3042\u308a\u3001\u81ea\u3089\u306e\u30ef\u30a4\u30ca\u30ea\u30fc\u306e\u540d\u58f0\u3068\u30ef\u30a4\u30f3\u306e\u54c1\u8cea\u5411\u4e0a\u306e\u305f\u3081\u306b\u305d\u306e\u751f\u6daf\u3092\u6367\u3052\u307e\u3059\u3002\u307e\u305f\u3001\u30b5\u30f3\u30c6\u30b9\u30c6\u30d5\u6751\u306e\u6751\u9577\u306b\u5c31\u4efb\u3057\u300130\u5e74\u9593\u3001\u5730\u57df\u884c\u653f\u306e\u9577\u3068\u3057\u3066\u6d3b\u8e8d\u3057\u305f\u4ed6\u3001\u30b8\u30e7\u30f3\u30b9\u30c8\u30f3\u5bb6\u3001\u30d0\u30eb\u30c8\u30f3\u5bb6\u3001\u30af\u30e9\u30fc\u30af\u5bb6\u3001\u30ea\u30f3\u30c1\u5bb6\u3068\u3044\u3063\u305f\u3001\u30a2\u30a4\u30eb\u30e9\u30f3\u30c9\u51fa\u8eab\u8005\u3067\u69cb\u6210\u3055\u308c\u308b\u30dc\u30eb\u30c9\u30fc\u30fb\u30a2\u30a4\u30eb\u30e9\u30f3\u30c9\u4eba\u4f1a\u306e\u904b\u55b6\u306b\u3082\u5c3d\u529b\u3057\u3066\u3044\u307e\u3059\u3002<\/p>\n<p style=\"text-align: justify;\">20\u4e16\u7d00\u521d\u982d\u3001\u300c\u30b7\u30e3\u30c8\u30fc\u30fb\u30bb\u30ae\u30e5\u30fc\u30eb\u30fb\u30c9\u30fb\u30ac\u30e9\u30e1\u30a4\u300d\u306f\u3042\u3089\u305f\u306b\u300c\u30b7\u30e3\u30c8\u30fc\u30fb\u30d5\u30a7\u30e9\u30f3\u30fb\u30bb\u30ae\u30e5\u30fc\u30eb\u300d\u3078\u3068\u540d\u79f0\u3092\u5909\u66f4\u3057\u307e\u3059\u3002\u9ad8\u8cb4\u3055\u305f\u3060\u3088\u3046\u30af\u30e9\u30b7\u30b7\u30ba\u30e0\u3068\u30b7\u30e3\u30c8\u30fc\u306b\u4f1d\u308f\u308b\u4fa1\u5024\u3092\u60f3\u3044\u8d77\u3053\u3055\u305b\u3001\u4f1d\u7d71\u3092\u7d99\u627f\u3057\u3064\u3064\u9769\u65b0\u306b\u3082\u7a4d\u6975\u7684\u306b\u53d6\u308a\u7d44\u3080\u59ff\u52e2\u3092\u8c61\u5fb4\u3059\u308b\u540d\u79f0\u3067\u3059\u3002<\/p>\n<p>[\/vc_column_text][\/vc_column][\/vc_row][vc_row][vc_column width=&#8221;1\/2&#8243;][vc_column_text]<\/p>\n<blockquote><p>&nbsp;<\/p><\/blockquote>\n<p style=\"text-align: justify;\">\n<blockquote><\/blockquote>\n<p style=\"text-align: center;\"><strong><span style=\"color: #cd163f;\"><\/span><\/strong><\/p>\n<h2><span style=\"color: #000000;\"><\/span><\/h2>\n<p>&nbsp;<\/p>\n","protected":false},"excerpt":{"rendered":"<p>[vc_row el_class=&#8221;centrer&#8221;][vc_column width=&#8221;1\/1&#8243;][vc_separator color=&#8221;white&#038;#82 [&hellip;]<\/p>\n","protected":false},"author":3,"featured_media":1663,"parent":0,"menu_order":0,"comment_status":"open","ping_status":"closed","template":"","meta":[],"acf":[],"yoast_head":"<!-- This site is optimized with the Yoast SEO plugin v15.4 - https:\/\/yoast.com\/wordpress\/plugins\/seo\/ -->\n<meta name=\"robots\" content=\"index, follow, max-snippet:-1, max-image-preview:large, max-video-preview:-1\" \/>\n<link rel=\"canonical\" href=\"https:\/\/www.phelansegur.com\/ja\/\u4e00\u65cf\u306e\u6b74\u53f2\/\" \/>\n<meta property=\"og:locale\" content=\"ja_JP\" \/>\n<meta property=\"og:type\" content=\"article\" \/>\n<meta property=\"og:title\" content=\"\u4e00\u65cf\u306e\u6b74\u53f2 - Ch\u00e2teau Ph\u00e9lan S\u00e9gur\" \/>\n<meta property=\"og:description\" content=\"[vc_row el_class=&#8221;centrer&#8221;][vc_column width=&#8221;1\/1&#8243;][vc_separator color=&#8221;white&amp;#82 [&hellip;]\" \/>\n<meta property=\"og:url\" content=\"https:\/\/www.phelansegur.com\/ja\/\u4e00\u65cf\u306e\u6b74\u53f2\/\" \/>\n<meta property=\"og:site_name\" content=\"Ch\u00e2teau Ph\u00e9lan S\u00e9gur\" \/>\n<meta property=\"article:modified_time\" content=\"2018-06-27T08:08:18+00:00\" \/>\n<meta property=\"og:image\" content=\"https:\/\/www.phelansegur.com\/wp-content\/uploads\/2015\/01\/Chateau-Phelan-Segur-depuis-Laborie.jpg\" \/>\n\t<meta property=\"og:image:width\" content=\"1980\" \/>\n\t<meta property=\"og:image:height\" content=\"1180\" \/>\n<meta name=\"twitter:card\" content=\"summary_large_image\" \/>\n<meta name=\"twitter:label1\" content=\"Written by\">\n\t<meta name=\"twitter:data1\" content=\"allison\">\n\t<meta name=\"twitter:label2\" content=\"Est. reading time\">\n\t<meta name=\"twitter:data2\" content=\"1\u5206\">\n<script type=\"application\/ld+json\" class=\"yoast-schema-graph\">{\"@context\":\"https:\/\/schema.org\",\"@graph\":[{\"@type\":\"Organization\",\"@id\":\"https:\/\/www.phelansegur.com\/#organization\",\"name\":\"Ch\\u00e2teau Ph\\u00e9lan S\\u00e9gur\",\"url\":\"https:\/\/www.phelansegur.com\/\",\"sameAs\":[\"https:\/\/www.instagram.com\/phelansegur\/\"],\"logo\":{\"@type\":\"ImageObject\",\"@id\":\"https:\/\/www.phelansegur.com\/#logo\",\"inLanguage\":\"ja\",\"url\":\"https:\/\/www.phelansegur.com\/wp-content\/uploads\/2020\/03\/logo-phelansegur.jpg\",\"width\":500,\"height\":200,\"caption\":\"Ch\\u00e2teau Ph\\u00e9lan S\\u00e9gur\"},\"image\":{\"@id\":\"https:\/\/www.phelansegur.com\/#logo\"}},{\"@type\":\"WebSite\",\"@id\":\"https:\/\/www.phelansegur.com\/#website\",\"url\":\"https:\/\/www.phelansegur.com\/\",\"name\":\"Ch\\u00e2teau Ph\\u00e9lan S\\u00e9gur\",\"description\":\"Saint Est\\u00e8phe\",\"publisher\":{\"@id\":\"https:\/\/www.phelansegur.com\/#organization\"},\"potentialAction\":[{\"@type\":\"SearchAction\",\"target\":\"https:\/\/www.phelansegur.com\/?s={search_term_string}\",\"query-input\":\"required name=search_term_string\"}],\"inLanguage\":\"ja\"},{\"@type\":\"ImageObject\",\"@id\":\"https:\/\/www.phelansegur.com\/ja\/%e4%b8%80%e6%97%8f%e3%81%ae%e6%ad%b4%e5%8f%b2\/#primaryimage\",\"inLanguage\":\"ja\",\"url\":\"https:\/\/www.phelansegur.com\/wp-content\/uploads\/2015\/01\/Chateau-Phelan-Segur-depuis-Laborie.jpg\",\"width\":1980,\"height\":1180,\"caption\":\"Ch\\u00e2teau Ph\\u00e9lan S\\u00e9gur from Laborie\"},{\"@type\":\"WebPage\",\"@id\":\"https:\/\/www.phelansegur.com\/ja\/%e4%b8%80%e6%97%8f%e3%81%ae%e6%ad%b4%e5%8f%b2\/#webpage\",\"url\":\"https:\/\/www.phelansegur.com\/ja\/%e4%b8%80%e6%97%8f%e3%81%ae%e6%ad%b4%e5%8f%b2\/\",\"name\":\"\\u4e00\\u65cf\\u306e\\u6b74\\u53f2 - Ch\\u00e2teau Ph\\u00e9lan S\\u00e9gur\",\"isPartOf\":{\"@id\":\"https:\/\/www.phelansegur.com\/#website\"},\"primaryImageOfPage\":{\"@id\":\"https:\/\/www.phelansegur.com\/ja\/%e4%b8%80%e6%97%8f%e3%81%ae%e6%ad%b4%e5%8f%b2\/#primaryimage\"},\"datePublished\":\"2015-01-05T15:10:22+00:00\",\"dateModified\":\"2018-06-27T08:08:18+00:00\",\"breadcrumb\":{\"@id\":\"https:\/\/www.phelansegur.com\/ja\/%e4%b8%80%e6%97%8f%e3%81%ae%e6%ad%b4%e5%8f%b2\/#breadcrumb\"},\"inLanguage\":\"ja\",\"potentialAction\":[{\"@type\":\"ReadAction\",\"target\":[\"https:\/\/www.phelansegur.com\/ja\/%e4%b8%80%e6%97%8f%e3%81%ae%e6%ad%b4%e5%8f%b2\/\"]}]},{\"@type\":\"BreadcrumbList\",\"@id\":\"https:\/\/www.phelansegur.com\/ja\/%e4%b8%80%e6%97%8f%e3%81%ae%e6%ad%b4%e5%8f%b2\/#breadcrumb\",\"itemListElement\":[{\"@type\":\"ListItem\",\"position\":1,\"item\":{\"@type\":\"WebPage\",\"@id\":\"https:\/\/www.phelansegur.com\/ja\/\",\"url\":\"https:\/\/www.phelansegur.com\/ja\/\",\"name\":\"Page d'accueil\"}},{\"@type\":\"ListItem\",\"position\":2,\"item\":{\"@type\":\"WebPage\",\"@id\":\"https:\/\/www.phelansegur.com\/ja\/%e4%b8%80%e6%97%8f%e3%81%ae%e6%ad%b4%e5%8f%b2\/\",\"url\":\"https:\/\/www.phelansegur.com\/ja\/%e4%b8%80%e6%97%8f%e3%81%ae%e6%ad%b4%e5%8f%b2\/\",\"name\":\"\\u4e00\\u65cf\\u306e\\u6b74\\u53f2\"}}]}]}<\/script>\n<!-- \/ Yoast SEO plugin. -->","_links":{"self":[{"href":"https:\/\/www.phelansegur.com\/ja\/wp-json\/wp\/v2\/pages\/2580"}],"collection":[{"href":"https:\/\/www.phelansegur.com\/ja\/wp-json\/wp\/v2\/pages"}],"about":[{"href":"https:\/\/www.phelansegur.com\/ja\/wp-json\/wp\/v2\/types\/page"}],"author":[{"embeddable":true,"href":"https:\/\/www.phelansegur.com\/ja\/wp-json\/wp\/v2\/users\/3"}],"replies":[{"embeddable":true,"href":"https:\/\/www.phelansegur.com\/ja\/wp-json\/wp\/v2\/comments?post=2580"}],"version-history":[{"count":4,"href":"https:\/\/www.phelansegur.com\/ja\/wp-json\/wp\/v2\/pages\/2580\/revisions"}],"predecessor-version":[{"id":3155,"href":"https:\/\/www.phelansegur.com\/ja\/wp-json\/wp\/v2\/pages\/2580\/revisions\/3155"}],"wp:featuredmedia":[{"embeddable":true,"href":"https:\/\/www.phelansegur.com\/ja\/wp-json\/wp\/v2\/media\/1663"}],"wp:attachment":[{"href":"https:\/\/www.phelansegur.com\/ja\/wp-json\/wp\/v2\/media?parent=2580"}],"curies":[{"name":"wp","href":"https:\/\/api.w.org\/{rel}","templated":true}]}}