{"id":2584,"date":"2015-01-05T15:11:53","date_gmt":"2015-01-05T15:11:53","guid":{"rendered":"http:\/\/www.phelansegur.com\/le-travail-de-la-vigne-2\/"},"modified":"2016-12-15T13:45:35","modified_gmt":"2016-12-15T13:45:35","slug":"%e3%83%96%e3%83%89%e3%82%a6%e7%95%91%e3%81%a7%e3%81%ae%e4%bd%9c%e6%a5%ad","status":"publish","type":"page","link":"https:\/\/www.phelansegur.com\/ja\/%e3%83%96%e3%83%89%e3%82%a6%e7%95%91%e3%81%a7%e3%81%ae%e4%bd%9c%e6%a5%ad\/","title":{"rendered":"\u30d6\u30c9\u30a6\u7551\u3067\u306e\u4f5c\u696d"},"content":{"rendered":"<p>[vc_row][vc_column width=&#8221;1\/3&#8243;][vc_row_inner][vc_column_inner width=&#8221;1\/1&#8243;][\/vc_column_inner][\/vc_row_inner][vc_single_image image=&#8221;1902&#8243; border_color=&#8221;grey&#8221; img_link_target=&#8221;_self&#8221; img_size=&#8221;large&#8221;][\/vc_column][vc_column width=&#8221;2\/3&#8243;][vc_row_inner][vc_column_inner width=&#8221;1\/1&#8243;][\/vc_column_inner][\/vc_row_inner][vc_column_text]<\/p>\n<p style=\"text-align: justify;\">\u683d\u57f9\u8cac\u4efb\u8005\u30ea\u30e5\u30c3\u30af\u30fb\u30da\u30ed\u30cd\u306f\u3001\u3053\u306e\u7279\u5225\u306a\u30c6\u30ed\u30ef\u30fc\u30eb\u672c\u6765\u306e\u7d20\u8cea\u3092\u898b\u6975\u3081\u3001\u305d\u308c\u3092\u5c0a\u91cd\u3057\u306a\u304c\u3089\u8aad\u307f\u89e3\u304d\u307e\u3059\u3002\u307e\u305f\u3001\u9577\u3044\u671f\u9593\u3092\u304b\u3051\u3066\u3001\u81ea\u7136\u304a\u3088\u3073\u4f5c\u696d\u74b0\u5883\u3078\u306e\u5f71\u97ff\u3092\u5e38\u306b\u8a8d\u8b58\u3059\u308b\u30ec\u30be\u30cd\u8fb2\u6cd5\u3078\u306e\u8ee2\u63db\u3092\u884c\u306a\u3044\u307e\u3057\u305f\u3002<\/p>\n<p style=\"text-align: justify;\">\u571f\u58cc\u4e0b\u5c64\u90e8\u3092\u5206\u6790\u3057\u3001\u30d6\u30c9\u30a6\u54c1\u7a2e\u3068\u305d\u308c\u306b\u9069\u3057\u305f\u53f0\u6728\u3092\u53b3\u9078\u3057\u3001\u305d\u3057\u3066\u65e5\u5f53\u305f\u308a\u3084\u98a8\u5411\u304d\u306a\u3069\u3082\u8003\u616e\u3057\u307e\u3059\u3002\u30d6\u30c9\u30a6\u683d\u57f9\u3092\u5fc3\u304b\u3089\u611b\u3057\u3001\u65e5\u3005\u82e5\u682a\u30d6\u30c9\u30a6\u306e\u5065\u3084\u304b\u306a\u751f\u80b2\u3068\u6210\u719f\u30d6\u30c9\u30a6\u6a39\u306e\u5065\u5eb7\u72b6\u614b\u3092\u6c17\u306b\u304b\u3051\u308b\u59ff\u306f\u3001\u307e\u3055\u306b\u8077\u4eba\u305d\u306e\u3082\u306e\u3067\u3059\u3002<\/p>\n<blockquote><p>\u30ec\u30be\u30cd\u8fb2\u6cd5<\/p><\/blockquote>\n<p>\u30d5\u30a7\u30e9\u30f3\u30fb\u30bb\u30ae\u30e5\u30fc\u30eb\u3067\u306f\u3001\u5e38\u306b\u571f\u58cc\u3092\u5c0a\u91cd\u3057\u305f\u7ba1\u7406\u3092\u5fc3\u304c\u3051\u3066\u3044\u307e\u3059\u3002\u9664\u8349\u5264\u306e\u4f7f\u7528\u306f\u307b\u307c\u64a4\u5ec3\u3057\u3001\u4ee3\u308f\u308a\u306b\u8015\u8d77\u3092\u884c\u306a\u3044\u307e\u3059\u3002\u4e00\u65b9\u3001\u4e00\u90e8\u306e\u533a\u753b\u3067\u306f\u8349\u751f\u683d\u57f9\u3092\u63a1\u7528\u3002\u571f\u58cc\u306e\u4fb5\u98df\u9632\u6b62\u3068\u6a39\u52e2\u8abf\u6574\u306b\u52b9\u679c\u7684\u3067\u3059\u3002\u80a5\u6599\u306f\u3067\u304d\u308b\u3060\u3051\u30aa\u30fc\u30ac\u30cb\u30c3\u30af\u30d9\u30fc\u30b9\u306e\u3082\u306e\u3092\u4f7f\u7528\u3057\u307e\u3059\u3002\u751f\u7269\u591a\u69d8\u6027\u306e\u7dad\u6301\u30fb\u4fdd\u5168\u306b\u52aa\u3081\u3066\u3044\u307e\u3059\u3002[\/vc_column_text][\/vc_column][\/vc_row][vc_row][vc_column width=&#8221;1\/2&#8243;][vc_row_inner][vc_column_inner width=&#8221;1\/1&#8243;][\/vc_column_inner][\/vc_row_inner][vc_column_text]<\/p>\n<blockquote>\n<p style=\"text-align: justify;\">\u8fb2\u5b66\u306e\u9032\u6b69<\/p>\n<\/blockquote>\n<p style=\"text-align: justify;\">\u8fb2\u85ac\u4f7f\u7528\u91cf\u306e\u524a\u6e1b\u306b\u3064\u306a\u304c\u308b\u75ab\u75c5\u9632\u9664\u63aa\u7f6e\u306b\u95a2\u3057\u3066\u306f\u3001\u30d6\u30c9\u30a6\u623f\u306e\u5bc6\u96c6\u3092\u59a8\u3050\u526a\u5b9a\u6cd5\u306e\u63a1\u7528\u3084\u3001\u6700\u9069\u306a\u8449\u9762\u7a4d\u306b\u6574\u3048\u308b\u8a98\u5f15\u6cd5\u3001\u7684\u78ba\u306a\u9664\u8449\u4f5c\u696d\u306a\u3069\u3001\u76ee\u899a\u307e\u3057\u3044\u9032\u6b69\u304c\u898b\u3089\u308c\u3066\u3044\u307e\u3059\u3002<\/p>\n<p style=\"text-align: justify;\">\u5404\u533a\u753b\u306b\u95a2\u3059\u308b\u7d4c\u9a13\u306b\u57fa\u3065\u304f\u77e5\u8b58\u306e\u84c4\u7a4d\u304c\u3042\u3063\u3066\u521d\u3081\u3066\u3001\u9769\u65b0\u7684\u8fb2\u5b66\u6280\u8853\u3084\u30cf\u30a4\u30c6\u30af\u6280\u8853\u3092\u51b7\u9759\u306b\u6d3b\u7528\u3057\u5f79\u7acb\u3066\u308b\u3053\u3068\u304c\u3067\u304d\u307e\u3059\u3002\u4f8b\u3048\u3070\u3001\u6c17\u8c61\u89b3\u6e2c\u30c7\u30fc\u30bf\u3001\u75ab\u75c5\u304a\u3088\u3073\u75c5\u5bb3\u866b\u306b\u95a2\u3059\u308b\u30e2\u30c7\u30ea\u30f3\u30b0\u958b\u767a\u3001\u3042\u308b\u3044\u306f\u5404\u30d6\u30c9\u30a6\u6a39\u306e\u6a39\u52e2\u306b\u95a2\u3059\u308b\u30e2\u30cb\u30bf\u30ea\u30f3\u30b0\u8abf\u67fb\u306e\u304a\u304b\u3052\u3067\u3001\u8fb2\u85ac\u4f7f\u7528\u91cf\u306e\u5927\u5e45\u306a\u524a\u6e1b\u304c\u53ef\u80fd\u306b\u306a\u308a\u307e\u3057\u305f\u300290\u5e74\u4ee3\u4ee5\u964d\u3001\u81ea\u7136\u74b0\u5883\u306e\u4fdd\u5168\u3092\u539f\u5247\u3068\u3059\u308b\u751f\u7269\u5de5\u5b66\u7684\u624b\u6cd5\u3092\u7528\u3044\u305f\u9632\u9664\u6cd5\uff08\u30d5\u30a7\u30ed\u30e2\u30f3\u4ea4\u4fe1\u304b\u304f\u4e71\u5264\uff09\u3092\u5c0e\u5165\u3057\u3001\u3053\u308c\u306f\u8fb2\u85ac\u306e\u64a4\u5ec3\u3068\u52d5\u7269\u76f8\u306e\u4fdd\u8b77\u306b\u3064\u306a\u304c\u3063\u3066\u3044\u307e\u3059\u3002\u81ea\u7136\u754c\u306e\u6355\u98df\u8005\u306e\u5b58\u5728\u304c\u30d6\u30c9\u30a6\u7551\u306b\u3068\u3063\u3066\u306e\u75c5\u5bb3\u866b\u306b\u3088\u3063\u3066\u8105\u304b\u3055\u308c\u308b\u3053\u3068\u306f\u3042\u308a\u307e\u305b\u3093\u3002\u3053\u308c\u3089\u3068\u4e26\u884c\u3057\u3066\u3001\u6c34\u4f7f\u7528\u91cf\u306e\u524a\u6e1b\u304a\u3088\u3073\u7523\u696d\u6392\u6c34\u306e\u51e6\u7406\u306b\u3082\u7a4d\u6975\u7684\u306b\u53d6\u308a\u7d44\u3093\u3067\u3044\u307e\u3059\u3002<\/p>\n<p style=\"text-align: justify;\"><span style=\"color: #ffffff;\">o<\/span><\/p>\n<p style=\"text-align: center;\"><span style=\"color: #ffffff;\"><a class=\"btn-editor-primary\" style=\"color: #ffffff;\" href=\"http:\/\/www.phelansegur.com\/ja\/la-technique-utilisee-a-phelan-segur\/\"><span color=\"#0066cc\">\u3055\u3089\u306a\u308b\u9ad8\u307f\u3092\u3081\u3056\u3057\u3066<\/span><\/a><\/span><\/p>\n<p>[\/vc_column_text][\/vc_column][vc_column width=&#8221;1\/2&#8243;][vc_row_inner][vc_column_inner width=&#8221;1\/1&#8243;][\/vc_column_inner][\/vc_row_inner][vc_single_image image=&#8221;1906&#8243; border_color=&#8221;grey&#8221; img_link_target=&#8221;_self&#8221; img_size=&#8221;full&#8221;][\/vc_column][vc_column][\/vc_column][\/vc_row][vc_row][vc_column width=&#8221;1\/1&#8243;][vc_row_inner][vc_column_inner width=&#8221;1\/1&#8243;][\/vc_column_inner][\/vc_row_inner][vc_column_text]<\/p>\n<h2 style=\"text-align: center;\">\u30ea\u30e5\u30c3\u30af\u30fb\u30da\u30ed\u30cd\u3068\u30d5\u30a7\u30e9\u30f3\u30fb\u30bb\u30ae\u30e5\u30fc\u30eb\u306e\u7551\u30b9\u30bf\u30c3\u30d5<\/h2>\n<p>[\/vc_column_text][\/vc_column][\/vc_row][vc_row][vc_column width=&#8221;1\/3&#8243;][vc_single_image image=&#8221;1688&#8243; border_color=&#8221;grey&#8221; img_link_target=&#8221;_self&#8221; img_size=&#8221;full&#8221;][\/vc_column][vc_column width=&#8221;1\/3&#8243;][vc_single_image image=&#8221;1689&#8243; border_color=&#8221;grey&#8221; img_link_target=&#8221;_self&#8221; img_size=&#8221;full&#8221;][\/vc_column][vc_column width=&#8221;1\/3&#8243;][vc_single_image image=&#8221;1690&#8243; border_color=&#8221;grey&#8221; img_link_target=&#8221;_self&#8221; img_size=&#8221;full&#8221;][\/vc_column][\/vc_row][vc_row][vc_column width=&#8221;1\/3&#8243;][vc_single_image image=&#8221;1692&#8243; border_color=&#8221;grey&#8221; img_link_target=&#8221;_self&#8221; img_size=&#8221;full&#8221;][\/vc_column][vc_column width=&#8221;1\/3&#8243;][vc_single_image image=&#8221;1693&#8243; border_color=&#8221;grey&#8221; img_link_target=&#8221;_self&#8221; img_size=&#8221;full&#8221;][\/vc_column][vc_column width=&#8221;1\/3&#8243;][vc_single_image image=&#8221;1695&#8243; border_color=&#8221;grey&#8221; img_link_target=&#8221;_self&#8221; img_size=&#8221;full&#8221;][\/vc_column][\/vc_row][vc_row][vc_column width=&#8221;1\/1&#8243;][vc_column_text]\u71b1\u610f\u306e\u306a\u305b\u308b\u6280\u3067\u3057\u3087\u3046\u304b\u3002\u5f7c\u306e\u3082\u3068\u306b\u306f\u4f7f\u547d\u611f\u306b\u71c3\u3048\u305f\u30b9\u30bf\u30c3\u30d5\u304c\u5f90\u3005\u306b\u96c6\u307e\u308a\u3001\u3072\u3068\u3064\u306e\u30c1\u30fc\u30e0\u304c\u5f62\u6210\u3055\u308c\u3066\u3044\u304d\u307e\u3057\u305f\u3002\u4f8b\u3048\u3070\u3001\u526a\u5b9a\u4f5c\u696d\u306b\u306f\u4f1d\u7d71\u6cd5\u306e\u6b63\u78ba\u306a\u4f53\u5f97\u304c\u5fc5\u8981\u4e0d\u53ef\u6b20\u3067\u3001\u305d\u306e\u305f\u3081\u306b\u3082\u719f\u7df4\u8005\u304b\u3089\u82e5\u624b\u3078\u306e\u6280\u8853\u4f1d\u627f\u306b\u529b\u3092\u5165\u308c\u3066\u3044\u307e\u3059\u3002\u30d6\u30c9\u30a6\u6a39\u306e\u526a\u5b9a\u306f11\u6708\u304b\u30893\u6708\u306b\u884c\u306a\u308f\u308c\u3001\u3053\u308c\u306f\u5c06\u6765\u306e\u53ce\u7a6b\u3092\u6761\u4ef6\u3065\u3051\u308b\u3060\u3051\u3067\u306a\u304f\u3001\u30d6\u30c9\u30a6\u6a39\u306e\u54c1\u8cea\u6052\u5e38\u5316\u306e\u9375\u3092\u306b\u304e\u308b\u975e\u5e38\u306b\u91cd\u8981\u306a\u4f5c\u696d\u3067\u3059\u3002[\/vc_column_text][\/vc_column][\/vc_row][vc_row][vc_column width=&#8221;1\/2&#8243;][vc_single_image image=&#8221;1914&#8243; border_color=&#8221;grey&#8221; img_link_target=&#8221;_self&#8221; img_size=&#8221;full&#8221;][\/vc_column][vc_column width=&#8221;1\/2&#8243;][vc_single_image image=&#8221;1913&#8243; border_color=&#8221;grey&#8221; img_link_target=&#8221;_self&#8221; img_size=&#8221;full&#8221;][\/vc_column][vc_column][\/vc_column][\/vc_row][vc_row][vc_column width=&#8221;1\/1&#8243;][vc_column_text]<\/p>\n<blockquote><p>\u5922\u4e2d\u3067\u53d6\u308a\u7d44\u3093\u30601\u5e74\u306e\u6210\u679c<\/p><\/blockquote>\n<p>\u9577\u5e74\u306e\u7d4c\u9a13\u306b\u3088\u308a\u3064\u3061\u304b\u308f\u308c\u305f\u53e1\u667a\u3092\u767a\u63ee\u3057\u305f\u3044\u3068\u3053\u308d\u3067\u306f\u3042\u308a\u307e\u3059\u304c\u3001\u6625\u306e\u971c\u5bb3\u306e\u6642\u671f\u3084\u53ce\u7a6b\u76f4\u524d\u3001\u590f\u306e\u96f7\u306e\u3068\u3069\u308d\u304d\u3092\u805e\u304f\u3068\u3001\u3044\u3064\u306b\u306a\u3063\u3066\u3082\u4e0d\u5b89\u306b\u8972\u308f\u308c\u308b\u3082\u306e\u3067\u3059\u3002\u683d\u57f9\u8cac\u4efb\u8005\u304c\u521d\u3081\u3066\u5b89\u5835\u306e\u606f\u3092\u3064\u304f\u306e\u306f\u300c\u30d6\u30c9\u30a6\u304c\u8535\u3078\u3068\u904b\u3073\u3053\u307e\u308c\u305f\u300d\u77ac\u9593\u3067\u3059\u3002\u53ce\u7a6b\u306f100\u540d\u7a0b\u5ea6\u306e\u30b9\u30bf\u30c3\u30d5\u306e\u624b\u3092\u501f\u308a\u3066\u3001\u7d0412\u65e5\u304b\u3051\u3066\u624b\u6458\u307f\u3067\u884c\u306a\u3063\u3066\u3044\u307e\u3059\u3002\u5922\u4e2d\u3067\u53d6\u308a\u7d44\u3093\u30601\u5e74\u306e\u6210\u679c\u3092\u53ce\u7a6b\u3057\u307e\u3059\u3002[\/vc_column_text][\/vc_column][\/vc_row]<\/p>\n","protected":false},"excerpt":{"rendered":"<p>[vc_row][vc_column width=&#8221;1\/3&#8243;][vc_row_inner][vc_column_inner width=&#8221;1\/1&#8243;][\/vc_column_ [&hellip;]<\/p>\n","protected":false},"author":3,"featured_media":464,"parent":0,"menu_order":0,"comment_status":"open","ping_status":"open","template":"","meta":[],"acf":[],"yoast_head":"<!-- This site is optimized with the Yoast SEO plugin v15.4 - https:\/\/yoast.com\/wordpress\/plugins\/seo\/ -->\n<meta name=\"robots\" content=\"index, follow, max-snippet:-1, max-image-preview:large, max-video-preview:-1\" \/>\n<link rel=\"canonical\" href=\"https:\/\/www.phelansegur.com\/ja\/\u30d6\u30c9\u30a6\u7551\u3067\u306e\u4f5c\u696d\/\" \/>\n<meta property=\"og:locale\" content=\"ja_JP\" \/>\n<meta property=\"og:type\" content=\"article\" \/>\n<meta property=\"og:title\" content=\"\u30d6\u30c9\u30a6\u7551\u3067\u306e\u4f5c\u696d - Ch\u00e2teau Ph\u00e9lan S\u00e9gur\" \/>\n<meta property=\"og:description\" content=\"[vc_row][vc_column width=&#8221;1\/3&#8243;][vc_row_inner][vc_column_inner width=&#8221;1\/1&#8243;][\/vc_column_ [&hellip;]\" \/>\n<meta property=\"og:url\" content=\"https:\/\/www.phelansegur.com\/ja\/\u30d6\u30c9\u30a6\u7551\u3067\u306e\u4f5c\u696d\/\" \/>\n<meta property=\"og:site_name\" content=\"Ch\u00e2teau Ph\u00e9lan S\u00e9gur\" \/>\n<meta property=\"article:modified_time\" content=\"2016-12-15T13:45:35+00:00\" \/>\n<meta property=\"og:image\" content=\"https:\/\/www.phelansegur.com\/wp-content\/uploads\/2015\/01\/Entete-PHE002.jpg\" \/>\n\t<meta property=\"og:image:width\" content=\"1476\" \/>\n\t<meta property=\"og:image:height\" content=\"984\" \/>\n<meta name=\"twitter:card\" content=\"summary_large_image\" \/>\n<meta name=\"twitter:label1\" content=\"Written by\">\n\t<meta name=\"twitter:data1\" content=\"allison\">\n\t<meta name=\"twitter:label2\" content=\"Est. reading time\">\n\t<meta name=\"twitter:data2\" content=\"1\u5206\">\n<script type=\"application\/ld+json\" class=\"yoast-schema-graph\">{\"@context\":\"https:\/\/schema.org\",\"@graph\":[{\"@type\":\"Organization\",\"@id\":\"https:\/\/www.phelansegur.com\/#organization\",\"name\":\"Ch\\u00e2teau Ph\\u00e9lan S\\u00e9gur\",\"url\":\"https:\/\/www.phelansegur.com\/\",\"sameAs\":[\"https:\/\/www.instagram.com\/phelansegur\/\"],\"logo\":{\"@type\":\"ImageObject\",\"@id\":\"https:\/\/www.phelansegur.com\/#logo\",\"inLanguage\":\"ja\",\"url\":\"https:\/\/www.phelansegur.com\/wp-content\/uploads\/2020\/03\/logo-phelansegur.jpg\",\"width\":500,\"height\":200,\"caption\":\"Ch\\u00e2teau Ph\\u00e9lan S\\u00e9gur\"},\"image\":{\"@id\":\"https:\/\/www.phelansegur.com\/#logo\"}},{\"@type\":\"WebSite\",\"@id\":\"https:\/\/www.phelansegur.com\/#website\",\"url\":\"https:\/\/www.phelansegur.com\/\",\"name\":\"Ch\\u00e2teau Ph\\u00e9lan S\\u00e9gur\",\"description\":\"Saint Est\\u00e8phe\",\"publisher\":{\"@id\":\"https:\/\/www.phelansegur.com\/#organization\"},\"potentialAction\":[{\"@type\":\"SearchAction\",\"target\":\"https:\/\/www.phelansegur.com\/?s={search_term_string}\",\"query-input\":\"required name=search_term_string\"}],\"inLanguage\":\"ja\"},{\"@type\":\"ImageObject\",\"@id\":\"https:\/\/www.phelansegur.com\/ja\/%e3%83%96%e3%83%89%e3%82%a6%e7%95%91%e3%81%a7%e3%81%ae%e4%bd%9c%e6%a5%ad\/#primaryimage\",\"inLanguage\":\"ja\",\"url\":\"https:\/\/www.phelansegur.com\/wp-content\/uploads\/2015\/01\/Entete-PHE002.jpg\",\"width\":1476,\"height\":984,\"caption\":\"Flower\"},{\"@type\":\"WebPage\",\"@id\":\"https:\/\/www.phelansegur.com\/ja\/%e3%83%96%e3%83%89%e3%82%a6%e7%95%91%e3%81%a7%e3%81%ae%e4%bd%9c%e6%a5%ad\/#webpage\",\"url\":\"https:\/\/www.phelansegur.com\/ja\/%e3%83%96%e3%83%89%e3%82%a6%e7%95%91%e3%81%a7%e3%81%ae%e4%bd%9c%e6%a5%ad\/\",\"name\":\"\\u30d6\\u30c9\\u30a6\\u7551\\u3067\\u306e\\u4f5c\\u696d - Ch\\u00e2teau Ph\\u00e9lan S\\u00e9gur\",\"isPartOf\":{\"@id\":\"https:\/\/www.phelansegur.com\/#website\"},\"primaryImageOfPage\":{\"@id\":\"https:\/\/www.phelansegur.com\/ja\/%e3%83%96%e3%83%89%e3%82%a6%e7%95%91%e3%81%a7%e3%81%ae%e4%bd%9c%e6%a5%ad\/#primaryimage\"},\"datePublished\":\"2015-01-05T15:11:53+00:00\",\"dateModified\":\"2016-12-15T13:45:35+00:00\",\"breadcrumb\":{\"@id\":\"https:\/\/www.phelansegur.com\/ja\/%e3%83%96%e3%83%89%e3%82%a6%e7%95%91%e3%81%a7%e3%81%ae%e4%bd%9c%e6%a5%ad\/#breadcrumb\"},\"inLanguage\":\"ja\",\"potentialAction\":[{\"@type\":\"ReadAction\",\"target\":[\"https:\/\/www.phelansegur.com\/ja\/%e3%83%96%e3%83%89%e3%82%a6%e7%95%91%e3%81%a7%e3%81%ae%e4%bd%9c%e6%a5%ad\/\"]}]},{\"@type\":\"BreadcrumbList\",\"@id\":\"https:\/\/www.phelansegur.com\/ja\/%e3%83%96%e3%83%89%e3%82%a6%e7%95%91%e3%81%a7%e3%81%ae%e4%bd%9c%e6%a5%ad\/#breadcrumb\",\"itemListElement\":[{\"@type\":\"ListItem\",\"position\":1,\"item\":{\"@type\":\"WebPage\",\"@id\":\"https:\/\/www.phelansegur.com\/ja\/\",\"url\":\"https:\/\/www.phelansegur.com\/ja\/\",\"name\":\"Page d'accueil\"}},{\"@type\":\"ListItem\",\"position\":2,\"item\":{\"@type\":\"WebPage\",\"@id\":\"https:\/\/www.phelansegur.com\/ja\/%e3%83%96%e3%83%89%e3%82%a6%e7%95%91%e3%81%a7%e3%81%ae%e4%bd%9c%e6%a5%ad\/\",\"url\":\"https:\/\/www.phelansegur.com\/ja\/%e3%83%96%e3%83%89%e3%82%a6%e7%95%91%e3%81%a7%e3%81%ae%e4%bd%9c%e6%a5%ad\/\",\"name\":\"\\u30d6\\u30c9\\u30a6\\u7551\\u3067\\u306e\\u4f5c\\u696d\"}}]}]}<\/script>\n<!-- \/ Yoast SEO plugin. -->","_links":{"self":[{"href":"https:\/\/www.phelansegur.com\/ja\/wp-json\/wp\/v2\/pages\/2584"}],"collection":[{"href":"https:\/\/www.phelansegur.com\/ja\/wp-json\/wp\/v2\/pages"}],"about":[{"href":"https:\/\/www.phelansegur.com\/ja\/wp-json\/wp\/v2\/types\/page"}],"author":[{"embeddable":true,"href":"https:\/\/www.phelansegur.com\/ja\/wp-json\/wp\/v2\/users\/3"}],"replies":[{"embeddable":true,"href":"https:\/\/www.phelansegur.com\/ja\/wp-json\/wp\/v2\/comments?post=2584"}],"version-history":[{"count":0,"href":"https:\/\/www.phelansegur.com\/ja\/wp-json\/wp\/v2\/pages\/2584\/revisions"}],"wp:featuredmedia":[{"embeddable":true,"href":"https:\/\/www.phelansegur.com\/ja\/wp-json\/wp\/v2\/media\/464"}],"wp:attachment":[{"href":"https:\/\/www.phelansegur.com\/ja\/wp-json\/wp\/v2\/media?parent=2584"}],"curies":[{"name":"wp","href":"https:\/\/api.w.org\/{rel}","templated":true}]}}