{"id":2587,"date":"2015-11-03T21:18:02","date_gmt":"2015-11-03T21:18:02","guid":{"rendered":"http:\/\/www.phelansegur.com\/la-technique-utilisee-a-phelan-segur-3\/"},"modified":"2017-01-12T13:22:44","modified_gmt":"2017-01-12T13:22:44","slug":"la-technique-utilisee-a-phelan-segur","status":"publish","type":"page","link":"https:\/\/www.phelansegur.com\/ja\/la-technique-utilisee-a-phelan-segur\/","title":{"rendered":"\u30d5\u30a7\u30e9\u30f3\u30fb\u30bb\u30ae\u30e5\u30fc\u30eb\u306e\u6700\u65b0\u6280\u8853"},"content":{"rendered":"<p>[vc_row][vc_column width=&#8221;1\/1&#8243;][vc_empty_space height=&#8221;32px&#8221;][\/vc_column][\/vc_row][vc_row][vc_column width=&#8221;1\/2&#8243;][vc_single_image image=&#8221;1118&#8243; alignment=&#8221;center&#8221; border_color=&#8221;grey&#8221; img_link_large=&#8221;yes&#8221; img_link_target=&#8221;_self&#8221; img_size=&#8221;full&#8221;][\/vc_column][vc_column width=&#8221;1\/2&#8243;][vc_column_text]<\/p>\n<blockquote><p>Greenseeker\uff08\u30b0\u30ea\u30fc\u30f3\u30b7\u30fc\u30ab\u30fc\uff09<\/p><\/blockquote>\n<p style=\"text-align: justify;\"><em>\u30b7\u30e3\u30c8\u30fc\u30fb\u30d5\u30a7\u30e9\u30f3\u30fb\u30bb\u30ae\u30e5\u30fc\u30eb\u3067\u306f\u30b9\u30a4\u30b9\u88fd\u306e\u6700\u65b0\u92ed\u30b7\u30b9\u30c6\u30e0\u300cGreenseeker\uff08\u30b0\u30ea\u30fc\u30f3\u30b7\u30fc\u30ab\u30fc\uff09\u300d\u3092\u5c0e\u5165\u3002\u683d\u57f9\u8cac\u4efb\u8005\u306f\u3001\u901a\u5e74\u306b\u308f\u305f\u3063\u3066\u30d6\u30c9\u30a6\u7551\u306e\u6a39\u52e2\u3092\u8abf\u67fb\u30fb\u5206\u6790\u3059\u308b\u4f5c\u696d\u306b\u5f79\u7acb\u3066\u3066\u3044\u307e\u3059\u3002\u540c\u30b7\u30b9\u30c6\u30e0\u306f\u3001\u30b9\u30c8\u30e9\u30c9\u30eb\u30c8\u30e9\u30af\u30bf\u30fc\u306b\u53d6\u308a\u4ed8\u3051\u3066\u4f7f\u7528\u3002GPS\u885b\u661f\u304b\u3089\u306e\u4f4d\u7f6e\u30c7\u30fc\u30bf\u3092\u53d7\u4fe1\u5229\u7528\u3057\u3001\u305d\u3053\u304b\u3089\u7b97\u51fa\u3055\u308c\u308b\u6b63\u898f\u5316\u690d\u751f\u6307\u6a19\uff08NDVI\uff09\u3068\u547c\u3070\u308c\u308b\u30c7\u30fc\u30bf\u3092\u89e3\u6790\u3059\u308b\u3053\u3068\u3067\u3001\u690d\u751f\u306e\u6d3b\u6027\u5ea6\u3092\u6e2c\u308b\u3053\u3068\u304c\u3067\u304d\u307e\u3059\u3002\u3053\u3046\u3057\u3066\u4f5c\u6210\u3055\u308c\u308b\u5206\u5e03\u56f3\u306b\u3088\u308a\u3001\u30ea\u30a2\u30eb\u30bf\u30a4\u30e0\u3067\u30d6\u30c9\u30a6\u7551\u306e\u751f\u80b2\u72b6\u614b\u3092\u78ba\u8a8d\u3067\u304d\u3001\u8ab2\u984c\u628a\u63e1\u30fb\u610f\u601d\u6c7a\u5b9a\u30c4\u30fc\u30eb\u3068\u3057\u3066\u5f79\u7acb\u3066\u3089\u308c\u307e\u3059\u3002\u690d\u7269\u306e\u6804\u990a\u72b6\u614b\u3092\u6b63\u78ba\u306b\u30e2\u30cb\u30bf\u30ea\u30f3\u30b0\u3057\u3001\u901a\u5e74\u306b\u308f\u305f\u3063\u3066\u6a39\u52e2\u306e\u5909\u5316\u306b\u5fdc\u3058\u305f\u7684\u78ba\u306a\u63aa\u7f6e\u3092\u5b9f\u65bd\u3002\u7a92\u7d20\u6804\u990a\u72b6\u614b\u306e\u8a3a\u65ad\u3082\u53ef\u80fd\u3067\u3059\u3002\u65bd\u80a5\u7ba1\u7406\u3084\u7551\u3078\u306e\u5404\u7a2e\u63aa\u7f6e\u3001\u526a\u5b9a\u3084\u9664\u8449\u306a\u3069\u3001\u690d\u7269\u751f\u80b2\u30b5\u30a4\u30af\u30eb\u4e2d\u306e\u69d8\u3005\u306a\u4f5c\u696d\u306e\u6c7a\u5b9a\u306b\u3053\u308c\u3089\u306e\u60c5\u5831\u304c\u5229\u7528\u3055\u308c\u307e\u3059\u3002<br \/>\n\u6700\u5927\u306e\u5c71\u5834\u3067\u3042\u308b\u53ce\u7a6b\u6642\u671f\u306b\u306f\u30012012\u5e7410\u6708\u306b\u521d\u3081\u3066\u3001\u6d3b\u6027\u5ea6\u3092\u53c2\u8003\u306b\u533a\u753b\u3092\u7d30\u5206\u5316\u3057\u3066\u518d\u7de8\u3002\u3082\u3061\u308d\u3093\u719f\u5ea6\u3082\u8003\u616e\u306e\u4e0a\u3001\u3042\u3089\u305f\u306a\u30bf\u30f3\u30af\u69cb\u6210\u3067\u4f5c\u696d\u3092\u884c\u306a\u3063\u3066\u3044\u307e\u3059\u3002<br \/>\n<\/em><\/p>\n<p>[\/vc_column_text][\/vc_column][\/vc_row][vc_row][vc_column width=&#8221;1\/1&#8243;][vc_column_text]<\/p>\n<p style=\"text-align: justify;\"><em>\u3053\u308c\u306f\u9577\u671f\u7684\u8996\u70b9\u306b\u7acb\u3063\u305f\u30d7\u30ed\u30b8\u30a7\u30af\u30c8\u3067\u3082\u3042\u308a\u3001\u571f\u58cc\u5206\u6790\u30c7\u30fc\u30bf\u304c\u5237\u65b0\u3055\u308c\u308b\u3068\u3068\u3082\u306b\u30d7\u30ed\u30b8\u30a7\u30af\u30c8\u81ea\u4f53\u3082\u898b\u76f4\u3055\u308c\u3001\u30d6\u30c9\u30a6\u7551\u306e\u751f\u614b\u306e\u3055\u3089\u306a\u308b\u7406\u89e3\u306b\u5f79\u7acb\u3066\u3089\u308c\u307e\u3059\u3002<\/em><br \/>\n<em>\u74b0\u5883\u4fdd\u5168\u306e\u89b3\u70b9\u304b\u3089\u3082\u3001\u8fb2\u85ac\u306e\u4f7f\u7528\u524a\u6e1b\u3092\u3081\u3056\u3059\u30ec\u30be\u30cd\u8fb2\u6cd5\u3068\u65b9\u5411\u6027\u306f\u4e00\u81f4\u3057\u307e\u3059\u3002\u30b7\u30e3\u30c8\u30fc\u30fb\u30d5\u30a7\u30e9\u30f3\u30fb\u30bb\u30ae\u30e5\u30fc\u30eb\u3067\u306f\u3001Ecophyto 2018\uff08\u30d5\u30e9\u30f3\u30b9\u653f\u5e9c\u304c\u63a8\u9032\u3059\u308b\u8fb2\u85ac\u524a\u6e1b\u30d7\u30e9\u30f3\uff09\u304c\u8a2d\u5b9a\u3059\u308b50%\u524a\u6e1b\u3068\u3044\u3046\u76ee\u6a19\u5024\u3092\u65e2\u306b\u9054\u6210\u3057\u3066\u3044\u307e\u3059\u3002\u3068\u308a\u308f\u3051\u52b9\u679c\u7684\u3060\u3063\u305f\u306e\u306f\u751f\u7269\u5de5\u5b66\u7684\u624b\u6cd5\u3092\u7528\u3044\u305f\u30d5\u30a7\u30ed\u30e2\u30f3\u4ea4\u4fe1\u304b\u304f\u4e71\u5264\u306e\u5c0e\u5165\u3067\u3001\u8fb2\u85ac\u306e\u4f7f\u7528\u306f\u305f\u3061\u307e\u3061\u8868\u821e\u53f0\u304b\u3089\u306e\u64a4\u9000\u3092\u4f59\u5100\u306a\u304f\u3055\u308c\u307e\u3057\u305f\u3002<\/em><\/p>\n<p>[\/vc_column_text][\/vc_column][\/vc_row][vc_row][vc_column width=&#8221;1\/1&#8243;][vc_column_text]<\/p>\n<p style=\"text-align: center;\"><a title=\"Le travail de la vigne\" class=\"btn-editor-primary\" href=\"http:\/\/www.phelansegur.com\/ja\/\u30d6\u30c9\u30a6\u7551\u3067\u306e\u4f5c\u696d\">\u30d6\u30c9\u30a6\u7551\u3067\u306e\u4f5c\u696d<\/a><\/p>\n<p>[\/vc_column_text][\/vc_column][\/vc_row]<\/p>\n","protected":false},"excerpt":{"rendered":"<p>[vc_row][vc_column width=&#8221;1\/1&#8243;][vc_empty_space height=&#8221;32px&#8221;][\/vc_column][\/vc_row][vc_ [&hellip;]<\/p>\n","protected":false},"author":3,"featured_media":0,"parent":0,"menu_order":0,"comment_status":"open","ping_status":"open","template":"","meta":[],"acf":[],"yoast_head":"<!-- This site is optimized with the Yoast SEO plugin v15.4 - https:\/\/yoast.com\/wordpress\/plugins\/seo\/ -->\n<meta name=\"robots\" content=\"index, follow, max-snippet:-1, max-image-preview:large, max-video-preview:-1\" \/>\n<link rel=\"canonical\" href=\"https:\/\/www.phelansegur.com\/ja\/la-technique-utilisee-a-phelan-segur\/\" \/>\n<meta property=\"og:locale\" content=\"ja_JP\" \/>\n<meta property=\"og:type\" content=\"article\" \/>\n<meta property=\"og:title\" content=\"\u30d5\u30a7\u30e9\u30f3\u30fb\u30bb\u30ae\u30e5\u30fc\u30eb\u306e\u6700\u65b0\u6280\u8853 - Ch\u00e2teau Ph\u00e9lan S\u00e9gur\" \/>\n<meta property=\"og:description\" content=\"[vc_row][vc_column width=&#8221;1\/1&#8243;][vc_empty_space height=&#8221;32px&#8221;][\/vc_column][\/vc_row][vc_ [&hellip;]\" \/>\n<meta property=\"og:url\" content=\"https:\/\/www.phelansegur.com\/ja\/la-technique-utilisee-a-phelan-segur\/\" \/>\n<meta property=\"og:site_name\" content=\"Ch\u00e2teau Ph\u00e9lan S\u00e9gur\" \/>\n<meta property=\"article:modified_time\" content=\"2017-01-12T13:22:44+00:00\" \/>\n<meta name=\"twitter:card\" content=\"summary_large_image\" \/>\n<meta name=\"twitter:label1\" content=\"Written by\">\n\t<meta name=\"twitter:data1\" content=\"allison\">\n\t<meta name=\"twitter:label2\" content=\"Est. reading time\">\n\t<meta name=\"twitter:data2\" content=\"0\u5206\">\n<script type=\"application\/ld+json\" class=\"yoast-schema-graph\">{\"@context\":\"https:\/\/schema.org\",\"@graph\":[{\"@type\":\"Organization\",\"@id\":\"https:\/\/www.phelansegur.com\/#organization\",\"name\":\"Ch\\u00e2teau Ph\\u00e9lan S\\u00e9gur\",\"url\":\"https:\/\/www.phelansegur.com\/\",\"sameAs\":[\"https:\/\/www.instagram.com\/phelansegur\/\"],\"logo\":{\"@type\":\"ImageObject\",\"@id\":\"https:\/\/www.phelansegur.com\/#logo\",\"inLanguage\":\"ja\",\"url\":\"https:\/\/www.phelansegur.com\/wp-content\/uploads\/2020\/03\/logo-phelansegur.jpg\",\"width\":500,\"height\":200,\"caption\":\"Ch\\u00e2teau Ph\\u00e9lan S\\u00e9gur\"},\"image\":{\"@id\":\"https:\/\/www.phelansegur.com\/#logo\"}},{\"@type\":\"WebSite\",\"@id\":\"https:\/\/www.phelansegur.com\/#website\",\"url\":\"https:\/\/www.phelansegur.com\/\",\"name\":\"Ch\\u00e2teau Ph\\u00e9lan S\\u00e9gur\",\"description\":\"Saint Est\\u00e8phe\",\"publisher\":{\"@id\":\"https:\/\/www.phelansegur.com\/#organization\"},\"potentialAction\":[{\"@type\":\"SearchAction\",\"target\":\"https:\/\/www.phelansegur.com\/?s={search_term_string}\",\"query-input\":\"required name=search_term_string\"}],\"inLanguage\":\"ja\"},{\"@type\":\"WebPage\",\"@id\":\"https:\/\/www.phelansegur.com\/ja\/la-technique-utilisee-a-phelan-segur\/#webpage\",\"url\":\"https:\/\/www.phelansegur.com\/ja\/la-technique-utilisee-a-phelan-segur\/\",\"name\":\"\\u30d5\\u30a7\\u30e9\\u30f3\\u30fb\\u30bb\\u30ae\\u30e5\\u30fc\\u30eb\\u306e\\u6700\\u65b0\\u6280\\u8853 - Ch\\u00e2teau Ph\\u00e9lan S\\u00e9gur\",\"isPartOf\":{\"@id\":\"https:\/\/www.phelansegur.com\/#website\"},\"datePublished\":\"2015-11-03T21:18:02+00:00\",\"dateModified\":\"2017-01-12T13:22:44+00:00\",\"breadcrumb\":{\"@id\":\"https:\/\/www.phelansegur.com\/ja\/la-technique-utilisee-a-phelan-segur\/#breadcrumb\"},\"inLanguage\":\"ja\",\"potentialAction\":[{\"@type\":\"ReadAction\",\"target\":[\"https:\/\/www.phelansegur.com\/ja\/la-technique-utilisee-a-phelan-segur\/\"]}]},{\"@type\":\"BreadcrumbList\",\"@id\":\"https:\/\/www.phelansegur.com\/ja\/la-technique-utilisee-a-phelan-segur\/#breadcrumb\",\"itemListElement\":[{\"@type\":\"ListItem\",\"position\":1,\"item\":{\"@type\":\"WebPage\",\"@id\":\"https:\/\/www.phelansegur.com\/ja\/\",\"url\":\"https:\/\/www.phelansegur.com\/ja\/\",\"name\":\"Page d'accueil\"}},{\"@type\":\"ListItem\",\"position\":2,\"item\":{\"@type\":\"WebPage\",\"@id\":\"https:\/\/www.phelansegur.com\/ja\/la-technique-utilisee-a-phelan-segur\/\",\"url\":\"https:\/\/www.phelansegur.com\/ja\/la-technique-utilisee-a-phelan-segur\/\",\"name\":\"\\u30d5\\u30a7\\u30e9\\u30f3\\u30fb\\u30bb\\u30ae\\u30e5\\u30fc\\u30eb\\u306e\\u6700\\u65b0\\u6280\\u8853\"}}]}]}<\/script>\n<!-- \/ Yoast SEO plugin. -->","_links":{"self":[{"href":"https:\/\/www.phelansegur.com\/ja\/wp-json\/wp\/v2\/pages\/2587"}],"collection":[{"href":"https:\/\/www.phelansegur.com\/ja\/wp-json\/wp\/v2\/pages"}],"about":[{"href":"https:\/\/www.phelansegur.com\/ja\/wp-json\/wp\/v2\/types\/page"}],"author":[{"embeddable":true,"href":"https:\/\/www.phelansegur.com\/ja\/wp-json\/wp\/v2\/users\/3"}],"replies":[{"embeddable":true,"href":"https:\/\/www.phelansegur.com\/ja\/wp-json\/wp\/v2\/comments?post=2587"}],"version-history":[{"count":0,"href":"https:\/\/www.phelansegur.com\/ja\/wp-json\/wp\/v2\/pages\/2587\/revisions"}],"wp:attachment":[{"href":"https:\/\/www.phelansegur.com\/ja\/wp-json\/wp\/v2\/media?parent=2587"}],"curies":[{"name":"wp","href":"https:\/\/api.w.org\/{rel}","templated":true}]}}