{"id":2590,"date":"2015-01-05T15:11:42","date_gmt":"2015-01-05T15:11:42","guid":{"rendered":"http:\/\/www.phelansegur.com\/en-terre-de-st-estephe-2\/"},"modified":"2016-12-16T08:04:42","modified_gmt":"2016-12-16T08:04:42","slug":"%e3%82%b5%e3%83%b3%e3%83%86%e3%82%b9%e3%83%86%e3%83%95%e3%81%ae%e5%a4%a7%e5%9c%b0%e3%81%ab%e3%81%a6","status":"publish","type":"page","link":"https:\/\/www.phelansegur.com\/ja\/%e3%82%b5%e3%83%b3%e3%83%86%e3%82%b9%e3%83%86%e3%83%95%e3%81%ae%e5%a4%a7%e5%9c%b0%e3%81%ab%e3%81%a6\/","title":{"rendered":"\u30b5\u30f3\u30c6\u30b9\u30c6\u30d5\u306e\u5927\u5730\u306b\u3066"},"content":{"rendered":"<p>[vc_row][vc_column width=&#8221;1\/1&#8243;][vc_column_text]<span style=\"color: #ffffff;\">&nbsp;<\/span>[\/vc_column_text][\/vc_column][\/vc_row][vc_row][vc_column width=&#8221;1\/2&#8243;][vc_single_image image=&#8221;1684&#8243; border_color=&#8221;grey&#8221; img_link_target=&#8221;_self&#8221; img_size=&#8221;large&#8221;][\/vc_column][vc_column width=&#8221;1\/2&#8243;][vc_single_image image=&#8221;1685&#8243; border_color=&#8221;grey&#8221; img_link_target=&#8221;_self&#8221; img_size=&#8221;full&#8221;][\/vc_column][\/vc_row][vc_row][vc_column width=&#8221;1\/2&#8243;][vc_column_text]<\/p>\n<blockquote><p>\u30ab\u30d9\u30eb\u30cd\u30fb\u30bd\u30fc\u30f4\u30a3\u30cb\u30e8\u30f3\u3001\u738b\u305f\u308b\u30d6\u30c9\u30a6\u54c1\u7a2e<\/p><\/blockquote>\n<p style=\"text-align: justify;\">\u30d5\u30a7\u30e9\u30f3\u30fb\u30bb\u30ae\u30e5\u30fc\u30eb\u306e\u7551\u306f4\u3064\u306e\u30b0\u30eb\u30fc\u30d7\u306b\u5927\u304d\u304f\u533a\u5206\u3055\u308c\u3001\u30b7\u30e3\u30c8\u30fc\u30fb\u30e2\u30f3\u30ed\u30fc\u30ba\u3084\u30b7\u30e3\u30c8\u30fc\u30fb\u30ab\u30ed\u30f3\u30fb\u30bb\u30ae\u30e5\u30fc\u30eb\u306e\u30d6\u30c9\u30a6\u7551\u306b\u96a3\u63a5\u3057\u3066\u5e83\u304c\u3063\u3066\u3044\u307e\u3059\u3002\u30e1\u30c9\u30c3\u30af\u4f1d\u7d71\u306e\u6709\u529b\u30da\u30a2\uff0858% \u30ab\u30d9\u30eb\u30cd\u30fb\u30bd\u30fc\u30f4\u30a3\u30cb\u30e8\u30f3\u300139% \u30e1\u30eb\u30ed\uff09\u3092\u3001\u30ab\u30d9\u30eb\u30cd\u30fb\u30d5\u30e9\u30f3\u3068\u30d7\u30c6\u30a3\u30fb\u30f4\u30a7\u30eb\u30c9\uff08\u305d\u308c\u305e\u308c1.5%\uff09\u3067\u88dc\u3046\u3068\u3044\u3046\u7279\u6709\u306e\u4f5c\u4ed8\u6bd4\u7387\u3067\u306e\u683d\u57f9\u3067\u3059\u3002\u30e1\u30c9\u30c3\u30af\u306e\u738b\u305f\u308b\u30d6\u30c9\u30a6\u54c1\u7a2e\u30ab\u30d9\u30eb\u30cd\u30fb\u30bd\u30fc\u30f4\u30a3\u30cb\u30e8\u30f3\u304b\u3089\u306f\u7121\u985e\u306e\u529b\u5f37\u3055\u3068\u30b9\u30c8\u30e9\u30af\u30c1\u30e5\u30a2\u304c\u3082\u305f\u3089\u3055\u308c\u3001\u30b0\u30e9\u30f3\u30f4\u30a1\u30f3\u306e\u307e\u3055\u306b\u810a\u690e\u3092\u5f62\u6210\u3057\u307e\u3059\u3002<\/p>\n<p>[\/vc_column_text][\/vc_column][vc_column width=&#8221;1\/2&#8243;][vc_column_text]<\/p>\n<blockquote><p>\u591a\u5f69\u306a\u30d6\u30c9\u30a6\u54c1\u7a2e<\/p><\/blockquote>\n<p style=\"text-align: justify;\">\u30e1\u30eb\u30ed\u306e\u9b45\u529b\u306f\u305d\u306e\u53ef\u6190\u306a\u4e38\u307f\u3068\u6bd4\u985e\u306a\u304d\u3057\u306a\u3084\u304b\u3055\u3067\u3059\u30022015\u5e74\u304b\u3089\u306f\u30d7\u30c6\u30a3\u30fb\u30f4\u30a7\u30eb\u30c9\u3092\u63a1\u7528\u3057\u3001\u591a\u69d8\u6027\u306e\u7dad\u6301\u3068\u307b\u306e\u304b\u306a\u30b9\u30d1\u30a4\u30b9\u9999\u306e\u52b9\u679c\u304c\u671f\u5f85\u3055\u308c\u307e\u3059\u3002\u30d7\u30c6\u30a3\u30fb\u30f4\u30a7\u30eb\u30c9\u306f\u3001\u7c98\u571f\u3092\u591a\u304f\u542b\u3080\u91cd\u305f\u3044\u571f\u58cc\u306b\u304a\u3044\u3066\u672c\u9818\u3092\u767a\u63ee\u3057\u307e\u3059\u3002\u6fc0\u3057\u3044\u6027\u683c\u306e\u3001\u624b\u306e\u8fbc\u3093\u3060\u7ba1\u7406\u3092\u5fc5\u8981\u3068\u3059\u308b\u3001\u3044\u308f\u3070\u30f4\u30a3\u30cb\u30e5\u30ed\u30f3\u983c\u307f\u306e\u30d6\u30c9\u30a6\u54c1\u7a2e\u3067\u3059\u3002\u30ab\u30d9\u30eb\u30cd\u30fb\u30d5\u30e9\u30f3\u306b\u95a2\u3057\u3066\u306f\u3001\u30d5\u30a7\u30e9\u30f3\u30fb\u30bb\u30ae\u30e5\u30fc\u30eb\u3067\u306f\u7d99\u7d9a\u7684\u306b\u683d\u57f9\u3092\u3057\u3066\u304a\u308a\u3001\u7279\u6709\u306e\u30d5\u30a3\u30cd\u30b9\u3068\u30d5\u30ed\u30fc\u30e9\u30eb\u306a\u30cb\u30e5\u30a2\u30f3\u30b9\u3092\u305d\u306a\u3048\u3001\u30a2\u30c3\u30b5\u30f3\u30d6\u30e9\u30fc\u30b8\u30e5\u306b\u304a\u3051\u308b\u5f37\u529b\u306a\u5207\u308a\u672d\u306b\u306a\u308a\u307e\u3059\u3002<\/p>\n<p>[\/vc_column_text][\/vc_column][\/vc_row][vc_row][vc_column width=&#8221;1\/4&#8243;][\/vc_column][vc_column width=&#8221;1\/2&#8243;][vc_single_image image=&#8221;1407&#8243; border_color=&#8221;grey&#8221; img_link_target=&#8221;_self&#8221; img_size=&#8221;full&#8221; alignment=&#8221;center&#8221;][\/vc_column][vc_column width=&#8221;1\/4&#8243;][\/vc_column][\/vc_row][vc_row][vc_column width=&#8221;1\/3&#8243;][vc_column_text]<\/p>\n<p style=\"text-align: center;\"><strong><span style=\"color: #cd163f;\">1-<\/span><\/strong> \u300cFontpetite\u300d\u533a\u753b\uff08\u4e18\u306e\u9802\uff09\u306e\u591a\u8150\u690d\u8cea\u30fb\u792b\u8cea\u571f\u58cc<\/p>\n<p>[\/vc_column_text][\/vc_column][vc_column width=&#8221;1\/3&#8243;][vc_column_text]<\/p>\n<p style=\"text-align: center;\"><strong><span style=\"color: #cd163f;\">2-<\/span> <\/strong>\u300cChanchot\u300d\u533a\u753b\u306e\u7c98\u571f\u8cea\u30fb\u792b\u8cea\u571f\u58cc<\/p>\n<p>[\/vc_column_text][\/vc_column][vc_column width=&#8221;1\/3&#8243;][vc_column_text]<\/p>\n<p style=\"text-align: center;\"><strong><span style=\"color: #cd163f;\">3-<\/span><\/strong> \u300cFontpetite\u300d\u533a\u753b\uff08\u4e18\u9675\u50be\u659c\u90e8\uff09\u306e\u7802\u8cea\u30fb\u792b\u8cea\u571f\u58cc<\/p>\n<p>[\/vc_column_text][\/vc_column][\/vc_row][vc_row][vc_column width=&#8221;1\/2&#8243;][vc_single_image image=&#8221;552&#8243; border_color=&#8221;grey&#8221; img_link_target=&#8221;_self&#8221; img_size=&#8221;full&#8221;][\/vc_column][vc_column width=&#8221;1\/2&#8243;][vc_separator color=&#8221;white&#8221;][vc_column_text]<\/p>\n<blockquote>\n<p style=\"text-align: left;\">\u5730\u5e73\u7dda\u306b\u306e\u305e\u3080\u6cb3\u53e3<\/p>\n<\/blockquote>\n<p style=\"text-align: justify;\"><span style=\"color: #000000; font-family: Times New Roman;\" face=\"Times New Roman\" color=\"#000000\"> <\/span>\u30e1\u30c9\u30c3\u30af\u5730\u65b9\u306f\u6e29\u6696\u306a\u6d77\u6d0b\u6027\u6c17\u5019\u3092\u7279\u5fb4\u3068\u3057\u3001\u9bae\u660e\u306b\u79fb\u308a\u5909\u308f\u308b\u56db\u5b63\u3068\u3068\u3082\u306b\u6bce\u5e74\u30d6\u30c9\u30a6\u306f\u9806\u8abf\u306b\u751f\u9577\u3057\u307e\u3059\u3002\u6fc0\u3057\u3044\u6c17\u8c61\u73fe\u8c61\u304b\u3089\u3082\u4fdd\u8b77\u3055\u308c\u305f\u3001\u307e\u3055\u306b\u7406\u60f3\u7684\u306a\u74b0\u5883\u306b\u7f6e\u304b\u308c\u3066\u3044\u307e\u3059\u3002\u30b7\u30e3\u30c8\u30fc\u30fb\u30d5\u30a7\u30e9\u30f3\u30fb\u30bb\u30ae\u30e5\u30fc\u30eb\u306e\u30d6\u30c9\u30a6\u7551\u306f\u6cb3\u53e3\u8fd1\u304f\u306b\u4f4d\u7f6e\u3057\u3066\u304a\u308a\u3001\u904e\u5ea6\u306a\u53b3\u5bd2\u3084\u5ea6\u3005\u89b3\u6e2c\u3055\u308c\u308b\u590f\u306e\u731b\u6691\u304b\u3089\u5b88\u3089\u308c\u3066\u3044\u307e\u3059\u3002<\/p>\n<p style=\"text-align: justify;\">\u30d5\u30a7\u30e9\u30f3\u30fb\u30bb\u30ae\u30e5\u30fc\u30eb\u306e\u7551\u306f\u3001\u30b5\u30f3\u30c6\u30b9\u30c6\u30d5\u306e\u30c6\u30ed\u30ef\u30fc\u30eb\u306e\u8907\u96d1\u6027\u3092\u793a\u3059\u597d\u4f8b\u3067\u3059\u3002\u6570\u5341\u4e07\u5e74\u307b\u3069\u6614\u306b\u6cb3\u306e\u6d41\u308c\u306b\u3088\u3063\u3066\u5806\u7a4d\u3057\u305f\u792b\uff08\u5c0f\u77f3\uff09\u304c\u539a\u3044\u5c64\u3092\u5f62\u6210\u3057\u3066\u3044\u307e\u3059\u3002\u30b5\u30f3\u30c6\u30b9\u30c6\u30d5\u5730\u533a\u306e\u5927\u90e8\u5206\u306b\u306f\u3001\u6cb3\u539f\u77f3\u3001\u7279\u306b\u7c98\u571f\u8cea\u7802\u307e\u3058\u308a\u306e\u792b\uff08\u7c98\u571f\u8cea\u30fb\u792b\u8cea\uff09\u304b\u3089\u6210\u308b\u3001\u306a\u3060\u3089\u304b\u306a\u8d77\u4f0f\u306e\u3042\u308b\u98a8\u666f\u304c\u5e83\u304c\u3063\u3066\u3044\u307e\u3059\u3002<\/p>\n<p style=\"text-align: center;\">&nbsp;<\/p>\n<p style=\"text-align: center;\"><a class=\"btn-editor-primary\" href=\"\/ja\/\u30b7\u30e3\u30c8\u30fc\u30fb\u30d5\u30a7\u30e9\u30f3\u30fb\u30bb\u30ae\u30e5\u30fc\u30eb\/\">\u30b7\u30e3\u30c8\u30fc\u30fb\u30d5\u30a7\u30e9\u30f3\u30fb\u30bb\u30ae\u30e5\u30fc\u30eb<\/a><\/p>\n<p>[\/vc_column_text][\/vc_column][\/vc_row]<\/p>\n","protected":false},"excerpt":{"rendered":"<p>[vc_row][vc_column width=&#8221;1\/1&#8243;][vc_column_text]&nbsp;[\/vc_column_text][\/vc_column][\/vc_row][vc_row [&hellip;]<\/p>\n","protected":false},"author":3,"featured_media":1407,"parent":0,"menu_order":0,"comment_status":"open","ping_status":"open","template":"","meta":[],"acf":[],"yoast_head":"<!-- This site is optimized with the Yoast SEO plugin v15.4 - https:\/\/yoast.com\/wordpress\/plugins\/seo\/ -->\n<meta name=\"robots\" content=\"index, follow, max-snippet:-1, max-image-preview:large, max-video-preview:-1\" \/>\n<link rel=\"canonical\" href=\"https:\/\/www.phelansegur.com\/ja\/\u30b5\u30f3\u30c6\u30b9\u30c6\u30d5\u306e\u5927\u5730\u306b\u3066\/\" \/>\n<meta property=\"og:locale\" content=\"ja_JP\" \/>\n<meta property=\"og:type\" content=\"article\" \/>\n<meta property=\"og:title\" content=\"\u30b5\u30f3\u30c6\u30b9\u30c6\u30d5\u306e\u5927\u5730\u306b\u3066 - Ch\u00e2teau Ph\u00e9lan S\u00e9gur\" \/>\n<meta property=\"og:description\" content=\"[vc_row][vc_column width=&#8221;1\/1&#8243;][vc_column_text]&nbsp;[\/vc_column_text][\/vc_column][\/vc_row][vc_row [&hellip;]\" \/>\n<meta property=\"og:url\" content=\"https:\/\/www.phelansegur.com\/ja\/\u30b5\u30f3\u30c6\u30b9\u30c6\u30d5\u306e\u5927\u5730\u306b\u3066\/\" \/>\n<meta property=\"og:site_name\" content=\"Ch\u00e2teau Ph\u00e9lan S\u00e9gur\" \/>\n<meta property=\"article:modified_time\" content=\"2016-12-16T08:04:42+00:00\" \/>\n<meta property=\"og:image\" content=\"https:\/\/www.phelansegur.com\/wp-content\/uploads\/2015\/01\/Zoom-sol-e1447756534810.jpg\" \/>\n\t<meta property=\"og:image:width\" content=\"602\" \/>\n\t<meta property=\"og:image:height\" content=\"322\" \/>\n<meta name=\"twitter:card\" content=\"summary_large_image\" \/>\n<meta name=\"twitter:label1\" content=\"Written by\">\n\t<meta name=\"twitter:data1\" content=\"allison\">\n\t<meta name=\"twitter:label2\" content=\"Est. reading time\">\n\t<meta name=\"twitter:data2\" content=\"1\u5206\">\n<script type=\"application\/ld+json\" class=\"yoast-schema-graph\">{\"@context\":\"https:\/\/schema.org\",\"@graph\":[{\"@type\":\"Organization\",\"@id\":\"https:\/\/www.phelansegur.com\/#organization\",\"name\":\"Ch\\u00e2teau Ph\\u00e9lan S\\u00e9gur\",\"url\":\"https:\/\/www.phelansegur.com\/\",\"sameAs\":[\"https:\/\/www.instagram.com\/phelansegur\/\"],\"logo\":{\"@type\":\"ImageObject\",\"@id\":\"https:\/\/www.phelansegur.com\/#logo\",\"inLanguage\":\"ja\",\"url\":\"https:\/\/www.phelansegur.com\/wp-content\/uploads\/2020\/03\/logo-phelansegur.jpg\",\"width\":500,\"height\":200,\"caption\":\"Ch\\u00e2teau Ph\\u00e9lan S\\u00e9gur\"},\"image\":{\"@id\":\"https:\/\/www.phelansegur.com\/#logo\"}},{\"@type\":\"WebSite\",\"@id\":\"https:\/\/www.phelansegur.com\/#website\",\"url\":\"https:\/\/www.phelansegur.com\/\",\"name\":\"Ch\\u00e2teau Ph\\u00e9lan S\\u00e9gur\",\"description\":\"Saint Est\\u00e8phe\",\"publisher\":{\"@id\":\"https:\/\/www.phelansegur.com\/#organization\"},\"potentialAction\":[{\"@type\":\"SearchAction\",\"target\":\"https:\/\/www.phelansegur.com\/?s={search_term_string}\",\"query-input\":\"required name=search_term_string\"}],\"inLanguage\":\"ja\"},{\"@type\":\"ImageObject\",\"@id\":\"https:\/\/www.phelansegur.com\/ja\/%e3%82%b5%e3%83%b3%e3%83%86%e3%82%b9%e3%83%86%e3%83%95%e3%81%ae%e5%a4%a7%e5%9c%b0%e3%81%ab%e3%81%a6\/#primaryimage\",\"inLanguage\":\"ja\",\"url\":\"https:\/\/www.phelansegur.com\/wp-content\/uploads\/2015\/01\/Zoom-sol-e1447756534810.jpg\",\"width\":602,\"height\":322},{\"@type\":\"WebPage\",\"@id\":\"https:\/\/www.phelansegur.com\/ja\/%e3%82%b5%e3%83%b3%e3%83%86%e3%82%b9%e3%83%86%e3%83%95%e3%81%ae%e5%a4%a7%e5%9c%b0%e3%81%ab%e3%81%a6\/#webpage\",\"url\":\"https:\/\/www.phelansegur.com\/ja\/%e3%82%b5%e3%83%b3%e3%83%86%e3%82%b9%e3%83%86%e3%83%95%e3%81%ae%e5%a4%a7%e5%9c%b0%e3%81%ab%e3%81%a6\/\",\"name\":\"\\u30b5\\u30f3\\u30c6\\u30b9\\u30c6\\u30d5\\u306e\\u5927\\u5730\\u306b\\u3066 - Ch\\u00e2teau Ph\\u00e9lan S\\u00e9gur\",\"isPartOf\":{\"@id\":\"https:\/\/www.phelansegur.com\/#website\"},\"primaryImageOfPage\":{\"@id\":\"https:\/\/www.phelansegur.com\/ja\/%e3%82%b5%e3%83%b3%e3%83%86%e3%82%b9%e3%83%86%e3%83%95%e3%81%ae%e5%a4%a7%e5%9c%b0%e3%81%ab%e3%81%a6\/#primaryimage\"},\"datePublished\":\"2015-01-05T15:11:42+00:00\",\"dateModified\":\"2016-12-16T08:04:42+00:00\",\"breadcrumb\":{\"@id\":\"https:\/\/www.phelansegur.com\/ja\/%e3%82%b5%e3%83%b3%e3%83%86%e3%82%b9%e3%83%86%e3%83%95%e3%81%ae%e5%a4%a7%e5%9c%b0%e3%81%ab%e3%81%a6\/#breadcrumb\"},\"inLanguage\":\"ja\",\"potentialAction\":[{\"@type\":\"ReadAction\",\"target\":[\"https:\/\/www.phelansegur.com\/ja\/%e3%82%b5%e3%83%b3%e3%83%86%e3%82%b9%e3%83%86%e3%83%95%e3%81%ae%e5%a4%a7%e5%9c%b0%e3%81%ab%e3%81%a6\/\"]}]},{\"@type\":\"BreadcrumbList\",\"@id\":\"https:\/\/www.phelansegur.com\/ja\/%e3%82%b5%e3%83%b3%e3%83%86%e3%82%b9%e3%83%86%e3%83%95%e3%81%ae%e5%a4%a7%e5%9c%b0%e3%81%ab%e3%81%a6\/#breadcrumb\",\"itemListElement\":[{\"@type\":\"ListItem\",\"position\":1,\"item\":{\"@type\":\"WebPage\",\"@id\":\"https:\/\/www.phelansegur.com\/ja\/\",\"url\":\"https:\/\/www.phelansegur.com\/ja\/\",\"name\":\"Page d'accueil\"}},{\"@type\":\"ListItem\",\"position\":2,\"item\":{\"@type\":\"WebPage\",\"@id\":\"https:\/\/www.phelansegur.com\/ja\/%e3%82%b5%e3%83%b3%e3%83%86%e3%82%b9%e3%83%86%e3%83%95%e3%81%ae%e5%a4%a7%e5%9c%b0%e3%81%ab%e3%81%a6\/\",\"url\":\"https:\/\/www.phelansegur.com\/ja\/%e3%82%b5%e3%83%b3%e3%83%86%e3%82%b9%e3%83%86%e3%83%95%e3%81%ae%e5%a4%a7%e5%9c%b0%e3%81%ab%e3%81%a6\/\",\"name\":\"\\u30b5\\u30f3\\u30c6\\u30b9\\u30c6\\u30d5\\u306e\\u5927\\u5730\\u306b\\u3066\"}}]}]}<\/script>\n<!-- \/ Yoast SEO plugin. -->","_links":{"self":[{"href":"https:\/\/www.phelansegur.com\/ja\/wp-json\/wp\/v2\/pages\/2590"}],"collection":[{"href":"https:\/\/www.phelansegur.com\/ja\/wp-json\/wp\/v2\/pages"}],"about":[{"href":"https:\/\/www.phelansegur.com\/ja\/wp-json\/wp\/v2\/types\/page"}],"author":[{"embeddable":true,"href":"https:\/\/www.phelansegur.com\/ja\/wp-json\/wp\/v2\/users\/3"}],"replies":[{"embeddable":true,"href":"https:\/\/www.phelansegur.com\/ja\/wp-json\/wp\/v2\/comments?post=2590"}],"version-history":[{"count":0,"href":"https:\/\/www.phelansegur.com\/ja\/wp-json\/wp\/v2\/pages\/2590\/revisions"}],"wp:featuredmedia":[{"embeddable":true,"href":"https:\/\/www.phelansegur.com\/ja\/wp-json\/wp\/v2\/media\/1407"}],"wp:attachment":[{"href":"https:\/\/www.phelansegur.com\/ja\/wp-json\/wp\/v2\/media?parent=2590"}],"curies":[{"name":"wp","href":"https:\/\/api.w.org\/{rel}","templated":true}]}}