{"id":2593,"date":"2015-01-05T15:12:04","date_gmt":"2015-01-05T15:12:04","guid":{"rendered":"http:\/\/www.phelansegur.com\/la-vinification-2\/"},"modified":"2017-01-12T13:58:20","modified_gmt":"2017-01-12T13:58:20","slug":"%e9%86%b8%e9%80%a0","status":"publish","type":"page","link":"https:\/\/www.phelansegur.com\/ja\/%e9%86%b8%e9%80%a0\/","title":{"rendered":"\u91b8\u9020\u306b\u3064\u3044\u3066"},"content":{"rendered":"<p>[vc_row][vc_column width=&#8221;1\/1&#8243;][vc_separator color=&#8221;white&#8221;][vc_column_text]<\/p>\n<h2 style=\"text-align: center;\">\u53e1\u667a\u306b\u3042\u3075\u308c\u305f\u91b8\u9020\u8cac\u4efb\u8005<\/h2>\n<p>[\/vc_column_text][\/vc_column][\/vc_row][vc_row][vc_column width=&#8221;1\/1&#8243;][vc_column_text]<\/p>\n<p style=\"text-align: center;\"><strong>\u91b8\u9020\u8cac\u4efb\u8005\u3001\u30d5\u30a1\u30d6\u30ea\u30b9\u30fb\u30d0\u30b1\u30a4\u306f\u3001\u30d6\u30c9\u30a6\u3068\u3044\u3046\u9ad8\u8cb4\u306a\u539f\u6599\u306e\u4fdd\u8b77\u306b\u52aa\u3081\u3066\u3044\u307e\u3059\u3002\u30f4\u30a3\u30f3\u30c6\u30fc\u30b8\u7279\u6709\u306e\u9b45\u529b\u3092\u6700\u5927\u9650\u306b\u5f15\u304d\u51fa\u3057\u3064\u3064\u3001\u30ef\u30a4\u30ca\u30ea\u30fc\u672c\u6765\u306e\u30b9\u30bf\u30a4\u30eb\u3092\u5c0a\u91cd\u3057\u305f\u30ef\u30a4\u30f3\u3065\u304f\u308a\u3067\u3059\u3002<\/strong><\/p>\n<p>[\/vc_column_text][\/vc_column][\/vc_row][vc_row][vc_column width=&#8221;1\/1&#8243;][vc_single_image image=&#8221;961&#8243; border_color=&#8221;grey&#8221; img_link_target=&#8221;_self&#8221; img_size=&#8221;full&#8221;][\/vc_column][\/vc_row][vc_row][vc_column width=&#8221;1\/1&#8243;][vc_column_text]<\/p>\n<p style=\"text-align: center;\">\u6700\u9069\u306a\u719f\u5ea6\u306b\u5b9f\u3063\u305f\u30bf\u30a4\u30df\u30f3\u30b0\u3092\u306d\u3089\u3063\u3066\u3001\u81ea\u7136\u306e\u8a31\u3059\u304b\u304e\u308a\u3001\u30d6\u30c9\u30a6\u306f\u4e01\u5be7\u306b\u624b\u4f5c\u696d\u3067\u53ce\u7a6b\u3057\u3066\u3044\u307e\u3059\u3002 \u6b21\u306b\u3001\u5c0f\u7bb1\u306b\u5206\u3051\u305f\u30d6\u30c9\u30a6\u3092\u632f\u52d5\u6a5f\u80fd\u4ed8\u304d\u30de\u30cb\u30e5\u30a2\u30eb\u5f0f\u9078\u679c\u53f0\u3078\u3068\u6d41\u3057\u307e\u3059\u30022011\u5e74\u306b\u306f\u30aa\u30d7\u30c6\u30a3\u30ab\u30eb\u5f0f\u9078\u679c\u53f0\u3092\u5c0e\u5165\u3002\u4f5c\u696d\u7cbe\u5ea6\u306f\u3055\u3089\u306b\u9ad8\u307e\u3063\u3066\u3044\u307e\u3059\u3002\u305d\u306e\u5f8c\u3001\u67d4\u3089\u304b\u304f\u7834\u7815\u3092\u884c\u306a\u3044\u307e\u3059\u3002<\/p>\n<p>[\/vc_column_text][\/vc_column][\/vc_row][vc_row][vc_column width=&#8221;1\/2&#8243;][vc_single_image image=&#8221;709&#8243; border_color=&#8221;grey&#8221; img_link_target=&#8221;_self&#8221; img_size=&#8221;full&#8221; alignment=&#8221;right&#8221;][\/vc_column][vc_column width=&#8221;1\/2&#8243;][vc_single_image image=&#8221;1153&#8243; border_color=&#8221;grey&#8221; img_link_target=&#8221;_self&#8221; img_size=&#8221;full&#8221;][\/vc_column][\/vc_row][vc_row][vc_column width=&#8221;1\/1&#8243;][vc_column_text]<\/p>\n<h2>\u7cbe\u7dfb\u3092\u6975\u3081\u305f\u91b8\u9020<\/h2>\n<p style=\"text-align: justify;\">\u767a\u9175\u5de5\u7a0b\u306f10\u65e5\u9593\u307b\u3069\u7d9a\u304d\u307e\u3059\u3002\u305d\u306e\u9593\u3001\u30d5\u30a7\u30ce\u30fc\u30eb\u6210\u5206\u306e\u30ef\u30a4\u30f3\u3078\u306e\u79fb\u884c\u3092\u4fc3\u9032\u3059\u308b\u76ee\u7684\u3067\u3001\u30ed\u30c3\u30c8\u306e\u72b6\u614b\u306b\u5fdc\u3058\u3066\u3001\u5b9a\u671f\u7684\u306b\u30eb\u30e2\u30f3\u30bf\u30fc\u30b8\u30e5\u3001\u30c7\u30ec\u30b9\u30bf\u30fc\u30b8\u30e5\u3042\u308b\u3044\u306f\u30d4\u30b8\u30e3\u30fc\u30b8\u30e5\u3092\u5b9f\u65bd\u3057\u307e\u3059\u3002\u305d\u306e\u5f8c\u306b20\u65e5\u307b\u3069\u7d9a\u304f\u671f\u9593\u3092\u30de\u30bb\u30e9\u30b7\u30aa\u30f3\uff08\u91b8\u3057\uff09\u3068\u547c\u3073\u3001\u3053\u308c\u306f\u5f15\u304d\u7d9a\u304d\u62bd\u51fa\u3092\u76ee\u7684\u3068\u3059\u308b\u91cd\u8981\u306a\u5de5\u7a0b\u3067\u3059\u300239\u57fa\u306e\u30bf\u30f3\u30af\u3092\u4f7f\u7528\u3057\u3066\u306e\u91b8\u9020\u4f5c\u696d\u306f\u7cbe\u7dfb\u3092\u6975\u3081\u305f\u3082\u306e\u3067\u3042\u308a\u3001\u306e\u3061\u306b\u3053\u308c\u3089\u306e\u30ed\u30c3\u30c8\u3092\u53b3\u9078\u3057\u30a2\u30c3\u30b5\u30f3\u30d6\u30e9\u30fc\u30b8\u30e5\uff08\u30d6\u30ec\u30f3\u30c9\uff09\u306b\u7528\u3044\u307e\u3059\u30022010\u5e74\u304b\u3089\u3086\u3063\u304f\u308a\u3068\u9032\u3081\u3066\u3044\u308b\u6539\u9769\u306e\u4e00\u74b0\u3068\u3057\u3066\u300145\u30d8\u30af\u30c8\u30ea\u30c3\u30c8\u30eb\u5bb9\u91cf\u306e\u30bf\u30f3\u30af8\u57fa\u3092\u5c0e\u5165\u3002\u30d6\u30c9\u30a6\u533a\u753b\u306f\u3055\u3089\u306b\u7d30\u5206\u5316\u3055\u308c\u3001\u305d\u308c\u305e\u308c\u306e\u7279\u6027\u306b\u95a2\u3059\u308b\u7406\u89e3\u304c\u4e00\u5c64\u6df1\u307e\u3063\u3066\u3044\u307e\u3059\u3002<\/p>\n<p>[\/vc_column_text][\/vc_column][\/vc_row][vc_row][vc_column width=&#8221;1\/2&#8243;][vc_separator color=&#8221;white&#8221;][vc_separator color=&#8221;white&#8221;][vc_column_text]<\/p>\n<blockquote><p>\u30a2\u30c3\u30b5\u30f3\u30d6\u30e9\u30fc\u30b8\u30e5\u306e\u9b54\u529b<\/p><\/blockquote>\n<p>[\/vc_column_text][vc_column_text]<\/p>\n<p style=\"text-align: justify;\">\u679c\u5e3d\u3092\u5727\u643e\u3057\u3066\u30d5\u30ea\u30fc\u30e9\u30f3\u30cb\u30f3\u30b0\u30ef\u30a4\u30f3\u3068\u30d7\u30ec\u30b9\u30ef\u30a4\u30f3\u306b\u5206\u3051\u308b\u4f5c\u696d\u3092\u7d42\u3048\u308b\u3068\u3001\u3044\u3088\u3044\u3088\u300c\u6a3d\u8a70\u3081\u300d\u3067\u3059\u3002\u30ef\u30a4\u30f3\u304c\u8a70\u307e\u3063\u305f\u6a3d\u3092\u8caf\u8535\u5eab\u306b\u4e26\u3079\u3001\u5eab\u5185\u306e\u6c17\u6e29\u3092\u4e0a\u3052\u3066\u30de\u30ed\u30e9\u30af\u30c6\u30a3\u30c3\u30af\u767a\u9175\u3092\u884c\u306a\u3044\u307e\u3059\u3002\u30ef\u30a4\u30f3\u306f\u3057\u306a\u3084\u304b\u3055\u3068\u4e38\u307f\u3092\u5897\u3057\u3001\u51ac\u306e\u9593\u306f\u3086\u3063\u304f\u308a\u3068\u4f11\u606f\u306b\u5165\u308a\u307e\u3059\u3002<br \/>\n\u51ac\u304c\u7d42\u308f\u308b\u9803\u304b\u3089\u30a2\u30c3\u30b5\u30f3\u30d6\u30e9\u30fc\u30b8\u30e5\u3092\u958b\u59cb\u3057\u3001\u9577\u671f\u306b\u308f\u305f\u3063\u3066\u30ed\u30c3\u30c8\u3054\u3068\u53b3\u6b63\u306b\u8a66\u98f2\u3092\u884c\u306a\u3044\u307e\u3059\u3002\u30ef\u30a4\u30f3\u30b3\u30f3\u30b5\u30eb\u30bf\u30f3\u30c8\u3001\u30df\u30b7\u30a7\u30eb\u30fb\u30ed\u30e9\u30f3\u6c0f\u304b\u3089\u8cb4\u91cd\u306a\u30b5\u30dd\u30fc\u30c8\u3092\u3044\u305f\u3060\u304d\u306a\u304c\u3089\u30bb\u30ec\u30af\u30b7\u30e7\u30f3\u3092\u6c7a\u5b9a\u3057\u307e\u3059\u3002\u4e00\u90e8\u306e\u30ed\u30c3\u30c8\u306f\u30b7\u30e3\u30c8\u30fc\u30fb\u30d5\u30a7\u30e9\u30f3\u30fb\u30bb\u30ae\u30e5\u30fc\u30eb\u306e\u300c\u30b0\u30e9\u30f3\u30f4\u30a1\u30f3\u300d\u3068\u3057\u3066\u3001\u305d\u306e\u4ed6\u306f\u30bb\u30ab\u30f3\u30c9\u30ef\u30a4\u30f3\u300c\u30d5\u30e9\u30f3\u30af\u30fb\u30d5\u30a7\u30e9\u30f3\u300d\u3001\u3042\u308b\u3044\u306f\u300c\u30e9\u30fb\u30af\u30ed\u30ef\u30fb\u30dc\u30cb\u30b9\u300d\u3068\u3057\u3066\u4f7f\u7528\u3055\u308c\u307e\u3059\u3002<br \/>\n\uff14\u6708\u3001\u30b0\u30e9\u30f3\u30f4\u30a1\u30f3\u306e\u30a2\u30c3\u30b5\u30f3\u30d6\u30e9\u30fc\u30b8\u30e5\u306f\u30d7\u30ea\u30e0\u30fc\u30eb\u8a66\u98f2\u4f1a\u306b\u3066\u300c\u4e16\u754c\u306b\u300d\u5411\u3051\u3066\u767a\u8868\u3055\u308c\u307e\u3059\u3002\n<\/p>\n<p>[\/vc_column_text][\/vc_column][vc_column width=&#8221;1\/2&#8243;][vc_single_image image=&#8221;718&#8243; border_color=&#8221;grey&#8221; img_link_target=&#8221;_self&#8221; img_size=&#8221;full&#8221;][\/vc_column][\/vc_row][vc_row][vc_column width=&#8221;1\/2&#8243;][vc_single_image image=&#8221;1146&#8243; border_color=&#8221;grey&#8221; img_link_target=&#8221;_self&#8221; img_size=&#8221;full&#8221;][\/vc_column][vc_column width=&#8221;1\/2&#8243;][vc_separator color=&#8221;white&#8221;][vc_separator color=&#8221;white&#8221;][vc_column_text]<\/p>\n<blockquote><p>\u30ef\u30a4\u30f3\u3065\u304f\u308a\u306e\u601d\u60f3<\/p><\/blockquote>\n<p style=\"text-align: justify;\">\u91b8\u9020\u5de5\u7a0b\u306b\u304a\u3044\u3066\u8981\u6c42\u3055\u308c\u308b\u6280\u8853\u529b\u306f\u3082\u3061\u308d\u3093\u5927\u5207\u3067\u3059\u304c\u3001\u30ef\u30a4\u30f3\u3065\u304f\u308a\u306e\u601d\u60f3\u3001\u9577\u5e74\u306e\u8a66\u98f2\u7d4c\u9a13\u3067\u3064\u3061\u304b\u308f\u308c\u305f\u78ba\u304b\u306a\u5473\u857e\u3001\u305d\u3057\u3066\u30d5\u30a7\u30e9\u30f3\u30fb\u30bb\u30ae\u30e5\u30fc\u30eb\u306e\u30c6\u30ed\u30ef\u30fc\u30eb\u306b\u751f\u307e\u308c\u308b\u30ef\u30a4\u30f3\u304c\u6642\u306e\u6d41\u308c\u306e\u4e2d\u3067\u898b\u305b\u308b\u5909\u5316\u3078\u306e\u5b8c\u74a7\u306a\u7406\u89e3\u2026 \u9055\u3044\u306f\u3053\u3053\u306b\u3053\u305d\u751f\u307e\u308c\u308b\u306e\u3067\u3059\u3002<\/p>\n<p style=\"text-align: justify;\">&nbsp;<\/p>\n<p style=\"text-align: center;\"><a title=\"Ch\u00e2teau Ph\u00e9lan S\u00e9gur\" class=\"btn-editor-primary\" href=\"\/ja\/\u30b7\u30e3\u30c8\u30fc\u30fb\u30d5\u30a7\u30e9\u30f3\u30fb\u30bb\u30ae\u30e5\u30fc\u30eb\/\">\u30b7\u30e3\u30c8\u30fc\u30fb\u30d5\u30a7\u30e9\u30f3\u30fb\u30bb\u30ae\u30e5\u30fc\u30eb<\/a><\/p>\n<p><a href=\"http:\/\/www.phelansegur.com\/wp-content\/uploads\/2015\/01\/PS_141009_008.jpg\" data-featherlight=\"image\" title=\"\u91b8\u9020\u306b\u3064\u3044\u3066\">\u00a0<\/a>[\/vc_column_text][\/vc_column][\/vc_row]<\/p>\n","protected":false},"excerpt":{"rendered":"<p>[vc_row][vc_column width=&#8221;1\/1&#8243;][vc_separator color=&#8221;white&#8221;][vc_column_text] \u53e1\u667a\u306b\u3042\u3075\u308c\u305f\u91b8\u9020\u8cac [&hellip;]<\/p>\n","protected":false},"author":3,"featured_media":1700,"parent":0,"menu_order":0,"comment_status":"open","ping_status":"open","template":"","meta":[],"acf":[],"yoast_head":"<!-- This site is optimized with the Yoast SEO plugin v15.4 - https:\/\/yoast.com\/wordpress\/plugins\/seo\/ -->\n<meta name=\"robots\" content=\"index, follow, max-snippet:-1, max-image-preview:large, max-video-preview:-1\" \/>\n<link rel=\"canonical\" href=\"https:\/\/www.phelansegur.com\/ja\/\u91b8\u9020\/\" \/>\n<meta property=\"og:locale\" content=\"ja_JP\" \/>\n<meta property=\"og:type\" content=\"article\" \/>\n<meta property=\"og:title\" content=\"\u91b8\u9020\u306b\u3064\u3044\u3066 - Ch\u00e2teau Ph\u00e9lan S\u00e9gur\" \/>\n<meta property=\"og:description\" content=\"[vc_row][vc_column width=&#8221;1\/1&#8243;][vc_separator color=&#8221;white&#8221;][vc_column_text] \u53e1\u667a\u306b\u3042\u3075\u308c\u305f\u91b8\u9020\u8cac [&hellip;]\" \/>\n<meta property=\"og:url\" content=\"https:\/\/www.phelansegur.com\/ja\/\u91b8\u9020\/\" \/>\n<meta property=\"og:site_name\" content=\"Ch\u00e2teau Ph\u00e9lan S\u00e9gur\" \/>\n<meta property=\"article:modified_time\" content=\"2017-01-12T13:58:20+00:00\" \/>\n<meta property=\"og:image\" content=\"https:\/\/www.phelansegur.com\/wp-content\/uploads\/2015\/01\/Grains-Phelan-Segur.jpg\" \/>\n\t<meta property=\"og:image:width\" content=\"1024\" \/>\n\t<meta property=\"og:image:height\" content=\"683\" \/>\n<meta name=\"twitter:card\" content=\"summary_large_image\" \/>\n<meta name=\"twitter:label1\" content=\"Written by\">\n\t<meta name=\"twitter:data1\" content=\"allison\">\n\t<meta name=\"twitter:label2\" content=\"Est. reading time\">\n\t<meta name=\"twitter:data2\" content=\"1\u5206\">\n<script type=\"application\/ld+json\" class=\"yoast-schema-graph\">{\"@context\":\"https:\/\/schema.org\",\"@graph\":[{\"@type\":\"Organization\",\"@id\":\"https:\/\/www.phelansegur.com\/#organization\",\"name\":\"Ch\\u00e2teau Ph\\u00e9lan S\\u00e9gur\",\"url\":\"https:\/\/www.phelansegur.com\/\",\"sameAs\":[\"https:\/\/www.instagram.com\/phelansegur\/\"],\"logo\":{\"@type\":\"ImageObject\",\"@id\":\"https:\/\/www.phelansegur.com\/#logo\",\"inLanguage\":\"ja\",\"url\":\"https:\/\/www.phelansegur.com\/wp-content\/uploads\/2020\/03\/logo-phelansegur.jpg\",\"width\":500,\"height\":200,\"caption\":\"Ch\\u00e2teau Ph\\u00e9lan S\\u00e9gur\"},\"image\":{\"@id\":\"https:\/\/www.phelansegur.com\/#logo\"}},{\"@type\":\"WebSite\",\"@id\":\"https:\/\/www.phelansegur.com\/#website\",\"url\":\"https:\/\/www.phelansegur.com\/\",\"name\":\"Ch\\u00e2teau Ph\\u00e9lan S\\u00e9gur\",\"description\":\"Saint Est\\u00e8phe\",\"publisher\":{\"@id\":\"https:\/\/www.phelansegur.com\/#organization\"},\"potentialAction\":[{\"@type\":\"SearchAction\",\"target\":\"https:\/\/www.phelansegur.com\/?s={search_term_string}\",\"query-input\":\"required name=search_term_string\"}],\"inLanguage\":\"ja\"},{\"@type\":\"ImageObject\",\"@id\":\"https:\/\/www.phelansegur.com\/ja\/%e9%86%b8%e9%80%a0\/#primaryimage\",\"inLanguage\":\"ja\",\"url\":\"https:\/\/www.phelansegur.com\/wp-content\/uploads\/2015\/01\/Grains-Phelan-Segur.jpg\",\"width\":1024,\"height\":683,\"caption\":\"Berries\"},{\"@type\":\"WebPage\",\"@id\":\"https:\/\/www.phelansegur.com\/ja\/%e9%86%b8%e9%80%a0\/#webpage\",\"url\":\"https:\/\/www.phelansegur.com\/ja\/%e9%86%b8%e9%80%a0\/\",\"name\":\"\\u91b8\\u9020\\u306b\\u3064\\u3044\\u3066 - Ch\\u00e2teau Ph\\u00e9lan S\\u00e9gur\",\"isPartOf\":{\"@id\":\"https:\/\/www.phelansegur.com\/#website\"},\"primaryImageOfPage\":{\"@id\":\"https:\/\/www.phelansegur.com\/ja\/%e9%86%b8%e9%80%a0\/#primaryimage\"},\"datePublished\":\"2015-01-05T15:12:04+00:00\",\"dateModified\":\"2017-01-12T13:58:20+00:00\",\"breadcrumb\":{\"@id\":\"https:\/\/www.phelansegur.com\/ja\/%e9%86%b8%e9%80%a0\/#breadcrumb\"},\"inLanguage\":\"ja\",\"potentialAction\":[{\"@type\":\"ReadAction\",\"target\":[\"https:\/\/www.phelansegur.com\/ja\/%e9%86%b8%e9%80%a0\/\"]}]},{\"@type\":\"BreadcrumbList\",\"@id\":\"https:\/\/www.phelansegur.com\/ja\/%e9%86%b8%e9%80%a0\/#breadcrumb\",\"itemListElement\":[{\"@type\":\"ListItem\",\"position\":1,\"item\":{\"@type\":\"WebPage\",\"@id\":\"https:\/\/www.phelansegur.com\/ja\/\",\"url\":\"https:\/\/www.phelansegur.com\/ja\/\",\"name\":\"Page d'accueil\"}},{\"@type\":\"ListItem\",\"position\":2,\"item\":{\"@type\":\"WebPage\",\"@id\":\"https:\/\/www.phelansegur.com\/ja\/%e9%86%b8%e9%80%a0\/\",\"url\":\"https:\/\/www.phelansegur.com\/ja\/%e9%86%b8%e9%80%a0\/\",\"name\":\"\\u91b8\\u9020\\u306b\\u3064\\u3044\\u3066\"}}]}]}<\/script>\n<!-- \/ Yoast SEO plugin. -->","_links":{"self":[{"href":"https:\/\/www.phelansegur.com\/ja\/wp-json\/wp\/v2\/pages\/2593"}],"collection":[{"href":"https:\/\/www.phelansegur.com\/ja\/wp-json\/wp\/v2\/pages"}],"about":[{"href":"https:\/\/www.phelansegur.com\/ja\/wp-json\/wp\/v2\/types\/page"}],"author":[{"embeddable":true,"href":"https:\/\/www.phelansegur.com\/ja\/wp-json\/wp\/v2\/users\/3"}],"replies":[{"embeddable":true,"href":"https:\/\/www.phelansegur.com\/ja\/wp-json\/wp\/v2\/comments?post=2593"}],"version-history":[{"count":0,"href":"https:\/\/www.phelansegur.com\/ja\/wp-json\/wp\/v2\/pages\/2593\/revisions"}],"wp:featuredmedia":[{"embeddable":true,"href":"https:\/\/www.phelansegur.com\/ja\/wp-json\/wp\/v2\/media\/1700"}],"wp:attachment":[{"href":"https:\/\/www.phelansegur.com\/ja\/wp-json\/wp\/v2\/media?parent=2593"}],"curies":[{"name":"wp","href":"https:\/\/api.w.org\/{rel}","templated":true}]}}