{"id":2596,"date":"2015-01-05T15:12:14","date_gmt":"2015-01-05T15:12:14","guid":{"rendered":"http:\/\/www.phelansegur.com\/lelevage-2\/"},"modified":"2017-01-12T14:35:34","modified_gmt":"2017-01-12T14:35:34","slug":"%e8%82%b2%e6%88%90%e3%83%bb%e7%86%9f%e6%88%90","status":"publish","type":"page","link":"https:\/\/www.phelansegur.com\/ja\/%e8%82%b2%e6%88%90%e3%83%bb%e7%86%9f%e6%88%90\/","title":{"rendered":"\u80b2\u6210\u30fb\u719f\u6210\u306b\u3064\u3044\u3066"},"content":{"rendered":"<p>[vc_row][vc_column width=&#8221;1\/1&#8243;][vc_separator color=&#8221;white&#8221;][vc_column_text]<\/p>\n<h2 style=\"text-align: center;\">\u88fd\u6a3d\u696d\u8005\u3068\u306e\u4e8c\u4eba\u4e09\u811a<\/h2>\n<p>[\/vc_column_text][\/vc_column][\/vc_row][vc_row][vc_column width=&#8221;1\/1&#8243;][vc_column_text]<\/p>\n<p style=\"text-align: justify;\">\u53ce\u7a6b\u5f8c\u3001\u843d\u3061\u7740\u304d\u304c\u623b\u308a\u306f\u3058\u3081\u305f\u9803\u3001\u30a2\u30c3\u30b5\u30f3\u30d6\u30e9\u30fc\u30b8\u30e5\u306b\u7d9a\u3044\u3066\u7d0412\u30f6\u6708\u306b\u308f\u305f\u308b\u30b0\u30e9\u30f3\u30f4\u30a1\u30f3\u306e\u80b2\u6210\u4f5c\u696d\u304c\u30b9\u30bf\u30fc\u30c8\u3057\u307e\u3059\u3002\u30d5\u30a7\u30e9\u30f3\u30fb\u30bb\u30ae\u30e5\u30fc\u30eb\u3067\u306f\u3001\u3053\u306e\u80b2\u6210\u30fb\u719f\u6210\u3092\u3068\u306b\u304b\u304f\u91cd\u8981\u306a\u5de5\u7a0b\u3068\u8003\u3048\u3066\u3044\u307e\u3059\u3002\u65b0\u6a3d\u4f7f\u7528\u7387\u304c50% \u3092\u4e0a\u56de\u308b\u3053\u3068\u306f\u3042\u308a\u307e\u305b\u3093\u3002\u4fe1\u983c\u306e\u304a\u3051\u308b\u88fd\u6a3d\u696d\u80055\u793e\u306e\u5c02\u9580\u30ce\u30a6\u30cf\u30a6\u3092\u9577\u5e74\u306b\u308f\u305f\u3063\u3066\u7d50\u96c6\u3055\u305b\u3066\u3044\u307e\u3059\u3002\u5b9f\u306b\u5185\u5bb9\u306e\u7d30\u304b\u3044\u4ed5\u69d8\u66f8\u3092\u4ea4\u308f\u3057\u3001\u305d\u308c\u306b\u5fe0\u5b9f\u306b\u88fd\u9020\u3055\u308c\u305f\u3082\u306e\u3067\u3042\u3063\u3066\u3082\u88fd\u54c1\u3054\u3068\u306b\u591a\u69d8\u306a\u7279\u6027\uff08\u4f10\u63a1\u5730\u3001\u4e7e\u71e5\u671f\u9593\u3001\u300c\u713c\u304d\u5165\u308c\u300d\u3001\u30ce\u30a6\u30cf\u30a6\uff09\u304c\u3042\u308a\u3001\u30f4\u30a3\u30f3\u30c6\u30fc\u30b8\u306b\u3088\u3063\u3066\u3082\u5168\u304f\u7570\u306a\u308b\u8868\u73fe\u3092\u898b\u305b\u307e\u3059\u3002\u9178\u7d20\u3001\u6728\u6750\u306b\u542b\u307e\u308c\u308b\u30bf\u30f3\u30cb\u30f3\u3001\u305d\u3057\u3066\u30a2\u30ed\u30de\u306f\u3001\u30ef\u30a4\u30f3\u306e\u5b89\u5b9a\u5316\u3068\u719f\u6210\u306b\u306f\u4e0d\u53ef\u6b20\u3067\u3059\u3002\u5165\u5ff5\u306a\u30a6\u30a4\u30e4\u30fc\u30b8\u30e5\uff08\u88dc\u9152\uff09\u304c\u30ef\u30a4\u30f3\u3092\u9178\u5316\u304b\u3089\u5b88\u308a\u307e\u3059\u3002<\/p>\n<p>[\/vc_column_text][\/vc_column][\/vc_row][vc_row][vc_column width=&#8221;1\/1&#8243;][vc_single_image image=&#8221;1918&#8243; alignment=&#8221;center&#8221; border_color=&#8221;grey&#8221; img_link_target=&#8221;_self&#8221; img_size=&#8221;full&#8221;][\/vc_column][\/vc_row][vc_row][vc_column width=&#8221;1\/2&#8243;][vc_single_image image=&#8221;975&#8243; border_color=&#8221;grey&#8221; img_link_target=&#8221;_self&#8221; img_size=&#8221;full&#8221;][\/vc_column][vc_column width=&#8221;1\/2&#8243;][vc_single_image image=&#8221;976&#8243; border_color=&#8221;grey&#8221; img_link_target=&#8221;_self&#8221; img_size=&#8221;full&#8221;][\/vc_column][\/vc_row][vc_row][vc_column width=&#8221;1\/1&#8243;][vc_column_text]<\/p>\n<blockquote>\n<p style=\"text-align: justify;\">\u30a8\u30b9\u30ad\u30fc\u30f4\u3092\u7528\u3044\u305f\u4f1d\u7d71\u306e\u6fb1\u5f15\u304d\u6cd5<\/p>\n<\/blockquote>\n<p style=\"text-align: justify;\">\u30a8\u30b9\u30ad\u30fc\u30f4\uff08\u93e1\u677f\u306e\u6813\uff09\u3092\u7528\u3044\u305f\u30b9\u30fc\u30c6\u30a3\u30e9\u30fc\u30b8\u30e5\uff08\u6fb1\u5f15\u304d\uff09\u306b\u306f\u5927\u5909\u306a\u624b\u9593\u304c\u304b\u304b\u308a\u307e\u3059\u304c\u3001\u5909\u308f\u3089\u305a\u3053\u306e\u4f1d\u7d71\u6cd5\u3092\u63a1\u7528\u3057\u3066\u3044\u307e\u3059\u3002\u4eca\u3067\u306f\u9ad8\u7d1a\u30b7\u30e3\u30c8\u30fc\u3067\u306e\u307f\u5b88\u308a\u7d99\u304c\u308c\u3066\u3044\u308b\u4f5c\u696d\u6cd5\u3067\u3001\u8535\u30b9\u30bf\u30c3\u30d52\u540d\u306b\u3088\u3063\u30661\u5e74\u3058\u3085\u3046\u7e70\u308a\u8fd4\u3055\u308c\u308b\u4f5c\u696d\u3067\u3059\u3002 <a href=\"http:\/\/www.phelansegur.com\/ja\/\u30a8\u30b9\u30ad\u30fc\u30f4\u3092\u7528\u3044\u305f\u4f1d\u7d71\u306e\u6fb1\u5f15\u304d\u6cd5\/\">\u8a73\u7d30\u30da\u30fc\u30b8\u3078<\/a><\/p>\n<p>[\/vc_column_text][\/vc_column][\/vc_row][vc_row][vc_column width=&#8221;1\/1&#8243;][vc_column_text]<\/p>\n<h2 style=\"text-align: center;\">\u6625\u3001\u74f6\u8a70\u3081\u4f5c\u696d<\/h2>\n<p>[\/vc_column_text][\/vc_column][\/vc_row][vc_row][vc_column width=&#8221;1\/1&#8243;][vc_single_image image=&#8221;1703&#8243; border_color=&#8221;grey&#8221; img_link_target=&#8221;_self&#8221; img_size=&#8221;full&#8221; alignment=&#8221;center&#8221;][\/vc_column][\/vc_row]<\/p>\n","protected":false},"excerpt":{"rendered":"<p>[vc_row][vc_column width=&#8221;1\/1&#8243;][vc_separator color=&#8221;white&#8221;][vc_column_text] \u88fd\u6a3d\u696d\u8005\u3068\u306e\u4e8c\u4eba\u4e09\u811a [&hellip;]<\/p>\n","protected":false},"author":3,"featured_media":1701,"parent":0,"menu_order":0,"comment_status":"open","ping_status":"open","template":"","meta":[],"acf":[],"yoast_head":"<!-- This site is optimized with the Yoast SEO plugin v15.4 - https:\/\/yoast.com\/wordpress\/plugins\/seo\/ -->\n<meta name=\"robots\" content=\"index, follow, max-snippet:-1, max-image-preview:large, max-video-preview:-1\" \/>\n<link rel=\"canonical\" href=\"https:\/\/www.phelansegur.com\/ja\/\u80b2\u6210\u30fb\u719f\u6210\/\" \/>\n<meta property=\"og:locale\" content=\"ja_JP\" \/>\n<meta property=\"og:type\" content=\"article\" \/>\n<meta property=\"og:title\" content=\"\u80b2\u6210\u30fb\u719f\u6210\u306b\u3064\u3044\u3066 - Ch\u00e2teau Ph\u00e9lan S\u00e9gur\" \/>\n<meta property=\"og:description\" content=\"[vc_row][vc_column width=&#8221;1\/1&#8243;][vc_separator color=&#8221;white&#8221;][vc_column_text] \u88fd\u6a3d\u696d\u8005\u3068\u306e\u4e8c\u4eba\u4e09\u811a [&hellip;]\" \/>\n<meta property=\"og:url\" content=\"https:\/\/www.phelansegur.com\/ja\/\u80b2\u6210\u30fb\u719f\u6210\/\" \/>\n<meta property=\"og:site_name\" content=\"Ch\u00e2teau Ph\u00e9lan S\u00e9gur\" \/>\n<meta property=\"article:modified_time\" content=\"2017-01-12T14:35:34+00:00\" \/>\n<meta property=\"og:image\" content=\"https:\/\/www.phelansegur.com\/wp-content\/uploads\/2015\/01\/Chai-Chateau-Phelan-Segur.jpg\" \/>\n\t<meta property=\"og:image:width\" content=\"1000\" \/>\n\t<meta property=\"og:image:height\" content=\"667\" \/>\n<meta name=\"twitter:card\" content=\"summary_large_image\" \/>\n<meta name=\"twitter:label1\" content=\"Written by\">\n\t<meta name=\"twitter:data1\" content=\"allison\">\n\t<meta name=\"twitter:label2\" content=\"Est. reading time\">\n\t<meta name=\"twitter:data2\" content=\"1\u5206\">\n<script type=\"application\/ld+json\" class=\"yoast-schema-graph\">{\"@context\":\"https:\/\/schema.org\",\"@graph\":[{\"@type\":\"Organization\",\"@id\":\"https:\/\/www.phelansegur.com\/#organization\",\"name\":\"Ch\\u00e2teau Ph\\u00e9lan S\\u00e9gur\",\"url\":\"https:\/\/www.phelansegur.com\/\",\"sameAs\":[\"https:\/\/www.instagram.com\/phelansegur\/\"],\"logo\":{\"@type\":\"ImageObject\",\"@id\":\"https:\/\/www.phelansegur.com\/#logo\",\"inLanguage\":\"ja\",\"url\":\"https:\/\/www.phelansegur.com\/wp-content\/uploads\/2020\/03\/logo-phelansegur.jpg\",\"width\":500,\"height\":200,\"caption\":\"Ch\\u00e2teau Ph\\u00e9lan S\\u00e9gur\"},\"image\":{\"@id\":\"https:\/\/www.phelansegur.com\/#logo\"}},{\"@type\":\"WebSite\",\"@id\":\"https:\/\/www.phelansegur.com\/#website\",\"url\":\"https:\/\/www.phelansegur.com\/\",\"name\":\"Ch\\u00e2teau Ph\\u00e9lan S\\u00e9gur\",\"description\":\"Saint Est\\u00e8phe\",\"publisher\":{\"@id\":\"https:\/\/www.phelansegur.com\/#organization\"},\"potentialAction\":[{\"@type\":\"SearchAction\",\"target\":\"https:\/\/www.phelansegur.com\/?s={search_term_string}\",\"query-input\":\"required name=search_term_string\"}],\"inLanguage\":\"ja\"},{\"@type\":\"ImageObject\",\"@id\":\"https:\/\/www.phelansegur.com\/ja\/%e8%82%b2%e6%88%90%e3%83%bb%e7%86%9f%e6%88%90\/#primaryimage\",\"inLanguage\":\"ja\",\"url\":\"https:\/\/www.phelansegur.com\/wp-content\/uploads\/2015\/01\/Chai-Chateau-Phelan-Segur.jpg\",\"width\":1000,\"height\":667,\"caption\":\"Ph\\u00e9lan S\\u00e9gur's cellar\"},{\"@type\":\"WebPage\",\"@id\":\"https:\/\/www.phelansegur.com\/ja\/%e8%82%b2%e6%88%90%e3%83%bb%e7%86%9f%e6%88%90\/#webpage\",\"url\":\"https:\/\/www.phelansegur.com\/ja\/%e8%82%b2%e6%88%90%e3%83%bb%e7%86%9f%e6%88%90\/\",\"name\":\"\\u80b2\\u6210\\u30fb\\u719f\\u6210\\u306b\\u3064\\u3044\\u3066 - Ch\\u00e2teau Ph\\u00e9lan S\\u00e9gur\",\"isPartOf\":{\"@id\":\"https:\/\/www.phelansegur.com\/#website\"},\"primaryImageOfPage\":{\"@id\":\"https:\/\/www.phelansegur.com\/ja\/%e8%82%b2%e6%88%90%e3%83%bb%e7%86%9f%e6%88%90\/#primaryimage\"},\"datePublished\":\"2015-01-05T15:12:14+00:00\",\"dateModified\":\"2017-01-12T14:35:34+00:00\",\"breadcrumb\":{\"@id\":\"https:\/\/www.phelansegur.com\/ja\/%e8%82%b2%e6%88%90%e3%83%bb%e7%86%9f%e6%88%90\/#breadcrumb\"},\"inLanguage\":\"ja\",\"potentialAction\":[{\"@type\":\"ReadAction\",\"target\":[\"https:\/\/www.phelansegur.com\/ja\/%e8%82%b2%e6%88%90%e3%83%bb%e7%86%9f%e6%88%90\/\"]}]},{\"@type\":\"BreadcrumbList\",\"@id\":\"https:\/\/www.phelansegur.com\/ja\/%e8%82%b2%e6%88%90%e3%83%bb%e7%86%9f%e6%88%90\/#breadcrumb\",\"itemListElement\":[{\"@type\":\"ListItem\",\"position\":1,\"item\":{\"@type\":\"WebPage\",\"@id\":\"https:\/\/www.phelansegur.com\/ja\/\",\"url\":\"https:\/\/www.phelansegur.com\/ja\/\",\"name\":\"Page d'accueil\"}},{\"@type\":\"ListItem\",\"position\":2,\"item\":{\"@type\":\"WebPage\",\"@id\":\"https:\/\/www.phelansegur.com\/ja\/%e8%82%b2%e6%88%90%e3%83%bb%e7%86%9f%e6%88%90\/\",\"url\":\"https:\/\/www.phelansegur.com\/ja\/%e8%82%b2%e6%88%90%e3%83%bb%e7%86%9f%e6%88%90\/\",\"name\":\"\\u80b2\\u6210\\u30fb\\u719f\\u6210\\u306b\\u3064\\u3044\\u3066\"}}]}]}<\/script>\n<!-- \/ Yoast SEO plugin. -->","_links":{"self":[{"href":"https:\/\/www.phelansegur.com\/ja\/wp-json\/wp\/v2\/pages\/2596"}],"collection":[{"href":"https:\/\/www.phelansegur.com\/ja\/wp-json\/wp\/v2\/pages"}],"about":[{"href":"https:\/\/www.phelansegur.com\/ja\/wp-json\/wp\/v2\/types\/page"}],"author":[{"embeddable":true,"href":"https:\/\/www.phelansegur.com\/ja\/wp-json\/wp\/v2\/users\/3"}],"replies":[{"embeddable":true,"href":"https:\/\/www.phelansegur.com\/ja\/wp-json\/wp\/v2\/comments?post=2596"}],"version-history":[{"count":0,"href":"https:\/\/www.phelansegur.com\/ja\/wp-json\/wp\/v2\/pages\/2596\/revisions"}],"wp:featuredmedia":[{"embeddable":true,"href":"https:\/\/www.phelansegur.com\/ja\/wp-json\/wp\/v2\/media\/1701"}],"wp:attachment":[{"href":"https:\/\/www.phelansegur.com\/ja\/wp-json\/wp\/v2\/media?parent=2596"}],"curies":[{"name":"wp","href":"https:\/\/api.w.org\/{rel}","templated":true}]}}