{"id":2599,"date":"2015-11-13T11:42:57","date_gmt":"2015-11-13T11:42:57","guid":{"rendered":"http:\/\/www.phelansegur.com\/le-sous-tirage-a-lesquive-2\/"},"modified":"2017-01-12T14:04:09","modified_gmt":"2017-01-12T14:04:09","slug":"%e3%82%a8%e3%82%b9%e3%82%ad%e3%83%bc%e3%83%b4%e3%82%92%e7%94%a8%e3%81%84%e3%81%9f%e4%bc%9d%e7%b5%b1%e3%81%ae%e6%be%b1%e5%bc%95%e3%81%8d%e6%b3%95","status":"publish","type":"page","link":"https:\/\/www.phelansegur.com\/ja\/%e3%82%a8%e3%82%b9%e3%82%ad%e3%83%bc%e3%83%b4%e3%82%92%e7%94%a8%e3%81%84%e3%81%9f%e4%bc%9d%e7%b5%b1%e3%81%ae%e6%be%b1%e5%bc%95%e3%81%8d%e6%b3%95\/","title":{"rendered":"\u30a8\u30b9\u30ad\u30fc\u30f4\u3092\u7528\u3044\u305f\u4f1d\u7d71\u306e\u6fb1\u5f15\u304d\u6cd5"},"content":{"rendered":"<p>[vc_row][vc_column width=&#8221;1\/1&#8243;][vc_column_text]<\/p>\n<p style=\"text-align: justify;\">\u4f1d\u7d71\u6cd5\u3067\u306e\u6fb1\u5f15\u304d\u306f\u3001\u6700\u3082\u30ef\u30a4\u30f3\u306b\u512a\u3057\u3044\u4f5c\u696d\u6cd5\u3067\u3042\u308b\u3060\u3051\u3067\u306a\u304f\u3001\u4f5c\u696d\u7cbe\u5ea6\u306e\u9ad8\u3055\u3082\u7acb\u8a3c\u6e08\u307f\u3067\u3059\u3002\u305f\u3060\u3001\u5927\u5909\u306a\u624b\u9593\u304c\u304b\u304b\u308b\u3053\u3068\u304b\u3089\u9ad8\u7d1a\u30b7\u30e3\u30c8\u30fc\u3067\u306e\u307f\u5b88\u308a\u7d99\u304c\u308c\u3066\u3044\u307e\u3059\u3002\u8535\u30b9\u30bf\u30c3\u30d52\u540d\u30671\u5e74\u3058\u3085\u3046\u7e70\u308a\u8fd4\u3055\u308c\u308b\u4f5c\u696d\u3067\u3001\u6a3d\u3054\u3068\u306b\u7279\u6027\u3092\u8003\u616e\u3057\u3001\u30dd\u30f3\u30d7\u3092\u4f7f\u308f\u305a\u30ef\u30a4\u30f3\u304b\u3089\u6fb1\u3092\u53d6\u308a\u9664\u304d\u307e\u3059\u3002\u6fb1\u306e\u9664\u53bb\u5f8c\u3001\u30ef\u30a4\u30f3\u306f\u3075\u305f\u305f\u3073\u540c\u3058\u30bf\u30a4\u30d7\u306e\u6a3d\u306b\u8a70\u3081\u3089\u308c\u3001\u30ed\u30c3\u30c8\u306e\u7279\u6027\u306f\u305d\u306e\u307e\u307e\u306b\u4fdd\u5b58\u3092\u7d9a\u3051\u307e\u3059\u3002<\/p>\n<p style=\"text-align: justify;\">\u6fb1\u5f15\u304d\u3092\u884c\u306a\u3046\u524d\u306b\u306f\u5fc5\u305a\u6a3d\u30bf\u30a4\u30d7\u3054\u3068\u306b\u5165\u5ff5\u306b\u8a66\u98f2\u3092\u3057\u307e\u3059\u3002\u3053\u3046\u3059\u308b\u3053\u3068\u3067\u30ef\u30a4\u30f3\u306e\u719f\u6210\u72b6\u614b\u3092\u7cbe\u7dfb\u306b\u78ba\u8a8d\u3059\u308b\u3053\u3068\u304c\u3067\u304d\u307e\u3059\u3002\u6625\u304c\u7d42\u308f\u308a\u3092\u8fce\u3048\u308b\u9803\u3001\u30dc\u30c8\u30eb\u306b\u8a70\u3081\u308b\u524d\u306b\u6975\u8efd\u3081\u306b\u30d5\u30a3\u30eb\u30bf\u30fc\u6ffe\u904e\u3092\u884c\u306a\u3044\u307e\u3059\u3002\u30ef\u30a4\u30f3\u672c\u6765\u306e\u9b45\u529b\u3092\u640d\u306d\u306a\u3044\u3088\u3046\u7d30\u5fc3\u306e\u6ce8\u610f\u3092\u6255\u3063\u3066\u3044\u307e\u3059\u3002<\/p>\n<p>[\/vc_column_text][\/vc_column][\/vc_row][vc_row][vc_column width=&#8221;1\/1&#8243;][vc_single_image image=&#8221;1363&#8243; border_color=&#8221;grey&#8221; img_link_target=&#8221;_self&#8221; img_size=&#8221;full&#8221; alignment=&#8221;center&#8221;][\/vc_column][\/vc_row][vc_row][vc_column width=&#8221;1\/1&#8243;][vc_column_text]<\/p>\n<p style=\"text-align: center;\"><a class=\"btn-editor-primary\" href=\"http:\/\/www.phelansegur.com\/ja\/\u80b2\u6210\u30fb\u719f\u6210\/\">\u80b2\u6210\u30fb\u719f\u6210\u306b\u3064\u3044\u3066<\/a><\/p>\n<p>[\/vc_column_text][\/vc_column][\/vc_row]<\/p>\n","protected":false},"excerpt":{"rendered":"<p>[vc_row][vc_column width=&#8221;1\/1&#8243;][vc_column_text] \u4f1d\u7d71\u6cd5\u3067\u306e\u6fb1\u5f15\u304d\u306f\u3001\u6700\u3082\u30ef\u30a4\u30f3\u306b\u512a\u3057\u3044\u4f5c\u696d\u6cd5\u3067\u3042\u308b\u3060\u3051\u3067\u306a\u304f\u3001\u4f5c\u696d\u7cbe\u5ea6\u306e\u9ad8\u3055\u3082\u7acb\u8a3c\u6e08\u307f\u3067\u3059\u3002\u305f\u3060\u3001\u5927 [&hellip;]<\/p>\n","protected":false},"author":3,"featured_media":0,"parent":0,"menu_order":0,"comment_status":"open","ping_status":"open","template":"","meta":[],"acf":[],"yoast_head":"<!-- This site is optimized with the Yoast SEO plugin v15.4 - https:\/\/yoast.com\/wordpress\/plugins\/seo\/ -->\n<meta name=\"robots\" content=\"index, follow, max-snippet:-1, max-image-preview:large, max-video-preview:-1\" \/>\n<link rel=\"canonical\" href=\"https:\/\/www.phelansegur.com\/ja\/\u30a8\u30b9\u30ad\u30fc\u30f4\u3092\u7528\u3044\u305f\u4f1d\u7d71\u306e\u6fb1\u5f15\u304d\u6cd5\/\" \/>\n<meta property=\"og:locale\" content=\"ja_JP\" \/>\n<meta property=\"og:type\" content=\"article\" \/>\n<meta property=\"og:title\" content=\"\u30a8\u30b9\u30ad\u30fc\u30f4\u3092\u7528\u3044\u305f\u4f1d\u7d71\u306e\u6fb1\u5f15\u304d\u6cd5 - Ch\u00e2teau Ph\u00e9lan S\u00e9gur\" \/>\n<meta property=\"og:description\" content=\"[vc_row][vc_column width=&#8221;1\/1&#8243;][vc_column_text] \u4f1d\u7d71\u6cd5\u3067\u306e\u6fb1\u5f15\u304d\u306f\u3001\u6700\u3082\u30ef\u30a4\u30f3\u306b\u512a\u3057\u3044\u4f5c\u696d\u6cd5\u3067\u3042\u308b\u3060\u3051\u3067\u306a\u304f\u3001\u4f5c\u696d\u7cbe\u5ea6\u306e\u9ad8\u3055\u3082\u7acb\u8a3c\u6e08\u307f\u3067\u3059\u3002\u305f\u3060\u3001\u5927 [&hellip;]\" \/>\n<meta property=\"og:url\" content=\"https:\/\/www.phelansegur.com\/ja\/\u30a8\u30b9\u30ad\u30fc\u30f4\u3092\u7528\u3044\u305f\u4f1d\u7d71\u306e\u6fb1\u5f15\u304d\u6cd5\/\" \/>\n<meta property=\"og:site_name\" content=\"Ch\u00e2teau Ph\u00e9lan S\u00e9gur\" \/>\n<meta property=\"article:modified_time\" content=\"2017-01-12T14:04:09+00:00\" \/>\n<meta name=\"twitter:card\" content=\"summary_large_image\" \/>\n<meta name=\"twitter:label1\" content=\"Written by\">\n\t<meta name=\"twitter:data1\" content=\"allison\">\n\t<meta name=\"twitter:label2\" content=\"Est. reading time\">\n\t<meta name=\"twitter:data2\" content=\"0\u5206\">\n<script type=\"application\/ld+json\" class=\"yoast-schema-graph\">{\"@context\":\"https:\/\/schema.org\",\"@graph\":[{\"@type\":\"Organization\",\"@id\":\"https:\/\/www.phelansegur.com\/#organization\",\"name\":\"Ch\\u00e2teau Ph\\u00e9lan S\\u00e9gur\",\"url\":\"https:\/\/www.phelansegur.com\/\",\"sameAs\":[\"https:\/\/www.instagram.com\/phelansegur\/\"],\"logo\":{\"@type\":\"ImageObject\",\"@id\":\"https:\/\/www.phelansegur.com\/#logo\",\"inLanguage\":\"ja\",\"url\":\"https:\/\/www.phelansegur.com\/wp-content\/uploads\/2020\/03\/logo-phelansegur.jpg\",\"width\":500,\"height\":200,\"caption\":\"Ch\\u00e2teau Ph\\u00e9lan S\\u00e9gur\"},\"image\":{\"@id\":\"https:\/\/www.phelansegur.com\/#logo\"}},{\"@type\":\"WebSite\",\"@id\":\"https:\/\/www.phelansegur.com\/#website\",\"url\":\"https:\/\/www.phelansegur.com\/\",\"name\":\"Ch\\u00e2teau Ph\\u00e9lan S\\u00e9gur\",\"description\":\"Saint Est\\u00e8phe\",\"publisher\":{\"@id\":\"https:\/\/www.phelansegur.com\/#organization\"},\"potentialAction\":[{\"@type\":\"SearchAction\",\"target\":\"https:\/\/www.phelansegur.com\/?s={search_term_string}\",\"query-input\":\"required name=search_term_string\"}],\"inLanguage\":\"ja\"},{\"@type\":\"WebPage\",\"@id\":\"https:\/\/www.phelansegur.com\/ja\/%e3%82%a8%e3%82%b9%e3%82%ad%e3%83%bc%e3%83%b4%e3%82%92%e7%94%a8%e3%81%84%e3%81%9f%e4%bc%9d%e7%b5%b1%e3%81%ae%e6%be%b1%e5%bc%95%e3%81%8d%e6%b3%95\/#webpage\",\"url\":\"https:\/\/www.phelansegur.com\/ja\/%e3%82%a8%e3%82%b9%e3%82%ad%e3%83%bc%e3%83%b4%e3%82%92%e7%94%a8%e3%81%84%e3%81%9f%e4%bc%9d%e7%b5%b1%e3%81%ae%e6%be%b1%e5%bc%95%e3%81%8d%e6%b3%95\/\",\"name\":\"\\u30a8\\u30b9\\u30ad\\u30fc\\u30f4\\u3092\\u7528\\u3044\\u305f\\u4f1d\\u7d71\\u306e\\u6fb1\\u5f15\\u304d\\u6cd5 - Ch\\u00e2teau Ph\\u00e9lan S\\u00e9gur\",\"isPartOf\":{\"@id\":\"https:\/\/www.phelansegur.com\/#website\"},\"datePublished\":\"2015-11-13T11:42:57+00:00\",\"dateModified\":\"2017-01-12T14:04:09+00:00\",\"breadcrumb\":{\"@id\":\"https:\/\/www.phelansegur.com\/ja\/%e3%82%a8%e3%82%b9%e3%82%ad%e3%83%bc%e3%83%b4%e3%82%92%e7%94%a8%e3%81%84%e3%81%9f%e4%bc%9d%e7%b5%b1%e3%81%ae%e6%be%b1%e5%bc%95%e3%81%8d%e6%b3%95\/#breadcrumb\"},\"inLanguage\":\"ja\",\"potentialAction\":[{\"@type\":\"ReadAction\",\"target\":[\"https:\/\/www.phelansegur.com\/ja\/%e3%82%a8%e3%82%b9%e3%82%ad%e3%83%bc%e3%83%b4%e3%82%92%e7%94%a8%e3%81%84%e3%81%9f%e4%bc%9d%e7%b5%b1%e3%81%ae%e6%be%b1%e5%bc%95%e3%81%8d%e6%b3%95\/\"]}]},{\"@type\":\"BreadcrumbList\",\"@id\":\"https:\/\/www.phelansegur.com\/ja\/%e3%82%a8%e3%82%b9%e3%82%ad%e3%83%bc%e3%83%b4%e3%82%92%e7%94%a8%e3%81%84%e3%81%9f%e4%bc%9d%e7%b5%b1%e3%81%ae%e6%be%b1%e5%bc%95%e3%81%8d%e6%b3%95\/#breadcrumb\",\"itemListElement\":[{\"@type\":\"ListItem\",\"position\":1,\"item\":{\"@type\":\"WebPage\",\"@id\":\"https:\/\/www.phelansegur.com\/ja\/\",\"url\":\"https:\/\/www.phelansegur.com\/ja\/\",\"name\":\"Page d'accueil\"}},{\"@type\":\"ListItem\",\"position\":2,\"item\":{\"@type\":\"WebPage\",\"@id\":\"https:\/\/www.phelansegur.com\/ja\/%e3%82%a8%e3%82%b9%e3%82%ad%e3%83%bc%e3%83%b4%e3%82%92%e7%94%a8%e3%81%84%e3%81%9f%e4%bc%9d%e7%b5%b1%e3%81%ae%e6%be%b1%e5%bc%95%e3%81%8d%e6%b3%95\/\",\"url\":\"https:\/\/www.phelansegur.com\/ja\/%e3%82%a8%e3%82%b9%e3%82%ad%e3%83%bc%e3%83%b4%e3%82%92%e7%94%a8%e3%81%84%e3%81%9f%e4%bc%9d%e7%b5%b1%e3%81%ae%e6%be%b1%e5%bc%95%e3%81%8d%e6%b3%95\/\",\"name\":\"\\u30a8\\u30b9\\u30ad\\u30fc\\u30f4\\u3092\\u7528\\u3044\\u305f\\u4f1d\\u7d71\\u306e\\u6fb1\\u5f15\\u304d\\u6cd5\"}}]}]}<\/script>\n<!-- \/ Yoast SEO plugin. -->","_links":{"self":[{"href":"https:\/\/www.phelansegur.com\/ja\/wp-json\/wp\/v2\/pages\/2599"}],"collection":[{"href":"https:\/\/www.phelansegur.com\/ja\/wp-json\/wp\/v2\/pages"}],"about":[{"href":"https:\/\/www.phelansegur.com\/ja\/wp-json\/wp\/v2\/types\/page"}],"author":[{"embeddable":true,"href":"https:\/\/www.phelansegur.com\/ja\/wp-json\/wp\/v2\/users\/3"}],"replies":[{"embeddable":true,"href":"https:\/\/www.phelansegur.com\/ja\/wp-json\/wp\/v2\/comments?post=2599"}],"version-history":[{"count":0,"href":"https:\/\/www.phelansegur.com\/ja\/wp-json\/wp\/v2\/pages\/2599\/revisions"}],"wp:attachment":[{"href":"https:\/\/www.phelansegur.com\/ja\/wp-json\/wp\/v2\/media?parent=2599"}],"curies":[{"name":"wp","href":"https:\/\/api.w.org\/{rel}","templated":true}]}}