{"id":2601,"date":"2015-01-05T15:12:21","date_gmt":"2015-01-05T15:12:21","guid":{"rendered":"http:\/\/www.phelansegur.com\/visites-2\/"},"modified":"2017-01-12T14:09:02","modified_gmt":"2017-01-12T14:09:02","slug":"%e3%83%af%e3%82%a4%e3%83%8a%e3%83%aa%e3%83%bc%e8%a6%8b%e5%ad%a6","status":"publish","type":"page","link":"https:\/\/www.phelansegur.com\/ja\/%e3%83%af%e3%82%a4%e3%83%8a%e3%83%aa%e3%83%bc%e8%a6%8b%e5%ad%a6\/","title":{"rendered":"\u30ef\u30a4\u30ca\u30ea\u30fc\u898b\u5b66"},"content":{"rendered":"<p>[vc_row][vc_column width=&#8221;1\/1&#8243;][vc_separator color=&#8221;white&#8221;][vc_column_text]<\/p>\n<h2 style=\"text-align: center;\">\u300c\u30ef\u30a4\u30ca\u30ea\u30fc\u898b\u5b66\uff06\u5782\u76f4\u8a66\u98f2\u300d<\/h2>\n<p>[\/vc_column_text][\/vc_column][\/vc_row][vc_row][vc_column width=&#8221;1\/2&#8243;][vc_single_image image=&#8221;1706&#8243; border_color=&#8221;grey&#8221; img_link_target=&#8221;_self&#8221; img_size=&#8221;full&#8221; alignment=&#8221;center&#8221;][\/vc_column][vc_column width=&#8221;1\/2&#8243;][vc_single_image image=&#8221;1286&#8243; alignment=&#8221;center&#8221; border_color=&#8221;grey&#8221; img_link_target=&#8221;_self&#8221; img_size=&#8221;full&#8221;][\/vc_column][\/vc_row][vc_row][vc_column width=&#8221;1\/1&#8243;][vc_column_text]<\/p>\n<p style=\"text-align: center;\">\u72ec\u7279\u306a\u5efa\u7bc9\u69d8\u5f0f\u3001\u30b8\u30ed\u30f3\u30c9\u6cb3\u53e3\u3092\u898b\u4e0b\u308d\u3059\u7f8e\u3057\u3044\u666f\u89b3\u3001\u9ad8\u8cb4\u3055\u3042\u3075\u308c\u308b\u30c6\u30ed\u30ef\u30fc\u30eb\u2026 \u30b7\u30e3\u30c8\u30fc\u30fb\u30d5\u30a7\u30e9\u30f3\u30fb\u30bb\u30ae\u30e5\u30fc\u30eb\u306f\u30af\u30e9\u30b7\u30c3\u30af\u306a\u9b45\u529b\u305f\u3063\u3077\u308a\u306e\u30ef\u30a4\u30ca\u30ea\u30fc\u3067\u3059\u3002\u30d6\u30c9\u30a6\u7551\u304b\u3089\u91b8\u9020\u5eab\u307e\u3067\u3001\u30b7\u30e3\u30c8\u30fc\u898b\u5b66\u3092\u3068\u304a\u3057\u3066\u3001\u4e00\u65cf\u306e\u30a8\u30b9\u30d7\u30ea\u3001\u30b5\u30f3\u30c6\u30b9\u30c6\u30d5\u306e\u30c6\u30ed\u30ef\u30fc\u30eb\u3001\u30d5\u30a7\u30e9\u30f3\u30fb\u30bb\u30ae\u30e5\u30fc\u30eb\u306e\u91b8\u9020\u306e\u6975\u610f\u3092\u3054\u7d39\u4ecb\u3057\u307e\u3059\u3002\u8a66\u98f2\u30b5\u30fc\u30d3\u30b9\u306f\u30b7\u30e3\u30c8\u30fc\u8cac\u4efb\u8005\u81ea\u3089\u304c\u62c5\u5f53\u3002\u30f4\u30a3\u30f3\u30c6\u30fc\u30b83\u7a2e\u306e\u5782\u76f4\u8a66\u98f2\u3068\u306a\u308a\u307e\u3059\u3002<br \/>\n\u898b\u5b66\u306f\u901a\u5e74\u304a\u53d7\u3051\u3057\u3066\u3044\u307e\u3059\u3002\u5b8c\u5168\u4e88\u7d04\u5236\u3002<br \/>\n\u6708\u301c\u91d1\uff08\u795d\u65e5\u9664\u304f\uff09\u3001\u5348\u524d10\u6642\u304a\u3088\u3073\u5348\u5f8c3\u6642\n<\/p>\n<p>[\/vc_column_text][vc_column_text]<\/p>\n<p style=\"text-align: center;\"><a class=\"btn-editor-primary\" href=\"\/ja\/\u304a\u554f\u3044\u5408\u308f\u305b\/\">\u304a\u554f\u3044\u5408\u308f\u305b<\/a><\/p>\n<p>[\/vc_column_text][\/vc_column][\/vc_row][vc_row][vc_column width=&#8221;1\/1&#8243;][vc_column_text]<\/p>\n<h2 style=\"text-align: center;\">\u300c\u30b7\u30e3\u30c8\u30fc\u306e\u30d6\u30c9\u30a6\u7551\u306b\u3066\u300d<\/h2>\n<p>[\/vc_column_text][\/vc_column][\/vc_row][vc_row][vc_column width=&#8221;1\/2&#8243;][vc_single_image image=&#8221;1902&#8243; border_color=&#8221;grey&#8221; img_link_target=&#8221;_self&#8221; img_size=&#8221;full&#8221; alignment=&#8221;center&#8221;][\/vc_column][vc_column width=&#8221;1\/2&#8243;][vc_single_image image=&#8221;1708&#8243; border_color=&#8221;grey&#8221; img_link_target=&#8221;_self&#8221; img_size=&#8221;full&#8221;][\/vc_column][\/vc_row][vc_row][vc_column width=&#8221;1\/1&#8243;][vc_column_text]<\/p>\n<p style=\"text-align: center;\">70\u30d8\u30af\u30bf\u30fc\u30eb\u306b\u5e83\u304c\u308b\u30d5\u30a7\u30e9\u30f3\u30fb\u30bb\u30ae\u30e5\u30fc\u30eb\u306e\u30d6\u30c9\u30a6\u7551\u307e\u3067\u8db3\u3092\u306e\u3070\u3057\u3001\u683d\u57f9\u8cac\u4efb\u8005\u306e\u4ed5\u4e8b\u3092\u306e\u305e\u304f\u4f53\u9a13\u898b\u5b66\u3067\u3059\u300220\u5e74\u4ee5\u4e0a\u306b\u308f\u305f\u3063\u3066\u30b7\u30e3\u30c8\u30fc\u3067\u3064\u3061\u304b\u3063\u305f\u7d4c\u9a13\u3001\u305d\u3057\u3066\u5143\u6765\u306e\u71b1\u610f\u3092\u3082\u3063\u3066\u3001\u69d8\u3005\u306a\u89d2\u5ea6\u304b\u3089\u30f4\u30a3\u30cb\u30e5\u30ed\u30f3\u3068\u3044\u3046\u8077\u696d\u3068\u5049\u5927\u306a\u308b\u30c6\u30ed\u30ef\u30fc\u30eb\u3092\u3054\u7d39\u4ecb\u3057\u307e\u3059\u3002<\/p>\n<p>[\/vc_column_text][vc_column_text]<\/p>\n<p style=\"text-align: center;\"><a class=\"btn-editor-primary\" href=\"\/ja\/\u304a\u554f\u3044\u5408\u308f\u305b\/\">\u304a\u554f\u3044\u5408\u308f\u305b<\/a><\/p>\n<p>[\/vc_column_text][\/vc_column][\/vc_row]<\/p>\n","protected":false},"excerpt":{"rendered":"<p>[vc_row][vc_column width=&#8221;1\/1&#8243;][vc_separator color=&#8221;white&#8221;][vc_column_text] \u300c\u30ef\u30a4\u30ca\u30ea\u30fc\u898b\u5b66\uff06\u5782 [&hellip;]<\/p>\n","protected":false},"author":3,"featured_media":1705,"parent":0,"menu_order":0,"comment_status":"open","ping_status":"open","template":"","meta":[],"acf":[],"yoast_head":"<!-- This site is optimized with the Yoast SEO plugin v15.4 - https:\/\/yoast.com\/wordpress\/plugins\/seo\/ -->\n<meta name=\"robots\" content=\"index, follow, max-snippet:-1, max-image-preview:large, max-video-preview:-1\" \/>\n<link rel=\"canonical\" href=\"https:\/\/www.phelansegur.com\/ja\/\u30ef\u30a4\u30ca\u30ea\u30fc\u898b\u5b66\/\" \/>\n<meta property=\"og:locale\" content=\"ja_JP\" \/>\n<meta property=\"og:type\" content=\"article\" \/>\n<meta property=\"og:title\" content=\"\u30ef\u30a4\u30ca\u30ea\u30fc\u898b\u5b66 - Ch\u00e2teau Ph\u00e9lan S\u00e9gur\" \/>\n<meta property=\"og:description\" content=\"[vc_row][vc_column width=&#8221;1\/1&#8243;][vc_separator color=&#8221;white&#8221;][vc_column_text] \u300c\u30ef\u30a4\u30ca\u30ea\u30fc\u898b\u5b66\uff06\u5782 [&hellip;]\" \/>\n<meta property=\"og:url\" content=\"https:\/\/www.phelansegur.com\/ja\/\u30ef\u30a4\u30ca\u30ea\u30fc\u898b\u5b66\/\" \/>\n<meta property=\"og:site_name\" content=\"Ch\u00e2teau Ph\u00e9lan S\u00e9gur\" \/>\n<meta property=\"article:modified_time\" content=\"2017-01-12T14:09:02+00:00\" \/>\n<meta property=\"og:image\" content=\"https:\/\/www.phelansegur.com\/wp-content\/uploads\/2015\/01\/Cuvier-medocain-Phelan-Segur.jpg\" \/>\n\t<meta property=\"og:image:width\" content=\"1006\" \/>\n\t<meta property=\"og:image:height\" content=\"1280\" \/>\n<meta name=\"twitter:card\" content=\"summary_large_image\" \/>\n<meta name=\"twitter:label1\" content=\"Written by\">\n\t<meta name=\"twitter:data1\" content=\"allison\">\n\t<meta name=\"twitter:label2\" content=\"Est. reading time\">\n\t<meta name=\"twitter:data2\" content=\"1\u5206\">\n<script type=\"application\/ld+json\" class=\"yoast-schema-graph\">{\"@context\":\"https:\/\/schema.org\",\"@graph\":[{\"@type\":\"Organization\",\"@id\":\"https:\/\/www.phelansegur.com\/#organization\",\"name\":\"Ch\\u00e2teau Ph\\u00e9lan S\\u00e9gur\",\"url\":\"https:\/\/www.phelansegur.com\/\",\"sameAs\":[\"https:\/\/www.instagram.com\/phelansegur\/\"],\"logo\":{\"@type\":\"ImageObject\",\"@id\":\"https:\/\/www.phelansegur.com\/#logo\",\"inLanguage\":\"ja\",\"url\":\"https:\/\/www.phelansegur.com\/wp-content\/uploads\/2020\/03\/logo-phelansegur.jpg\",\"width\":500,\"height\":200,\"caption\":\"Ch\\u00e2teau Ph\\u00e9lan S\\u00e9gur\"},\"image\":{\"@id\":\"https:\/\/www.phelansegur.com\/#logo\"}},{\"@type\":\"WebSite\",\"@id\":\"https:\/\/www.phelansegur.com\/#website\",\"url\":\"https:\/\/www.phelansegur.com\/\",\"name\":\"Ch\\u00e2teau Ph\\u00e9lan S\\u00e9gur\",\"description\":\"Saint Est\\u00e8phe\",\"publisher\":{\"@id\":\"https:\/\/www.phelansegur.com\/#organization\"},\"potentialAction\":[{\"@type\":\"SearchAction\",\"target\":\"https:\/\/www.phelansegur.com\/?s={search_term_string}\",\"query-input\":\"required name=search_term_string\"}],\"inLanguage\":\"ja\"},{\"@type\":\"ImageObject\",\"@id\":\"https:\/\/www.phelansegur.com\/ja\/%e3%83%af%e3%82%a4%e3%83%8a%e3%83%aa%e3%83%bc%e8%a6%8b%e5%ad%a6\/#primaryimage\",\"inLanguage\":\"ja\",\"url\":\"https:\/\/www.phelansegur.com\/wp-content\/uploads\/2015\/01\/Cuvier-medocain-Phelan-Segur.jpg\",\"width\":1006,\"height\":1280,\"caption\":\"Cuvier medocain\"},{\"@type\":\"WebPage\",\"@id\":\"https:\/\/www.phelansegur.com\/ja\/%e3%83%af%e3%82%a4%e3%83%8a%e3%83%aa%e3%83%bc%e8%a6%8b%e5%ad%a6\/#webpage\",\"url\":\"https:\/\/www.phelansegur.com\/ja\/%e3%83%af%e3%82%a4%e3%83%8a%e3%83%aa%e3%83%bc%e8%a6%8b%e5%ad%a6\/\",\"name\":\"\\u30ef\\u30a4\\u30ca\\u30ea\\u30fc\\u898b\\u5b66 - Ch\\u00e2teau Ph\\u00e9lan S\\u00e9gur\",\"isPartOf\":{\"@id\":\"https:\/\/www.phelansegur.com\/#website\"},\"primaryImageOfPage\":{\"@id\":\"https:\/\/www.phelansegur.com\/ja\/%e3%83%af%e3%82%a4%e3%83%8a%e3%83%aa%e3%83%bc%e8%a6%8b%e5%ad%a6\/#primaryimage\"},\"datePublished\":\"2015-01-05T15:12:21+00:00\",\"dateModified\":\"2017-01-12T14:09:02+00:00\",\"breadcrumb\":{\"@id\":\"https:\/\/www.phelansegur.com\/ja\/%e3%83%af%e3%82%a4%e3%83%8a%e3%83%aa%e3%83%bc%e8%a6%8b%e5%ad%a6\/#breadcrumb\"},\"inLanguage\":\"ja\",\"potentialAction\":[{\"@type\":\"ReadAction\",\"target\":[\"https:\/\/www.phelansegur.com\/ja\/%e3%83%af%e3%82%a4%e3%83%8a%e3%83%aa%e3%83%bc%e8%a6%8b%e5%ad%a6\/\"]}]},{\"@type\":\"BreadcrumbList\",\"@id\":\"https:\/\/www.phelansegur.com\/ja\/%e3%83%af%e3%82%a4%e3%83%8a%e3%83%aa%e3%83%bc%e8%a6%8b%e5%ad%a6\/#breadcrumb\",\"itemListElement\":[{\"@type\":\"ListItem\",\"position\":1,\"item\":{\"@type\":\"WebPage\",\"@id\":\"https:\/\/www.phelansegur.com\/ja\/\",\"url\":\"https:\/\/www.phelansegur.com\/ja\/\",\"name\":\"Page d'accueil\"}},{\"@type\":\"ListItem\",\"position\":2,\"item\":{\"@type\":\"WebPage\",\"@id\":\"https:\/\/www.phelansegur.com\/ja\/%e3%83%af%e3%82%a4%e3%83%8a%e3%83%aa%e3%83%bc%e8%a6%8b%e5%ad%a6\/\",\"url\":\"https:\/\/www.phelansegur.com\/ja\/%e3%83%af%e3%82%a4%e3%83%8a%e3%83%aa%e3%83%bc%e8%a6%8b%e5%ad%a6\/\",\"name\":\"\\u30ef\\u30a4\\u30ca\\u30ea\\u30fc\\u898b\\u5b66\"}}]}]}<\/script>\n<!-- \/ Yoast SEO plugin. -->","_links":{"self":[{"href":"https:\/\/www.phelansegur.com\/ja\/wp-json\/wp\/v2\/pages\/2601"}],"collection":[{"href":"https:\/\/www.phelansegur.com\/ja\/wp-json\/wp\/v2\/pages"}],"about":[{"href":"https:\/\/www.phelansegur.com\/ja\/wp-json\/wp\/v2\/types\/page"}],"author":[{"embeddable":true,"href":"https:\/\/www.phelansegur.com\/ja\/wp-json\/wp\/v2\/users\/3"}],"replies":[{"embeddable":true,"href":"https:\/\/www.phelansegur.com\/ja\/wp-json\/wp\/v2\/comments?post=2601"}],"version-history":[{"count":0,"href":"https:\/\/www.phelansegur.com\/ja\/wp-json\/wp\/v2\/pages\/2601\/revisions"}],"wp:featuredmedia":[{"embeddable":true,"href":"https:\/\/www.phelansegur.com\/ja\/wp-json\/wp\/v2\/media\/1705"}],"wp:attachment":[{"href":"https:\/\/www.phelansegur.com\/ja\/wp-json\/wp\/v2\/media?parent=2601"}],"curies":[{"name":"wp","href":"https:\/\/api.w.org\/{rel}","templated":true}]}}