{"id":2604,"date":"2015-01-05T15:29:01","date_gmt":"2015-01-05T15:29:01","guid":{"rendered":"http:\/\/www.phelansegur.com\/receptions-2\/"},"modified":"2017-01-12T14:18:58","modified_gmt":"2017-01-12T14:18:58","slug":"%e3%83%ac%e3%82%bb%e3%83%97%e3%82%b7%e3%83%a7%e3%83%b3%e3%82%b5%e3%83%bc%e3%83%93%e3%82%b9","status":"publish","type":"page","link":"https:\/\/www.phelansegur.com\/ja\/%e3%83%ac%e3%82%bb%e3%83%97%e3%82%b7%e3%83%a7%e3%83%b3%e3%82%b5%e3%83%bc%e3%83%93%e3%82%b9\/","title":{"rendered":"\u30ec\u30bb\u30d7\u30b7\u30e7\u30f3\u30b5\u30fc\u30d3\u30b9"},"content":{"rendered":"<p>[vc_row][vc_column width=&#8221;1\/1&#8243;][vc_separator color=&#8221;white&#8221;][vc_column_text]<\/p>\n<h2 style=\"text-align: center;\">\u300c\u30df\u30ec\u30b8\u30fc\u30e0\u30fb\u30b0\u30eb\u30de\u30f3\u300d<\/h2>\n<p>[\/vc_column_text][\/vc_column][\/vc_row][vc_row][vc_column width=&#8221;1\/1&#8243;][vc_single_image image=&#8221;1712&#8243; border_color=&#8221;grey&#8221; img_link_target=&#8221;_self&#8221; img_size=&#8221;full&#8221; alignment=&#8221;center&#8221;][\/vc_column][\/vc_row][vc_row][vc_column width=&#8221;1\/6&#8243;][\/vc_column][vc_column width=&#8221;2\/3&#8243;][vc_column_text]<\/p>\n<blockquote><p>\u300c\u30df\u30ec\u30b8\u30fc\u30e0\u30fb\u30b0\u30eb\u30de\u30f3\u300d<\/p><\/blockquote>\n<p style=\"text-align: justify;\">\u30aa\u30fc\u30ca\u30fc\u4e00\u65cf\u306e\u90b8\u5b85\u3067\u3082\u3042\u308b\u30b7\u30e3\u30c8\u30fc\u5185\u306e\u30c0\u30a4\u30cb\u30f3\u30b0\u30eb\u30fc\u30e0\u306b\u3066\u3001\u30e9\u30f3\u30c1\u30bf\u30a4\u30e0\u3092\u304a\u697d\u3057\u307f\u304f\u3060\u3055\u3044\u300218\u540d\u69d8\u4ee5\u4e0a\u306e\u5834\u5408\u3001\u30ec\u30bb\u30d7\u30b7\u30e7\u30f3\u30fb\u30b5\u30ed\u30f3\u30eb\u30fc\u30e0\u3067\u306e\u304a\u98df\u4e8b\u3068\u306a\u308a\u307e\u3059\u3002\u6c17\u5019\u306e\u826f\u3044\u6642\u671f\u306b\u306f\u30ac\u30fc\u30c7\u30f3\u30d1\u30fc\u30c6\u30a3\u30fc\u306e\u30bb\u30c3\u30c6\u30a3\u30f3\u30b0\u3082\u53ef\u80fd\u3067\u3059\u3002\u9ad8\u7d1a\u30d5\u30e9\u30f3\u30b9\u6599\u7406\u306e\u4f1d\u7d71\u30ec\u30b7\u30d4\u306b\u30a2\u30ec\u30f3\u30b8\u3092\u52a0\u3048\u305f\u5c02\u5c5e\u30b7\u30a7\u30d5\u304a\u3059\u3059\u3081\u306e\u30e9\u30f3\u30c1\u30e1\u30cb\u30e5\u30fc\u300c\u30df\u30ec\u30b8\u30fc\u30e0\u30fb\u30b0\u30eb\u30de\u30f3\u300d\u3092\u304a\u53ec\u3057\u4e0a\u304c\u308a\u304f\u3060\u3055\u3044\u3002\u30b7\u30e3\u30c8\u30fc\u30b9\u30bf\u30c3\u30d5\u3082\u540c\u5e2d\u3044\u305f\u3057\u307e\u3059\u3002<\/p>\n<p style=\"text-align: justify;\"><span style=\"color: #ffffff;\"><\/span><\/p>\n<p style=\"text-align: center;\"><a title=\"Nous contacter\" class=\"btn-editor-primary\" href=\"\/ja\/\u304a\u554f\u3044\u5408\u308f\u305b\/\">\u3054\u4e88\u7d04\u30fb\u304a\u554f\u3044\u5408\u308f\u305b<\/a><\/p>\n<p>[\/vc_column_text][\/vc_column][vc_column width=&#8221;1\/6&#8243;][\/vc_column][\/vc_row][vc_row][vc_column width=&#8221;1\/1&#8243;][vc_separator color=&#8221;white&#8221;][vc_column_text]<\/p>\n<h2 style=\"text-align: center;\">\u300c\u30b7\u30e3\u30c8\u30fc\u3067\u697d\u3057\u3080\u30b0\u30e9\u30f3\u30fb\u30c7\u30a3\u30ca\u30fc\u300d<\/h2>\n<p>[\/vc_column_text][\/vc_column][\/vc_row][vc_row][vc_column width=&#8221;1\/2&#8243;][vc_single_image image=&#8221;1713&#8243; border_color=&#8221;grey&#8221; img_link_target=&#8221;_self&#8221; img_size=&#8221;large&#8221; alignment=&#8221;center&#8221;][\/vc_column][vc_column width=&#8221;1\/2&#8243;][vc_single_image image=&#8221;1714&#8243; border_color=&#8221;grey&#8221; img_link_target=&#8221;_self&#8221; img_size=&#8221;full&#8221;][\/vc_column][\/vc_row][vc_row][vc_column width=&#8221;1\/6&#8243;][\/vc_column][vc_column width=&#8221;2\/3&#8243;][vc_column_text]<\/p>\n<blockquote><p>\u300c\u30b7\u30e3\u30c8\u30fc\u3067\u697d\u3057\u3080\u30b0\u30e9\u30f3\u30fb\u30c7\u30a3\u30ca\u30fc\u300d<\/p><\/blockquote>\n<p style=\"text-align: justify;\">\u304f\u3064\u308d\u3044\u3060\u96f0\u56f2\u6c17\u306e\u30b7\u30e3\u30c8\u30fc\u5185\u306e\u30a4\u30f3\u30c6\u30a3\u30fc\u30e0\u306a\u3053\u3058\u3093\u307e\u308a\u3068\u3057\u305f\u30b5\u30ed\u30f3\u3042\u308b\u3044\u306f\u30ec\u30bb\u30d7\u30b7\u30e7\u30f3\u30eb\u30fc\u30e0\u306b\u3066\u3001\u30df\u30b7\u30e5\u30e9\u30f3\u661f\u3064\u304d\u30ec\u30b9\u30c8\u30e9\u30f3\u3067\u7814\u947d\u3092\u7a4d\u3093\u3060\u5c02\u5c5e\u30b7\u30a7\u30d5\u306b\u3088\u308b\u7279\u88fd\u6599\u7406\u306e\u6570\u3005\u3092\u304a\u697d\u3057\u307f\u304f\u3060\u3055\u3044\u3002<\/p>\n<p style=\"text-align: justify;\"><span style=\"color: #ffffff;\">\u00a0<\/span><\/p>\n<p style=\"text-align: center;\"><a title=\"Nous contacter\" class=\"btn-editor-primary\" href=\"\/ja\/\u304a\u554f\u3044\u5408\u308f\u305b\/\">\u3054\u4e88\u7d04\u30fb\u304a\u554f\u3044\u5408\u308f\u305b<\/a><\/p>\n<p>[\/vc_column_text][\/vc_column][vc_column width=&#8221;1\/6&#8243;][\/vc_column][\/vc_row][vc_row][vc_column width=&#8221;1\/1&#8243;][vc_separator color=&#8221;white&#8221;][vc_column_text]<\/p>\n<h2 style=\"text-align: center;\">\u300c\u30d5\u30a7\u30e9\u30f3\u30fb\u30bb\u30ae\u30e5\u30fc\u30eb\u3067\u697d\u3057\u3080\u53ce\u7a6b\u30e9\u30f3\u30c1\u300d<\/h2>\n<p>[\/vc_column_text][\/vc_column][\/vc_row][vc_row][vc_column width=&#8221;1\/1&#8243;][vc_single_image image=&#8221;1716&#8243; border_color=&#8221;grey&#8221; img_link_target=&#8221;_self&#8221; img_size=&#8221;full&#8221; alignment=&#8221;center&#8221;][\/vc_column][\/vc_row][vc_row][vc_column width=&#8221;1\/6&#8243;][\/vc_column][vc_column width=&#8221;2\/3&#8243;][vc_column_text]<\/p>\n<blockquote><p>\u300c\u30d5\u30a7\u30e9\u30f3\u30fb\u30bb\u30ae\u30e5\u30fc\u30eb\u3067\u697d\u3057\u3080\u53ce\u7a6b\u30e9\u30f3\u30c1\u300d<\/p><\/blockquote>\n<p style=\"text-align: justify;\">\u30b7\u30e3\u30c8\u30fc\u306e\u304a\u5ead\u3001\u307e\u305f\u306f\u4e2d\u5ead\u306e\u30a2\u30fc\u30c1\u3064\u304d\u30b9\u30da\u30fc\u30b9\u3067\u697d\u3057\u3080\u30b0\u30eb\u30e1\u30e9\u30f3\u30c1\u306f\u3044\u304b\u304c\u3067\u3059\u304b\uff1f\u81ea\u7136\u3092\u611f\u3058\u306a\u304c\u3089\u3001\u512a\u96c5\u3067\u304f\u3064\u308d\u3044\u3060\u96f0\u56f2\u6c17\u306e\u4e2d\u3044\u305f\u3060\u304f\u304a\u6599\u7406\u306e\u6570\u3005\u3002\u30dc\u30eb\u30c9\u30fc\u8fd1\u90ca\u306e\u6e7e\u3067\u751f\u7523\u3055\u308c\u308b\u7261\u8823\u3001\u30b0\u30ea\u30eb\u6599\u7406\u3001\u8fb2\u5bb6\u88fd\u30c1\u30fc\u30ba\u3001\u30c7\u30b6\u30fc\u30c8\u76db\u308a\u5408\u308f\u305b\u306a\u3069\u3001\u65ec\u306e\u98df\u6750\u3092\u4f7f\u3063\u305f\u54c1\u3005\u3092\u3054\u7528\u610f\u3044\u305f\u3057\u307e\u3059\u3002<\/p>\n<p style=\"text-align: justify;\"><span style=\"color: #ffffff;\">farandole de desserts et autres plats \u00e9labor\u00e9s selon les arrivages.<\/span><\/p>\n<p style=\"text-align: center;\"><a title=\"Nous contacter\" class=\"btn-editor-primary\" href=\"\/ja\/\u304a\u554f\u3044\u5408\u308f\u305b\/\">\u3054\u4e88\u7d04\u30fb\u304a\u554f\u3044\u5408\u308f\u305b<\/a><\/p>\n<p>[\/vc_column_text][\/vc_column][vc_column width=&#8221;1\/6&#8243;][\/vc_column][\/vc_row][vc_row][vc_column width=&#8221;1\/1&#8243;][vc_row_inner][vc_column_inner width=&#8221;1\/1&#8243;][\/vc_column_inner][\/vc_row_inner][vc_column_text]<\/p>\n<h2 style=\"text-align: center;\">\u300c\u306f\u3058\u3081\u3066\u306e\u30b7\u30e3\u30c8\u30fc\u4f53\u9a13\u300d<\/h2>\n<p>[\/vc_column_text][\/vc_column][vc_column][\/vc_column][\/vc_row][vc_row][vc_column width=&#8221;1\/1&#8243;][vc_single_image image=&#8221;1939&#8243; border_color=&#8221;grey&#8221; img_link_target=&#8221;_self&#8221; img_size=&#8221;large&#8221; alignment=&#8221;center&#8221;][\/vc_column][\/vc_row][vc_row][vc_column width=&#8221;1\/6&#8243;][\/vc_column][vc_column width=&#8221;2\/3&#8243;][vc_column_text]<\/p>\n<blockquote><p>\u300c\u306f\u3058\u3081\u3066\u306e\u30b7\u30e3\u30c8\u30fc\u4f53\u9a13\u300d<\/p><\/blockquote>\n<p style=\"text-align: justify;\">\u5927\u4eba\u305f\u3061\u304c\u30b7\u30e3\u30c8\u30fc\u3092\u898b\u5b66\u3057\u3066\u3044\u308b\u9593\u30016\u6b73\u304b\u308911\u6b73\u306e\u5b50\u4f9b\u305f\u3061\u306f\u697d\u3057\u3044\u30ef\u30fc\u30af\u30b7\u30e7\u30c3\u30d7\u306b\u53c2\u52a0\u3067\u304d\u307e\u3059\u3002\u30d6\u30c9\u30a6\u54c1\u7a2e\u3084\u5473\u899a\u306b\u3064\u3044\u3066\u5b66\u3076\u30b3\u30fc\u30ca\u30fc\u3001\u306c\u308a\u3048\u3084\u30ef\u30a4\u30f3\u30af\u30a4\u30ba\u3002\u30e9\u30f3\u30c1\u306f\u3054\u5bb6\u65cf\u305d\u308d\u3063\u3066\u304a\u697d\u3057\u307f\u304f\u3060\u3055\u3044\u3002\u304a\u5b50\u69d8\u30e1\u30cb\u30e5\u30fc\u300c\u30d7\u30c6\u30a3\u30fb\u30b0\u30eb\u30de\u30f3\u300d\u3082\u3054\u7528\u610f\u3057\u3066\u3044\u307e\u3059\u3002<\/p>\n<p style=\"text-align: justify;\"><span style=\"color: #ffffff;\">o<\/span><\/p>\n<p style=\"text-align: center;\"><a class=\"btn-editor-primary\" href=\"\/ja\/\u304a\u554f\u3044\u5408\u308f\u305b\/\">\u3054\u4e88\u7d04\u30fb\u304a\u554f\u3044\u5408\u308f\u305b<\/a><\/p>\n<p>[\/vc_column_text][\/vc_column][vc_column width=&#8221;1\/6&#8243;][\/vc_column][\/vc_row][vc_row][vc_column width=&#8221;1\/1&#8243;][vc_row_inner][vc_column_inner width=&#8221;1\/1&#8243;][\/vc_column_inner][\/vc_row_inner][vc_separator color=&#8221;white&#8221;][vc_column_text]<\/p>\n<h2 style=\"text-align: center;\">\u300c\u30b7\u30e3\u30c8\u30fc\u53a8\u623f\u4f53\u9a13\u30b3\u30fc\u30b9\u300d<\/h2>\n<p>[\/vc_column_text][\/vc_column][\/vc_row][vc_row][vc_column width=&#8221;1\/3&#8243;][vc_single_image image=&#8221;1717&#8243; border_color=&#8221;grey&#8221; img_link_target=&#8221;_self&#8221; img_size=&#8221;full&#8221;][\/vc_column][vc_column width=&#8221;1\/3&#8243;][vc_single_image image=&#8221;1718&#8243; alignment=&#8221;center&#8221; border_color=&#8221;grey&#8221; img_link_target=&#8221;_self&#8221; img_size=&#8221;full&#8221;][\/vc_column][vc_column width=&#8221;1\/3&#8243;][vc_single_image image=&#8221;1719&#8243; alignment=&#8221;right&#8221; border_color=&#8221;grey&#8221; img_link_target=&#8221;_self&#8221; img_size=&#8221;full&#8221;][\/vc_column][\/vc_row][vc_row][vc_column width=&#8221;1\/1&#8243;][vc_column_text]<\/p>\n<blockquote>\n<p style=\"text-align: justify;\">\u300c\u30b7\u30e3\u30c8\u30fc\u53a8\u623f\u4f53\u9a13\u30b3\u30fc\u30b9\u300d<\/p>\n<\/blockquote>\n<p style=\"text-align: justify;\">\u30ab\u30c3\u30d7\u30eb\u307e\u305f\u306f\u304a\u53cb\u9054\u540c\u58eb\u3067\u3001\u521d\u5fc3\u8005\u3082\u30d9\u30c6\u30e9\u30f3\u3082\u3001\u5c02\u5c5e\u30b7\u30a7\u30d5\u304b\u3089\u6599\u7406\u306e\u30b3\u30c4\u3092\u5b66\u3076\u5b9f\u8df5\u30b3\u30fc\u30b9\u3067\u3059\u3002\u30b7\u30e3\u30c8\u30fc\u53a8\u623f\u306e\u821e\u53f0\u88cf\u3092\u304a\u898b\u305b\u3057\u307e\u3059\u3002\u30e9\u30f3\u30c1\u30bf\u30a4\u30e0\u306b\u306f\u30ec\u30c3\u30b9\u30f3\u4e2d\u306b\u4f5c\u3063\u305f\u6599\u7406\u3092\u304a\u697d\u3057\u307f\u3044\u305f\u3060\u304d\u307e\u3059\u3002\u30b7\u30e3\u30c8\u30fc\u30b9\u30bf\u30c3\u30d5\u3082\u540c\u5e2d\u3044\u305f\u3057\u307e\u3059\u3002<\/p>\n<p style=\"text-align: justify;\"><span style=\"color: #ffffff;\">ome<\/span><\/p>\n<p style=\"text-align: center;\"><a title=\"Nous contacter\" class=\"btn-editor-primary\" href=\"\/ja\/\u304a\u554f\u3044\u5408\u308f\u305b\/\">\u3054\u4e88\u7d04\u30fb\u304a\u554f\u3044\u5408\u308f\u305b<\/a><\/p>\n<p>[\/vc_column_text][\/vc_column][\/vc_row][vc_row][vc_column width=&#8221;1\/1&#8243;][vc_separator color=&#8221;white&#8221;][vc_column_text]<\/p>\n<h2 style=\"text-align: center;\">\u300c\u30a8\u30b3\u30fc\u30eb\u30fb\u30d3\u30e5\u30a4\u30bd\u30cb\u30a8\u30fc\u30eb\u300d<\/h2>\n<p>[\/vc_column_text][\/vc_column][\/vc_row][vc_row][vc_column width=&#8221;1\/1&#8243;][vc_single_image image=&#8221;1720&#8243; alignment=&#8221;center&#8221; border_color=&#8221;grey&#8221; img_link_target=&#8221;_self&#8221; img_size=&#8221;full&#8221;][\/vc_column][\/vc_row][vc_row][vc_column width=&#8221;1\/6&#8243;][\/vc_column][vc_column width=&#8221;2\/3&#8243;][vc_column_text]<\/p>\n<blockquote><p>\u300c\u30a8\u30b3\u30fc\u30eb\u30fb\u30d3\u30e5\u30a4\u30bd\u30cb\u30a8\u30fc\u30eb\u300d<\/p><\/blockquote>\n<p style=\"text-align: justify;\">\u30b7\u30e3\u30c8\u30fc\u30fb\u30d5\u30a7\u30e9\u30f3\u30fb\u30bb\u30ae\u30e5\u30fc\u30eb\u3067\u306f\u3001\u5404\u7a2e\u30bb\u30df\u30ca\u30fc\u30a4\u30d9\u30f3\u30c8\u3084\u8b1b\u6f14\u4f1a\u306e\u4f1a\u5834\u3068\u3057\u3066\u30ec\u30bb\u30d7\u30b7\u30e7\u30f3\u30eb\u30fc\u30e0\u3092\u4e00\u822c\u306b\u958b\u653e\u3057\u3066\u3044\u307e\u3059\u3002\u601d\u308f\u305a\u65e5\u5e38\u3092\u5fd8\u308c\u3066\u3057\u307e\u3046\u3001\u30d6\u30c9\u30a6\u7551\u306b\u56f2\u307e\u308c\u305f\u9759\u304b\u306a\u7a7a\u9593\u3002\u30d6\u30ec\u30a4\u30af\u30bf\u30a4\u30e0\u306b\u306f\u3001\u30b7\u30e3\u30c8\u30fc\u306e\u30ef\u30a4\u30f3\u3092\u5473\u308f\u3044\u306a\u304c\u3089\u306e\u30ef\u30a4\u30ca\u30ea\u30fc\u898b\u5b66\u3092\u3069\u3046\u305e\u3002<br \/>\n\u5c02\u5c5e\u30b7\u30a7\u30d5\u306b\u3088\u308b\u304a\u98df\u4e8b\u30e1\u30cb\u30e5\u30fc\u3082\u627f\u308a\u307e\u3059\u3002\u3054\u76f8\u8ac7\u304f\u3060\u3055\u3044\u3002\n<\/p>\n<p style=\"text-align: justify;\"><span style=\"color: #ffffff;\">0<\/span><\/p>\n<p style=\"text-align: center;\"><a title=\"Nous contacter\" class=\"btn-editor-primary\" href=\"\/ja\/\u304a\u554f\u3044\u5408\u308f\u305b\/\">\u3054\u4e88\u7d04\u30fb\u304a\u554f\u3044\u5408\u308f\u305b<\/a><\/p>\n<p>[\/vc_column_text][\/vc_column][vc_column width=&#8221;1\/6&#8243;][\/vc_column][\/vc_row][vc_row][vc_column width=&#8221;1\/1&#8243;][vc_separator color=&#8221;grey&#8221;][vc_column_text]<\/p>\n<h2 style=\"text-align: center;\">\u300c\u30e1\u30c9\u30c3\u30af\u30de\u30e9\u30bd\u30f3\u3068\u697d\u3057\u3080\u30e9\u30f3\u30c1\u300d<\/h2>\n<p>[\/vc_column_text][\/vc_column][\/vc_row][vc_row][vc_column width=&#8221;1\/1&#8243;][vc_single_image image=&#8221;2439&#8243; alignment=&#8221;center&#8221; border_color=&#8221;grey&#8221; img_link_target=&#8221;_self&#8221; img_size=&#8221;large&#8221;][\/vc_column][\/vc_row][vc_row][vc_column width=&#8221;1\/1&#8243;][vc_column_text]<\/p>\n<blockquote>\n<p style=\"text-align: justify;\">\u300c\u30e1\u30c9\u30c3\u30af\u30de\u30e9\u30bd\u30f3\u3068\u697d\u3057\u3080\u30e9\u30f3\u30c1\u300d<\/p>\n<\/blockquote>\n<p style=\"text-align: justify;\">\u30ab\u30b8\u30e5\u30a2\u30eb\u3067\u30b9\u30dd\u30fc\u30c6\u30a3\u30fc\u306a\u96f0\u56f2\u6c17\u306e\u30e9\u30f3\u30c1\u30d3\u30e5\u30c3\u30d5\u30a7\u306f\u3044\u304b\u304c\u3067\u3059\u304b\uff1f\u30b0\u30ea\u30eb\u8089\u30fb\u9b5a\u6599\u7406\u3001\u91ce\u83dc\u3001\u30dc\u30eb\u30c9\u30fc\u8fd1\u90ca\u306e\u6e7e\u3067\u751f\u7523\u3055\u308c\u308b\u7261\u8823\u3001\u30c1\u30fc\u30ba\u3001\u30c7\u30b6\u30fc\u30c8\u76db\u308a\u5408\u308f\u305b\u3092\u304a\u53ec\u3057\u4e0a\u304c\u308a\u304f\u3060\u3055\u3044\u3002\u30b9\u30dd\u30fc\u30c4\u6804\u990a\u58eb\u306e\u30a2\u30c9\u30d0\u30a4\u30b9\u3092\u53c2\u8003\u306b\u5c02\u5c5e\u30b7\u30a7\u30d5\u304c\u3064\u304f\u308b\u7279\u5225\u30e1\u30cb\u30e5\u30fc\u3067\u3059\u3002\u30e9\u30f3\u30c1\u306e\u524d\u306b\u306f\u30ef\u30a4\u30f3\u8a66\u98f2\u4ed8\u304d\u30b7\u30e3\u30c8\u30fc\u898b\u5b66\u3092\u304a\u697d\u3057\u307f\u304f\u3060\u3055\u3044\u3002<\/p>\n<p style=\"text-align: center;\"><a title=\"Nous contacter\" class=\"btn-editor-primary\" href=\"\/ja\/\u304a\u554f\u3044\u5408\u308f\u305b\/\"><span style=\"color: #ffffff;\">\u3054\u4e88\u7d04\u30fb\u304a\u554f\u3044\u5408\u308f\u305b<\/span><\/a><\/p>\n<p>[\/vc_column_text][\/vc_column][\/vc_row]<\/p>\n","protected":false},"excerpt":{"rendered":"<p>[vc_row][vc_column width=&#8221;1\/1&#8243;][vc_separator color=&#8221;white&#8221;][vc_column_text] \u300c\u30df\u30ec\u30b8\u30fc\u30e0\u30fb\u30b0\u30eb\u30de [&hellip;]<\/p>\n","protected":false},"author":3,"featured_media":1711,"parent":0,"menu_order":0,"comment_status":"open","ping_status":"open","template":"","meta":[],"acf":[],"yoast_head":"<!-- This site is optimized with the Yoast SEO plugin v15.4 - https:\/\/yoast.com\/wordpress\/plugins\/seo\/ -->\n<meta name=\"robots\" content=\"index, follow, max-snippet:-1, max-image-preview:large, max-video-preview:-1\" \/>\n<link rel=\"canonical\" href=\"https:\/\/www.phelansegur.com\/ja\/\u30ec\u30bb\u30d7\u30b7\u30e7\u30f3\u30b5\u30fc\u30d3\u30b9\/\" \/>\n<meta property=\"og:locale\" content=\"ja_JP\" \/>\n<meta property=\"og:type\" content=\"article\" \/>\n<meta property=\"og:title\" content=\"\u30ec\u30bb\u30d7\u30b7\u30e7\u30f3\u30b5\u30fc\u30d3\u30b9 - Ch\u00e2teau Ph\u00e9lan S\u00e9gur\" \/>\n<meta property=\"og:description\" content=\"[vc_row][vc_column width=&#8221;1\/1&#8243;][vc_separator color=&#8221;white&#8221;][vc_column_text] \u300c\u30df\u30ec\u30b8\u30fc\u30e0\u30fb\u30b0\u30eb\u30de [&hellip;]\" \/>\n<meta property=\"og:url\" content=\"https:\/\/www.phelansegur.com\/ja\/\u30ec\u30bb\u30d7\u30b7\u30e7\u30f3\u30b5\u30fc\u30d3\u30b9\/\" \/>\n<meta property=\"og:site_name\" content=\"Ch\u00e2teau Ph\u00e9lan S\u00e9gur\" \/>\n<meta property=\"article:modified_time\" content=\"2017-01-12T14:18:58+00:00\" \/>\n<meta property=\"og:image\" content=\"https:\/\/www.phelansegur.com\/wp-content\/uploads\/2015\/01\/Argenterie-Phelan-Segur1.jpg\" \/>\n\t<meta property=\"og:image:width\" content=\"1476\" \/>\n\t<meta property=\"og:image:height\" content=\"1106\" \/>\n<meta name=\"twitter:card\" content=\"summary_large_image\" \/>\n<meta name=\"twitter:label1\" content=\"Written by\">\n\t<meta name=\"twitter:data1\" content=\"allison\">\n\t<meta name=\"twitter:label2\" content=\"Est. reading time\">\n\t<meta name=\"twitter:data2\" content=\"2\u5206\">\n<script type=\"application\/ld+json\" class=\"yoast-schema-graph\">{\"@context\":\"https:\/\/schema.org\",\"@graph\":[{\"@type\":\"Organization\",\"@id\":\"https:\/\/www.phelansegur.com\/#organization\",\"name\":\"Ch\\u00e2teau Ph\\u00e9lan S\\u00e9gur\",\"url\":\"https:\/\/www.phelansegur.com\/\",\"sameAs\":[\"https:\/\/www.instagram.com\/phelansegur\/\"],\"logo\":{\"@type\":\"ImageObject\",\"@id\":\"https:\/\/www.phelansegur.com\/#logo\",\"inLanguage\":\"ja\",\"url\":\"https:\/\/www.phelansegur.com\/wp-content\/uploads\/2020\/03\/logo-phelansegur.jpg\",\"width\":500,\"height\":200,\"caption\":\"Ch\\u00e2teau Ph\\u00e9lan S\\u00e9gur\"},\"image\":{\"@id\":\"https:\/\/www.phelansegur.com\/#logo\"}},{\"@type\":\"WebSite\",\"@id\":\"https:\/\/www.phelansegur.com\/#website\",\"url\":\"https:\/\/www.phelansegur.com\/\",\"name\":\"Ch\\u00e2teau Ph\\u00e9lan S\\u00e9gur\",\"description\":\"Saint Est\\u00e8phe\",\"publisher\":{\"@id\":\"https:\/\/www.phelansegur.com\/#organization\"},\"potentialAction\":[{\"@type\":\"SearchAction\",\"target\":\"https:\/\/www.phelansegur.com\/?s={search_term_string}\",\"query-input\":\"required name=search_term_string\"}],\"inLanguage\":\"ja\"},{\"@type\":\"ImageObject\",\"@id\":\"https:\/\/www.phelansegur.com\/ja\/%e3%83%ac%e3%82%bb%e3%83%97%e3%82%b7%e3%83%a7%e3%83%b3%e3%82%b5%e3%83%bc%e3%83%93%e3%82%b9\/#primaryimage\",\"inLanguage\":\"ja\",\"url\":\"https:\/\/www.phelansegur.com\/wp-content\/uploads\/2015\/01\/Argenterie-Phelan-Segur1.jpg\",\"width\":1476,\"height\":1106,\"caption\":\"Silverware\"},{\"@type\":\"WebPage\",\"@id\":\"https:\/\/www.phelansegur.com\/ja\/%e3%83%ac%e3%82%bb%e3%83%97%e3%82%b7%e3%83%a7%e3%83%b3%e3%82%b5%e3%83%bc%e3%83%93%e3%82%b9\/#webpage\",\"url\":\"https:\/\/www.phelansegur.com\/ja\/%e3%83%ac%e3%82%bb%e3%83%97%e3%82%b7%e3%83%a7%e3%83%b3%e3%82%b5%e3%83%bc%e3%83%93%e3%82%b9\/\",\"name\":\"\\u30ec\\u30bb\\u30d7\\u30b7\\u30e7\\u30f3\\u30b5\\u30fc\\u30d3\\u30b9 - Ch\\u00e2teau Ph\\u00e9lan S\\u00e9gur\",\"isPartOf\":{\"@id\":\"https:\/\/www.phelansegur.com\/#website\"},\"primaryImageOfPage\":{\"@id\":\"https:\/\/www.phelansegur.com\/ja\/%e3%83%ac%e3%82%bb%e3%83%97%e3%82%b7%e3%83%a7%e3%83%b3%e3%82%b5%e3%83%bc%e3%83%93%e3%82%b9\/#primaryimage\"},\"datePublished\":\"2015-01-05T15:29:01+00:00\",\"dateModified\":\"2017-01-12T14:18:58+00:00\",\"breadcrumb\":{\"@id\":\"https:\/\/www.phelansegur.com\/ja\/%e3%83%ac%e3%82%bb%e3%83%97%e3%82%b7%e3%83%a7%e3%83%b3%e3%82%b5%e3%83%bc%e3%83%93%e3%82%b9\/#breadcrumb\"},\"inLanguage\":\"ja\",\"potentialAction\":[{\"@type\":\"ReadAction\",\"target\":[\"https:\/\/www.phelansegur.com\/ja\/%e3%83%ac%e3%82%bb%e3%83%97%e3%82%b7%e3%83%a7%e3%83%b3%e3%82%b5%e3%83%bc%e3%83%93%e3%82%b9\/\"]}]},{\"@type\":\"BreadcrumbList\",\"@id\":\"https:\/\/www.phelansegur.com\/ja\/%e3%83%ac%e3%82%bb%e3%83%97%e3%82%b7%e3%83%a7%e3%83%b3%e3%82%b5%e3%83%bc%e3%83%93%e3%82%b9\/#breadcrumb\",\"itemListElement\":[{\"@type\":\"ListItem\",\"position\":1,\"item\":{\"@type\":\"WebPage\",\"@id\":\"https:\/\/www.phelansegur.com\/ja\/\",\"url\":\"https:\/\/www.phelansegur.com\/ja\/\",\"name\":\"Page d'accueil\"}},{\"@type\":\"ListItem\",\"position\":2,\"item\":{\"@type\":\"WebPage\",\"@id\":\"https:\/\/www.phelansegur.com\/ja\/%e3%83%ac%e3%82%bb%e3%83%97%e3%82%b7%e3%83%a7%e3%83%b3%e3%82%b5%e3%83%bc%e3%83%93%e3%82%b9\/\",\"url\":\"https:\/\/www.phelansegur.com\/ja\/%e3%83%ac%e3%82%bb%e3%83%97%e3%82%b7%e3%83%a7%e3%83%b3%e3%82%b5%e3%83%bc%e3%83%93%e3%82%b9\/\",\"name\":\"\\u30ec\\u30bb\\u30d7\\u30b7\\u30e7\\u30f3\\u30b5\\u30fc\\u30d3\\u30b9\"}}]}]}<\/script>\n<!-- \/ Yoast SEO plugin. -->","_links":{"self":[{"href":"https:\/\/www.phelansegur.com\/ja\/wp-json\/wp\/v2\/pages\/2604"}],"collection":[{"href":"https:\/\/www.phelansegur.com\/ja\/wp-json\/wp\/v2\/pages"}],"about":[{"href":"https:\/\/www.phelansegur.com\/ja\/wp-json\/wp\/v2\/types\/page"}],"author":[{"embeddable":true,"href":"https:\/\/www.phelansegur.com\/ja\/wp-json\/wp\/v2\/users\/3"}],"replies":[{"embeddable":true,"href":"https:\/\/www.phelansegur.com\/ja\/wp-json\/wp\/v2\/comments?post=2604"}],"version-history":[{"count":0,"href":"https:\/\/www.phelansegur.com\/ja\/wp-json\/wp\/v2\/pages\/2604\/revisions"}],"wp:featuredmedia":[{"embeddable":true,"href":"https:\/\/www.phelansegur.com\/ja\/wp-json\/wp\/v2\/media\/1711"}],"wp:attachment":[{"href":"https:\/\/www.phelansegur.com\/ja\/wp-json\/wp\/v2\/media?parent=2604"}],"curies":[{"name":"wp","href":"https:\/\/api.w.org\/{rel}","templated":true}]}}