{"id":2611,"date":"2015-01-05T15:14:22","date_gmt":"2015-01-05T15:14:22","guid":{"rendered":"http:\/\/www.phelansegur.com\/mentions-legales-2\/"},"modified":"2017-01-16T19:33:43","modified_gmt":"2017-01-16T19:33:43","slug":"%e3%81%94%e5%88%a9%e7%94%a8%e8%a6%8f%e7%b4%84","status":"publish","type":"page","link":"https:\/\/www.phelansegur.com\/ja\/%e3%81%94%e5%88%a9%e7%94%a8%e8%a6%8f%e7%b4%84\/","title":{"rendered":"\u3054\u5229\u7528\u898f\u7d04"},"content":{"rendered":"<p><strong><span style=\"color: #cd163f;\">SAS Ch\u00e2teau Ph\u00e9lan S\u00e9gur\uff08\u5358\u7d14\u578b\u682a\u5f0f\u4f1a\u793e\u30b7\u30e3\u30c8\u30fc\u30fb\u30d5\u30a7\u30e9\u30f3\u30fb\u30bb\u30ae\u30e5\u30fc\u30eb\u3001\u4ee5\u4e0b\u30b7\u30e3\u30c8\u30fc\u30fb\u30d5\u30a7\u30e9\u30f3\u30fb\u30bb\u30ae\u30e5\u30fc\u30eb\uff09\u306f\u3001 \u30a2\u30eb\u30b3\u30fc\u30eb\u98f2\u6599\u306e\u6d88\u8cbb\u30fb\u8cfc\u5165\u304c\u6cd5\u7684\u306b\u8a8d\u53ef\u3055\u308c\u3066\u3044\u308b\u56fd\u304b\u3089\u306e\u5229\u7528\u8005\u306e\u307f\u3001\u500b\u4eba\u7684\u306a\u76ee\u7684\u306b\u9650\u3063\u3066\u3001\u672c\u30a4\u30f3\u30bf\u30fc\u30cd\u30c3\u30c8\u30b5\u30a4\u30c8\u3092\u95b2\u89a7\u3054\u5229\u7528\u3044\u305f\u3060\u3051\u308b\u3082\u306e\u3068\u3057\u307e\u3059\u3002<\/span><\/strong><\/p>\n<p><span style=\"color: #cd163f;\">\u8457\u4f5c\u6a29\u30fb\u30b5\u30a4\u30c8\u4f7f\u7528\u6a29\u306b\u3064\u3044\u3066\uff1a<\/span><\/p>\n<p style=\"text-align: justify;\">\u672c\u30b5\u30a4\u30c8\u306f\u77e5\u7684\u8ca1\u7523\u306b\u95a2\u3059\u308b\u30d5\u30e9\u30f3\u30b9\u306e\u6cd5\u5f8b\u306b\u3088\u3063\u3066\u4fdd\u8b77\u3055\u308c\u3066\u3044\u307e\u3059\u3002\u672c\u30b5\u30a4\u30c8\u306b\u63b2\u8f09\u3055\u308c\u3066\u3044\u308b\u5185\u5bb9\u306e\u8907\u88fd\u30fb\u8ee2\u7528\u3042\u308b\u3044\u306f\u672c\u30b5\u30a4\u30c8\u306e\u7d39\u4ecb\u3092\u3001\u4e00\u90e8\u307e\u305f\u306f\u5168\u90e8\u3092\u554f\u308f\u305a\u3001\u30b7\u30e3\u30c8\u30fc\u30fb\u30d5\u30a7\u30e9\u30f3\u30fb\u30bb\u30ae\u30e5\u30fc\u30eb\u306e\u627f\u8afe\u3092\u5f97\u308b\u3053\u3068\u306a\u304f\u884c\u306a\u3046\u3053\u3068\u306f\u8a31\u53ef\u3057\u3066\u304a\u308a\u307e\u305b\u3093\u3002\u30b7\u30e3\u30c8\u30fc\u30fb\u30d5\u30a7\u30e9\u30f3\u30fb\u30bb\u30ae\u30e5\u30fc\u30eb\u306f\u672c\u30b5\u30a4\u30c8\u4f5c\u6210\u8005\u3067\u3042\u308a\u3001\u30d5\u30e9\u30f3\u30b9\u77e5\u7684\u8ca1\u7523\u6cd5\u5178L.111-1\u3068\u305d\u308c\u306b\u7d9a\u304f\u6761\u9805\u306b\u5247\u308a\u307e\u3059\u3002\u672c\u30b5\u30a4\u30c8\u306e\u30a6\u30a7\u30d6\u30c7\u30b6\u30a4\u30f3\u5236\u4f5c\u306f iCom Business Services \u2013 10\/14, rue Jean Perrin \u2013 17000 La Rochelle ; http:\/\/www.icom-bs.com\/ \u304c\u62c5\u5f53\u3057\u3066\u3044\u307e\u3059\u3002\u5199\u771f\u3001\u30c6\u30ad\u30b9\u30c8\u3001\u30b9\u30ed\u30fc\u30ac\u30f3\u3001\u30c7\u30c3\u30b5\u30f3\u3001\u30a4\u30e1\u30fc\u30b8\u753b\u50cf\u3001\u97f3\u58f0\u52d5\u753b\u3001\u305d\u306e\u4ed6\u306e\u4f5c\u54c1\u30fb\u8457\u4f5c\u7269\u7b49\u3001\u672c\u30b5\u30a4\u30c8\u304c\u63d0\u4f9b\u3059\u308b\u3059\u3079\u3066\u306e\u30b3\u30f3\u30c6\u30f3\u30c4\u306e\u8457\u4f5c\u6a29\u306f\u3001\u30b7\u30e3\u30c8\u30fc\u30fb\u30d5\u30a7\u30e9\u30f3\u30fb\u30bb\u30ae\u30e5\u30fc\u30eb\u3042\u308b\u3044\u306f\u30b7\u30e3\u30c8\u30fc\u30fb\u30d5\u30a7\u30e9\u30f3\u30fb\u30bb\u30ae\u30e5\u30fc\u30eb\u304c\u4f7f\u7528\u3092\u8a31\u53ef\u3057\u305f\u7b2c\u4e09\u8005\u306b\u5e30\u5c5e\u3057\u307e\u3059\u3002\u5370\u5237\u5a92\u4f53\u307e\u305f\u306f\u96fb\u5b50\u5a92\u4f53\u3078\u306e\u672c\u30b5\u30a4\u30c8\u304a\u3088\u3073\u672c\u30b5\u30a4\u30c8\u63b2\u8f09\u306e\u30b3\u30f3\u30c6\u30f3\u30c4\u306e\u8907\u88fd\u3092\u3001\u500b\u4eba\u7684\u306a\u4f7f\u7528\u304a\u3088\u3073\u30d5\u30e9\u30f3\u30b9\u77e5\u7684\u8ca1\u7523\u6cd5\u5178L.122-5\u306b\u3088\u3063\u3066\u660e\u793a\u7684\u306b\u8a8d\u3081\u3089\u308c\u308b\u7bc4\u56f2\u3092\u8d85\u3048\u3066\u3001\u5e83\u544a\u30fb\u5546\u696d\u5229\u7528\u30fb\u60c5\u5831\u63d0\u4f9b\u76ee\u7684\u7b49\u3067\u4f7f\u7528\u3059\u308b\u3053\u3068\u306f\u6cd5\u5f8b\u3067\u7981\u6b62\u3055\u308c\u3066\u3044\u307e\u3059\u3002\u4e8b\u524d\u306b\u30b7\u30e3\u30c8\u30fc\u30fb\u30d5\u30a7\u30e9\u30f3\u30fb\u30bb\u30ae\u30e5\u30fc\u30eb\u306e\u627f\u8afe\u3092\u5f97\u308b\u3053\u3068\u306a\u304f\u3001\u3044\u304b\u306a\u308b\u5a92\u4f53\u306b\u304a\u3044\u3066\u3082\u3001\u4f5c\u54c1\u306e\u4e00\u90e8\u307e\u305f\u306f\u5168\u90e8\u3092\u554f\u308f\u305a\u3001\u4ee5\u4e0a\u306e\u63aa\u7f6e\u306e\u7bc4\u56f2\u3092\u8d85\u3048\u305f\u3042\u3089\u3086\u308b\u8907\u88fd\u30fb\u8ee2\u7528\u30fb\u5229\u7528\u3042\u308b\u3044\u306f\u6539\u5909\u3092\u884c\u3046\u3053\u3068\u3092\u56fa\u304f\u7981\u6b62\u3057\u3066\u3044\u307e\u3059\u3002\u4e07\u4e00\u3001\u884c\u308f\u308c\u305f\u5834\u5408\u306b\u306f\u3001\u507d\u9020\u7f6a\u30fb\u8457\u4f5c\u6a29\u4fb5\u5bb3\u3068\u306a\u308a\u3001\u7981\u56fa2\u5e74\u304a\u3088\u307315\u4e07\u30e6\u30fc\u30ed\u306e\u640d\u5bb3\u8ce0\u511f\u3092\u8acb\u6c42\u3055\u308c\u308b\u3053\u3068\u304c\u3042\u308a\u307e\u3059\u3002<\/p>\n<p><span style=\"color: #cd163f;\">\u500b\u4eba\u60c5\u5831\u306e\u7ba1\u7406\u304a\u3088\u3073\u4fdd\u8b77\u306b\u3064\u3044\u3066\uff1a<\/span><\/p>\n<p style=\"text-align: justify;\">\u672c\u30b5\u30a4\u30c8\u3078\u306e\u30a2\u30af\u30bb\u30b9\u306b\u306f\u5229\u7528\u8005\u306eID\u3042\u308b\u3044\u306f\u500b\u4eba\u60c5\u5831\u306e\u63d0\u4f9b\u306f\u4e00\u5207\u6c42\u3081\u307e\u305b\u3093\u3002\u5229\u7528\u8005\u304b\u3089\u306e\u8cea\u554f\u30fb\u8981\u671b\u3001\u30a2\u30dd\u30a4\u30f3\u30c8\u30e1\u30f3\u30c8\u304a\u3088\u3073\u4e88\u7d04\u624b\u7d9a\u304d\u306a\u3069\u3078\u306e\u5bfe\u5fdc\u306b\u306f\u3001\u5229\u7528\u8005\u306b\u95a2\u3059\u308b\u500b\u4eba\u60c5\u5831\u304c\u5fc5\u8981\u3068\u306a\u308a\u307e\u3059\u3002\u30b5\u30a4\u30c8\u904b\u55b6\u306e\u900f\u660e\u6027\u304a\u3088\u3073\u30b5\u30a4\u30c8\u5229\u7528\u8005\u306b\u5e30\u5c5e\u3059\u308b\u6a29\u5229\u4fdd\u8b77\u306e\u91cd\u8981\u6027\u3092\u8a8d\u8b58\u3057\u3001\u672c\u30b5\u30a4\u30c8\u5185\u306e\u6a5f\u80fd\u3092\u4f7f\u7528\u3057\u3066\u5229\u7528\u8005\u81ea\u8eab\u304c\u5165\u529b\u30fb\u9001\u4fe1\u3057\u305f\u500b\u4eba\u60c5\u5831\u3092\u9664\u304d\u3001\u30b7\u30e3\u30c8\u30fc\u30fb\u30d5\u30a7\u30e9\u30f3\u30fb\u30bb\u30ae\u30e5\u30fc\u30eb\u306f\u3001\u500b\u4eba\u3092\u7279\u5b9a\u3059\u308b\u305f\u3081\u306e\u60c5\u5831\u3092\u5165\u624b\u3059\u308b\u3053\u3068\u306f\u3042\u308a\u307e\u305b\u3093\u3002\u30b5\u30a4\u30c8\u5229\u7528\u8005\u304b\u3089\u63d0\u4f9b\u3055\u308c\u305f\u60c5\u5831\uff08\u6c0f\u540d\u3001\u4f4f\u6240\u7b49\uff09\u306f\u6a5f\u5bc6\u60c5\u5831\u3068\u3057\u3066\u6271\u3044\u30011978\u5e741\u67086\u65e5\u5236\u5b9a\u306e\u300c\u60c5\u5831\u51e6\u7406\u3068\u81ea\u7531\u300d\u306b\u95a2\u3059\u308b\u30d5\u30e9\u30f3\u30b9\u306e\u6cd5\u5f8b78-17\u53f7\u306a\u3089\u3073\u306b\u6c7a\u6e08\u6a5f\u5bc6\u60c5\u5831\u306b\u95a2\u3059\u308b\u6761\u9805\u306b\u5247\u308a\u3001\u30b7\u30e3\u30c8\u30fc\u30fb\u30d5\u30a7\u30e9\u30f3\u30fb\u30bb\u30ae\u30e5\u30fc\u30eb\u306f\u3001\u8abf\u67fb\u30fb\u5206\u6790\u3001\u55b6\u696d\u30fb\u30de\u30fc\u30b1\u30c6\u30a3\u30f3\u30b0\u306e\u76ee\u7684\u3067\u3001\u3053\u308c\u3089\u306e\u60c5\u5831\u3092\u81ea\u7531\u306b\u4f7f\u7528\u30fb\u63d0\u4f9b\u30fb\u4fdd\u7ba1\u3057\u307e\u3059\u3002\u4e8b\u524d\u306e\u5408\u610f\u304a\u3088\u3073\u30b7\u30e3\u30c8\u30fc\u30fb\u30d5\u30a7\u30e9\u30f3\u30fb\u30bb\u30ae\u30e5\u30fc\u30eb\u306e\u6587\u66f8\u306b\u3088\u308b\u5408\u610f\u306a\u3057\u306b\u3001\u30b5\u30a4\u30c8\u5229\u7528\u8005\u304b\u3089\u63d0\u4f9b\u3055\u308c\u305f\u30c7\u30fc\u30bf\u304c\u5546\u696d\u76ee\u7684\u3067\u5229\u7528\u3055\u308c\u308b\u3053\u3068\u306f\u4e00\u5207\u3042\u308a\u307e\u305b\u3093\u30021978\u5e741\u67086\u65e5\u5236\u5b9a\u306e\u300c\u60c5\u5831\u51e6\u7406\u3068\u81ea\u7531\u300d\u306b\u95a2\u3059\u308b\u30d5\u30e9\u30f3\u30b9\u306e\u6cd5\u5f8b78-17\u53f7\u306b\u5247\u308a\u3001\u672c\u30b5\u30a4\u30c8\u5229\u7528\u8005\u306b\u306f\u81ea\u8eab\u306b\u95a2\u3059\u308b\u30c7\u30fc\u30bf\u60c5\u5831\u3092\u95b2\u89a7\u30fb\u5909\u66f4\u30fb\u524a\u9664\u3059\u308b\u6a29\u5229\u304c\u8a8d\u3081\u3089\u308c\u3066\u3044\u307e\u3059\u3002\u3053\u306e\u6a29\u5229\u884c\u4f7f\u3092\u3054\u5e0c\u671b\u306e\u5229\u7528\u8005\u306f\u3001\u4ee5\u4e0b\u307e\u3067\u304a\u554f\u3044\u5408\u308f\u305b\u304f\u3060\u3055\u3044\uff1aCh\u00e2teau Ph\u00e9lan S\u00e9gur \u2013 33180 Saint-Est\u00e8phe\u3002\u3057\u304b\u3057\u306a\u304c\u3089\u3001\u300c\u60c5\u5831\u51e6\u7406\u3068\u81ea\u7531\u300d\u306b\u95a2\u3059\u308b\u6761\u9805\u304c\u5b9a\u3081\u308b\u3068\u304a\u308a\u3001\u500b\u4eba\u60c5\u5831\u306e\u63d0\u4f9b\u306b\u3064\u3044\u3066\u306f\u4efb\u610f\u3067\u3042\u308a\u3001\u63d0\u4f9b\u304c\u306a\u3044\u5834\u5408\u306b\u7279\u5225\u306a\u7d50\u679c\u304c\u751f\u3058\u308b\u3082\u306e\u3067\u306f\u3042\u308a\u307e\u305b\u3093\u3002\u30b7\u30e3\u30c8\u30fc\u30fb\u30d5\u30a7\u30e9\u30f3\u30fb\u30bb\u30ae\u30e5\u30fc\u30eb\u304c\u6c42\u3081\u308b\u60c5\u5831\u306b\u4e0d\u8db3\u304c\u3042\u308b\u5834\u5408\u306f\u3001\u60c5\u5831\u306e\u9069\u5207\u306a\u51e6\u7406\u304a\u3088\u3073\u554f\u3044\u5408\u308f\u305b\u306b\u5bfe\u5fdc\u3067\u304d\u306a\u3044\u3053\u3068\u304c\u3042\u308a\u307e\u3059\u3002<\/p>\n<p><span style=\"color: #cd163f;\">\u514d\u8cac\u4e8b\u9805\uff1a<\/span><\/p>\n<p style=\"text-align: justify;\">\u672c\u30b5\u30a4\u30c8\u306e\u5229\u7528\u306b\u8d77\u56e0\u3059\u308b\u3059\u3079\u3066\u306e\u8cac\u4efb\u3068\u30ea\u30b9\u30af\u306f\u3001\u30b5\u30a4\u30c8\u5229\u7528\u8005\u306b\u5e30\u3059\u308b\u3082\u306e\u3068\u3057\u307e\u3059\u3002\u672c\u30b5\u30a4\u30c8\u3042\u308b\u3044\u306f\u672c\u30b5\u30a4\u30c8\u304b\u3089\u30ea\u30f3\u30af\u3057\u3066\u3044\u308b\u5916\u90e8\u30b5\u30a4\u30c8\u3078\u306e\u30a2\u30af\u30bb\u30b9\u30fb\u5229\u7528\u306b\u3088\u3063\u3066\u751f\u3058\u305f\u3001\u7269\u4f53\u7269\u306e\u640d\u5bb3\u3001\u30c7\u30fc\u30bf\u304a\u3088\u3073\u30d7\u30ed\u30b0\u30e9\u30e0\u306e\u7d1b\u5931\u3001\u91d1\u92ad\u7684\u306a\u640d\u5931\u306a\u3069\u3092\u542b\u3080\u76f4\u63a5\u30fb\u9593\u63a5\u306e\u640d\u5931\u30fb\u640d\u5bb3\u306b\u5bfe\u3057\u3001\u30b7\u30e3\u30c8\u30fc\u30fb\u30d5\u30a7\u30e9\u30f3\u30fb\u30bb\u30ae\u30e5\u30fc\u30eb\u306f\u4e00\u5207\u8cac\u4efb\u3092\u8ca0\u3044\u307e\u305b\u3093\u3002\u672c\u30b5\u30a4\u30c8\u306e\u30b3\u30f3\u30c6\u30f3\u30c4\u306f\u306a\u3093\u3089\u4fdd\u8a3c\u3092\u6301\u305f\u305a\u306b\u63d0\u4f9b\u3055\u308c\u3066\u3044\u307e\u3059\u3002\u672c\u30b5\u30a4\u30c8\u306b\u7d39\u4ecb\u3055\u308c\u3066\u3044\u308b\u88fd\u54c1\u304a\u3088\u3073\u30b5\u30fc\u30d3\u30b9\u3078\u306e\u30a2\u30af\u30bb\u30b9\u306b\u5236\u9650\u304c\u8a2d\u3051\u3089\u308c\u3066\u3044\u308b\u5834\u5408\u304c\u3042\u308a\u307e\u3059\u3002\u5229\u7528\u8005\u304c\u73fe\u5728\u30a4\u30f3\u30bf\u30fc\u30cd\u30c3\u30c8\u63a5\u7d9a\u3092\u3057\u3066\u3044\u308b\u56fd\u306e\u6cd5\u5f8b\u304c\u672c\u30b5\u30a4\u30c8\u3078\u306e\u30a2\u30af\u30bb\u30b9\u3092\u8a31\u53ef\u3057\u3066\u3044\u308b\u3053\u3068\u3092\u3054\u78ba\u8a8d\u304f\u3060\u3055\u3044\u3002<\/p>\n<p><span style=\"color: #cd163f;\">\u6e96\u62e0\u6cd5\uff1a<\/span><\/p>\n<p style=\"text-align: justify;\">\u672c\u30b5\u30a4\u30c8\u306e\u5229\u7528\u306b\u8d77\u56e0\u3059\u308b\u3059\u3079\u3066\u306e\u8cac\u4efb\u3068\u30ea\u30b9\u30af\u306f\u3001\u30b5\u30a4\u30c8\u5229\u7528\u8005\u306b\u5e30\u3059\u308b\u3082\u306e\u3068\u3057\u307e\u3059\u3002\u672c\u30b5\u30a4\u30c8\u3042\u308b\u3044\u306f\u672c\u30b5\u30a4\u30c8\u304b\u3089\u30ea\u30f3\u30af\u3057\u3066\u3044\u308b\u5916\u90e8\u30b5\u30a4\u30c8\u3078\u306e\u30a2\u30af\u30bb\u30b9\u30fb\u5229\u7528\u306b\u3088\u3063\u3066\u751f\u3058\u305f\u3001\u7269\u4f53\u7269\u306e\u640d\u5bb3\u3001\u30c7\u30fc\u30bf\u304a\u3088\u3073\u30d7\u30ed\u30b0\u30e9\u30e0\u306e\u7d1b\u5931\u3001\u91d1\u92ad\u7684\u306a\u640d\u5931\u306a\u3069\u3092\u542b\u3080\u76f4\u63a5\u30fb\u9593\u63a5\u306e\u640d\u5931\u30fb\u640d\u5bb3\u306b\u5bfe\u3057\u3001\u30b7\u30e3\u30c8\u30fc\u30fb\u30d5\u30a7\u30e9\u30f3\u30fb\u30bb\u30ae\u30e5\u30fc\u30eb\u306f\u4e00\u5207\u8cac\u4efb\u3092\u8ca0\u3044\u307e\u305b\u3093\u3002\u672c\u30b5\u30a4\u30c8\u306e\u30b3\u30f3\u30c6\u30f3\u30c4\u306f\u306a\u3093\u3089\u4fdd\u8a3c\u3092\u6301\u305f\u305a\u306b\u63d0\u4f9b\u3055\u308c\u3066\u3044\u307e\u3059\u3002\u672c\u30b5\u30a4\u30c8\u306b\u7d39\u4ecb\u3055\u308c\u3066\u3044\u308b\u88fd\u54c1\u304a\u3088\u3073\u30b5\u30fc\u30d3\u30b9\u3078\u306e\u30a2\u30af\u30bb\u30b9\u306b\u5236\u9650\u304c\u8a2d\u3051\u3089\u308c\u3066\u3044\u308b\u5834\u5408\u304c\u3042\u308a\u307e\u3059\u3002\u5229\u7528\u8005\u304c\u73fe\u5728\u30a4\u30f3\u30bf\u30fc\u30cd\u30c3\u30c8\u63a5\u7d9a\u3092\u3057\u3066\u3044\u308b\u56fd\u306e\u6cd5\u5f8b\u304c\u672c\u30b5\u30a4\u30c8\u3078\u306e\u30a2\u30af\u30bb\u30b9\u3092\u8a31\u53ef\u3057\u3066\u3044\u308b\u3053\u3068\u3092\u3054\u78ba\u8a8d\u304f\u3060\u3055\u3044\u3002<\/p>\n<p><span style=\"color: #cd163f;\">\u30b5\u30a4\u30c8\u60c5\u5831\u306e\u30a2\u30c3\u30d7\u30c7\u30fc\u30c8\u306b\u3064\u3044\u3066\uff1a<\/span><\/p>\n<p style=\"text-align: justify;\">\u672c\u30b5\u30a4\u30c8\u3067\u306f\u3001\u30b7\u30e3\u30c8\u30fc\u30fb\u30d5\u30a7\u30e9\u30f3\u30fb\u30bb\u30ae\u30e5\u30fc\u30eb\u306e\u5546\u54c1\u30e9\u30a4\u30f3\u304a\u3088\u3073\u30b5\u30fc\u30d3\u30b9\u306b\u95a2\u3059\u308b\u4e00\u822c\u7684\u60c5\u5831\u3092\u3054\u7d39\u4ecb\u3057\u3066\u3044\u307e\u3059\u3002\u30b7\u30e3\u30c8\u30fc\u30fb\u30d5\u30a7\u30e9\u30f3\u30fb\u30bb\u30ae\u30e5\u30fc\u30eb\u306f\u3001\u672c\u30b5\u30a4\u30c8\u306b\u63b2\u8f09\u306e\u5185\u5bb9\u3092\u4e8b\u524d\u306b\u4e88\u544a\u3059\u308b\u3053\u3068\u306a\u304f\u968f\u6642\u5909\u66f4\u3059\u308b\u6a29\u5229\u3092\u6709\u3057\u307e\u3059\u3002<\/p>\n<p style=\"text-align: justify;\"><span style=\"color: #cd163f;\">\u5199\u771f\u30af\u30ec\u30b8\u30c3\u30c8\uff1a<\/span><\/p>\n<p style=\"text-align: justify;\"><em>Mathieu Gar\u00e7on\uff08\u30de\u30c1\u30e5\u30fc\u30fb\u30ae\u30e3\u30eb\u30bd\u30f3\uff09<\/em>.<br \/>\nR\u00e9gion Aquitaine, Inventaire g\u00e9n\u00e9ral &#8211; <em>Adrienne Barroche<\/em>, 2014.<\/p>\n","protected":false},"excerpt":{"rendered":"<p>SAS Ch\u00e2teau Ph\u00e9lan S\u00e9gur\uff08\u5358\u7d14\u578b\u682a\u5f0f\u4f1a\u793e\u30b7\u30e3\u30c8\u30fc\u30fb\u30d5\u30a7\u30e9\u30f3\u30fb\u30bb\u30ae\u30e5\u30fc\u30eb\u3001\u4ee5\u4e0b\u30b7\u30e3\u30c8\u30fc\u30fb\u30d5\u30a7\u30e9\u30f3\u30fb\u30bb\u30ae\u30e5\u30fc\u30eb\uff09\u306f\u3001 \u30a2\u30eb\u30b3\u30fc\u30eb\u98f2\u6599\u306e\u6d88\u8cbb\u30fb\u8cfc\u5165\u304c\u6cd5\u7684\u306b\u8a8d\u53ef\u3055\u308c\u3066\u3044\u308b\u56fd\u304b\u3089\u306e\u5229\u7528\u8005\u306e\u307f\u3001\u500b\u4eba\u7684\u306a\u76ee\u7684\u306b [&hellip;]<\/p>\n","protected":false},"author":3,"featured_media":164,"parent":0,"menu_order":0,"comment_status":"open","ping_status":"open","template":"","meta":[],"acf":[],"yoast_head":"<!-- This site is optimized with the Yoast SEO plugin v15.4 - https:\/\/yoast.com\/wordpress\/plugins\/seo\/ -->\n<meta name=\"robots\" content=\"index, follow, max-snippet:-1, max-image-preview:large, max-video-preview:-1\" \/>\n<link rel=\"canonical\" href=\"https:\/\/www.phelansegur.com\/ja\/\u3054\u5229\u7528\u898f\u7d04\/\" \/>\n<meta property=\"og:locale\" content=\"ja_JP\" \/>\n<meta property=\"og:type\" content=\"article\" \/>\n<meta property=\"og:title\" content=\"\u3054\u5229\u7528\u898f\u7d04 - Ch\u00e2teau Ph\u00e9lan S\u00e9gur\" \/>\n<meta property=\"og:description\" content=\"SAS Ch\u00e2teau Ph\u00e9lan S\u00e9gur\uff08\u5358\u7d14\u578b\u682a\u5f0f\u4f1a\u793e\u30b7\u30e3\u30c8\u30fc\u30fb\u30d5\u30a7\u30e9\u30f3\u30fb\u30bb\u30ae\u30e5\u30fc\u30eb\u3001\u4ee5\u4e0b\u30b7\u30e3\u30c8\u30fc\u30fb\u30d5\u30a7\u30e9\u30f3\u30fb\u30bb\u30ae\u30e5\u30fc\u30eb\uff09\u306f\u3001 \u30a2\u30eb\u30b3\u30fc\u30eb\u98f2\u6599\u306e\u6d88\u8cbb\u30fb\u8cfc\u5165\u304c\u6cd5\u7684\u306b\u8a8d\u53ef\u3055\u308c\u3066\u3044\u308b\u56fd\u304b\u3089\u306e\u5229\u7528\u8005\u306e\u307f\u3001\u500b\u4eba\u7684\u306a\u76ee\u7684\u306b [&hellip;]\" \/>\n<meta property=\"og:url\" content=\"https:\/\/www.phelansegur.com\/ja\/\u3054\u5229\u7528\u898f\u7d04\/\" \/>\n<meta property=\"og:site_name\" content=\"Ch\u00e2teau Ph\u00e9lan S\u00e9gur\" \/>\n<meta property=\"article:modified_time\" content=\"2017-01-16T19:33:43+00:00\" \/>\n<meta property=\"og:image\" content=\"https:\/\/www.phelansegur.com\/wp-content\/uploads\/2015\/01\/PHE094-Fenetre-Vitrail1.jpg\" \/>\n\t<meta property=\"og:image:width\" content=\"1476\" \/>\n\t<meta property=\"og:image:height\" content=\"1106\" \/>\n<meta name=\"twitter:card\" content=\"summary_large_image\" \/>\n<meta name=\"twitter:label1\" content=\"Written by\">\n\t<meta name=\"twitter:data1\" content=\"allison\">\n\t<meta name=\"twitter:label2\" content=\"Est. reading time\">\n\t<meta name=\"twitter:data2\" content=\"0\u5206\">\n<script type=\"application\/ld+json\" class=\"yoast-schema-graph\">{\"@context\":\"https:\/\/schema.org\",\"@graph\":[{\"@type\":\"Organization\",\"@id\":\"https:\/\/www.phelansegur.com\/#organization\",\"name\":\"Ch\\u00e2teau Ph\\u00e9lan S\\u00e9gur\",\"url\":\"https:\/\/www.phelansegur.com\/\",\"sameAs\":[\"https:\/\/www.instagram.com\/phelansegur\/\"],\"logo\":{\"@type\":\"ImageObject\",\"@id\":\"https:\/\/www.phelansegur.com\/#logo\",\"inLanguage\":\"ja\",\"url\":\"https:\/\/www.phelansegur.com\/wp-content\/uploads\/2020\/03\/logo-phelansegur.jpg\",\"width\":500,\"height\":200,\"caption\":\"Ch\\u00e2teau Ph\\u00e9lan S\\u00e9gur\"},\"image\":{\"@id\":\"https:\/\/www.phelansegur.com\/#logo\"}},{\"@type\":\"WebSite\",\"@id\":\"https:\/\/www.phelansegur.com\/#website\",\"url\":\"https:\/\/www.phelansegur.com\/\",\"name\":\"Ch\\u00e2teau Ph\\u00e9lan S\\u00e9gur\",\"description\":\"Saint Est\\u00e8phe\",\"publisher\":{\"@id\":\"https:\/\/www.phelansegur.com\/#organization\"},\"potentialAction\":[{\"@type\":\"SearchAction\",\"target\":\"https:\/\/www.phelansegur.com\/?s={search_term_string}\",\"query-input\":\"required name=search_term_string\"}],\"inLanguage\":\"ja\"},{\"@type\":\"ImageObject\",\"@id\":\"https:\/\/www.phelansegur.com\/ja\/%e3%81%94%e5%88%a9%e7%94%a8%e8%a6%8f%e7%b4%84\/#primaryimage\",\"inLanguage\":\"ja\",\"url\":\"https:\/\/www.phelansegur.com\/wp-content\/uploads\/2015\/01\/PHE094-Fenetre-Vitrail1.jpg\",\"width\":1476,\"height\":1106,\"caption\":\"Stained glass\"},{\"@type\":\"WebPage\",\"@id\":\"https:\/\/www.phelansegur.com\/ja\/%e3%81%94%e5%88%a9%e7%94%a8%e8%a6%8f%e7%b4%84\/#webpage\",\"url\":\"https:\/\/www.phelansegur.com\/ja\/%e3%81%94%e5%88%a9%e7%94%a8%e8%a6%8f%e7%b4%84\/\",\"name\":\"\\u3054\\u5229\\u7528\\u898f\\u7d04 - Ch\\u00e2teau Ph\\u00e9lan S\\u00e9gur\",\"isPartOf\":{\"@id\":\"https:\/\/www.phelansegur.com\/#website\"},\"primaryImageOfPage\":{\"@id\":\"https:\/\/www.phelansegur.com\/ja\/%e3%81%94%e5%88%a9%e7%94%a8%e8%a6%8f%e7%b4%84\/#primaryimage\"},\"datePublished\":\"2015-01-05T15:14:22+00:00\",\"dateModified\":\"2017-01-16T19:33:43+00:00\",\"breadcrumb\":{\"@id\":\"https:\/\/www.phelansegur.com\/ja\/%e3%81%94%e5%88%a9%e7%94%a8%e8%a6%8f%e7%b4%84\/#breadcrumb\"},\"inLanguage\":\"ja\",\"potentialAction\":[{\"@type\":\"ReadAction\",\"target\":[\"https:\/\/www.phelansegur.com\/ja\/%e3%81%94%e5%88%a9%e7%94%a8%e8%a6%8f%e7%b4%84\/\"]}]},{\"@type\":\"BreadcrumbList\",\"@id\":\"https:\/\/www.phelansegur.com\/ja\/%e3%81%94%e5%88%a9%e7%94%a8%e8%a6%8f%e7%b4%84\/#breadcrumb\",\"itemListElement\":[{\"@type\":\"ListItem\",\"position\":1,\"item\":{\"@type\":\"WebPage\",\"@id\":\"https:\/\/www.phelansegur.com\/ja\/\",\"url\":\"https:\/\/www.phelansegur.com\/ja\/\",\"name\":\"Page d'accueil\"}},{\"@type\":\"ListItem\",\"position\":2,\"item\":{\"@type\":\"WebPage\",\"@id\":\"https:\/\/www.phelansegur.com\/ja\/%e3%81%94%e5%88%a9%e7%94%a8%e8%a6%8f%e7%b4%84\/\",\"url\":\"https:\/\/www.phelansegur.com\/ja\/%e3%81%94%e5%88%a9%e7%94%a8%e8%a6%8f%e7%b4%84\/\",\"name\":\"\\u3054\\u5229\\u7528\\u898f\\u7d04\"}}]}]}<\/script>\n<!-- \/ Yoast SEO plugin. -->","_links":{"self":[{"href":"https:\/\/www.phelansegur.com\/ja\/wp-json\/wp\/v2\/pages\/2611"}],"collection":[{"href":"https:\/\/www.phelansegur.com\/ja\/wp-json\/wp\/v2\/pages"}],"about":[{"href":"https:\/\/www.phelansegur.com\/ja\/wp-json\/wp\/v2\/types\/page"}],"author":[{"embeddable":true,"href":"https:\/\/www.phelansegur.com\/ja\/wp-json\/wp\/v2\/users\/3"}],"replies":[{"embeddable":true,"href":"https:\/\/www.phelansegur.com\/ja\/wp-json\/wp\/v2\/comments?post=2611"}],"version-history":[{"count":0,"href":"https:\/\/www.phelansegur.com\/ja\/wp-json\/wp\/v2\/pages\/2611\/revisions"}],"wp:featuredmedia":[{"embeddable":true,"href":"https:\/\/www.phelansegur.com\/ja\/wp-json\/wp\/v2\/media\/164"}],"wp:attachment":[{"href":"https:\/\/www.phelansegur.com\/ja\/wp-json\/wp\/v2\/media?parent=2611"}],"curies":[{"name":"wp","href":"https:\/\/api.w.org\/{rel}","templated":true}]}}