{"id":2614,"date":"2015-01-05T15:12:55","date_gmt":"2015-01-05T15:12:55","guid":{"rendered":"http:\/\/www.phelansegur.com\/plan-dacces-2\/"},"modified":"2016-12-20T09:32:18","modified_gmt":"2016-12-20T09:32:18","slug":"%e3%82%a2%e3%82%af%e3%82%bb%e3%82%b9%e6%83%85%e5%a0%b1","status":"publish","type":"page","link":"https:\/\/www.phelansegur.com\/ja\/%e3%82%a2%e3%82%af%e3%82%bb%e3%82%b9%e6%83%85%e5%a0%b1\/","title":{"rendered":"\u30a2\u30af\u30bb\u30b9\u60c5\u5831"},"content":{"rendered":"<p>[vc_row][vc_column width=&#8221;1\/2&#8243;][vc_column_text]<img loading=\"lazy\" width=\"960\" height=\"640\" class=\"alignnone size-full wp-image-184\" alt=\"Le-Ch\u00e2teau-Ph\u00e9lan-S\u00e9gur-depuis-le-parc\" src=\"http:\/\/www.phelansegur.com\/wp-content\/uploads\/2015\/01\/Le-Chateau-Phelan-Segur-depuis-le-parc.jpg\" srcset=\"https:\/\/www.phelansegur.com\/wp-content\/uploads\/2015\/01\/Le-Chateau-Phelan-Segur-depuis-le-parc.jpg 960w, https:\/\/www.phelansegur.com\/wp-content\/uploads\/2015\/01\/Le-Chateau-Phelan-Segur-depuis-le-parc-300x200.jpg 300w\" sizes=\"(max-width: 960px) 100vw, 960px\" \/>[\/vc_column_text][\/vc_column][vc_column width=&#8221;1\/2&#8243;][vc_raw_html]JTNDaWZyYW1lJTIwc3R5bGUlM0QlMjJib3JkZXIlM0ElMjAwJTNCJTIyJTIwc3JjJTNEJTIyaHR0cHMlM0ElMkYlMkZ3d3cuZ29vZ2xlLmNvbSUyRm1hcHMlMkZlbWJlZCUzRnBiJTNEJTIxMW0xOCUyMTFtMTIlMjExbTMlMjExZDI0MzUuNjc3MzIyMzQ3MDE4JTIxMmQtMC43Njc4MzIzMjI5NjIwMDA5JTIxM2Q0NS4yNjE2MDkwMTYxMDQwMSUyMTJtMyUyMTFmMCUyMTJmMCUyMTNmMCUyMTNtMiUyMTFpMTAyNCUyMTJpNzY4JTIxNGYxMy4xJTIxM20zJTIxMW0yJTIxMXMweDQ4MDFjN2QyNWM2NDI3YjElMjUzQTB4ZTk4ZjEyOGY1MWY3MDU4YSUyMTJ6UTJqRG9uUmxZWFVnVUdqRHFXeGhiaUJUdzZsbmRYSSUyMTVlMSUyMTNtMiUyMTFzZnIlMjEyc2ZyJTIxNHYxNDExNDU4NDIwNzQzJTIyJTIwd2lkdGglM0QlMjIxMDAlMjUlMjIlMjBoZWlnaHQlM0QlMjIzOTAlMjIlMjBmcmFtZWJvcmRlciUzRCUyMjAlMjIlM0UlM0MlMkZpZnJhbWUlM0U=[\/vc_raw_html][\/vc_column][\/vc_row][vc_row][vc_column width=&#8221;1\/1&#8243;][vc_column_text]<\/p>\n<h2>\u30dc\u30eb\u30c9\u30fc\u304b\u3089\u30d5\u30a7\u30e9\u30f3\u30fb\u30bb\u30ae\u30e5\u30fc\u30eb\u307e\u3067\u306e\u884c\u304d\u65b9<\/h2>\n<p style=\"text-align: center;\">\u30b7\u30e3\u30c8\u30fc\u30fb\u30d5\u30a7\u30e9\u30f3\u30fb\u30bb\u30ae\u30e5\u30fc\u30eb\u3078\u306e\u4e3b\u306a\u30a2\u30af\u30bb\u30b9\u65b9\u6cd5\u306f\u4ee5\u4e0b\u306e2\u3068\u304a\u308a\u3067\u3059\u3002\u30dc\u30eb\u30c9\u30fc\u74b0\u72b6\u9053\u8def\uff08rocade\uff097\u756a\u51fa\u53e3\u3092\u3054\u5229\u7528\u304f\u3060\u3055\u3044\u3002<\/p>\n<p>[\/vc_column_text][\/vc_column][\/vc_row][vc_row][vc_column width=&#8221;1\/2&#8243;][vc_column_text]<\/p>\n<blockquote><p>\u30eb\u30fc\u30c81:<\/p><\/blockquote>\n<p style=\"text-align: justify;\">D1\uff08\u770c\u90531\u53f7\u7dda\uff09\u3092Castelnau &#8211; Saint Laurent &#8211; Le Verdon\u65b9\u5411\u3078\u9032\u307f\u307e\u3059\u3002Saint Laurent\u304b\u3089Pauillac\u65b9\u5411\u3078\u9032\u307f\u307e\u3059\u3002Pauillac\u5165\u308a\u53e3\u306e\u30e9\u30a6\u30f3\u30c9\u30a2\u30d0\u30a6\u30c8\u3067Centre-ville\uff08\u4e2d\u5fc3\u90e8\uff09\u65b9\u5411\u3078\u9032\u307f\u307e\u3059\u3002Saint Est\u00e8phe\u65b9\u5411\u3078\u6700\u521d\u306e\u5de6\u6298\u9053\u8def\u3092\u5165\u308a\u307e\u3059\u3002<\/p>\n<p style=\"text-align: justify;\">\u76f4\u9032\u3059\u308b\u3068\u4e00\u6642\u505c\u6b62\u30e9\u30a4\u30f3\u304c\u73fe\u308c\u307e\u3059\u3002\u5de6\u6298\u3057\u3001D2\uff08\u770c\u90532\u53f7\u7dda\uff09\u3092Lesparre\u65b9\u5411\u3078\u9032\u307f\u307e\u3059\u3002<\/p>\n<p style=\"text-align: justify;\">Le Pouyalet\u5730\u533a\u3092\u901a\u904e\u3057\u3001Ch\u00e2teau Lafite Rothschild\u8107\u3092\u904e\u304e\u3001Cos\u5730\u533a\u307e\u3067\u76f4\u9032\u3057\u307e\u3059\u3002Ch\u00e2teau Cos d\u2019Estournel\u3068Cos Labory\u306e\u9593\u306e\u9053\u3092\u53f3\u6298\u3057\u307e\u3059\u3002Canteloup\u5730\u533a\u3001Place de la Mairie de Saint Est\u00e8phe\uff08\u5e02\u5f79\u6240\u306e\u3042\u308b\u5e83\u5834\uff09\u307e\u3067\u7d044\u30ad\u30ed\u30e1\u30fc\u30c8\u30eb\u76f4\u9032\u3057\u307e\u3059\u3002Ch\u00e2teau Ph\u00e9lan S\u00e9gur\u306e\u5165\u308a\u53e3\u306f\u305d\u3053\u304b\u3089\u53f3\u306b\u7d04200\u30e1\u30fc\u30c8\u30eb\u3067\u3059\u3002Rocade\uff08\u74b0\u72b6\u9053\u8def\uff09\u304b\u3089\u306e\u6240\u8981\u6642\u9593\u306f\u7d041\u6642\u9593\u3067\u3059\u3002<\/p>\n<p>[\/vc_column_text][\/vc_column][vc_column width=&#8221;1\/2&#8243;][vc_column_text]<\/p>\n<blockquote><p>\u30eb\u30fc\u30c82 :<\/p><\/blockquote>\n<p style=\"text-align: justify;\">\u300cLa route des Ch\u00e2teaux\uff08\u30b7\u30e3\u30c8\u30fc\u8857\u9053\uff09\u300d\u3092\u8d70\u308b\u3068\u3001\u30e1\u30c9\u30c3\u30af\u306e\u6709\u540d\u30a2\u30da\u30e9\u30b7\u30aa\u30f3\u304c\u6b21\u3005\u306b\u73fe\u308c\u307e\u3059\u3002\u8d77\u4f0f\u306e\u3042\u308b\u666f\u89b3\u306e\u4e2d\u306b\u8457\u540d\u30ef\u30a4\u30ca\u30ea\u30fc\u306e\u6570\u3005\u304c\u9023\u306a\u308a\u307e\u3059\u3002<\/p>\n<p style=\"text-align: justify;\">Rocade\uff08\u74b0\u72b6\u9053\u8def\uff09\u3092\u96e2\u308c\u3066Eysines\u3092\u901a\u904e\u3057\u3001Blanquefort \u2013 Pauillac\u65b9\u9762\u53f3\u3078D2\u306b\u5165\u308a\u307e\u3059\u3002Blanquefort \u2013 Ludon \u2013 Labarde \u2013 Cantenac \u2013 Margaux \u2013 Soussans \u2013 Lamarque \u2013 Cussac Fort M\u00e9doc \u2013 Saint Julien Beychevelle\u3068D2\u3092\u901a\u904e\u3057\u307e\u3059\u3002Pauillac\u3078\u5165\u308a\u3001\u30e9\u30a6\u30f3\u30c9\u30a2\u30d0\u30a6\u30c8\u3092Saint Est\u00e8phe\u65b9\u9762\u3078\u9032\u307f\u307e\u3059\u3002Le Pouyalet\u304b\u3089\u30eb\u30fc\u30c81\u3068\u5408\u6d41\u3057\u307e\u3059\u3002<\/p>\n<p style=\"text-align: justify;\">\u30dc\u30eb\u30c9\u30fc\u304b\u3089\u30b7\u30e3\u30c8\u30fc\u30fb\u30d5\u30a7\u30e9\u30f3\u30fb\u30bb\u30ae\u30e5\u30fc\u30eb\u3078\u306e\u6240\u8981\u6642\u9593\u306f\u7d041\u6642\u9593\u3067\u3059\u3002<\/p>\n<p>[\/vc_column_text][\/vc_column][\/vc_row]<\/p>\n","protected":false},"excerpt":{"rendered":"<p>[vc_row][vc_column width=&#8221;1\/2&#8243;][vc_column_text][\/vc_column_text][\/vc_column][vc_column width=&#038;#822 [&hellip;]<\/p>\n","protected":false},"author":3,"featured_media":0,"parent":0,"menu_order":0,"comment_status":"open","ping_status":"open","template":"","meta":[],"acf":[],"yoast_head":"<!-- This site is optimized with the Yoast SEO plugin v15.4 - https:\/\/yoast.com\/wordpress\/plugins\/seo\/ -->\n<meta name=\"robots\" content=\"index, follow, max-snippet:-1, max-image-preview:large, max-video-preview:-1\" \/>\n<link rel=\"canonical\" href=\"https:\/\/www.phelansegur.com\/ja\/\u30a2\u30af\u30bb\u30b9\u60c5\u5831\/\" \/>\n<meta property=\"og:locale\" content=\"ja_JP\" \/>\n<meta property=\"og:type\" content=\"article\" \/>\n<meta property=\"og:title\" content=\"\u30a2\u30af\u30bb\u30b9\u60c5\u5831 - Ch\u00e2teau Ph\u00e9lan S\u00e9gur\" \/>\n<meta property=\"og:description\" content=\"[vc_row][vc_column width=&#8221;1\/2&#8243;][vc_column_text][\/vc_column_text][\/vc_column][vc_column width=&amp;#822 [&hellip;]\" \/>\n<meta property=\"og:url\" content=\"https:\/\/www.phelansegur.com\/ja\/\u30a2\u30af\u30bb\u30b9\u60c5\u5831\/\" \/>\n<meta property=\"og:site_name\" content=\"Ch\u00e2teau Ph\u00e9lan S\u00e9gur\" \/>\n<meta property=\"article:modified_time\" content=\"2016-12-20T09:32:18+00:00\" \/>\n<meta property=\"og:image\" content=\"http:\/\/www.phelansegur.com\/wp-content\/uploads\/2015\/01\/Le-Chateau-Phelan-Segur-depuis-le-parc.jpg\" \/>\n<meta name=\"twitter:card\" content=\"summary_large_image\" \/>\n<meta name=\"twitter:label1\" content=\"Written by\">\n\t<meta name=\"twitter:data1\" content=\"allison\">\n\t<meta name=\"twitter:label2\" content=\"Est. reading time\">\n\t<meta name=\"twitter:data2\" content=\"1\u5206\">\n<script type=\"application\/ld+json\" class=\"yoast-schema-graph\">{\"@context\":\"https:\/\/schema.org\",\"@graph\":[{\"@type\":\"Organization\",\"@id\":\"https:\/\/www.phelansegur.com\/#organization\",\"name\":\"Ch\\u00e2teau Ph\\u00e9lan S\\u00e9gur\",\"url\":\"https:\/\/www.phelansegur.com\/\",\"sameAs\":[\"https:\/\/www.instagram.com\/phelansegur\/\"],\"logo\":{\"@type\":\"ImageObject\",\"@id\":\"https:\/\/www.phelansegur.com\/#logo\",\"inLanguage\":\"ja\",\"url\":\"https:\/\/www.phelansegur.com\/wp-content\/uploads\/2020\/03\/logo-phelansegur.jpg\",\"width\":500,\"height\":200,\"caption\":\"Ch\\u00e2teau Ph\\u00e9lan S\\u00e9gur\"},\"image\":{\"@id\":\"https:\/\/www.phelansegur.com\/#logo\"}},{\"@type\":\"WebSite\",\"@id\":\"https:\/\/www.phelansegur.com\/#website\",\"url\":\"https:\/\/www.phelansegur.com\/\",\"name\":\"Ch\\u00e2teau Ph\\u00e9lan S\\u00e9gur\",\"description\":\"Saint Est\\u00e8phe\",\"publisher\":{\"@id\":\"https:\/\/www.phelansegur.com\/#organization\"},\"potentialAction\":[{\"@type\":\"SearchAction\",\"target\":\"https:\/\/www.phelansegur.com\/?s={search_term_string}\",\"query-input\":\"required name=search_term_string\"}],\"inLanguage\":\"ja\"},{\"@type\":\"ImageObject\",\"@id\":\"https:\/\/www.phelansegur.com\/ja\/%e3%82%a2%e3%82%af%e3%82%bb%e3%82%b9%e6%83%85%e5%a0%b1\/#primaryimage\",\"inLanguage\":\"ja\",\"url\":\"http:\/\/www.phelansegur.com\/wp-content\/uploads\/2015\/01\/Le-Chateau-Phelan-Segur-depuis-le-parc.jpg\"},{\"@type\":\"WebPage\",\"@id\":\"https:\/\/www.phelansegur.com\/ja\/%e3%82%a2%e3%82%af%e3%82%bb%e3%82%b9%e6%83%85%e5%a0%b1\/#webpage\",\"url\":\"https:\/\/www.phelansegur.com\/ja\/%e3%82%a2%e3%82%af%e3%82%bb%e3%82%b9%e6%83%85%e5%a0%b1\/\",\"name\":\"\\u30a2\\u30af\\u30bb\\u30b9\\u60c5\\u5831 - Ch\\u00e2teau Ph\\u00e9lan S\\u00e9gur\",\"isPartOf\":{\"@id\":\"https:\/\/www.phelansegur.com\/#website\"},\"primaryImageOfPage\":{\"@id\":\"https:\/\/www.phelansegur.com\/ja\/%e3%82%a2%e3%82%af%e3%82%bb%e3%82%b9%e6%83%85%e5%a0%b1\/#primaryimage\"},\"datePublished\":\"2015-01-05T15:12:55+00:00\",\"dateModified\":\"2016-12-20T09:32:18+00:00\",\"breadcrumb\":{\"@id\":\"https:\/\/www.phelansegur.com\/ja\/%e3%82%a2%e3%82%af%e3%82%bb%e3%82%b9%e6%83%85%e5%a0%b1\/#breadcrumb\"},\"inLanguage\":\"ja\",\"potentialAction\":[{\"@type\":\"ReadAction\",\"target\":[\"https:\/\/www.phelansegur.com\/ja\/%e3%82%a2%e3%82%af%e3%82%bb%e3%82%b9%e6%83%85%e5%a0%b1\/\"]}]},{\"@type\":\"BreadcrumbList\",\"@id\":\"https:\/\/www.phelansegur.com\/ja\/%e3%82%a2%e3%82%af%e3%82%bb%e3%82%b9%e6%83%85%e5%a0%b1\/#breadcrumb\",\"itemListElement\":[{\"@type\":\"ListItem\",\"position\":1,\"item\":{\"@type\":\"WebPage\",\"@id\":\"https:\/\/www.phelansegur.com\/ja\/\",\"url\":\"https:\/\/www.phelansegur.com\/ja\/\",\"name\":\"Page d'accueil\"}},{\"@type\":\"ListItem\",\"position\":2,\"item\":{\"@type\":\"WebPage\",\"@id\":\"https:\/\/www.phelansegur.com\/ja\/%e3%82%a2%e3%82%af%e3%82%bb%e3%82%b9%e6%83%85%e5%a0%b1\/\",\"url\":\"https:\/\/www.phelansegur.com\/ja\/%e3%82%a2%e3%82%af%e3%82%bb%e3%82%b9%e6%83%85%e5%a0%b1\/\",\"name\":\"\\u30a2\\u30af\\u30bb\\u30b9\\u60c5\\u5831\"}}]}]}<\/script>\n<!-- \/ Yoast SEO plugin. -->","_links":{"self":[{"href":"https:\/\/www.phelansegur.com\/ja\/wp-json\/wp\/v2\/pages\/2614"}],"collection":[{"href":"https:\/\/www.phelansegur.com\/ja\/wp-json\/wp\/v2\/pages"}],"about":[{"href":"https:\/\/www.phelansegur.com\/ja\/wp-json\/wp\/v2\/types\/page"}],"author":[{"embeddable":true,"href":"https:\/\/www.phelansegur.com\/ja\/wp-json\/wp\/v2\/users\/3"}],"replies":[{"embeddable":true,"href":"https:\/\/www.phelansegur.com\/ja\/wp-json\/wp\/v2\/comments?post=2614"}],"version-history":[{"count":0,"href":"https:\/\/www.phelansegur.com\/ja\/wp-json\/wp\/v2\/pages\/2614\/revisions"}],"wp:attachment":[{"href":"https:\/\/www.phelansegur.com\/ja\/wp-json\/wp\/v2\/media?parent=2614"}],"curies":[{"name":"wp","href":"https:\/\/api.w.org\/{rel}","templated":true}]}}