{"id":2617,"date":"2015-01-05T15:13:56","date_gmt":"2015-01-05T15:13:56","guid":{"rendered":"http:\/\/www.phelansegur.com\/presse-2\/"},"modified":"2016-12-16T08:12:57","modified_gmt":"2016-12-16T08:12:57","slug":"%e3%83%97%e3%83%ac%e3%82%b9","status":"publish","type":"page","link":"https:\/\/www.phelansegur.com\/ja\/%e3%83%97%e3%83%ac%e3%82%b9\/","title":{"rendered":"\u30d7\u30ec\u30b9"},"content":{"rendered":"","protected":false},"excerpt":{"rendered":"","protected":false},"author":3,"featured_media":180,"parent":0,"menu_order":0,"comment_status":"open","ping_status":"open","template":"","meta":[],"acf":[],"yoast_head":"<!-- This site is optimized with the Yoast SEO plugin v15.4 - https:\/\/yoast.com\/wordpress\/plugins\/seo\/ -->\n<meta name=\"robots\" content=\"index, follow, max-snippet:-1, max-image-preview:large, max-video-preview:-1\" \/>\n<link rel=\"canonical\" href=\"https:\/\/www.phelansegur.com\/ja\/\u30d7\u30ec\u30b9\/\" \/>\n<meta property=\"og:locale\" content=\"ja_JP\" \/>\n<meta property=\"og:type\" content=\"article\" \/>\n<meta property=\"og:title\" content=\"\u30d7\u30ec\u30b9 - Ch\u00e2teau Ph\u00e9lan S\u00e9gur\" \/>\n<meta property=\"og:url\" content=\"https:\/\/www.phelansegur.com\/ja\/\u30d7\u30ec\u30b9\/\" \/>\n<meta property=\"og:site_name\" content=\"Ch\u00e2teau Ph\u00e9lan S\u00e9gur\" \/>\n<meta property=\"article:modified_time\" content=\"2016-12-16T08:12:57+00:00\" \/>\n<meta property=\"og:image\" content=\"https:\/\/www.phelansegur.com\/wp-content\/uploads\/2015\/01\/PS_141117_0238-Grille-et-buisson.jpg\" \/>\n\t<meta property=\"og:image:width\" content=\"1000\" \/>\n\t<meta property=\"og:image:height\" content=\"667\" \/>\n<meta name=\"twitter:card\" content=\"summary_large_image\" \/>\n<meta name=\"twitter:label1\" content=\"Written by\">\n\t<meta name=\"twitter:data1\" content=\"allison\">\n<script type=\"application\/ld+json\" class=\"yoast-schema-graph\">{\"@context\":\"https:\/\/schema.org\",\"@graph\":[{\"@type\":\"Organization\",\"@id\":\"https:\/\/www.phelansegur.com\/#organization\",\"name\":\"Ch\\u00e2teau Ph\\u00e9lan S\\u00e9gur\",\"url\":\"https:\/\/www.phelansegur.com\/\",\"sameAs\":[\"https:\/\/www.instagram.com\/phelansegur\/\"],\"logo\":{\"@type\":\"ImageObject\",\"@id\":\"https:\/\/www.phelansegur.com\/#logo\",\"inLanguage\":\"ja\",\"url\":\"https:\/\/www.phelansegur.com\/wp-content\/uploads\/2020\/03\/logo-phelansegur.jpg\",\"width\":500,\"height\":200,\"caption\":\"Ch\\u00e2teau Ph\\u00e9lan S\\u00e9gur\"},\"image\":{\"@id\":\"https:\/\/www.phelansegur.com\/#logo\"}},{\"@type\":\"WebSite\",\"@id\":\"https:\/\/www.phelansegur.com\/#website\",\"url\":\"https:\/\/www.phelansegur.com\/\",\"name\":\"Ch\\u00e2teau Ph\\u00e9lan S\\u00e9gur\",\"description\":\"Saint Est\\u00e8phe\",\"publisher\":{\"@id\":\"https:\/\/www.phelansegur.com\/#organization\"},\"potentialAction\":[{\"@type\":\"SearchAction\",\"target\":\"https:\/\/www.phelansegur.com\/?s={search_term_string}\",\"query-input\":\"required name=search_term_string\"}],\"inLanguage\":\"ja\"},{\"@type\":\"ImageObject\",\"@id\":\"https:\/\/www.phelansegur.com\/ja\/%e3%83%97%e3%83%ac%e3%82%b9\/#primaryimage\",\"inLanguage\":\"ja\",\"url\":\"https:\/\/www.phelansegur.com\/wp-content\/uploads\/2015\/01\/PS_141117_0238-Grille-et-buisson.jpg\",\"width\":1000,\"height\":667,\"caption\":\"Grid\"},{\"@type\":\"WebPage\",\"@id\":\"https:\/\/www.phelansegur.com\/ja\/%e3%83%97%e3%83%ac%e3%82%b9\/#webpage\",\"url\":\"https:\/\/www.phelansegur.com\/ja\/%e3%83%97%e3%83%ac%e3%82%b9\/\",\"name\":\"\\u30d7\\u30ec\\u30b9 - Ch\\u00e2teau Ph\\u00e9lan S\\u00e9gur\",\"isPartOf\":{\"@id\":\"https:\/\/www.phelansegur.com\/#website\"},\"primaryImageOfPage\":{\"@id\":\"https:\/\/www.phelansegur.com\/ja\/%e3%83%97%e3%83%ac%e3%82%b9\/#primaryimage\"},\"datePublished\":\"2015-01-05T15:13:56+00:00\",\"dateModified\":\"2016-12-16T08:12:57+00:00\",\"breadcrumb\":{\"@id\":\"https:\/\/www.phelansegur.com\/ja\/%e3%83%97%e3%83%ac%e3%82%b9\/#breadcrumb\"},\"inLanguage\":\"ja\",\"potentialAction\":[{\"@type\":\"ReadAction\",\"target\":[\"https:\/\/www.phelansegur.com\/ja\/%e3%83%97%e3%83%ac%e3%82%b9\/\"]}]},{\"@type\":\"BreadcrumbList\",\"@id\":\"https:\/\/www.phelansegur.com\/ja\/%e3%83%97%e3%83%ac%e3%82%b9\/#breadcrumb\",\"itemListElement\":[{\"@type\":\"ListItem\",\"position\":1,\"item\":{\"@type\":\"WebPage\",\"@id\":\"https:\/\/www.phelansegur.com\/ja\/\",\"url\":\"https:\/\/www.phelansegur.com\/ja\/\",\"name\":\"Page d'accueil\"}},{\"@type\":\"ListItem\",\"position\":2,\"item\":{\"@type\":\"WebPage\",\"@id\":\"https:\/\/www.phelansegur.com\/ja\/%e3%83%97%e3%83%ac%e3%82%b9\/\",\"url\":\"https:\/\/www.phelansegur.com\/ja\/%e3%83%97%e3%83%ac%e3%82%b9\/\",\"name\":\"\\u30d7\\u30ec\\u30b9\"}}]}]}<\/script>\n<!-- \/ Yoast SEO plugin. -->","_links":{"self":[{"href":"https:\/\/www.phelansegur.com\/ja\/wp-json\/wp\/v2\/pages\/2617"}],"collection":[{"href":"https:\/\/www.phelansegur.com\/ja\/wp-json\/wp\/v2\/pages"}],"about":[{"href":"https:\/\/www.phelansegur.com\/ja\/wp-json\/wp\/v2\/types\/page"}],"author":[{"embeddable":true,"href":"https:\/\/www.phelansegur.com\/ja\/wp-json\/wp\/v2\/users\/3"}],"replies":[{"embeddable":true,"href":"https:\/\/www.phelansegur.com\/ja\/wp-json\/wp\/v2\/comments?post=2617"}],"version-history":[{"count":0,"href":"https:\/\/www.phelansegur.com\/ja\/wp-json\/wp\/v2\/pages\/2617\/revisions"}],"wp:featuredmedia":[{"embeddable":true,"href":"https:\/\/www.phelansegur.com\/ja\/wp-json\/wp\/v2\/media\/180"}],"wp:attachment":[{"href":"https:\/\/www.phelansegur.com\/ja\/wp-json\/wp\/v2\/media?parent=2617"}],"curies":[{"name":"wp","href":"https:\/\/api.w.org\/{rel}","templated":true}]}}