{"id":2619,"date":"2015-01-05T15:12:46","date_gmt":"2015-01-05T15:12:46","guid":{"rendered":"http:\/\/www.phelansegur.com\/nous-contacter-2\/"},"modified":"2017-01-12T13:37:30","modified_gmt":"2017-01-12T13:37:30","slug":"%e3%81%8a%e5%95%8f%e3%81%84%e5%90%88%e3%82%8f%e3%81%9b","status":"publish","type":"page","link":"https:\/\/www.phelansegur.com\/ja\/%e3%81%8a%e5%95%8f%e3%81%84%e5%90%88%e3%82%8f%e3%81%9b\/","title":{"rendered":"\u304a\u554f\u3044\u5408\u308f\u305b"},"content":{"rendered":"<p>[vc_row][vc_column width=&#8221;1\/2&#8243;][vc_column_text]<img loading=\"lazy\" width=\"1000\" height=\"667\" class=\"alignnone size-full wp-image-187\" alt=\"PS_141117_0007-Cage-escalier-2\" src=\"http:\/\/www.phelansegur.com\/wp-content\/uploads\/2015\/01\/PS_141117_0007-Cage-escalier-2.jpg\" srcset=\"https:\/\/www.phelansegur.com\/wp-content\/uploads\/2015\/01\/PS_141117_0007-Cage-escalier-2.jpg 1000w, https:\/\/www.phelansegur.com\/wp-content\/uploads\/2015\/01\/PS_141117_0007-Cage-escalier-2-300x200.jpg 300w\" sizes=\"(max-width: 1000px) 100vw, 1000px\" \/><\/p>\n<h2>Ch\u00e2teau Ph\u00e9lan S\u00e9gur<br \/>\n\uff08\u30b7\u30e3\u30c8\u30fc\u30fb\u30d5\u30a7\u30e9\u30f3\u30fb\u30bb\u30ae\u30e5\u30fc\u30eb\uff09<\/h2>\n<p><span style=\"color: #000000;\">33180 Saint-Est\u00e8phe<\/span><br \/>\n<span style=\"color: #000000;\"> FRANCE<\/span><br \/>\n<span style=\"color: #ff0000;\"> \u96fb\u8a71 : +33 (0)5 56 59 74 00\u00a0<\/span><\/p>\n<p>\u30b7\u30e3\u30c8\u30fc\u30b9\u30bf\u30c3\u30d5\u304c\u7686\u69d8\u304b\u3089\u306e\u3054\u8cea\u554f\u30fb\u3054\u8981\u671b\u306b\u304a\u7b54\u3048\u3057\u307e\u3059\u3002\u307e\u305f\u3001\u30b7\u30e3\u30c8\u30fc\u3092\u3054\u8a2a\u554f\u304f\u3060\u3055\u308b\u7686\u69d8\u306e\u3054\u6848\u5185\u3082\u62c5\u5f53\u3057\u3066\u3044\u307e\u3059\u3002<\/p>\n<p>\u3054\u8cea\u554f\u30fb\u3054\u8981\u671b\u306f\u304a\u6c17\u8efd\u306b\u304a\u554f\u3044\u5408\u308f\u305b\u304f\u3060\u3055\u3044\u3002\u53ef\u80fd\u306a\u9650\u308a\u8fc5\u901f\u306b\u5bfe\u5fdc\u3044\u305f\u3057\u307e\u3059\u3002<\/p>\n<p>[\/vc_column_text][\/vc_column][vc_column width=&#8221;1\/2&#8243;][vc_column_text]<\/p>\n<div class=\"contact\"><div role=\"form\" class=\"wpcf7\" id=\"wpcf7-f2637-o1\" lang=\"fr-FR\" dir=\"ltr\">\n<div class=\"screen-reader-response\"><p role=\"status\" aria-live=\"polite\" aria-atomic=\"true\"><\/p> <ul><\/ul><\/div>\n<form action=\"\/ja\/wp-json\/wp\/v2\/pages\/2619#wpcf7-f2637-o1\" method=\"post\" class=\"wpcf7-form init\" novalidate=\"novalidate\" data-status=\"init\">\n<div style=\"display: none;\">\n<input type=\"hidden\" name=\"_wpcf7\" value=\"2637\" \/>\n<input type=\"hidden\" name=\"_wpcf7_version\" value=\"5.3.1\" \/>\n<input type=\"hidden\" name=\"_wpcf7_locale\" value=\"fr_FR\" \/>\n<input type=\"hidden\" name=\"_wpcf7_unit_tag\" value=\"wpcf7-f2637-o1\" \/>\n<input type=\"hidden\" name=\"_wpcf7_container_post\" value=\"0\" \/>\n<input type=\"hidden\" name=\"_wpcf7_posted_data_hash\" value=\"\" \/>\n<\/div>\n<p>\u6c0f *<br><span class=\"wpcf7-form-control-wrap ctc-nom\"><input type=\"text\" name=\"ctc-nom\" value=\"\" size=\"40\" class=\"wpcf7-form-control wpcf7-text wpcf7-validates-as-required\" aria-required=\"true\" aria-invalid=\"false\" \/><\/span> <\/p>\n<p>\u540d *<br><span class=\"wpcf7-form-control-wrap ctc-prenom\"><input type=\"text\" name=\"ctc-prenom\" value=\"\" size=\"40\" class=\"wpcf7-form-control wpcf7-text wpcf7-validates-as-required\" aria-required=\"true\" aria-invalid=\"false\" \/><\/span> <\/p>\n<p>\u30e1\u30fc\u30eb\u30a2\u30c9\u30ec\u30b9 *<br><span class=\"wpcf7-form-control-wrap ctc-email\"><input type=\"email\" name=\"ctc-email\" value=\"\" size=\"40\" class=\"wpcf7-form-control wpcf7-text wpcf7-email wpcf7-validates-as-required wpcf7-validates-as-email\" aria-required=\"true\" aria-invalid=\"false\" \/><\/span> <\/p>\n<p>\u56fd\u540d<br><span class=\"wpcf7-form-control-wrap ctc-pays\"><input type=\"text\" name=\"ctc-pays\" value=\"\" size=\"40\" class=\"wpcf7-form-control wpcf7-text\" aria-invalid=\"false\" \/><\/span> <\/p>\n<p><span class=\"wpcf7-form-control-wrap ctc-statut\"><span class=\"wpcf7-form-control wpcf7-radio\"><span class=\"wpcf7-list-item first\"><label><input type=\"radio\" name=\"ctc-statut\" value=\"\u4e00\u822c\" \/><span class=\"wpcf7-list-item-label\">\u4e00\u822c<\/span><\/label><\/span><span class=\"wpcf7-list-item last\"><label><input type=\"radio\" name=\"ctc-statut\" value=\"\u696d\u754c\u95a2\u4fc2\u8005\" \/><span class=\"wpcf7-list-item-label\">\u696d\u754c\u95a2\u4fc2\u8005<\/span><\/label><\/span><\/span><\/span><\/p>\n<p>\u30e1\u30c3\u30bb\u30fc\u30b8<br><span class=\"wpcf7-form-control-wrap ctc-msg\"><textarea name=\"ctc-msg\" cols=\"40\" rows=\"10\" class=\"wpcf7-form-control wpcf7-textarea\" aria-invalid=\"false\"><\/textarea><\/span><\/p>\n<p><span class=\"wpcf7-form-control-wrap ctc-nl\"><span class=\"wpcf7-form-control wpcf7-checkbox\"><span class=\"wpcf7-list-item first last\"><label><input type=\"checkbox\" name=\"ctc-nl[]\" value=\"\u30cb\u30e5\u30fc\u30b9\u30ec\u30bf\u30fc\u767b\u9332\" \/><span class=\"wpcf7-list-item-label\">\u30cb\u30e5\u30fc\u30b9\u30ec\u30bf\u30fc\u767b\u9332<\/span><\/label><\/span><\/span><\/span><\/p>\n<p><input class=\"btn btn-primary\" type=\"submit\" value=\"\u9001\u4fe1\u3059\u308b\"><\/p>\n<p class=\"small italic\">*\u5165\u529b\u5fc5\u9808\u9805\u76ee<\/p>\n<div class=\"wpcf7-response-output\" aria-hidden=\"true\"><\/div><\/form><\/div><\/div>\n<p>[\/vc_column_text][\/vc_column][\/vc_row]<\/p>\n","protected":false},"excerpt":{"rendered":"<p>[vc_row][vc_column width=&#8221;1\/2&#8243;][vc_column_text] Ch\u00e2teau Ph\u00e9lan S\u00e9gur \uff08\u30b7\u30e3\u30c8\u30fc\u30fb\u30d5\u30a7\u30e9\u30f3\u30fb\u30bb\u30ae\u30e5\u30fc\u30eb\uff09 33180 Saint [&hellip;]<\/p>\n","protected":false},"author":3,"featured_media":0,"parent":0,"menu_order":0,"comment_status":"open","ping_status":"open","template":"","meta":[],"acf":[],"yoast_head":"<!-- This site is optimized with the Yoast SEO plugin v15.4 - https:\/\/yoast.com\/wordpress\/plugins\/seo\/ -->\n<meta name=\"robots\" content=\"index, follow, max-snippet:-1, max-image-preview:large, max-video-preview:-1\" \/>\n<link rel=\"canonical\" href=\"https:\/\/www.phelansegur.com\/ja\/\u304a\u554f\u3044\u5408\u308f\u305b\/\" \/>\n<meta property=\"og:locale\" content=\"ja_JP\" \/>\n<meta property=\"og:type\" content=\"article\" \/>\n<meta property=\"og:title\" content=\"\u304a\u554f\u3044\u5408\u308f\u305b - Ch\u00e2teau Ph\u00e9lan S\u00e9gur\" \/>\n<meta property=\"og:description\" content=\"[vc_row][vc_column width=&#8221;1\/2&#8243;][vc_column_text] Ch\u00e2teau Ph\u00e9lan S\u00e9gur \uff08\u30b7\u30e3\u30c8\u30fc\u30fb\u30d5\u30a7\u30e9\u30f3\u30fb\u30bb\u30ae\u30e5\u30fc\u30eb\uff09 33180 Saint [&hellip;]\" \/>\n<meta property=\"og:url\" content=\"https:\/\/www.phelansegur.com\/ja\/\u304a\u554f\u3044\u5408\u308f\u305b\/\" \/>\n<meta property=\"og:site_name\" content=\"Ch\u00e2teau Ph\u00e9lan S\u00e9gur\" \/>\n<meta property=\"article:modified_time\" content=\"2017-01-12T13:37:30+00:00\" \/>\n<meta property=\"og:image\" content=\"http:\/\/www.phelansegur.com\/wp-content\/uploads\/2015\/01\/PS_141117_0007-Cage-escalier-2.jpg\" \/>\n<meta name=\"twitter:card\" content=\"summary_large_image\" \/>\n<meta name=\"twitter:label1\" content=\"Written by\">\n\t<meta name=\"twitter:data1\" content=\"allison\">\n\t<meta name=\"twitter:label2\" content=\"Est. reading time\">\n\t<meta name=\"twitter:data2\" content=\"0\u5206\">\n<script type=\"application\/ld+json\" class=\"yoast-schema-graph\">{\"@context\":\"https:\/\/schema.org\",\"@graph\":[{\"@type\":\"Organization\",\"@id\":\"https:\/\/www.phelansegur.com\/#organization\",\"name\":\"Ch\\u00e2teau Ph\\u00e9lan S\\u00e9gur\",\"url\":\"https:\/\/www.phelansegur.com\/\",\"sameAs\":[\"https:\/\/www.instagram.com\/phelansegur\/\"],\"logo\":{\"@type\":\"ImageObject\",\"@id\":\"https:\/\/www.phelansegur.com\/#logo\",\"inLanguage\":\"ja\",\"url\":\"https:\/\/www.phelansegur.com\/wp-content\/uploads\/2020\/03\/logo-phelansegur.jpg\",\"width\":500,\"height\":200,\"caption\":\"Ch\\u00e2teau Ph\\u00e9lan S\\u00e9gur\"},\"image\":{\"@id\":\"https:\/\/www.phelansegur.com\/#logo\"}},{\"@type\":\"WebSite\",\"@id\":\"https:\/\/www.phelansegur.com\/#website\",\"url\":\"https:\/\/www.phelansegur.com\/\",\"name\":\"Ch\\u00e2teau Ph\\u00e9lan S\\u00e9gur\",\"description\":\"Saint Est\\u00e8phe\",\"publisher\":{\"@id\":\"https:\/\/www.phelansegur.com\/#organization\"},\"potentialAction\":[{\"@type\":\"SearchAction\",\"target\":\"https:\/\/www.phelansegur.com\/?s={search_term_string}\",\"query-input\":\"required name=search_term_string\"}],\"inLanguage\":\"ja\"},{\"@type\":\"ImageObject\",\"@id\":\"https:\/\/www.phelansegur.com\/ja\/%e3%81%8a%e5%95%8f%e3%81%84%e5%90%88%e3%82%8f%e3%81%9b\/#primaryimage\",\"inLanguage\":\"ja\",\"url\":\"http:\/\/www.phelansegur.com\/wp-content\/uploads\/2015\/01\/PS_141117_0007-Cage-escalier-2.jpg\"},{\"@type\":\"WebPage\",\"@id\":\"https:\/\/www.phelansegur.com\/ja\/%e3%81%8a%e5%95%8f%e3%81%84%e5%90%88%e3%82%8f%e3%81%9b\/#webpage\",\"url\":\"https:\/\/www.phelansegur.com\/ja\/%e3%81%8a%e5%95%8f%e3%81%84%e5%90%88%e3%82%8f%e3%81%9b\/\",\"name\":\"\\u304a\\u554f\\u3044\\u5408\\u308f\\u305b - Ch\\u00e2teau Ph\\u00e9lan S\\u00e9gur\",\"isPartOf\":{\"@id\":\"https:\/\/www.phelansegur.com\/#website\"},\"primaryImageOfPage\":{\"@id\":\"https:\/\/www.phelansegur.com\/ja\/%e3%81%8a%e5%95%8f%e3%81%84%e5%90%88%e3%82%8f%e3%81%9b\/#primaryimage\"},\"datePublished\":\"2015-01-05T15:12:46+00:00\",\"dateModified\":\"2017-01-12T13:37:30+00:00\",\"breadcrumb\":{\"@id\":\"https:\/\/www.phelansegur.com\/ja\/%e3%81%8a%e5%95%8f%e3%81%84%e5%90%88%e3%82%8f%e3%81%9b\/#breadcrumb\"},\"inLanguage\":\"ja\",\"potentialAction\":[{\"@type\":\"ReadAction\",\"target\":[\"https:\/\/www.phelansegur.com\/ja\/%e3%81%8a%e5%95%8f%e3%81%84%e5%90%88%e3%82%8f%e3%81%9b\/\"]}]},{\"@type\":\"BreadcrumbList\",\"@id\":\"https:\/\/www.phelansegur.com\/ja\/%e3%81%8a%e5%95%8f%e3%81%84%e5%90%88%e3%82%8f%e3%81%9b\/#breadcrumb\",\"itemListElement\":[{\"@type\":\"ListItem\",\"position\":1,\"item\":{\"@type\":\"WebPage\",\"@id\":\"https:\/\/www.phelansegur.com\/ja\/\",\"url\":\"https:\/\/www.phelansegur.com\/ja\/\",\"name\":\"Page d'accueil\"}},{\"@type\":\"ListItem\",\"position\":2,\"item\":{\"@type\":\"WebPage\",\"@id\":\"https:\/\/www.phelansegur.com\/ja\/%e3%81%8a%e5%95%8f%e3%81%84%e5%90%88%e3%82%8f%e3%81%9b\/\",\"url\":\"https:\/\/www.phelansegur.com\/ja\/%e3%81%8a%e5%95%8f%e3%81%84%e5%90%88%e3%82%8f%e3%81%9b\/\",\"name\":\"\\u304a\\u554f\\u3044\\u5408\\u308f\\u305b\"}}]}]}<\/script>\n<!-- \/ Yoast SEO plugin. -->","_links":{"self":[{"href":"https:\/\/www.phelansegur.com\/ja\/wp-json\/wp\/v2\/pages\/2619"}],"collection":[{"href":"https:\/\/www.phelansegur.com\/ja\/wp-json\/wp\/v2\/pages"}],"about":[{"href":"https:\/\/www.phelansegur.com\/ja\/wp-json\/wp\/v2\/types\/page"}],"author":[{"embeddable":true,"href":"https:\/\/www.phelansegur.com\/ja\/wp-json\/wp\/v2\/users\/3"}],"replies":[{"embeddable":true,"href":"https:\/\/www.phelansegur.com\/ja\/wp-json\/wp\/v2\/comments?post=2619"}],"version-history":[{"count":0,"href":"https:\/\/www.phelansegur.com\/ja\/wp-json\/wp\/v2\/pages\/2619\/revisions"}],"wp:attachment":[{"href":"https:\/\/www.phelansegur.com\/ja\/wp-json\/wp\/v2\/media?parent=2619"}],"curies":[{"name":"wp","href":"https:\/\/api.w.org\/{rel}","templated":true}]}}