{"id":2624,"date":"2015-01-05T15:10:36","date_gmt":"2015-01-05T15:10:36","guid":{"rendered":"http:\/\/www.phelansegur.com\/lesprit-phelan-segur-2\/"},"modified":"2018-01-18T09:04:59","modified_gmt":"2018-01-18T09:04:59","slug":"%e3%82%a8%e3%82%b9%e3%83%97%e3%83%aa%e3%83%bb%e3%83%95%e3%82%a7%e3%83%a9%e3%83%b3%e3%83%bb%e3%82%bb%e3%82%ae%e3%83%a5%e3%83%bc%e3%83%ab","status":"publish","type":"page","link":"https:\/\/www.phelansegur.com\/ja\/%e3%82%a8%e3%82%b9%e3%83%97%e3%83%aa%e3%83%bb%e3%83%95%e3%82%a7%e3%83%a9%e3%83%b3%e3%83%bb%e3%82%bb%e3%82%ae%e3%83%a5%e3%83%bc%e3%83%ab\/","title":{"rendered":"\u30a8\u30b9\u30d7\u30ea\u30fb\u30d5\u30a7\u30e9\u30f3\u30fb\u30bb\u30ae\u30e5\u30fc\u30eb"},"content":{"rendered":"<p>[vc_row][vc_column width=&#8221;1\/2&#8243;][vc_single_image image=&#8221;1667&#8243; img_size=&#8221;large&#8221; alignment=&#8221;center&#8221;][vc_text_separator title=&#8221;\u300c\u5730\u5e73\u7dda\u306b\u306e\u305e\u3080\u6cb3\u53e3\u300d&#8221; color=&#8221;custom&#8221; accent_color=&#8221;#dd3333&#8243;][\/vc_column][vc_column width=&#8221;1\/2&#8243;][vc_single_image image=&#8221;1668&#8243; img_size=&#8221;full&#8221;][vc_text_separator title=&#8221;\u300c\u5b89\u5fc3\u306e\u30aa\u30fc\u30bb\u30f3\u30c6\u30a3\u30b7\u30c6\u30a3\u300d&#8221; color=&#8221;custom&#8221; accent_color=&#8221;#dd3333&#8243;][\/vc_column][\/vc_row][vc_row][vc_column width=&#8221;1\/2&#8243;][vc_single_image image=&#8221;1670&#8243; img_size=&#8221;large&#8221; alignment=&#8221;center&#8221;][vc_text_separator title=&#8221;\u300c\u547d\u3042\u308b\u6587\u5316\u907a\u7523\u306e\u30a2\u30af\u30bf\u30fc\u3068\u3057\u3066\u300d&#8221; color=&#8221;custom&#8221; accent_color=&#8221;#dd3333&#8243;][\/vc_column][vc_column width=&#8221;1\/2&#8243;][vc_single_image image=&#8221;1671&#8243; img_size=&#8221;full&#8221;][vc_text_separator title=&#8221;\u300c\u53d7\u3051\u7d99\u304c\u308c\u308b\u30ce\u30a6\u30cf\u30a6\u300d&#8221; color=&#8221;custom&#8221; accent_color=&#8221;#dd3333&#8243;][\/vc_column][\/vc_row][vc_row][vc_column font_color=&#8221;#000000&#8243;][vc_single_image image=&#8221;1095&#8243; img_size=&#8221;full&#8221; alignment=&#8221;center&#8221;][vc_text_separator title=&#8221;\u300c\u30af\u30e9\u30b7\u30b7\u30ba\u30e0\u306b\u30a2\u30ec\u30f3\u30b8\u3092\u52a0\u3048\u3066\u300d&#8221; color=&#8221;custom&#8221; accent_color=&#8221;#dd3333&#8243;][\/vc_column][\/vc_row][vc_row][vc_column width=&#8221;1\/2&#8243;][vc_single_image image=&#8221;1672&#8243; img_size=&#8221;full&#8221;][\/vc_column][vc_column width=&#8221;1\/2&#8243;][vc_single_image image=&#8221;1673&#8243; img_size=&#8221;full&#8221;][\/vc_column][\/vc_row][vc_row][vc_column font_color=&#8221;#000000&#8243;][vc_text_separator title=&#8221;\u300c\u4f1d\u7d71\u300d&#8221; color=&#8221;custom&#8221; accent_color=&#8221;#dd3333&#8243;][\/vc_column][\/vc_row][vc_row][vc_column width=&#8221;1\/2&#8243;][vc_single_image image=&#8221;2986&#8243; img_size=&#8221;large&#8221; alignment=&#8221;center&#8221;][\/vc_column][vc_column width=&#8221;1\/2&#8243;][vc_single_image image=&#8221;2996&#8243; img_size=&#8221;full&#8221;][\/vc_column][\/vc_row][vc_row][vc_column font_color=&#8221;#000000&#8243;][vc_text_separator title=&#8221;\u300c\u5bdb\u5927\u3055\u3068\u98fe\u308a\u6c17\u306e\u306a\u3055\u300d&#8221; color=&#8221;custom&#8221; accent_color=&#8221;#dd3333&#8243;][\/vc_column][\/vc_row][vc_row][vc_column width=&#8221;1\/2&#8243;][vc_single_image image=&#8221;1623&#8243; img_size=&#8221;full&#8221; img_link_large=&#8221;yes&#8221;][\/vc_column][vc_column width=&#8221;1\/2&#8243;][vc_single_image image=&#8221;191&#8243; img_size=&#8221;full&#8221;][\/vc_column][\/vc_row][vc_row][vc_column font_color=&#8221;#000000&#8243;][vc_text_separator title=&#8221;\u300c\u751f\u307e\u308c\u3001\u305d\u3057\u3066\u907a\u7523\u300d&#8221; color=&#8221;custom&#8221; accent_color=&#8221;#dd3333&#8243;][\/vc_column][\/vc_row][vc_row][vc_column width=&#8221;1\/2&#8243;][vc_single_image image=&#8221;1680&#8243; img_size=&#8221;full&#8221;][\/vc_column][vc_column width=&#8221;1\/2&#8243;][vc_single_image image=&#8221;1681&#8243; img_size=&#8221;full&#8221;][\/vc_column][\/vc_row][vc_row][vc_column font_color=&#8221;#000000&#8243;][vc_text_separator title=&#8221;\u300c\u30a8\u30ec\u30ac\u30f3\u30b9\u3001\u6d17\u7df4\u300d&#8221; color=&#8221;custom&#8221; accent_color=&#8221;#dd3333&#8243;][\/vc_column][\/vc_row][vc_row][vc_column][vc_single_image image=&#8221;496&#8243; img_size=&#8221;full&#8221;][\/vc_column][\/vc_row][vc_row][vc_column font_color=&#8221;#000000&#8243;][vc_text_separator title=&#8221;\u300c\u5d50\u306e\u591c\u300d&#8221; color=&#8221;custom&#8221; accent_color=&#8221;#dd3333&#8243;][\/vc_column][\/vc_row]<\/p>\n","protected":false},"excerpt":{"rendered":"<p>[vc_row][vc_column width=&#8221;1\/2&#8243;][vc_single_image image=&#8221;1667&#8243; img_size=&#8221;large&#038;#82 [&hellip;]<\/p>\n","protected":false},"author":3,"featured_media":465,"parent":0,"menu_order":0,"comment_status":"open","ping_status":"closed","template":"","meta":[],"acf":[],"yoast_head":"<!-- This site is optimized with the Yoast SEO plugin v15.4 - https:\/\/yoast.com\/wordpress\/plugins\/seo\/ -->\n<meta name=\"robots\" content=\"index, follow, max-snippet:-1, max-image-preview:large, max-video-preview:-1\" \/>\n<link rel=\"canonical\" href=\"https:\/\/www.phelansegur.com\/ja\/\u30a8\u30b9\u30d7\u30ea\u30fb\u30d5\u30a7\u30e9\u30f3\u30fb\u30bb\u30ae\u30e5\u30fc\u30eb\/\" \/>\n<meta property=\"og:locale\" content=\"ja_JP\" \/>\n<meta property=\"og:type\" content=\"article\" \/>\n<meta property=\"og:title\" content=\"\u30a8\u30b9\u30d7\u30ea\u30fb\u30d5\u30a7\u30e9\u30f3\u30fb\u30bb\u30ae\u30e5\u30fc\u30eb - Ch\u00e2teau Ph\u00e9lan S\u00e9gur\" \/>\n<meta property=\"og:description\" content=\"[vc_row][vc_column width=&#8221;1\/2&#8243;][vc_single_image image=&#8221;1667&#8243; img_size=&#8221;large&amp;#82 [&hellip;]\" \/>\n<meta property=\"og:url\" content=\"https:\/\/www.phelansegur.com\/ja\/\u30a8\u30b9\u30d7\u30ea\u30fb\u30d5\u30a7\u30e9\u30f3\u30fb\u30bb\u30ae\u30e5\u30fc\u30eb\/\" \/>\n<meta property=\"og:site_name\" content=\"Ch\u00e2teau Ph\u00e9lan S\u00e9gur\" \/>\n<meta property=\"article:modified_time\" content=\"2018-01-18T09:04:59+00:00\" \/>\n<meta property=\"og:image\" content=\"https:\/\/www.phelansegur.com\/wp-content\/uploads\/2015\/01\/page-de-garde-PHS_131010_230.jpg\" \/>\n\t<meta property=\"og:image:width\" content=\"1024\" \/>\n\t<meta property=\"og:image:height\" content=\"682\" \/>\n<meta name=\"twitter:card\" content=\"summary_large_image\" \/>\n<meta name=\"twitter:label1\" content=\"Written by\">\n\t<meta name=\"twitter:data1\" content=\"allison\">\n\t<meta name=\"twitter:label2\" content=\"Est. reading time\">\n\t<meta name=\"twitter:data2\" content=\"1\u5206\">\n<script type=\"application\/ld+json\" class=\"yoast-schema-graph\">{\"@context\":\"https:\/\/schema.org\",\"@graph\":[{\"@type\":\"Organization\",\"@id\":\"https:\/\/www.phelansegur.com\/#organization\",\"name\":\"Ch\\u00e2teau Ph\\u00e9lan S\\u00e9gur\",\"url\":\"https:\/\/www.phelansegur.com\/\",\"sameAs\":[\"https:\/\/www.instagram.com\/phelansegur\/\"],\"logo\":{\"@type\":\"ImageObject\",\"@id\":\"https:\/\/www.phelansegur.com\/#logo\",\"inLanguage\":\"ja\",\"url\":\"https:\/\/www.phelansegur.com\/wp-content\/uploads\/2020\/03\/logo-phelansegur.jpg\",\"width\":500,\"height\":200,\"caption\":\"Ch\\u00e2teau Ph\\u00e9lan S\\u00e9gur\"},\"image\":{\"@id\":\"https:\/\/www.phelansegur.com\/#logo\"}},{\"@type\":\"WebSite\",\"@id\":\"https:\/\/www.phelansegur.com\/#website\",\"url\":\"https:\/\/www.phelansegur.com\/\",\"name\":\"Ch\\u00e2teau Ph\\u00e9lan S\\u00e9gur\",\"description\":\"Saint Est\\u00e8phe\",\"publisher\":{\"@id\":\"https:\/\/www.phelansegur.com\/#organization\"},\"potentialAction\":[{\"@type\":\"SearchAction\",\"target\":\"https:\/\/www.phelansegur.com\/?s={search_term_string}\",\"query-input\":\"required name=search_term_string\"}],\"inLanguage\":\"ja\"},{\"@type\":\"ImageObject\",\"@id\":\"https:\/\/www.phelansegur.com\/ja\/%e3%82%a8%e3%82%b9%e3%83%97%e3%83%aa%e3%83%bb%e3%83%95%e3%82%a7%e3%83%a9%e3%83%b3%e3%83%bb%e3%82%bb%e3%82%ae%e3%83%a5%e3%83%bc%e3%83%ab\/#primaryimage\",\"inLanguage\":\"ja\",\"url\":\"https:\/\/www.phelansegur.com\/wp-content\/uploads\/2015\/01\/page-de-garde-PHS_131010_230.jpg\",\"width\":1024,\"height\":682,\"caption\":\"Enclos\"},{\"@type\":\"WebPage\",\"@id\":\"https:\/\/www.phelansegur.com\/ja\/%e3%82%a8%e3%82%b9%e3%83%97%e3%83%aa%e3%83%bb%e3%83%95%e3%82%a7%e3%83%a9%e3%83%b3%e3%83%bb%e3%82%bb%e3%82%ae%e3%83%a5%e3%83%bc%e3%83%ab\/#webpage\",\"url\":\"https:\/\/www.phelansegur.com\/ja\/%e3%82%a8%e3%82%b9%e3%83%97%e3%83%aa%e3%83%bb%e3%83%95%e3%82%a7%e3%83%a9%e3%83%b3%e3%83%bb%e3%82%bb%e3%82%ae%e3%83%a5%e3%83%bc%e3%83%ab\/\",\"name\":\"\\u30a8\\u30b9\\u30d7\\u30ea\\u30fb\\u30d5\\u30a7\\u30e9\\u30f3\\u30fb\\u30bb\\u30ae\\u30e5\\u30fc\\u30eb - Ch\\u00e2teau Ph\\u00e9lan S\\u00e9gur\",\"isPartOf\":{\"@id\":\"https:\/\/www.phelansegur.com\/#website\"},\"primaryImageOfPage\":{\"@id\":\"https:\/\/www.phelansegur.com\/ja\/%e3%82%a8%e3%82%b9%e3%83%97%e3%83%aa%e3%83%bb%e3%83%95%e3%82%a7%e3%83%a9%e3%83%b3%e3%83%bb%e3%82%bb%e3%82%ae%e3%83%a5%e3%83%bc%e3%83%ab\/#primaryimage\"},\"datePublished\":\"2015-01-05T15:10:36+00:00\",\"dateModified\":\"2018-01-18T09:04:59+00:00\",\"breadcrumb\":{\"@id\":\"https:\/\/www.phelansegur.com\/ja\/%e3%82%a8%e3%82%b9%e3%83%97%e3%83%aa%e3%83%bb%e3%83%95%e3%82%a7%e3%83%a9%e3%83%b3%e3%83%bb%e3%82%bb%e3%82%ae%e3%83%a5%e3%83%bc%e3%83%ab\/#breadcrumb\"},\"inLanguage\":\"ja\",\"potentialAction\":[{\"@type\":\"ReadAction\",\"target\":[\"https:\/\/www.phelansegur.com\/ja\/%e3%82%a8%e3%82%b9%e3%83%97%e3%83%aa%e3%83%bb%e3%83%95%e3%82%a7%e3%83%a9%e3%83%b3%e3%83%bb%e3%82%bb%e3%82%ae%e3%83%a5%e3%83%bc%e3%83%ab\/\"]}]},{\"@type\":\"BreadcrumbList\",\"@id\":\"https:\/\/www.phelansegur.com\/ja\/%e3%82%a8%e3%82%b9%e3%83%97%e3%83%aa%e3%83%bb%e3%83%95%e3%82%a7%e3%83%a9%e3%83%b3%e3%83%bb%e3%82%bb%e3%82%ae%e3%83%a5%e3%83%bc%e3%83%ab\/#breadcrumb\",\"itemListElement\":[{\"@type\":\"ListItem\",\"position\":1,\"item\":{\"@type\":\"WebPage\",\"@id\":\"https:\/\/www.phelansegur.com\/ja\/\",\"url\":\"https:\/\/www.phelansegur.com\/ja\/\",\"name\":\"Page d'accueil\"}},{\"@type\":\"ListItem\",\"position\":2,\"item\":{\"@type\":\"WebPage\",\"@id\":\"https:\/\/www.phelansegur.com\/ja\/%e3%82%a8%e3%82%b9%e3%83%97%e3%83%aa%e3%83%bb%e3%83%95%e3%82%a7%e3%83%a9%e3%83%b3%e3%83%bb%e3%82%bb%e3%82%ae%e3%83%a5%e3%83%bc%e3%83%ab\/\",\"url\":\"https:\/\/www.phelansegur.com\/ja\/%e3%82%a8%e3%82%b9%e3%83%97%e3%83%aa%e3%83%bb%e3%83%95%e3%82%a7%e3%83%a9%e3%83%b3%e3%83%bb%e3%82%bb%e3%82%ae%e3%83%a5%e3%83%bc%e3%83%ab\/\",\"name\":\"\\u30a8\\u30b9\\u30d7\\u30ea\\u30fb\\u30d5\\u30a7\\u30e9\\u30f3\\u30fb\\u30bb\\u30ae\\u30e5\\u30fc\\u30eb\"}}]}]}<\/script>\n<!-- \/ Yoast SEO plugin. -->","_links":{"self":[{"href":"https:\/\/www.phelansegur.com\/ja\/wp-json\/wp\/v2\/pages\/2624"}],"collection":[{"href":"https:\/\/www.phelansegur.com\/ja\/wp-json\/wp\/v2\/pages"}],"about":[{"href":"https:\/\/www.phelansegur.com\/ja\/wp-json\/wp\/v2\/types\/page"}],"author":[{"embeddable":true,"href":"https:\/\/www.phelansegur.com\/ja\/wp-json\/wp\/v2\/users\/3"}],"replies":[{"embeddable":true,"href":"https:\/\/www.phelansegur.com\/ja\/wp-json\/wp\/v2\/comments?post=2624"}],"version-history":[{"count":4,"href":"https:\/\/www.phelansegur.com\/ja\/wp-json\/wp\/v2\/pages\/2624\/revisions"}],"predecessor-version":[{"id":2998,"href":"https:\/\/www.phelansegur.com\/ja\/wp-json\/wp\/v2\/pages\/2624\/revisions\/2998"}],"wp:featuredmedia":[{"embeddable":true,"href":"https:\/\/www.phelansegur.com\/ja\/wp-json\/wp\/v2\/media\/465"}],"wp:attachment":[{"href":"https:\/\/www.phelansegur.com\/ja\/wp-json\/wp\/v2\/media?parent=2624"}],"curies":[{"name":"wp","href":"https:\/\/api.w.org\/{rel}","templated":true}]}}