{"id":2629,"date":"2015-01-19T08:36:46","date_gmt":"2015-01-19T08:36:46","guid":{"rendered":"http:\/\/www.phelansegur.com\/millesimes-2\/"},"modified":"2016-12-15T16:08:45","modified_gmt":"2016-12-15T16:08:45","slug":"%e3%83%b4%e3%82%a3%e3%83%b3%e3%83%86%e3%83%bc%e3%82%b8","status":"publish","type":"page","link":"https:\/\/www.phelansegur.com\/ja\/%e3%83%b4%e3%82%a3%e3%83%b3%e3%83%86%e3%83%bc%e3%82%b8\/","title":{"rendered":"\u30f4\u30a3\u30f3\u30c6\u30fc\u30b8"},"content":{"rendered":"<p>[vc_row][vc_column width=&#8221;1\/1&#8243;][vc_column_text]<\/p>\n<p style=\"text-align: center;\">\u4ee5\u4e0b\u306e\u30ea\u30f3\u30af\u304b\u3089\u30b7\u30e3\u30c8\u30fc\u30fb\u30d5\u30a7\u30e9\u30f3\u30fb\u30bb\u30ae\u30e5\u30fc\u30eb\u306e\u30f4\u30a3\u30f3\u30c6\u30fc\u30b8\u5225\u30c6\u30af\u30cb\u30ab\u30eb\u30b7\u30fc\u30c8\u3092\u30c0\u30a6\u30f3\u30ed\u30fc\u30c9\u3057\u3066\u3044\u305f\u3060\u3051\u307e\u3059\u3002<\/p>\n<p style=\"text-align: center;\">\u3055\u3089\u306b\u8a73\u3057\u3044\u60c5\u5831\u3092\u3054\u5e0c\u671b\u306e\u65b9\u306f\u3001\u30b7\u30e3\u30c8\u30fc\u30b9\u30bf\u30c3\u30d5\u307e\u3067\u304a\u554f\u3044\u5408\u308f\u305b\u304f\u3060\u3055\u3044\u3002<\/p>\n<p>[\/vc_column_text][\/vc_column][\/vc_row][vc_row][vc_column width=&#8221;1\/4&#8243;][vc_column_text]<\/p>\n<p style=\"text-align: center;\"><a href=\"http:\/\/www.phelansegur.com\/wp-content\/uploads\/2015\/11\/Chateau-Phelan-Segur-2014.pdf\" target=\"_blank\">Ch\u00e2teau Ph\u00e9lan S\u00e9gur 2014<\/a><\/p>\n<p style=\"text-align: center;\"><a href=\"http:\/\/www.phelansegur.com\/wp-content\/uploads\/2015\/01\/Chateau-Phelan-Segur-2013.pdf\" target=\"_blank\">Ch\u00e2teau Ph\u00e9lan S\u00e9gur 2013<\/a><\/p>\n<p style=\"text-align: center;\"><a href=\"http:\/\/www.phelansegur.com\/wp-content\/uploads\/2015\/11\/Chateau-Phelan-Segur-2012.pdf\" target=\"_blank\">Ch\u00e2teau Ph\u00e9lan S\u00e9gur 2012<\/a><\/p>\n<p style=\"text-align: center;\"><a href=\"http:\/\/www.phelansegur.com\/wp-content\/uploads\/2015\/11\/Chateau-Phelan-Segur-2011.pdf\" target=\"_blank\">Ch\u00e2teau Ph\u00e9lan S\u00e9gur 2011<\/a><\/p>\n<p style=\"text-align: center;\"><a href=\"http:\/\/www.phelansegur.com\/wp-content\/uploads\/2015\/11\/Chateau-Phelan-Segur-2010.pdf\" target=\"_blank\">Ch\u00e2teau Ph\u00e9lan S\u00e9gur 2010<\/a><\/p>\n<p style=\"text-align: center;\"><a href=\"http:\/\/www.phelansegur.com\/wp-content\/uploads\/2015\/11\/Chateau-Phelan-Segur-2009.pdf\" target=\"_blank\">Ch\u00e2teau Ph\u00e9lan S\u00e9gur 2009<\/a><\/p>\n<p style=\"text-align: center;\"><a href=\"http:\/\/www.phelansegur.com\/wp-content\/uploads\/2015\/01\/PS-2008-FR.pdf\">Ch\u00e2teau Ph\u00e9lan S\u00e9gur 2008<\/a><\/p>\n<p style=\"text-align: center;\"><a href=\"http:\/\/www.phelansegur.com\/wp-content\/uploads\/2015\/01\/Chateau-Phelan-Segur-2007.pdf\" target=\"_blank\">Ch\u00e2teau Ph\u00e9lan S\u00e9gur 2007<\/a><\/p>\n<p style=\"text-align: center;\"><a href=\"http:\/\/www.phelansegur.com\/wp-content\/uploads\/2015\/11\/Chateau-Phelan-Segur-2006.pdf\" target=\"_blank\">Ch\u00e2teau Ph\u00e9lan S\u00e9gur 2006<\/a><\/p>\n<p style=\"text-align: center;\"><a href=\"http:\/\/www.phelansegur.com\/wp-content\/uploads\/2015\/11\/Chateau-Phelan-Segur-2005.pdf\" target=\"_blank\">Ch\u00e2teau Ph\u00e9lan S\u00e9gur 2005<\/a><\/p>\n<p style=\"text-align: center;\"><a href=\"http:\/\/www.phelansegur.com\/wp-content\/uploads\/2015\/11\/Chateau-Phelan-Segur-2004.pdf\" target=\"_blank\">Ch\u00e2teau Ph\u00e9lan S\u00e9gur 2004<\/a><\/p>\n<p style=\"text-align: center;\"><a href=\"http:\/\/www.phelansegur.com\/wp-content\/uploads\/2015\/11\/Chateau-Phelan-Segur-2003.pdf\" target=\"_blank\">Ch\u00e2teau Ph\u00e9lan S\u00e9gur 2003<\/a><\/p>\n<p style=\"text-align: center;\"><a href=\"http:\/\/www.phelansegur.com\/wp-content\/uploads\/2015\/11\/Chateau-Phelan-Segur-2001.pdf\" target=\"_blank\">Ch\u00e2teau Ph\u00e9lan S\u00e9gur 2001<\/a><\/p>\n<p style=\"text-align: center;\"><a href=\"http:\/\/www.phelansegur.com\/wp-content\/uploads\/2015\/11\/Chateau-Phelan-Segur-2000.pdf\" target=\"_blank\">Ch\u00e2teau Ph\u00e9lan S\u00e9gur 2000<\/a><\/p>\n<p style=\"text-align: center;\"><a href=\"http:\/\/www.phelansegur.com\/wp-content\/uploads\/2015\/01\/Chateau-Phelan-Segur-1999.pdf\" target=\"_blank\">Ch\u00e2teau Ph\u00e9lan S\u00e9gur 1999<\/a><\/p>\n<p style=\"text-align: center;\"><a href=\"http:\/\/www.phelansegur.com\/wp-content\/uploads\/2015\/01\/Chateau-Phelan-Segur-1998.pdf\" target=\"_blank\">Ch\u00e2teau Ph\u00e9lan S\u00e9gur 1998<\/a><\/p>\n<p style=\"text-align: center;\"><a href=\"http:\/\/www.phelansegur.com\/wp-content\/uploads\/2015\/01\/Chateau-Phelan-Segur-1997.pdf\" target=\"_blank\">Ch\u00e2teau Ph\u00e9lan S\u00e9gur 1997<\/a><\/p>\n<p style=\"text-align: center;\"><a href=\"http:\/\/www.phelansegur.com\/wp-content\/uploads\/2015\/11\/Chateau-Phelan-Segur-1996.pdf\" target=\"_blank\">Ch\u00e2teau Ph\u00e9lan S\u00e9gur 1996<\/a><\/p>\n<p style=\"text-align: center;\"><a href=\"http:\/\/www.phelansegur.com\/wp-content\/uploads\/2015\/11\/Chateau-Phelan-Segur-1993.pdf\" target=\"_blank\">Ch\u00e2teau Ph\u00e9lan S\u00e9gur 1993<\/a><\/p>\n<p style=\"text-align: center;\"><a href=\"http:\/\/www.phelansegur.com\/wp-content\/uploads\/2015\/11\/Chateau-Phelan-Segur-1990.pdf\" target=\"_blank\">Ch\u00e2teau Ph\u00e9lan S\u00e9gur 1990<\/a><\/p>\n<p>[\/vc_column_text][\/vc_column][vc_column width=&#8221;3\/4&#8243;][vc_single_image image=&#8221;869&#8243; alignment=&#8221;center&#8221; border_color=&#8221;grey&#8221; img_link_target=&#8221;_self&#8221; img_size=&#8221;full&#8221;][\/vc_column][\/vc_row]<\/p>\n","protected":false},"excerpt":{"rendered":"<p>[vc_row][vc_column width=&#8221;1\/1&#8243;][vc_column_text] \u4ee5\u4e0b\u306e\u30ea\u30f3\u30af\u304b\u3089\u30b7\u30e3\u30c8\u30fc\u30fb\u30d5\u30a7\u30e9\u30f3\u30fb\u30bb\u30ae\u30e5\u30fc\u30eb\u306e\u30f4\u30a3\u30f3\u30c6\u30fc\u30b8\u5225\u30c6\u30af\u30cb\u30ab\u30eb\u30b7\u30fc\u30c8\u3092\u30c0\u30a6\u30f3\u30ed\u30fc\u30c9\u3057\u3066\u3044\u305f [&hellip;]<\/p>\n","protected":false},"author":3,"featured_media":0,"parent":0,"menu_order":0,"comment_status":"open","ping_status":"open","template":"","meta":[],"acf":[],"yoast_head":"<!-- This site is optimized with the Yoast SEO plugin v15.4 - https:\/\/yoast.com\/wordpress\/plugins\/seo\/ -->\n<meta name=\"robots\" content=\"index, follow, max-snippet:-1, max-image-preview:large, max-video-preview:-1\" \/>\n<link rel=\"canonical\" href=\"https:\/\/www.phelansegur.com\/ja\/\u30f4\u30a3\u30f3\u30c6\u30fc\u30b8\/\" \/>\n<meta property=\"og:locale\" content=\"ja_JP\" \/>\n<meta property=\"og:type\" content=\"article\" \/>\n<meta property=\"og:title\" content=\"\u30f4\u30a3\u30f3\u30c6\u30fc\u30b8 - Ch\u00e2teau Ph\u00e9lan S\u00e9gur\" \/>\n<meta property=\"og:description\" content=\"[vc_row][vc_column width=&#8221;1\/1&#8243;][vc_column_text] \u4ee5\u4e0b\u306e\u30ea\u30f3\u30af\u304b\u3089\u30b7\u30e3\u30c8\u30fc\u30fb\u30d5\u30a7\u30e9\u30f3\u30fb\u30bb\u30ae\u30e5\u30fc\u30eb\u306e\u30f4\u30a3\u30f3\u30c6\u30fc\u30b8\u5225\u30c6\u30af\u30cb\u30ab\u30eb\u30b7\u30fc\u30c8\u3092\u30c0\u30a6\u30f3\u30ed\u30fc\u30c9\u3057\u3066\u3044\u305f [&hellip;]\" \/>\n<meta property=\"og:url\" content=\"https:\/\/www.phelansegur.com\/ja\/\u30f4\u30a3\u30f3\u30c6\u30fc\u30b8\/\" \/>\n<meta property=\"og:site_name\" content=\"Ch\u00e2teau Ph\u00e9lan S\u00e9gur\" \/>\n<meta property=\"article:modified_time\" content=\"2016-12-15T16:08:45+00:00\" \/>\n<meta name=\"twitter:card\" content=\"summary_large_image\" \/>\n<meta name=\"twitter:label1\" content=\"Written by\">\n\t<meta name=\"twitter:data1\" content=\"allison\">\n\t<meta name=\"twitter:label2\" content=\"Est. reading time\">\n\t<meta name=\"twitter:data2\" content=\"1\u5206\">\n<script type=\"application\/ld+json\" class=\"yoast-schema-graph\">{\"@context\":\"https:\/\/schema.org\",\"@graph\":[{\"@type\":\"Organization\",\"@id\":\"https:\/\/www.phelansegur.com\/#organization\",\"name\":\"Ch\\u00e2teau Ph\\u00e9lan S\\u00e9gur\",\"url\":\"https:\/\/www.phelansegur.com\/\",\"sameAs\":[\"https:\/\/www.instagram.com\/phelansegur\/\"],\"logo\":{\"@type\":\"ImageObject\",\"@id\":\"https:\/\/www.phelansegur.com\/#logo\",\"inLanguage\":\"ja\",\"url\":\"https:\/\/www.phelansegur.com\/wp-content\/uploads\/2020\/03\/logo-phelansegur.jpg\",\"width\":500,\"height\":200,\"caption\":\"Ch\\u00e2teau Ph\\u00e9lan S\\u00e9gur\"},\"image\":{\"@id\":\"https:\/\/www.phelansegur.com\/#logo\"}},{\"@type\":\"WebSite\",\"@id\":\"https:\/\/www.phelansegur.com\/#website\",\"url\":\"https:\/\/www.phelansegur.com\/\",\"name\":\"Ch\\u00e2teau Ph\\u00e9lan S\\u00e9gur\",\"description\":\"Saint Est\\u00e8phe\",\"publisher\":{\"@id\":\"https:\/\/www.phelansegur.com\/#organization\"},\"potentialAction\":[{\"@type\":\"SearchAction\",\"target\":\"https:\/\/www.phelansegur.com\/?s={search_term_string}\",\"query-input\":\"required name=search_term_string\"}],\"inLanguage\":\"ja\"},{\"@type\":\"WebPage\",\"@id\":\"https:\/\/www.phelansegur.com\/ja\/%e3%83%b4%e3%82%a3%e3%83%b3%e3%83%86%e3%83%bc%e3%82%b8\/#webpage\",\"url\":\"https:\/\/www.phelansegur.com\/ja\/%e3%83%b4%e3%82%a3%e3%83%b3%e3%83%86%e3%83%bc%e3%82%b8\/\",\"name\":\"\\u30f4\\u30a3\\u30f3\\u30c6\\u30fc\\u30b8 - Ch\\u00e2teau Ph\\u00e9lan S\\u00e9gur\",\"isPartOf\":{\"@id\":\"https:\/\/www.phelansegur.com\/#website\"},\"datePublished\":\"2015-01-19T08:36:46+00:00\",\"dateModified\":\"2016-12-15T16:08:45+00:00\",\"breadcrumb\":{\"@id\":\"https:\/\/www.phelansegur.com\/ja\/%e3%83%b4%e3%82%a3%e3%83%b3%e3%83%86%e3%83%bc%e3%82%b8\/#breadcrumb\"},\"inLanguage\":\"ja\",\"potentialAction\":[{\"@type\":\"ReadAction\",\"target\":[\"https:\/\/www.phelansegur.com\/ja\/%e3%83%b4%e3%82%a3%e3%83%b3%e3%83%86%e3%83%bc%e3%82%b8\/\"]}]},{\"@type\":\"BreadcrumbList\",\"@id\":\"https:\/\/www.phelansegur.com\/ja\/%e3%83%b4%e3%82%a3%e3%83%b3%e3%83%86%e3%83%bc%e3%82%b8\/#breadcrumb\",\"itemListElement\":[{\"@type\":\"ListItem\",\"position\":1,\"item\":{\"@type\":\"WebPage\",\"@id\":\"https:\/\/www.phelansegur.com\/ja\/\",\"url\":\"https:\/\/www.phelansegur.com\/ja\/\",\"name\":\"Page d'accueil\"}},{\"@type\":\"ListItem\",\"position\":2,\"item\":{\"@type\":\"WebPage\",\"@id\":\"https:\/\/www.phelansegur.com\/ja\/%e3%83%b4%e3%82%a3%e3%83%b3%e3%83%86%e3%83%bc%e3%82%b8\/\",\"url\":\"https:\/\/www.phelansegur.com\/ja\/%e3%83%b4%e3%82%a3%e3%83%b3%e3%83%86%e3%83%bc%e3%82%b8\/\",\"name\":\"\\u30f4\\u30a3\\u30f3\\u30c6\\u30fc\\u30b8\"}}]}]}<\/script>\n<!-- \/ Yoast SEO plugin. -->","_links":{"self":[{"href":"https:\/\/www.phelansegur.com\/ja\/wp-json\/wp\/v2\/pages\/2629"}],"collection":[{"href":"https:\/\/www.phelansegur.com\/ja\/wp-json\/wp\/v2\/pages"}],"about":[{"href":"https:\/\/www.phelansegur.com\/ja\/wp-json\/wp\/v2\/types\/page"}],"author":[{"embeddable":true,"href":"https:\/\/www.phelansegur.com\/ja\/wp-json\/wp\/v2\/users\/3"}],"replies":[{"embeddable":true,"href":"https:\/\/www.phelansegur.com\/ja\/wp-json\/wp\/v2\/comments?post=2629"}],"version-history":[{"count":0,"href":"https:\/\/www.phelansegur.com\/ja\/wp-json\/wp\/v2\/pages\/2629\/revisions"}],"wp:attachment":[{"href":"https:\/\/www.phelansegur.com\/ja\/wp-json\/wp\/v2\/media?parent=2629"}],"curies":[{"name":"wp","href":"https:\/\/api.w.org\/{rel}","templated":true}]}}